{"id":16379,"date":"2024-07-24T11:33:00","date_gmt":"2024-07-24T03:33:00","guid":{"rendered":"https:\/\/www.vape4wholesale.com\/?post_type=product&#038;p=16379"},"modified":"2026-03-30T08:19:54","modified_gmt":"2026-03-30T00:19:54","slug":"vapsolo-super-15000-puffs-wegwerfbare-vape-groshandel","status":"publish","type":"product","link":"https:\/\/www.vape4wholesale.com\/de\/product\/vapsolo-super-15000-puffs-disposable-vape-wholesale","title":{"rendered":"Vapsolo Super 15000 Puffs Einweg Vape Gro\u00dfhandel"},"content":{"rendered":"<p>Die <a href=\"\/de\/produkt_marke\/vapsolo\/\">Vapsolo<\/a> Super 15000 Puffs ist ein hochwertiges, wiederaufladbares Einwegger\u00e4t, das bis zu 15.000 Z\u00fcge mit 2% oder 5% Nikotin bietet, mit einem 650mAh-Akku, 25ml E-Liquid-Kapazit\u00e4t und einer Vielzahl von reichhaltigen Geschmacksrichtungen, perfekt f\u00fcr Gro\u00df- und Einzelh\u00e4ndler, die hochwertige Vaping-Produkte suchen.<\/p>\n<p>Bestellen Sie unsere gro\u00dfe Auswahl von 15 Geschmacksrichtungen von Vapsolo Super 15000 puffs vape mit besten Preis und schnellen Versand.<\/p>\n<h2><strong>Vapsolo Super 15000 Puffs Einweg Vape Schnelles Detail<\/strong><\/h2>\n<ul>\n<li>Puffs: 15000 Puffs<\/li>\n<li>4 Stufen Luftstrom<\/li>\n<li>E-Liquid Kapazit\u00e4t: 25 ML<\/li>\n<li>Batteriekapazit\u00e4t: 650MAH<\/li>\n<li>Maschenspule<\/li>\n<li>Spulenwiderstand: 1.0\u03a9<\/li>\n<li>Typ-C-Anschluss, wiederaufladbar<\/li>\n<\/ul>\n<h2><strong>Verf\u00fcgbare Geschmacksrichtungen<\/strong><\/h2>\n<ol>\n<li>Blauer Razzia<\/li>\n<li>Blaubeereis<\/li>\n<li>Doppelter Apfel<\/li>\n<li>Wassermelone Eis<\/li>\n<li>Erdbeer-Kiwi<\/li>\n<li>Gemischte Beere<\/li>\n<li>Red Bull<\/li>\n<li>Heidelbeere Kirsche Cranberry<\/li>\n<li>Zitrone-Limette<\/li>\n<li>Kegeln<\/li>\n<li>Sommertraum<\/li>\n<li>Erdbeere-Banane<\/li>\n<li>Himbeere Wassermelone<\/li>\n<li>Heidelbeer-Kirsch-Cola<\/li>\n<li>Schwarzes Eis Drachenfrucht-Erdbeere<\/li>\n<li>Erdbeer-Vanille-Cola<\/li>\n<li>Rosa Limonade<\/li>\n<li>Erdbeereis<\/li>\n<li>Pfirsich Mango Ananas<\/li>\n<li>Heidelbeer-Johannisbeer-Eis<\/li>\n<\/ol>\n<h2><strong>Packliste<\/strong><\/h2>\n<p>200St\u00fcck\/ctn; 21,9kg\/ctn<br \/>\nGr\u00f6\u00dfe des Kartons: 44*43*26.5CM<\/p>\n<figure id=\"attachment_16389\" aria-describedby=\"caption-attachment-16389\" style=\"width: 800px\" class=\"wp-caption alignnone\"><img loading=\"lazy\" decoding=\"async\" class=\"size-full wp-image-16389\" title=\"Vapsolo Super 15000 Puffs Einweg Vape Gro\u00dfhandel Red Bull\" src=\"https:\/\/www.vape4wholesale.com\/wp-content\/uploads\/2024\/07\/Vapsolo-Super-15000-Puffs-Disposable-Vape-Wholesale-Red-Bull.jpg\" alt=\"Vapsolo Super 15000 Puffs Einweg Vape Gro\u00dfhandel Red Bull\" width=\"800\" height=\"800\" srcset=\"https:\/\/www.vape4wholesale.com\/wp-content\/uploads\/2024\/07\/Vapsolo-Super-15000-Puffs-Disposable-Vape-Wholesale-Red-Bull.jpg 800w, https:\/\/www.vape4wholesale.com\/wp-content\/uploads\/2024\/07\/Vapsolo-Super-15000-Puffs-Disposable-Vape-Wholesale-Red-Bull-247x247.jpg 247w, https:\/\/www.vape4wholesale.com\/wp-content\/uploads\/2024\/07\/Vapsolo-Super-15000-Puffs-Disposable-Vape-Wholesale-Red-Bull-100x100.jpg 100w, https:\/\/www.vape4wholesale.com\/wp-content\/uploads\/2024\/07\/Vapsolo-Super-15000-Puffs-Disposable-Vape-Wholesale-Red-Bull-510x510.jpg 510w, https:\/\/www.vape4wholesale.com\/wp-content\/uploads\/2024\/07\/Vapsolo-Super-15000-Puffs-Disposable-Vape-Wholesale-Red-Bull-64x64.jpg 64w, https:\/\/www.vape4wholesale.com\/wp-content\/uploads\/2024\/07\/Vapsolo-Super-15000-Puffs-Disposable-Vape-Wholesale-Red-Bull-300x300.jpg 300w, https:\/\/www.vape4wholesale.com\/wp-content\/uploads\/2024\/07\/Vapsolo-Super-15000-Puffs-Disposable-Vape-Wholesale-Red-Bull-150x150.jpg 150w, https:\/\/www.vape4wholesale.com\/wp-content\/uploads\/2024\/07\/Vapsolo-Super-15000-Puffs-Disposable-Vape-Wholesale-Red-Bull-768x768.jpg 768w, https:\/\/www.vape4wholesale.com\/wp-content\/uploads\/2024\/07\/Vapsolo-Super-15000-Puffs-Disposable-Vape-Wholesale-Red-Bull-12x12.jpg 12w\" sizes=\"auto, (max-width: 800px) 100vw, 800px\" \/><figcaption id=\"caption-attachment-16389\" class=\"wp-caption-text\">Vapsolo Super 15000 Puffs Einweg Vape Gro\u00dfhandel<\/figcaption><\/figure>\n<h2>WARUM WIR?<\/h2>\r\n<ul>\r\n<li>Echte, vertrauensw\u00fcrdige und professionelle Vape-Quelle.<\/li>\r\n<li>100% Echtheitsgarantie: Wir bieten nur originale und echte Produkte, lehnen F\u00e4lschungen ab.<\/li>\r\n<li>100% Liefergarantie: Wir verwenden die beste Versandmethode, um sicherzustellen, dass Sie die Bestellung 100% erhalten.<\/li>\r\n<li>Wir geben Ihnen die Tracking-Nummer und den Versandaufkleber nach dem Versand und verfolgen die Ware f\u00fcr Sie, bis Sie sie abholen.<\/li>\r\n<li>Keine Zollprobleme, keine Z\u00f6lle<\/li>\r\n<\/ul>","protected":false},"excerpt":{"rendered":"<p><b><span style=\"color: #00a859;\">Kostenloser Versand<\/span>\u00a0Aus dem Europa-Lager, Lieferzeit 7-15 Werktage.<\/b><\/p>\r\n<div class=\"wsppc_div_block woocommerce_before_add_to_cart_form\">\r\n<p><strong>Zollabfertigung vor Lieferung &amp; 100% Liefergarantie<\/strong><\/p>\r\n<\/div>","protected":false},"featured_media":16388,"comment_status":"open","ping_status":"closed","template":"","meta":[],"pwb-brand":[1271],"product_cat":[938],"product_tag":[24,684,692,899,22],"class_list":{"0":"post-16379","1":"product","2":"type-product","3":"status-publish","4":"has-post-thumbnail","6":"pwb-brand-vapsolo","7":"product_cat-europe-warehouse","8":"product_tag-wholesale","9":"product_tag-15000-puffs","10":"product_tag-25-0ml","11":"product_tag-vapsolo","12":"product_tag-disposable","13":"product_shipping_class-eu-warehouse","14":"wcpa_has_options","16":"first","17":"instock","18":"shipping-taxable","19":"purchasable","20":"product-type-variable"},"aioseo_notices":[],"brands":[{"id":1271,"name":"Vapsolo","slug":"vapsolo"}],"_links":{"self":[{"href":"https:\/\/www.vape4wholesale.com\/de\/wp-json\/wp\/v2\/product\/16379","targetHints":{"allow":["GET"]}}],"collection":[{"href":"https:\/\/www.vape4wholesale.com\/de\/wp-json\/wp\/v2\/product"}],"about":[{"href":"https:\/\/www.vape4wholesale.com\/de\/wp-json\/wp\/v2\/types\/product"}],"replies":[{"embeddable":true,"href":"https:\/\/www.vape4wholesale.com\/de\/wp-json\/wp\/v2\/comments?post=16379"}],"wp:featuredmedia":[{"embeddable":true,"href":"https:\/\/www.vape4wholesale.com\/de\/wp-json\/wp\/v2\/media\/16388"}],"wp:attachment":[{"href":"https:\/\/www.vape4wholesale.com\/de\/wp-json\/wp\/v2\/media?parent=16379"}],"wp:term":[{"taxonomy":"pwb-brand","embeddable":true,"href":"https:\/\/www.vape4wholesale.com\/de\/wp-json\/wp\/v2\/pwb-brand?post=16379"},{"taxonomy":"product_cat","embeddable":true,"href":"https:\/\/www.vape4wholesale.com\/de\/wp-json\/wp\/v2\/product_cat?post=16379"},{"taxonomy":"product_tag","embeddable":true,"href":"https:\/\/www.vape4wholesale.com\/de\/wp-json\/wp\/v2\/product_tag?post=16379"}],"curies":[{"name":"wp","href":"https:\/\/api.w.org\/{rel}","templated":true}]}}