{"id":16121,"date":"2024-07-02T15:07:00","date_gmt":"2024-07-02T07:07:00","guid":{"rendered":"https:\/\/www.vape4wholesale.com\/?post_type=product&#038;p=16121"},"modified":"2026-01-27T14:55:36","modified_gmt":"2026-01-27T14:55:36","slug":"fihp-monster-shisha-12000-puffs-einweg-vape-groshandel","status":"publish","type":"product","link":"https:\/\/www.vape4wholesale.com\/de\/product\/fihp-monster-shisha-12000-puffs-disposable-vape-wholesale","title":{"rendered":"FIHP Monster Shisha 12000 Z\u00fcge Einweg Vape Gro\u00dfhandel"},"content":{"rendered":"<p>Die FIHP Monster ist eine sch\u00f6n gestaltete Shisha Hookah Einweg vape, kommen sie mit einem bunten Leder verpackt au\u00dfen und mit LED-Bildschirm. bauen mit 650mah Akku und 20ml eliquid, die max 12000 Puffs unterst\u00fctzt.<\/p>\n<p>Bestellen Sie unsere 10 Geschmacksrichtungen von FIHP Monster in gro\u00dfen Mengen zum besten Preis und mit schnellem Versand.<\/p>\n<h2><strong>FIHP Monster Shisha 12000 Z\u00fcge Produkteigenschaften<\/strong><\/h2>\n<ul>\n<li><strong>Puffs<\/strong>: Genie\u00dfen Sie bis zu 12000 Z\u00fcge pro Ger\u00e4t und sorgen Sie f\u00fcr dauerhafte Zufriedenheit.<\/li>\n<li><strong>Kern<\/strong>: Ausgestattet mit einer hochmodernen Mesh-Spule mit 0,6 Ohm f\u00fcr eine sanfte, gleichm\u00e4\u00dfige Dampfproduktion.<\/li>\n<li><strong>E-Fl\u00fcssigkeit<\/strong>: Enth\u00e4lt eine gro\u00dfz\u00fcgige 22ml e-Fl\u00fcssigkeit pro Ger\u00e4t, f\u00fcr reichen Geschmack und verl\u00e4ngerten Genuss gefertigt.<\/li>\n<li><strong>Nikotin<\/strong>: Niedriger Nikotingehalt von 6 mg, ideal f\u00fcr diejenigen, die ein milderes Dampferlebnis suchen.<\/li>\n<li><strong>Batterie<\/strong>: Der robuste 650-mAh-Akku sorgt f\u00fcr Zuverl\u00e4ssigkeit und lange Nutzungsdauer.<\/li>\n<li><strong>Wiederaufladbar<\/strong>: Mit Typ-C-Schnellladefunktion f\u00fcr bequemes und schnelles Aufladen.<\/li>\n<li><strong>LED-Anzeige<\/strong>: Mit intuitivem LED-Display f\u00fcr eine klare Anzeige der Akkulaufzeit und Nutzungsstatistiken.<\/li>\n<\/ul>\n<h2><strong>Liste der Geschmacksrichtungen<\/strong><\/h2>\n<ol>\n<li><strong>Wassermelone Eis<\/strong>: Knackige Wassermelone mit einem erfrischenden eisigen Abgang, perfekt f\u00fcr hei\u00dfe Tage.<\/li>\n<li><strong>Traubeneis<\/strong>: Saftige Trauben kombiniert mit einem k\u00fchlenden Menthol-Twist, ein k\u00f6stlicher Vape f\u00fcr den ganzen Tag.<\/li>\n<li><strong>Heidelbeere-Himbeere<\/strong>: Eine harmonische Mischung aus s\u00fc\u00dfen Heidelbeeren und herben Himbeeren, eine fruchtige Explosion.<\/li>\n<li><strong>Erdbeer-Kiwi<\/strong>: Reife Erdbeeren gepaart mit spritziger Kiwi, eine klassische Kombination.<\/li>\n<li><strong>Gemischte Beeren<\/strong>: Verschiedene Beeren mit nat\u00fcrlicher S\u00fc\u00dfe, ein Traum f\u00fcr jeden Beerenliebhaber.<\/li>\n<li><strong>Erdbeere Wassermelone<\/strong>: S\u00fc\u00dfe Erdbeeren gemischt mit saftiger Wassermelone, ein Favorit im Sommer.<\/li>\n<li><strong>Wassermelone Bubblegum<\/strong>: Saftige Wassermelone mit nostalgischem Kaugummigeschmack, ein spielerischer Genuss.<\/li>\n<li><strong>Pfirsich, Mango und Ananas<\/strong>: Ein tropisches Paradies mit reifen Mangos, saftigen Pfirsichen und spritziger Ananas.<\/li>\n<li><strong>Kiwi Passionsfrucht Guave<\/strong>: Eine exotische Mischung aus Kiwi, Passionsfrucht und Guave f\u00fcr einen tropischen Urlaub.<\/li>\n<li><strong>Erdbeere-Himbeere-Kirsche<\/strong>: Eine lebendige Mischung aus Erdbeeren, Himbeeren und Kirschen, die vor Fruchtigkeit nur so strotzt.<\/li>\n<\/ol>\n<figure id=\"attachment_16133\" aria-describedby=\"caption-attachment-16133\" style=\"width: 800px\" class=\"wp-caption alignnone\"><img loading=\"lazy\" decoding=\"async\" class=\"wp-image-16133 size-full\" title=\"FIHP Monster Shisha 12000 Puffs Einweg Vape Gro\u00dfhandel (12)\" src=\"https:\/\/www.vape4wholesale.com\/wp-content\/uploads\/2024\/07\/FIHP-Monster-Shisha-12000-Puffs-Disposable-Vape-Wholesale-12.webp\" alt=\"FIHP Monster Shisha 12000 Puffs Einweg Vape Gro\u00dfhandel (12)\" width=\"800\" height=\"800\" srcset=\"https:\/\/www.vape4wholesale.com\/wp-content\/uploads\/2024\/07\/FIHP-Monster-Shisha-12000-Puffs-Disposable-Vape-Wholesale-12.webp 800w, https:\/\/www.vape4wholesale.com\/wp-content\/uploads\/2024\/07\/FIHP-Monster-Shisha-12000-Puffs-Disposable-Vape-Wholesale-12-247x247.webp 247w, https:\/\/www.vape4wholesale.com\/wp-content\/uploads\/2024\/07\/FIHP-Monster-Shisha-12000-Puffs-Disposable-Vape-Wholesale-12-100x100.webp 100w, https:\/\/www.vape4wholesale.com\/wp-content\/uploads\/2024\/07\/FIHP-Monster-Shisha-12000-Puffs-Disposable-Vape-Wholesale-12-510x510.webp 510w, https:\/\/www.vape4wholesale.com\/wp-content\/uploads\/2024\/07\/FIHP-Monster-Shisha-12000-Puffs-Disposable-Vape-Wholesale-12-64x64.webp 64w, https:\/\/www.vape4wholesale.com\/wp-content\/uploads\/2024\/07\/FIHP-Monster-Shisha-12000-Puffs-Disposable-Vape-Wholesale-12-300x300.webp 300w, https:\/\/www.vape4wholesale.com\/wp-content\/uploads\/2024\/07\/FIHP-Monster-Shisha-12000-Puffs-Disposable-Vape-Wholesale-12-150x150.webp 150w, https:\/\/www.vape4wholesale.com\/wp-content\/uploads\/2024\/07\/FIHP-Monster-Shisha-12000-Puffs-Disposable-Vape-Wholesale-12-768x768.webp 768w\" sizes=\"auto, (max-width: 800px) 100vw, 800px\" \/><figcaption id=\"caption-attachment-16133\" class=\"wp-caption-text\">FIHP Monster Shisha 12000 Z\u00fcge Einweg Vape Gro\u00dfhandel<\/figcaption><\/figure>\n<p><img loading=\"lazy\" decoding=\"async\" class=\"alignnone size-full wp-image-16135\" title=\"FIHP Monster Shisha 12000 Z\u00fcge Einweg Vape Gro\u00dfhandel\" src=\"https:\/\/www.vape4wholesale.com\/wp-content\/uploads\/2024\/07\/FIHP-Monster-Shisha-12000-Puffs-Disposable-Vape-Wholesale.webp\" alt=\"FIHP Monster Shisha 12000 Z\u00fcge Einweg Vape Gro\u00dfhandel\" width=\"800\" height=\"800\" srcset=\"https:\/\/www.vape4wholesale.com\/wp-content\/uploads\/2024\/07\/FIHP-Monster-Shisha-12000-Puffs-Disposable-Vape-Wholesale.webp 800w, https:\/\/www.vape4wholesale.com\/wp-content\/uploads\/2024\/07\/FIHP-Monster-Shisha-12000-Puffs-Disposable-Vape-Wholesale-247x247.webp 247w, https:\/\/www.vape4wholesale.com\/wp-content\/uploads\/2024\/07\/FIHP-Monster-Shisha-12000-Puffs-Disposable-Vape-Wholesale-100x100.webp 100w, https:\/\/www.vape4wholesale.com\/wp-content\/uploads\/2024\/07\/FIHP-Monster-Shisha-12000-Puffs-Disposable-Vape-Wholesale-510x510.webp 510w, https:\/\/www.vape4wholesale.com\/wp-content\/uploads\/2024\/07\/FIHP-Monster-Shisha-12000-Puffs-Disposable-Vape-Wholesale-64x64.webp 64w, https:\/\/www.vape4wholesale.com\/wp-content\/uploads\/2024\/07\/FIHP-Monster-Shisha-12000-Puffs-Disposable-Vape-Wholesale-300x300.webp 300w, https:\/\/www.vape4wholesale.com\/wp-content\/uploads\/2024\/07\/FIHP-Monster-Shisha-12000-Puffs-Disposable-Vape-Wholesale-150x150.webp 150w, https:\/\/www.vape4wholesale.com\/wp-content\/uploads\/2024\/07\/FIHP-Monster-Shisha-12000-Puffs-Disposable-Vape-Wholesale-768x768.webp 768w\" sizes=\"auto, (max-width: 800px) 100vw, 800px\" \/> <img loading=\"lazy\" decoding=\"async\" class=\"alignnone size-full wp-image-16134\" title=\"FIHP Monster Shisha 12000 Puffs Einweg Vape Gro\u00dfhandel (13)\" src=\"https:\/\/www.vape4wholesale.com\/wp-content\/uploads\/2024\/07\/FIHP-Monster-Shisha-12000-Puffs-Disposable-Vape-Wholesale-13.webp\" alt=\"FIHP Monster Shisha 12000 Puffs Einweg Vape Gro\u00dfhandel (13)\" width=\"800\" height=\"800\" srcset=\"https:\/\/www.vape4wholesale.com\/wp-content\/uploads\/2024\/07\/FIHP-Monster-Shisha-12000-Puffs-Disposable-Vape-Wholesale-13.webp 800w, https:\/\/www.vape4wholesale.com\/wp-content\/uploads\/2024\/07\/FIHP-Monster-Shisha-12000-Puffs-Disposable-Vape-Wholesale-13-247x247.webp 247w, https:\/\/www.vape4wholesale.com\/wp-content\/uploads\/2024\/07\/FIHP-Monster-Shisha-12000-Puffs-Disposable-Vape-Wholesale-13-100x100.webp 100w, https:\/\/www.vape4wholesale.com\/wp-content\/uploads\/2024\/07\/FIHP-Monster-Shisha-12000-Puffs-Disposable-Vape-Wholesale-13-510x510.webp 510w, https:\/\/www.vape4wholesale.com\/wp-content\/uploads\/2024\/07\/FIHP-Monster-Shisha-12000-Puffs-Disposable-Vape-Wholesale-13-64x64.webp 64w, https:\/\/www.vape4wholesale.com\/wp-content\/uploads\/2024\/07\/FIHP-Monster-Shisha-12000-Puffs-Disposable-Vape-Wholesale-13-300x300.webp 300w, https:\/\/www.vape4wholesale.com\/wp-content\/uploads\/2024\/07\/FIHP-Monster-Shisha-12000-Puffs-Disposable-Vape-Wholesale-13-150x150.webp 150w, https:\/\/www.vape4wholesale.com\/wp-content\/uploads\/2024\/07\/FIHP-Monster-Shisha-12000-Puffs-Disposable-Vape-Wholesale-13-768x768.webp 768w\" sizes=\"auto, (max-width: 800px) 100vw, 800px\" \/><\/p>\n<h2>WARUM WIR?<\/h2>\r\n<ul>\r\n<li>Echte, vertrauensw\u00fcrdige und professionelle Vape-Quelle.<\/li>\r\n<li>100% Echtheitsgarantie: Wir bieten nur originale und echte Produkte, lehnen F\u00e4lschungen ab.<\/li>\r\n<li>100% Liefergarantie: Wir verwenden die beste Versandmethode, um sicherzustellen, dass Sie die Bestellung 100% erhalten.<\/li>\r\n<li>Wir geben Ihnen die Tracking-Nummer und den Versandaufkleber nach dem Versand und verfolgen die Ware f\u00fcr Sie, bis Sie sie abholen.<\/li>\r\n<li>Keine Zollprobleme, keine Z\u00f6lle<\/li>\r\n<\/ul>","protected":false},"excerpt":{"rendered":"<div class=\"wsppc_div_block woocommerce_before_add_to_cart_form\">\r\n<p><strong><span style=\"color: #00a859;\">Zollabfertigung<\/span> vor Lieferung &amp; 100% Liefergarantie, Lieferung in ca. 19-25 Tagen.\u00a0<\/strong><\/p>\r\n<\/div>","protected":false},"featured_media":16124,"comment_status":"open","ping_status":"closed","template":"","meta":[],"pwb-brand":[1279],"product_cat":[871],"product_tag":[877,878,22,24,556],"class_list":{"0":"post-16121","1":"product","2":"type-product","3":"status-publish","4":"has-post-thumbnail","6":"pwb-brand-fihp","7":"product_cat-10-15k-puffs","8":"product_tag-22-0ml","9":"product_tag-fihp","10":"product_tag-disposable","11":"product_tag-wholesale","12":"product_tag-12000-puffs","14":"first","15":"instock","16":"shipping-taxable","17":"purchasable","18":"product-type-variable"},"aioseo_notices":[],"brands":[{"id":1279,"name":"FIHP","slug":"fihp"}],"_links":{"self":[{"href":"https:\/\/www.vape4wholesale.com\/de\/wp-json\/wp\/v2\/product\/16121","targetHints":{"allow":["GET"]}}],"collection":[{"href":"https:\/\/www.vape4wholesale.com\/de\/wp-json\/wp\/v2\/product"}],"about":[{"href":"https:\/\/www.vape4wholesale.com\/de\/wp-json\/wp\/v2\/types\/product"}],"replies":[{"embeddable":true,"href":"https:\/\/www.vape4wholesale.com\/de\/wp-json\/wp\/v2\/comments?post=16121"}],"wp:featuredmedia":[{"embeddable":true,"href":"https:\/\/www.vape4wholesale.com\/de\/wp-json\/wp\/v2\/media\/16124"}],"wp:attachment":[{"href":"https:\/\/www.vape4wholesale.com\/de\/wp-json\/wp\/v2\/media?parent=16121"}],"wp:term":[{"taxonomy":"pwb-brand","embeddable":true,"href":"https:\/\/www.vape4wholesale.com\/de\/wp-json\/wp\/v2\/pwb-brand?post=16121"},{"taxonomy":"product_cat","embeddable":true,"href":"https:\/\/www.vape4wholesale.com\/de\/wp-json\/wp\/v2\/product_cat?post=16121"},{"taxonomy":"product_tag","embeddable":true,"href":"https:\/\/www.vape4wholesale.com\/de\/wp-json\/wp\/v2\/product_tag?post=16121"}],"curies":[{"name":"wp","href":"https:\/\/api.w.org\/{rel}","templated":true}]}}