{"id":16011,"date":"2024-06-20T09:45:00","date_gmt":"2024-06-20T01:45:00","guid":{"rendered":"https:\/\/www.vape4wholesale.com\/?post_type=product&#038;p=16011"},"modified":"2026-01-26T13:40:50","modified_gmt":"2026-01-26T13:40:50","slug":"lavie-cyber-20000-puffs-einweg-vape-groshandel","status":"publish","type":"product","link":"https:\/\/www.vape4wholesale.com\/de\/product\/lavie-cyber-20000-puffs-disposable-vape-wholesale","title":{"rendered":"Lavie Cyber 20000 Puffs Einweg Vape Gro\u00dfhandel"},"content":{"rendered":"<p>Die Lavie Cyber 20000 ist led-Bildschirm Display-Design doppelte Aromen Einweg vape, die die Macht und e-Saft Ebene zeigen kann. Es enth\u00e4lt 26ml 0\/2%\/5% Nikotinsalz E-Saft und unterst\u00fctzen bis zu 20000 Z\u00fcge. Es gibt 10 doppelte Geschmacksrichtungen f\u00fcr Sie zu w\u00e4hlen. Der wiederaufladbare Anschluss an der Unterseite des Ger\u00e4ts garantiert, dass Sie den letzten Tropfen des E-Saftes im Tank die ganze Zeit beenden.<\/p>\n<p>Es verf\u00fcgt \u00fcber doppelte Geschmacksrichtungen, um den aktuellen Geschmack des vape zu \u00e4ndern, heben Sie das Mundst\u00fcck und drehen Sie es, es ist einfach zu bedienen.<\/p>\n<p>Bestellen Sie unsere 10 verschiedenen Geschmacksrichtungen der Lavie Cyber 20000 Puffs zum besten Preis und mit schnellem Versand.<\/p>\n<h2><strong>Lavie Cyber 20000 Puffs Einweg Vape Eigenschaften:<\/strong><\/h2>\n<ul>\n<li>700mAh Akku (600mAh f\u00fcr den koreanischen Markt)<\/li>\n<li>25ml vorgef\u00fcllte e-Fl\u00fcssigkeit<\/li>\n<li>0\/2\/3\/5% Nikotinst\u00e4rke<\/li>\n<li>Erreichen Sie bis zu 20000 Puffs<\/li>\n<li>1,0-Ohm-Mesh-Spule<\/li>\n<li>Doppeltank (Doppelte Geschmacksrichtungen)<\/li>\n<li>Typ-C-Ladeanschluss<\/li>\n<\/ul>\n<h2><strong>Verf\u00fcgbare Geschmacksrichtungen:<\/strong><\/h2>\n<ul>\n<li>Aloe Traube &amp; Heidelbeere Himbeere Kaugummi<\/li>\n<li>Bacco &amp; Mango lce<\/li>\n<li>Doppelter Apfel &amp; Liebe 66<\/li>\n<li>Grape lce &amp; Mint lce<\/li>\n<li>Zitrone-Cola &amp; Passionsfrucht-Guave<\/li>\n<li>Litschi-Eis &amp; Wassermelone-Eis<\/li>\n<li>Erdbeer-Kiwi-Melonen-Eis<\/li>\n<li>Erdbeer-Wassermelone-Brombeer-Kernkirsche-Eis<\/li>\n<li>Ananas-Speiseeis &amp; Taro-Speiseeis<\/li>\n<li>Matcha &amp; Kaffee-Eis<\/li>\n<\/ul>\n<h2><strong>Packliste:<\/strong><\/h2>\n<ul>\n<li>Einzelne Box\/ Vape<\/li>\n<li>10 St\u00fcck\/ Medium-Box<\/li>\n<li>200 St\u00fcck\/Karton (21kg)<\/li>\n<\/ul>\n<figure id=\"attachment_16014\" aria-describedby=\"caption-attachment-16014\" style=\"width: 801px\" class=\"wp-caption alignnone\"><img loading=\"lazy\" decoding=\"async\" class=\"wp-image-16014 size-full\" title=\"Lavie Cyber 20000 Puffs Einweg Vape Gro\u00dfhandel Aloe Traube Heidelbeere Himbeere Bubblegum\" src=\"https:\/\/www.vape4wholesale.com\/wp-content\/uploads\/2024\/06\/Lavie-Cyber-20000-Puffs-Disposable-Vape-Wholesale-Aloe-Grape-Blueberry-Raspberry-Bubblegum.webp\" alt=\"Lavie Cyber 20000 Puffs Einweg Vape Gro\u00dfhandel Aloe Traube Heidelbeere Himbeere Bubblegum\" width=\"801\" height=\"797\" srcset=\"https:\/\/www.vape4wholesale.com\/wp-content\/uploads\/2024\/06\/Lavie-Cyber-20000-Puffs-Disposable-Vape-Wholesale-Aloe-Grape-Blueberry-Raspberry-Bubblegum.webp 801w, https:\/\/www.vape4wholesale.com\/wp-content\/uploads\/2024\/06\/Lavie-Cyber-20000-Puffs-Disposable-Vape-Wholesale-Aloe-Grape-Blueberry-Raspberry-Bubblegum-247x247.webp 247w, https:\/\/www.vape4wholesale.com\/wp-content\/uploads\/2024\/06\/Lavie-Cyber-20000-Puffs-Disposable-Vape-Wholesale-Aloe-Grape-Blueberry-Raspberry-Bubblegum-100x100.webp 100w, https:\/\/www.vape4wholesale.com\/wp-content\/uploads\/2024\/06\/Lavie-Cyber-20000-Puffs-Disposable-Vape-Wholesale-Aloe-Grape-Blueberry-Raspberry-Bubblegum-510x507.webp 510w, https:\/\/www.vape4wholesale.com\/wp-content\/uploads\/2024\/06\/Lavie-Cyber-20000-Puffs-Disposable-Vape-Wholesale-Aloe-Grape-Blueberry-Raspberry-Bubblegum-64x64.webp 64w, https:\/\/www.vape4wholesale.com\/wp-content\/uploads\/2024\/06\/Lavie-Cyber-20000-Puffs-Disposable-Vape-Wholesale-Aloe-Grape-Blueberry-Raspberry-Bubblegum-300x300.webp 300w, https:\/\/www.vape4wholesale.com\/wp-content\/uploads\/2024\/06\/Lavie-Cyber-20000-Puffs-Disposable-Vape-Wholesale-Aloe-Grape-Blueberry-Raspberry-Bubblegum-150x150.webp 150w, https:\/\/www.vape4wholesale.com\/wp-content\/uploads\/2024\/06\/Lavie-Cyber-20000-Puffs-Disposable-Vape-Wholesale-Aloe-Grape-Blueberry-Raspberry-Bubblegum-768x764.webp 768w\" sizes=\"auto, (max-width: 801px) 100vw, 801px\" \/><figcaption id=\"caption-attachment-16014\" class=\"wp-caption-text\">Lavie Cyber 20000 Puffs Einweg Vape Gro\u00dfhandel<\/figcaption><\/figure>\n<p><img loading=\"lazy\" decoding=\"async\" class=\"alignnone size-full wp-image-16013\" title=\"Lavie Cyber 20000 Puffs Einweg Vape Gro\u00dfhandel 3\" src=\"https:\/\/www.vape4wholesale.com\/wp-content\/uploads\/2024\/06\/Lavie-Cyber-20000-Puffs-Disposable-Vape-Wholesale-3.webp\" alt=\"Lavie Cyber 20000 Puffs Einweg Vape Gro\u00dfhandel 3\" width=\"800\" height=\"570\" srcset=\"https:\/\/www.vape4wholesale.com\/wp-content\/uploads\/2024\/06\/Lavie-Cyber-20000-Puffs-Disposable-Vape-Wholesale-3.webp 800w, https:\/\/www.vape4wholesale.com\/wp-content\/uploads\/2024\/06\/Lavie-Cyber-20000-Puffs-Disposable-Vape-Wholesale-3-510x363.webp 510w, https:\/\/www.vape4wholesale.com\/wp-content\/uploads\/2024\/06\/Lavie-Cyber-20000-Puffs-Disposable-Vape-Wholesale-3-64x46.webp 64w, https:\/\/www.vape4wholesale.com\/wp-content\/uploads\/2024\/06\/Lavie-Cyber-20000-Puffs-Disposable-Vape-Wholesale-3-300x214.webp 300w, https:\/\/www.vape4wholesale.com\/wp-content\/uploads\/2024\/06\/Lavie-Cyber-20000-Puffs-Disposable-Vape-Wholesale-3-768x547.webp 768w\" sizes=\"auto, (max-width: 800px) 100vw, 800px\" \/> <img loading=\"lazy\" decoding=\"async\" class=\"alignnone size-full wp-image-16012\" title=\"Lavie Cyber 20000 Puffs Einweg Vape Gro\u00dfhandel 1 1\" src=\"https:\/\/www.vape4wholesale.com\/wp-content\/uploads\/2024\/06\/Lavie-Cyber-20000-Puffs-Disposable-Vape-Wholesale-1-1.webp\" alt=\"Lavie Cyber 20000 Puffs Einweg Vape Gro\u00dfhandel 1 1\" width=\"800\" height=\"520\" srcset=\"https:\/\/www.vape4wholesale.com\/wp-content\/uploads\/2024\/06\/Lavie-Cyber-20000-Puffs-Disposable-Vape-Wholesale-1-1.webp 800w, https:\/\/www.vape4wholesale.com\/wp-content\/uploads\/2024\/06\/Lavie-Cyber-20000-Puffs-Disposable-Vape-Wholesale-1-1-510x332.webp 510w, https:\/\/www.vape4wholesale.com\/wp-content\/uploads\/2024\/06\/Lavie-Cyber-20000-Puffs-Disposable-Vape-Wholesale-1-1-64x42.webp 64w, https:\/\/www.vape4wholesale.com\/wp-content\/uploads\/2024\/06\/Lavie-Cyber-20000-Puffs-Disposable-Vape-Wholesale-1-1-300x195.webp 300w, https:\/\/www.vape4wholesale.com\/wp-content\/uploads\/2024\/06\/Lavie-Cyber-20000-Puffs-Disposable-Vape-Wholesale-1-1-768x499.webp 768w\" sizes=\"auto, (max-width: 800px) 100vw, 800px\" \/><\/p>\n<h2>WARUM WIR?<\/h2>\r\n<ul>\r\n<li>Echte, vertrauensw\u00fcrdige und professionelle Vape-Quelle.<\/li>\r\n<li>100% Echtheitsgarantie: Wir bieten nur originale und echte Produkte, lehnen F\u00e4lschungen ab.<\/li>\r\n<li>100% Liefergarantie: Wir verwenden die beste Versandmethode, um sicherzustellen, dass Sie die Bestellung 100% erhalten.<\/li>\r\n<li>Wir geben Ihnen die Tracking-Nummer und den Versandaufkleber nach dem Versand und verfolgen die Ware f\u00fcr Sie, bis Sie sie abholen.<\/li>\r\n<li>Keine Zollprobleme, keine Z\u00f6lle<\/li>\r\n<\/ul>","protected":false},"excerpt":{"rendered":"<div class=\"wsppc_div_block woocommerce_before_add_to_cart_form\">\r\n<p><strong><span style=\"color: #00a859;\">Zollabfertigung<\/span> vor Lieferung &amp; 100% Liefergarantie, Lieferung in ca. 19-25 Tagen.\u00a0<\/strong><\/p>\r\n<\/div>","protected":false},"featured_media":16020,"comment_status":"open","ping_status":"closed","template":"","meta":[],"pwb-brand":[1277],"product_cat":[873],"product_tag":[22,24,37,692,794],"class_list":{"0":"post-16011","1":"product","2":"type-product","3":"status-publish","4":"has-post-thumbnail","6":"pwb-brand-lavie","7":"product_cat-above-20k-puffs","8":"product_tag-disposable","9":"product_tag-wholesale","10":"product_tag-lavie","11":"product_tag-25-0ml","12":"product_tag-20000-puffs","13":"wcpa_has_options","15":"first","16":"instock","17":"featured","18":"shipping-taxable","19":"purchasable","20":"product-type-variable"},"aioseo_notices":[],"brands":[{"id":1277,"name":"Lavie","slug":"lavie"}],"_links":{"self":[{"href":"https:\/\/www.vape4wholesale.com\/de\/wp-json\/wp\/v2\/product\/16011","targetHints":{"allow":["GET"]}}],"collection":[{"href":"https:\/\/www.vape4wholesale.com\/de\/wp-json\/wp\/v2\/product"}],"about":[{"href":"https:\/\/www.vape4wholesale.com\/de\/wp-json\/wp\/v2\/types\/product"}],"replies":[{"embeddable":true,"href":"https:\/\/www.vape4wholesale.com\/de\/wp-json\/wp\/v2\/comments?post=16011"}],"wp:featuredmedia":[{"embeddable":true,"href":"https:\/\/www.vape4wholesale.com\/de\/wp-json\/wp\/v2\/media\/16020"}],"wp:attachment":[{"href":"https:\/\/www.vape4wholesale.com\/de\/wp-json\/wp\/v2\/media?parent=16011"}],"wp:term":[{"taxonomy":"pwb-brand","embeddable":true,"href":"https:\/\/www.vape4wholesale.com\/de\/wp-json\/wp\/v2\/pwb-brand?post=16011"},{"taxonomy":"product_cat","embeddable":true,"href":"https:\/\/www.vape4wholesale.com\/de\/wp-json\/wp\/v2\/product_cat?post=16011"},{"taxonomy":"product_tag","embeddable":true,"href":"https:\/\/www.vape4wholesale.com\/de\/wp-json\/wp\/v2\/product_tag?post=16011"}],"curies":[{"name":"wp","href":"https:\/\/api.w.org\/{rel}","templated":true}]}}