{"id":15929,"date":"2025-07-14T23:55:00","date_gmt":"2025-07-14T23:55:00","guid":{"rendered":"https:\/\/www.vape4wholesale.com\/?post_type=product&#038;p=15929"},"modified":"2026-03-15T22:36:40","modified_gmt":"2026-03-15T14:36:40","slug":"randm-tornado-15000-einweg-vape-groshandel","status":"publish","type":"product","link":"https:\/\/www.vape4wholesale.com\/de\/product\/randm-tornado-15000-disposable-vape-wholesale","title":{"rendered":"Randm Tornado 15000 Einweg Vape Gro\u00dfhandel"},"content":{"rendered":"<p>Der RandM Tornado 15000 ist ein wiederaufladbares Einweg-Vape-Ger\u00e4t kommt mit Batterie und ejuice F\u00fcllstandsanzeige. Es enth\u00e4lt 25ml 0\/2\/3\/5% Nikotinsalz E-Saft und verdampfen bis zu 15000 Z\u00fcge. Es gibt 41 Geschmacksrichtungen f\u00fcr Sie zu w\u00e4hlen. Der wiederaufladbare Anschluss an der Unterseite des Ger\u00e4ts garantiert, dass Sie den letzten Tropfen des E-Saftes im Tank die ganze Zeit beenden.<\/p>\n<h2 class=\"p\">RandM Tornado 15000 Einwegger\u00e4t Merkmale:<\/h2>\n<p class=\"p\">0\/2\/3\/5% Nikotinsalz.<br data-filtered=\"filtered\" \/>25ML von E-Fl\u00fcssigkeit.<br data-filtered=\"filtered\" \/>Maschenspule<br data-filtered=\"filtered\" \/>Batterie aufladbar<br data-filtered=\"filtered\" \/>Integrierter 850mAh-Akku.<br data-filtered=\"filtered\" \/>41 Geschmacksrichtungen verf\u00fcgbar.<br data-filtered=\"filtered\" \/>10 St\u00fcck in einem Displaykarton.<br data-filtered=\"filtered\" \/>160 St\u00fcck in einer Schachtel.<\/p>\n<h2 class=\"p\">Verf\u00fcgbare Geschmacksrichtungen:<\/h2>\n<p class=\"p\">01# Blaue Razz Limonade<br \/>\n02# Pfirsich Eis<br \/>\n03# Saurer Apfel<br \/>\n04# Wassermelone Eis<br \/>\n05# Heidelbeere auf Eis<br \/>\n06# Heidelbeere-Himbeere<br \/>\n07# Ananaseis<br \/>\n08# Kirsche<br \/>\n09# Strawberry Ice<br \/>\n10# Vimto<br \/>\n11# Traubeneis<br \/>\n12# Cola-Eis<br \/>\n13# Erdbeere-Wassermelone<br \/>\n14# Rosa Limonade<br \/>\n15# Gemischte Beere<br \/>\n16# Pfirsich-Mango<br \/>\n17# Drachenfrucht<br \/>\n18# Erdbeere Traube<br \/>\n19# Herr Blau<br \/>\n20# \u00dcppiges Eis<br \/>\n21# Eis am Stiel<br \/>\n22# Erdbeer-Kiwi<br \/>\n23# Kiwi Passionsfrucht Guave<br \/>\n24# Dreifach-Beere<br \/>\n25# Bananeneis<br \/>\n26# Pfirsich-Heidelbeer-Bonbon<br \/>\n27# Apfel-Pfirsich-Birne<br \/>\n28# Beerenlimonade<br \/>\n29# Blau Razz Cherry<br \/>\n30# Blaubeere Kaugummi<br \/>\n31# Heidelbeere Kirsche Preiselbeere<br \/>\n32# Heidelbeere-Granatapfel<br \/>\n33# Blaus\u00e4ure-Himbeere<br \/>\n34# Kirschbaum Cola<br \/>\n35# Gummib\u00e4rchen<br \/>\n36# Zitrone &amp; Limette<br \/>\n37# Mango auf Eis<br \/>\n38# Rotes Energie-Eis<br \/>\n39# Erdbeere-Banane<br \/>\n40# Strawberry Red Bull<br \/>\n41# Erdbeer-Wassermelone-Limonade<br \/>\n42# Eistee Zitroneneis<br \/>\n43# Eistee Pfirsich Eis<br \/>\n44# Sprudelkirsche<br \/>\n45# Kegelspiel<br \/>\n46# K\u00fchle Minze<br \/>\n47# Pina Colada<br \/>\n48# Heidelbeere<br \/>\n49# Heidelbeer-Pfirsich-Eis<br \/>\n50# Traube-Zitrone<br \/>\n51# Fanta<br \/>\n52# Frisches Menthol Mojito<br \/>\n53# Aloe Zitronenbeeren<br \/>\n54# Gr\u00fcner Apfel-Zitrus-Menthol<br \/>\n55# Gr\u00fcne Traubenmelone<br \/>\n56# Kaktus Kiwi<br \/>\n57# Cola Zitrone<br \/>\n58# Kaktus-Eis<br \/>\n59# Blauer Razz Gummib\u00e4rchen<\/p>\n<figure id=\"attachment_15975\" aria-describedby=\"caption-attachment-15975\" style=\"width: 640px\" class=\"wp-caption alignnone\"><img loading=\"lazy\" decoding=\"async\" class=\"size-full wp-image-15975\" title=\"Randm Tornado 15000 Einweg Vape Gro\u00dfhandel (6)\" src=\"https:\/\/www.vape4wholesale.com\/wp-content\/uploads\/2024\/06\/Randm-Tornado-15000-Disposable-Vape-Wholesale-6.webp\" alt=\"Randm Tornado 15000 Einweg Vape Gro\u00dfhandel (6)\" width=\"640\" height=\"640\" srcset=\"https:\/\/www.vape4wholesale.com\/wp-content\/uploads\/2024\/06\/Randm-Tornado-15000-Disposable-Vape-Wholesale-6.webp 640w, https:\/\/www.vape4wholesale.com\/wp-content\/uploads\/2024\/06\/Randm-Tornado-15000-Disposable-Vape-Wholesale-6-247x247.webp 247w, https:\/\/www.vape4wholesale.com\/wp-content\/uploads\/2024\/06\/Randm-Tornado-15000-Disposable-Vape-Wholesale-6-100x100.webp 100w, https:\/\/www.vape4wholesale.com\/wp-content\/uploads\/2024\/06\/Randm-Tornado-15000-Disposable-Vape-Wholesale-6-510x510.webp 510w\" sizes=\"auto, (max-width: 640px) 100vw, 640px\" \/><figcaption id=\"caption-attachment-15975\" class=\"wp-caption-text\">Randm Tornado 15000 Einweg Vape Gro\u00dfhandel<\/figcaption><\/figure>\n<h2>WARUM WIR?<\/h2>\r\n<ul>\r\n<li>Echte, vertrauensw\u00fcrdige und professionelle Vape-Quelle.<\/li>\r\n<li>100% Echtheitsgarantie: Wir bieten nur originale und echte Produkte, lehnen F\u00e4lschungen ab.<\/li>\r\n<li>100% Liefergarantie: Wir verwenden die beste Versandmethode, um sicherzustellen, dass Sie die Bestellung 100% erhalten.<\/li>\r\n<li>Wir geben Ihnen die Tracking-Nummer und den Versandaufkleber nach dem Versand und verfolgen die Ware f\u00fcr Sie, bis Sie sie abholen.<\/li>\r\n<li>Keine Zollprobleme, keine Z\u00f6lle<\/li>\r\n<\/ul>\n<p>&nbsp;<\/p>","protected":false},"excerpt":{"rendered":"<div class=\"wsppc_div_block woocommerce_before_add_to_cart_form\">\r\n<p><strong><span style=\"color: #00a859;\">Zollabfertigung<\/span> vor Lieferung &amp; 100% Liefergarantie, Lieferung in ca. 19-25 Tagen.\u00a0<\/strong><\/p>\r\n<\/div>","protected":false},"featured_media":15975,"comment_status":"open","ping_status":"closed","template":"","meta":[],"pwb-brand":[1269],"product_cat":[872],"product_tag":[22,24,180,684,692],"class_list":{"0":"post-15929","1":"product","2":"type-product","3":"status-publish","4":"has-post-thumbnail","6":"pwb-brand-fumot","7":"product_cat-15k-20k-puffs","8":"product_tag-disposable","9":"product_tag-wholesale","10":"product_tag-randm-tornado","11":"product_tag-15000-puffs","12":"product_tag-25-0ml","13":"wcpa_has_options","15":"first","16":"instock","17":"featured","18":"shipping-taxable","19":"purchasable","20":"product-type-variable"},"aioseo_notices":[],"brands":[{"id":1269,"name":"Fumot","slug":"fumot"}],"_links":{"self":[{"href":"https:\/\/www.vape4wholesale.com\/de\/wp-json\/wp\/v2\/product\/15929","targetHints":{"allow":["GET"]}}],"collection":[{"href":"https:\/\/www.vape4wholesale.com\/de\/wp-json\/wp\/v2\/product"}],"about":[{"href":"https:\/\/www.vape4wholesale.com\/de\/wp-json\/wp\/v2\/types\/product"}],"replies":[{"embeddable":true,"href":"https:\/\/www.vape4wholesale.com\/de\/wp-json\/wp\/v2\/comments?post=15929"}],"wp:featuredmedia":[{"embeddable":true,"href":"https:\/\/www.vape4wholesale.com\/de\/wp-json\/wp\/v2\/media\/15975"}],"wp:attachment":[{"href":"https:\/\/www.vape4wholesale.com\/de\/wp-json\/wp\/v2\/media?parent=15929"}],"wp:term":[{"taxonomy":"pwb-brand","embeddable":true,"href":"https:\/\/www.vape4wholesale.com\/de\/wp-json\/wp\/v2\/pwb-brand?post=15929"},{"taxonomy":"product_cat","embeddable":true,"href":"https:\/\/www.vape4wholesale.com\/de\/wp-json\/wp\/v2\/product_cat?post=15929"},{"taxonomy":"product_tag","embeddable":true,"href":"https:\/\/www.vape4wholesale.com\/de\/wp-json\/wp\/v2\/product_tag?post=15929"}],"curies":[{"name":"wp","href":"https:\/\/api.w.org\/{rel}","templated":true}]}}