{"id":15878,"date":"2025-10-29T16:52:00","date_gmt":"2025-10-29T08:52:00","guid":{"rendered":"https:\/\/www.vape4wholesale.com\/?post_type=product&#038;p=15878"},"modified":"2026-03-30T11:12:14","modified_gmt":"2026-03-30T03:12:14","slug":"elf-bar-raya-d3-25000-puffs-wegwerfbare-vape-groshandel","status":"publish","type":"product","link":"https:\/\/www.vape4wholesale.com\/de\/produkt\/elf-bar-raya-d3-25000-puffs-wegwerfbare-vape-groshandel","title":{"rendered":"Elf Bar Raya D3 25000 Puffs Einweg Vape Gro\u00dfhandel"},"content":{"rendered":"<p>Elf Bar Raya D3 Einwegdampfer bietet ein unvergleichliches Dampferlebnis mit seiner bahnbrechenden 25K Puff-Kapazit\u00e4t und dem integrierten Luft- und Druckregelungssystem. Dieses wiederaufladbare Ger\u00e4t verf\u00fcgt \u00fcber einen gro\u00dfen digitalen R\u00f6hren-Seitenbildschirm und ein fesselndes monochromes blaues \u00e4u\u00dferes Ringlicht, das einen neuen Standard f\u00fcr Einwegverdampfer setzt.<\/p>\n<p>Er verf\u00fcgt \u00fcber 3 Modi: Lite, Smooth und Turbo, so dass es mehr Puffs oder st\u00e4rkere Wolken bekommen kann, wie Sie wollen, m\u00fchelos zwischen 3 Modi wechseln<\/p>\n<h2><strong>Elf Bar Raya D3 Produktinformation:<\/strong><\/h2>\n<ul>\n<li>Massive Vape Juice Kapazit\u00e4t: Kommt mit einer erheblichen 23ml e-Fl\u00fcssigkeit Kapazit\u00e4t.<\/li>\n<li>Dreifach Mesh Coil System: Sorgt f\u00fcr ausgezeichneten Geschmack und Dampfproduktion.<\/li>\n<li>Variable Puff-Einstellungen: Drei Gangstufen zur Einstellung der Puffanzahl - 25K, 20K und 15K.<\/li>\n<li>Hochkapazitiver Akku: Ausgestattet mit einem 850mAh Akku und Typ-C Aufladung.<\/li>\n<li>Hochentwickelter Seitenbildschirm: Gro\u00dfes digitales R\u00f6hren-Display f\u00fcr einfache \u00dcberwachung.<\/li>\n<li>Airflow und Druckanpassung: Integriertes System f\u00fcr ein ma\u00dfgeschneidertes Dampferlebnis.<\/li>\n<li>Elegantes Design: Verf\u00fcgt \u00fcber einen \u00e4u\u00dferen Ring mit einem einfarbigen blauen Licht.<\/li>\n<li>Umfangreiche Geschmacksauswahl: W\u00e4hlen Sie aus 15 exquisiten Geschmacksrichtungen.<\/li>\n<\/ul>\n<h2><strong>Geschm\u00e4cker:<\/strong><\/h2>\n<p>VMT<br \/>\nDoppelte Mango<br \/>\nPfirsich-Eis<br \/>\nMango Pfirsich<br \/>\nMango Pfirsich Wassermelone<br \/>\nKiwi Passionsfrucht Guave<br \/>\nTraubeneis<br \/>\nPfirsich Beere<br \/>\nWassermelone Kaugummi<br \/>\nBlaubeereis<br \/>\nDoppelter Apfel<br \/>\nTabak<br \/>\nMango<br \/>\nHeidelbeere-Himbeere<br \/>\nWassermelone Eis<br \/>\nAlpenl\u00e4ndische Minze<br \/>\nArabica-Kaffee<br \/>\nWassermelone Zitrone<br \/>\nErdbeere Traube<br \/>\nKiwi-Ananas-Eis<br \/>\nTraubenkirsche<\/p>\n<h2><strong>Details zur Verpackung<\/strong><\/h2>\n<p>1St\u00fcck\/Packung<br data-filtered=\"filtered\" \/>10 Packungen\/Karton<br data-filtered=\"filtered\" \/>200 St\u00fcck\/Karton<\/p>\n<p><strong>Dimension:<\/strong><br \/>\n65*35*27cm<br \/>\n21KGS\/Karton<\/p>\n<p><img loading=\"lazy\" decoding=\"async\" class=\"alignnone size-full wp-image-26772\" title=\"Elf bar RAYA D3\" src=\"https:\/\/www.vape4wholesale.com\/wp-content\/uploads\/2025\/10\/Elf-bar-RAYA-D3.webp\" alt=\"Elf bar RAYA D3\" width=\"800\" height=\"800\" srcset=\"https:\/\/www.vape4wholesale.com\/wp-content\/uploads\/2025\/10\/Elf-bar-RAYA-D3.webp 800w, https:\/\/www.vape4wholesale.com\/wp-content\/uploads\/2025\/10\/Elf-bar-RAYA-D3-247x247.webp 247w, https:\/\/www.vape4wholesale.com\/wp-content\/uploads\/2025\/10\/Elf-bar-RAYA-D3-100x100.webp 100w, https:\/\/www.vape4wholesale.com\/wp-content\/uploads\/2025\/10\/Elf-bar-RAYA-D3-510x510.webp 510w, https:\/\/www.vape4wholesale.com\/wp-content\/uploads\/2025\/10\/Elf-bar-RAYA-D3-300x300.webp 300w, https:\/\/www.vape4wholesale.com\/wp-content\/uploads\/2025\/10\/Elf-bar-RAYA-D3-150x150.webp 150w, https:\/\/www.vape4wholesale.com\/wp-content\/uploads\/2025\/10\/Elf-bar-RAYA-D3-768x768.webp 768w, https:\/\/www.vape4wholesale.com\/wp-content\/uploads\/2025\/10\/Elf-bar-RAYA-D3-12x12.webp 12w\" sizes=\"auto, (max-width: 800px) 100vw, 800px\" \/><\/p>\n<h2>WARUM WIR?<\/h2>\r\n<ul>\r\n<li>Echte, vertrauensw\u00fcrdige und professionelle Vape-Quelle.<\/li>\r\n<li>100% Echtheitsgarantie: Wir bieten nur originale und echte Produkte, lehnen F\u00e4lschungen ab.<\/li>\r\n<li>100% Liefergarantie: Wir verwenden die beste Versandmethode, um sicherzustellen, dass Sie die Bestellung 100% erhalten.<\/li>\r\n<li>Wir geben Ihnen die Tracking-Nummer und den Versandaufkleber nach dem Versand und verfolgen die Ware f\u00fcr Sie, bis Sie sie abholen.<\/li>\r\n<li>Keine Zollprobleme, keine Z\u00f6lle<\/li>\r\n<\/ul>","protected":false},"excerpt":{"rendered":"<p><b><span style=\"color: #00a859;\">Free shipping<\/span>\u00a0from Europe warehouse, 7-15 working days delivery time.<\/b><\/p>\r\n<div class=\"wsppc_div_block woocommerce_before_add_to_cart_form\">\r\n<p><strong>Clear customs before delivery &amp; 100% Delivery Guarantee<\/strong><\/p>\r\n<\/div>","protected":false},"featured_media":26772,"comment_status":"open","ping_status":"closed","template":"","meta":[],"pwb-brand":[1278],"product_cat":[938],"product_tag":[22,24,60,557,780,828],"class_list":{"0":"post-15878","1":"product","2":"type-product","3":"status-publish","4":"has-post-thumbnail","6":"pwb-brand-elf-bar","7":"product_cat-europe-warehouse","8":"product_tag-disposable","9":"product_tag-wholesale","10":"product_tag-elf-bar","11":"product_tag-23-0ml","12":"product_tag-23000-puffs","13":"product_tag-raya-d3","14":"product_shipping_class-eu-warehouse","16":"first","17":"instock","18":"featured","19":"shipping-taxable","20":"purchasable","21":"product-type-variable"},"aioseo_notices":[],"brands":[{"id":1278,"name":"Elfenbar","slug":"elfenbar"}],"_links":{"self":[{"href":"https:\/\/www.vape4wholesale.com\/de\/wp-json\/wp\/v2\/product\/15878","targetHints":{"allow":["GET"]}}],"collection":[{"href":"https:\/\/www.vape4wholesale.com\/de\/wp-json\/wp\/v2\/product"}],"about":[{"href":"https:\/\/www.vape4wholesale.com\/de\/wp-json\/wp\/v2\/types\/product"}],"replies":[{"embeddable":true,"href":"https:\/\/www.vape4wholesale.com\/de\/wp-json\/wp\/v2\/comments?post=15878"}],"wp:featuredmedia":[{"embeddable":true,"href":"https:\/\/www.vape4wholesale.com\/de\/wp-json\/wp\/v2\/media\/26772"}],"wp:attachment":[{"href":"https:\/\/www.vape4wholesale.com\/de\/wp-json\/wp\/v2\/media?parent=15878"}],"wp:term":[{"taxonomy":"pwb-brand","embeddable":true,"href":"https:\/\/www.vape4wholesale.com\/de\/wp-json\/wp\/v2\/pwb-brand?post=15878"},{"taxonomy":"product_cat","embeddable":true,"href":"https:\/\/www.vape4wholesale.com\/de\/wp-json\/wp\/v2\/product_cat?post=15878"},{"taxonomy":"product_tag","embeddable":true,"href":"https:\/\/www.vape4wholesale.com\/de\/wp-json\/wp\/v2\/product_tag?post=15878"}],"curies":[{"name":"wp","href":"https:\/\/api.w.org\/{rel}","templated":true}]}}