{"id":15844,"date":"2024-05-28T11:37:00","date_gmt":"2024-05-28T03:37:00","guid":{"rendered":"https:\/\/www.vape4wholesale.com\/?post_type=product&#038;p=15844"},"modified":"2026-01-26T13:40:56","modified_gmt":"2026-01-26T13:40:56","slug":"vapme-monster-16000-puffs-einweg-vape-groshandel","status":"publish","type":"product","link":"https:\/\/www.vape4wholesale.com\/de\/product\/vapme-monster-16000-puffs-disposable-vape-wholesale","title":{"rendered":"Vapme Monster 16000 Puffs Einweg Vape Gro\u00dfhandel"},"content":{"rendered":"<p>die <strong>Vapme Monster 16000<\/strong> ist featered Einweg vape mit LED-Display und kommt mit 26ml ejuice, 850mah Akku und mit 1,0 Ohm Widerstand Dual-Mesh-Spule. es unterst\u00fctzt bis zu 16000 Z\u00fcge, so dass lang anhaltende Zufriedenheit mit jedem Gebrauch.<\/p>\n<p>Bestellen Sie unsere 12 Abschnitte Aromen von Vapme Monster 16000 mit bestem Preis und schnellem Versand in gro\u00dfen Mengen.<\/p>\n<h2><strong>VAPME Monster 16000 Puffs Highlights:<\/strong><\/h2>\n<ul>\n<li><strong>Erweiterte Puffkapazit\u00e4t<\/strong>: Genie\u00dfen Sie bis zu 16000 Z\u00fcge, perfekt f\u00fcr einen lang anhaltenden Gebrauch.<\/li>\n<li><strong>Gro\u00dfz\u00fcgige E-Liquid-Kapazit\u00e4t<\/strong>: Vorgef\u00fcllt mit einer 26ml E-Liquid-Patrone.<\/li>\n<li><strong>Mehrere Nikotinst\u00e4rken<\/strong>: Erh\u00e4ltlich in 0\/2%\/3% und 5% Nikotin Optionen, um Ihre Vorlieben zu entsprechen.<\/li>\n<li><strong>Leistungsstarke Batterie<\/strong>: Verf\u00fcgt \u00fcber einen 850mAh-Akku mit einem Leistungsbereich von 7W f\u00fcr eine konstante Leistung.<\/li>\n<li><strong>Einstellbarer Luftstrom<\/strong>: Passen Sie Ihr Dampferlebnis mit dem 1.0 Mesh Coil und dem einstellbaren Luftstrom an.<\/li>\n<li><strong>Bequemes Aufladen<\/strong>: Wiederaufladbares Typ-C-Design f\u00fcr einfaches und effizientes Aufladen.<\/li>\n<li><strong>Geschmacksvielfalt<\/strong>: Erh\u00e4ltlich in 12 tollen Geschmacksrichtungen f\u00fcr jeden Geschmack.<\/li>\n<\/ul>\n<h2><strong>Geschmacksliste:<\/strong><\/h2>\n<ol>\n<li>Blue Razz Limonade<\/li>\n<li>Pfirsich-Eis<\/li>\n<li>Wassermelone Eis<\/li>\n<li>Heidelbeere-Himbeere<\/li>\n<li>Kirsche Eis<\/li>\n<li>Erdbeereis<\/li>\n<li>Erdbeere Wassermelone<\/li>\n<li>Gemischte Beeren<\/li>\n<li>Erdbeer-Kiwi<\/li>\n<li>Kiwi Passionsfrucht Guave<\/li>\n<li>Erdbeer-Red Bull<\/li>\n<li>Pfirsich Mango Ananas<\/li>\n<\/ol>\n<h2><strong>Details zum Paket<\/strong><\/h2>\n<ul>\n<li>1\/kleine Schachtel<\/li>\n<li>10\/ Schaukasten<\/li>\n<li>200\/ Umkarton, 20kg<\/li>\n<\/ul>\n<figure id=\"attachment_15849\" aria-describedby=\"caption-attachment-15849\" style=\"width: 800px\" class=\"wp-caption alignnone\"><img loading=\"lazy\" decoding=\"async\" class=\"wp-image-15849 size-full\" title=\"Vapme Monster 16000 Puffs Einweg Vape Gro\u00dfhandel (3)\" src=\"https:\/\/www.vape4wholesale.com\/wp-content\/uploads\/2024\/05\/Vapme-Monster-16000-Puffs-Disposable-Vape-Wholesale-3.webp\" alt=\"Vapme Monster 16000 Puffs Einweg Vape Gro\u00dfhandel (3)\" width=\"800\" height=\"800\" srcset=\"https:\/\/www.vape4wholesale.com\/wp-content\/uploads\/2024\/05\/Vapme-Monster-16000-Puffs-Disposable-Vape-Wholesale-3.webp 800w, https:\/\/www.vape4wholesale.com\/wp-content\/uploads\/2024\/05\/Vapme-Monster-16000-Puffs-Disposable-Vape-Wholesale-3-247x247.webp 247w, https:\/\/www.vape4wholesale.com\/wp-content\/uploads\/2024\/05\/Vapme-Monster-16000-Puffs-Disposable-Vape-Wholesale-3-100x100.webp 100w, https:\/\/www.vape4wholesale.com\/wp-content\/uploads\/2024\/05\/Vapme-Monster-16000-Puffs-Disposable-Vape-Wholesale-3-510x510.webp 510w, https:\/\/www.vape4wholesale.com\/wp-content\/uploads\/2024\/05\/Vapme-Monster-16000-Puffs-Disposable-Vape-Wholesale-3-64x64.webp 64w, https:\/\/www.vape4wholesale.com\/wp-content\/uploads\/2024\/05\/Vapme-Monster-16000-Puffs-Disposable-Vape-Wholesale-3-300x300.webp 300w, https:\/\/www.vape4wholesale.com\/wp-content\/uploads\/2024\/05\/Vapme-Monster-16000-Puffs-Disposable-Vape-Wholesale-3-150x150.webp 150w, https:\/\/www.vape4wholesale.com\/wp-content\/uploads\/2024\/05\/Vapme-Monster-16000-Puffs-Disposable-Vape-Wholesale-3-768x768.webp 768w\" sizes=\"auto, (max-width: 800px) 100vw, 800px\" \/><figcaption id=\"caption-attachment-15849\" class=\"wp-caption-text\">Vapme Monster 16000 Puffs Einweg Vape Gro\u00dfhandel<\/figcaption><\/figure>\n<figure id=\"attachment_15850\" aria-describedby=\"caption-attachment-15850\" style=\"width: 800px\" class=\"wp-caption alignnone\"><img loading=\"lazy\" decoding=\"async\" class=\"wp-image-15850 size-full\" title=\"Vapme Monster 16000 Puffs Einweg Vape Gro\u00dfhandel (4)\" src=\"https:\/\/www.vape4wholesale.com\/wp-content\/uploads\/2024\/05\/Vapme-Monster-16000-Puffs-Disposable-Vape-Wholesale-4.webp\" alt=\"Vapme Monster 16000 Puffs Einweg Vape Gro\u00dfhandel (4)\" width=\"800\" height=\"800\" srcset=\"https:\/\/www.vape4wholesale.com\/wp-content\/uploads\/2024\/05\/Vapme-Monster-16000-Puffs-Disposable-Vape-Wholesale-4.webp 800w, https:\/\/www.vape4wholesale.com\/wp-content\/uploads\/2024\/05\/Vapme-Monster-16000-Puffs-Disposable-Vape-Wholesale-4-247x247.webp 247w, https:\/\/www.vape4wholesale.com\/wp-content\/uploads\/2024\/05\/Vapme-Monster-16000-Puffs-Disposable-Vape-Wholesale-4-100x100.webp 100w, https:\/\/www.vape4wholesale.com\/wp-content\/uploads\/2024\/05\/Vapme-Monster-16000-Puffs-Disposable-Vape-Wholesale-4-510x510.webp 510w, https:\/\/www.vape4wholesale.com\/wp-content\/uploads\/2024\/05\/Vapme-Monster-16000-Puffs-Disposable-Vape-Wholesale-4-64x64.webp 64w, https:\/\/www.vape4wholesale.com\/wp-content\/uploads\/2024\/05\/Vapme-Monster-16000-Puffs-Disposable-Vape-Wholesale-4-300x300.webp 300w, https:\/\/www.vape4wholesale.com\/wp-content\/uploads\/2024\/05\/Vapme-Monster-16000-Puffs-Disposable-Vape-Wholesale-4-150x150.webp 150w, https:\/\/www.vape4wholesale.com\/wp-content\/uploads\/2024\/05\/Vapme-Monster-16000-Puffs-Disposable-Vape-Wholesale-4-768x768.webp 768w\" sizes=\"auto, (max-width: 800px) 100vw, 800px\" \/><figcaption id=\"caption-attachment-15850\" class=\"wp-caption-text\">Verpackung von Vapme Monster 16000 Puffs Einweg Vape Gro\u00dfhandel<\/figcaption><\/figure>\n<h2>WARUM WIR?<\/h2>\r\n<ul>\r\n<li>Echte, vertrauensw\u00fcrdige und professionelle Vape-Quelle.<\/li>\r\n<li>100% Echtheitsgarantie: Wir bieten nur originale und echte Produkte, lehnen F\u00e4lschungen ab.<\/li>\r\n<li>100% Liefergarantie: Wir verwenden die beste Versandmethode, um sicherzustellen, dass Sie die Bestellung 100% erhalten.<\/li>\r\n<li>Wir geben Ihnen die Tracking-Nummer und den Versandaufkleber nach dem Versand und verfolgen die Ware f\u00fcr Sie, bis Sie sie abholen.<\/li>\r\n<li>Keine Zollprobleme, keine Z\u00f6lle<\/li>\r\n<\/ul>","protected":false},"excerpt":{"rendered":"<div class=\"wsppc_div_block woocommerce_before_add_to_cart_form\">\r\n<p><strong><span style=\"color: #00a859;\">Clear customs<\/span> before delivery &amp; 100% Delivery Guarantee, Delivery in 19~25 days around.\u00a0<\/strong><\/p>\r\n<\/div>","protected":false},"featured_media":15849,"comment_status":"open","ping_status":"closed","template":"","meta":[],"pwb-brand":[1290],"product_cat":[872],"product_tag":[24,696,822,823,22],"class_list":{"0":"post-15844","1":"product","2":"type-product","3":"status-publish","4":"has-post-thumbnail","6":"pwb-brand-vapme","7":"product_cat-15k-20k-puffs","8":"product_tag-wholesale","9":"product_tag-vapme","10":"product_tag-16000-puffs","11":"product_tag-26-0ml","12":"product_tag-disposable","13":"wcpa_has_options","15":"first","16":"outofstock","17":"shipping-taxable","18":"purchasable","19":"product-type-variable"},"aioseo_notices":[],"brands":[{"id":1290,"name":"Vapme","slug":"vapme"}],"_links":{"self":[{"href":"https:\/\/www.vape4wholesale.com\/de\/wp-json\/wp\/v2\/product\/15844","targetHints":{"allow":["GET"]}}],"collection":[{"href":"https:\/\/www.vape4wholesale.com\/de\/wp-json\/wp\/v2\/product"}],"about":[{"href":"https:\/\/www.vape4wholesale.com\/de\/wp-json\/wp\/v2\/types\/product"}],"replies":[{"embeddable":true,"href":"https:\/\/www.vape4wholesale.com\/de\/wp-json\/wp\/v2\/comments?post=15844"}],"wp:featuredmedia":[{"embeddable":true,"href":"https:\/\/www.vape4wholesale.com\/de\/wp-json\/wp\/v2\/media\/15849"}],"wp:attachment":[{"href":"https:\/\/www.vape4wholesale.com\/de\/wp-json\/wp\/v2\/media?parent=15844"}],"wp:term":[{"taxonomy":"pwb-brand","embeddable":true,"href":"https:\/\/www.vape4wholesale.com\/de\/wp-json\/wp\/v2\/pwb-brand?post=15844"},{"taxonomy":"product_cat","embeddable":true,"href":"https:\/\/www.vape4wholesale.com\/de\/wp-json\/wp\/v2\/product_cat?post=15844"},{"taxonomy":"product_tag","embeddable":true,"href":"https:\/\/www.vape4wholesale.com\/de\/wp-json\/wp\/v2\/product_tag?post=15844"}],"curies":[{"name":"wp","href":"https:\/\/api.w.org\/{rel}","templated":true}]}}