{"id":15808,"date":"2024-05-20T09:50:16","date_gmt":"2024-05-20T01:50:16","guid":{"rendered":"https:\/\/www.vape4wholesale.com\/?post_type=product&#038;p=15808"},"modified":"2026-01-26T13:40:58","modified_gmt":"2026-01-26T13:40:58","slug":"rabbeats-rc10000-touch-einweg-vape-groshandel","status":"publish","type":"product","link":"https:\/\/www.vape4wholesale.com\/de\/product\/rabbeats-rc10000-touch-disposable-vape-wholesale","title":{"rendered":"RabBeats RC10000 Touch Einweg Vape Gro\u00dfhandel"},"content":{"rendered":"<p>Die <b>RabBeats RC10000 Touch Einweg-Vape<\/b>\u00a0ist der erste Einwegdampfer, der mit einem Touchscreen ausgestattet ist und leckere Z\u00fcge mit 14 ml k\u00f6stlichem E-Saft, einer robusten Batterie und fortschrittlicher Mesh-Coil-Technologie bietet. RabBeats RC10000 Touch ist ein innovatives Produkt in der Einwegindustrie. Es bietet ein immersives Verdampfungserlebnis ohne Kn\u00f6pfe. Sie k\u00f6nnen die Modi durch Ber\u00fchren statt durch Dr\u00fccken einstellen. Mit der benutzerfreundlichen Schnittstelle kommt der beste Geschmack. Dank der fortschrittlichen Mesh-Spule ist jeder Zug weich und lecker. RabBeats RC10000 Touch ist die Zukunft der Einwegverdampfer.<\/p>\n<h2 class=\"second-title\"><strong>RabBeats RC10000 Touch Einweg-Vape Eigenschaften<\/strong><\/h2>\n<ul>\n<li>Wiederaufladbarer 620mAh-Akku<\/li>\n<li>Vorgef\u00fclltes 14ml E-Liquid<\/li>\n<li>Ungef\u00e4hr 14000 Z\u00fcge (leichter Modus)\/12000 Z\u00fcge (sanfter Modus)\/10000 Z\u00fcge (starker Modus)<\/li>\n<li>Erster Touchscreen Einweg-Vape<\/li>\n<li>3 einstellbare Modi: Leicht: Zarte Aromen und subtile Throat Hits<\/li>\n<li>Sanft: Mild und weich im Geschmack und mild in der Kehle<\/li>\n<li>Stark: Intensive Aromen und starke, befriedigende Treffer<\/li>\n<li>Einstellbarer Luftstrom<\/li>\n<li>USB-Typ-C-Ladeanschluss (Kabel nicht im Lieferumfang enthalten)<\/li>\n<li>Fortschrittliche Mesh-Spulen-Technologie<\/li>\n<li>Zeichnungsaktiviert<\/li>\n<li>MTL-Vaping<\/li>\n<\/ul>\n<h2><strong>Geschmacksliste<\/strong><\/h2>\n<ol>\n<li>Blaues Razzeis<\/li>\n<li>Heidelbeere Wassermelone<\/li>\n<li>Kirsche-Zitrone<\/li>\n<li>Zitrus-Traube<\/li>\n<li>Kokosnuss-Banane<\/li>\n<li>Drache Strawnana<\/li>\n<li>Georgia Pfirsich<\/li>\n<li>LA Mint<\/li>\n<li>Mount Splash<\/li>\n<li>OMG (Orange Mango Traube)<\/li>\n<li>Rubin-Himbeere<\/li>\n<li>Wassermelone Bubblegum<\/li>\n<\/ol>\n<figure id=\"attachment_15834\" aria-describedby=\"caption-attachment-15834\" style=\"width: 800px\" class=\"wp-caption aligncenter\"><img loading=\"lazy\" decoding=\"async\" class=\"wp-image-15834 size-full\" title=\"RabBeats RC10000 Touch Einweg Vape Gro\u00dfhandel Heidelbeere Wassermelone\" src=\"https:\/\/www.vape4wholesale.com\/wp-content\/uploads\/2024\/05\/RabBeats-RC10000-Touch-Disposable-Vape-Wholesale-blueberry-watermelon.jpg\" alt=\"RabBeats RC10000 Touch Einweg Vape Gro\u00dfhandel Heidelbeere Wassermelone\" width=\"800\" height=\"800\" srcset=\"https:\/\/www.vape4wholesale.com\/wp-content\/uploads\/2024\/05\/RabBeats-RC10000-Touch-Disposable-Vape-Wholesale-blueberry-watermelon.jpg 800w, https:\/\/www.vape4wholesale.com\/wp-content\/uploads\/2024\/05\/RabBeats-RC10000-Touch-Disposable-Vape-Wholesale-blueberry-watermelon-247x247.jpg 247w, https:\/\/www.vape4wholesale.com\/wp-content\/uploads\/2024\/05\/RabBeats-RC10000-Touch-Disposable-Vape-Wholesale-blueberry-watermelon-100x100.jpg 100w, https:\/\/www.vape4wholesale.com\/wp-content\/uploads\/2024\/05\/RabBeats-RC10000-Touch-Disposable-Vape-Wholesale-blueberry-watermelon-510x510.jpg 510w, https:\/\/www.vape4wholesale.com\/wp-content\/uploads\/2024\/05\/RabBeats-RC10000-Touch-Disposable-Vape-Wholesale-blueberry-watermelon-64x64.jpg 64w, https:\/\/www.vape4wholesale.com\/wp-content\/uploads\/2024\/05\/RabBeats-RC10000-Touch-Disposable-Vape-Wholesale-blueberry-watermelon-300x300.jpg 300w, https:\/\/www.vape4wholesale.com\/wp-content\/uploads\/2024\/05\/RabBeats-RC10000-Touch-Disposable-Vape-Wholesale-blueberry-watermelon-150x150.jpg 150w, https:\/\/www.vape4wholesale.com\/wp-content\/uploads\/2024\/05\/RabBeats-RC10000-Touch-Disposable-Vape-Wholesale-blueberry-watermelon-768x768.jpg 768w\" sizes=\"auto, (max-width: 800px) 100vw, 800px\" \/><figcaption id=\"caption-attachment-15834\" class=\"wp-caption-text\">RabBeats RC10000 Touch Einweg Vape Gro\u00dfhandel<\/figcaption><\/figure>\n<p><img loading=\"lazy\" decoding=\"async\" class=\"size-full wp-image-15832 aligncenter\" title=\"RabBeats RC10000 Touch Einweg Vape Gro\u00dfhandel\" src=\"https:\/\/www.vape4wholesale.com\/wp-content\/uploads\/2024\/05\/RabBeats-RC10000-Touch-Disposable-Vape-Wholesale.jpg\" alt=\"RabBeats RC10000 Touch Einweg Vape Gro\u00dfhandel\" width=\"1000\" height=\"1343\" srcset=\"https:\/\/www.vape4wholesale.com\/wp-content\/uploads\/2024\/05\/RabBeats-RC10000-Touch-Disposable-Vape-Wholesale.jpg 1000w, https:\/\/www.vape4wholesale.com\/wp-content\/uploads\/2024\/05\/RabBeats-RC10000-Touch-Disposable-Vape-Wholesale-510x685.jpg 510w, https:\/\/www.vape4wholesale.com\/wp-content\/uploads\/2024\/05\/RabBeats-RC10000-Touch-Disposable-Vape-Wholesale-64x86.jpg 64w, https:\/\/www.vape4wholesale.com\/wp-content\/uploads\/2024\/05\/RabBeats-RC10000-Touch-Disposable-Vape-Wholesale-223x300.jpg 223w, https:\/\/www.vape4wholesale.com\/wp-content\/uploads\/2024\/05\/RabBeats-RC10000-Touch-Disposable-Vape-Wholesale-762x1024.jpg 762w, https:\/\/www.vape4wholesale.com\/wp-content\/uploads\/2024\/05\/RabBeats-RC10000-Touch-Disposable-Vape-Wholesale-768x1031.jpg 768w\" sizes=\"auto, (max-width: 1000px) 100vw, 1000px\" \/> <img loading=\"lazy\" decoding=\"async\" class=\"size-full wp-image-15833 aligncenter\" title=\"RabBeats RC10000 Touch Einweg Vape Gro\u00dfhandel 2\" src=\"https:\/\/www.vape4wholesale.com\/wp-content\/uploads\/2024\/05\/RabBeats-RC10000-Touch-Disposable-Vape-Wholesale_2.jpg\" alt=\"RabBeats RC10000 Touch Einweg Vape Gro\u00dfhandel 2\" width=\"1000\" height=\"1117\" srcset=\"https:\/\/www.vape4wholesale.com\/wp-content\/uploads\/2024\/05\/RabBeats-RC10000-Touch-Disposable-Vape-Wholesale_2.jpg 1000w, https:\/\/www.vape4wholesale.com\/wp-content\/uploads\/2024\/05\/RabBeats-RC10000-Touch-Disposable-Vape-Wholesale_2-510x570.jpg 510w, https:\/\/www.vape4wholesale.com\/wp-content\/uploads\/2024\/05\/RabBeats-RC10000-Touch-Disposable-Vape-Wholesale_2-64x71.jpg 64w, https:\/\/www.vape4wholesale.com\/wp-content\/uploads\/2024\/05\/RabBeats-RC10000-Touch-Disposable-Vape-Wholesale_2-269x300.jpg 269w, https:\/\/www.vape4wholesale.com\/wp-content\/uploads\/2024\/05\/RabBeats-RC10000-Touch-Disposable-Vape-Wholesale_2-917x1024.jpg 917w, https:\/\/www.vape4wholesale.com\/wp-content\/uploads\/2024\/05\/RabBeats-RC10000-Touch-Disposable-Vape-Wholesale_2-768x858.jpg 768w\" sizes=\"auto, (max-width: 1000px) 100vw, 1000px\" \/><\/p>\n<h2>WARUM WIR?<\/h2>\r\n<ul>\r\n<li>Echte, vertrauensw\u00fcrdige und professionelle Vape-Quelle.<\/li>\r\n<li>100% Echtheitsgarantie: Wir bieten nur originale und echte Produkte, lehnen F\u00e4lschungen ab.<\/li>\r\n<li>100% Liefergarantie: Wir verwenden die beste Versandmethode, um sicherzustellen, dass Sie die Bestellung 100% erhalten.<\/li>\r\n<li>Wir geben Ihnen die Tracking-Nummer und den Versandaufkleber nach dem Versand und verfolgen die Ware f\u00fcr Sie, bis Sie sie abholen.<\/li>\r\n<li>Keine Zollprobleme, keine Z\u00f6lle<\/li>\r\n<\/ul>","protected":false},"excerpt":{"rendered":"<div class=\"wsppc_div_block woocommerce_before_add_to_cart_form\">\r\n<p><strong><span style=\"color: #00a859;\">Zollabfertigung<\/span> vor Lieferung &amp; 100% Liefergarantie, Lieferung in ca. 19-25 Tagen.\u00a0<\/strong><\/p>\r\n<\/div>\n<p><strong>Aufgrund der h\u00e4ufigen \u00c4nderungen des Produktbestandes, der Mindestbestellmenge und des Preises, kontaktieren Sie uns bitte vor der Bestellung.<\/strong><\/p>","protected":false},"featured_media":15829,"comment_status":"open","ping_status":"closed","template":"","meta":[],"pwb-brand":[1289],"product_cat":[871],"product_tag":[22,24,60,177,324,808],"class_list":{"0":"post-15808","1":"product","2":"type-product","3":"status-publish","4":"has-post-thumbnail","6":"pwb-brand-others","7":"product_cat-10-15k-puffs","8":"product_tag-disposable","9":"product_tag-wholesale","10":"product_tag-elf-bar","11":"product_tag-14-0ml","12":"product_tag-10000-puffs","13":"product_tag-rabbeats","15":"first","16":"instock","17":"shipping-taxable","18":"purchasable","19":"product-type-variable"},"aioseo_notices":[],"brands":[{"id":1289,"name":"Andere","slug":"andere"}],"_links":{"self":[{"href":"https:\/\/www.vape4wholesale.com\/de\/wp-json\/wp\/v2\/product\/15808","targetHints":{"allow":["GET"]}}],"collection":[{"href":"https:\/\/www.vape4wholesale.com\/de\/wp-json\/wp\/v2\/product"}],"about":[{"href":"https:\/\/www.vape4wholesale.com\/de\/wp-json\/wp\/v2\/types\/product"}],"replies":[{"embeddable":true,"href":"https:\/\/www.vape4wholesale.com\/de\/wp-json\/wp\/v2\/comments?post=15808"}],"wp:featuredmedia":[{"embeddable":true,"href":"https:\/\/www.vape4wholesale.com\/de\/wp-json\/wp\/v2\/media\/15829"}],"wp:attachment":[{"href":"https:\/\/www.vape4wholesale.com\/de\/wp-json\/wp\/v2\/media?parent=15808"}],"wp:term":[{"taxonomy":"pwb-brand","embeddable":true,"href":"https:\/\/www.vape4wholesale.com\/de\/wp-json\/wp\/v2\/pwb-brand?post=15808"},{"taxonomy":"product_cat","embeddable":true,"href":"https:\/\/www.vape4wholesale.com\/de\/wp-json\/wp\/v2\/product_cat?post=15808"},{"taxonomy":"product_tag","embeddable":true,"href":"https:\/\/www.vape4wholesale.com\/de\/wp-json\/wp\/v2\/product_tag?post=15808"}],"curies":[{"name":"wp","href":"https:\/\/api.w.org\/{rel}","templated":true}]}}