{"id":15675,"date":"2025-10-29T18:51:50","date_gmt":"2025-10-29T10:51:50","guid":{"rendered":"https:\/\/www.vape4wholesale.com\/?post_type=product&#038;p=15675"},"modified":"2026-03-19T19:01:42","modified_gmt":"2026-03-19T11:01:42","slug":"elf-bar-gh23000-einweg-vape-groshandel","status":"publish","type":"product","link":"https:\/\/www.vape4wholesale.com\/de\/produkt\/elf-bar-gh23000-einweg-vape-groshandel","title":{"rendered":"Elf Bar GH23000 Einweg Vape Gro\u00dfhandel"},"content":{"rendered":"<p>Der Elf Bar GH23000 Einwegdampfer bietet mit seiner bahnbrechenden Kapazit\u00e4t von 23.000 Puffs und dem integrierten Luft- und Druckregulierungssystem ein unvergleichliches Dampferlebnis. Dieses wiederaufladbare Ger\u00e4t verf\u00fcgt \u00fcber ein gro\u00dfes digitales R\u00f6hren-Seiten-Display und ein fesselndes monochromes blaues \u00e4u\u00dferes Ringlicht, das einen neuen Standard f\u00fcr Einwegverdampfer setzt.<\/p>\n<h2><strong>Elf Bar GH23000 Produktinformation:<\/strong><\/h2>\n<ul>\n<li>Massive Vape Juice Kapazit\u00e4t: Kommt mit einer erheblichen 23ml e-Fl\u00fcssigkeit Kapazit\u00e4t.<\/li>\n<li>Dreifach Mesh Coil System: Sorgt f\u00fcr ausgezeichneten Geschmack und Dampfproduktion.<\/li>\n<li>Variable Puff-Einstellungen: Drei Gangstufen zur Einstellung der Puffanzahl - 23K, 17K und 12K.<\/li>\n<li>Hochkapazitiver Akku: Ausgestattet mit einem 850mAh Akku und Typ-C Aufladung.<\/li>\n<li>Hochentwickelter Seitenbildschirm: Gro\u00dfes digitales R\u00f6hren-Display f\u00fcr einfache \u00dcberwachung.<\/li>\n<li>Airflow und Druckanpassung: Integriertes System f\u00fcr ein ma\u00dfgeschneidertes Dampferlebnis.<\/li>\n<li>Elegantes Design: Verf\u00fcgt \u00fcber einen \u00e4u\u00dferen Ring mit einem einfarbigen blauen Licht.<\/li>\n<li>Umfangreiche Geschmacksauswahl: W\u00e4hlen Sie aus 15 exquisiten Geschmacksrichtungen.<\/li>\n<\/ul>\n<h2><strong>Geschm\u00e4cker:<\/strong><\/h2>\n<ol>\n<li>Traubeneis<\/li>\n<li>Gr\u00fcnes Apfel-Eis<\/li>\n<li>Wassermelone Eis<\/li>\n<li>Heidelbeer-Himbeer-Eis<\/li>\n<li>Erdbeere-Banane<\/li>\n<li>Wassermelone Kirsche<\/li>\n<li>Himbeere Wassermelone Zitrone<\/li>\n<li>Gr\u00fcne Pflaume Saure Limette<\/li>\n<li>Apfel-Birne<\/li>\n<li>Jasmin-Himbeere<\/li>\n<li>Polare Minze<\/li>\n<li>Lila Minze<\/li>\n<li>Erdbeer-Wassermelone-Kaugummi<\/li>\n<li>Saures Wassermelonen-Bonbon<\/li>\n<li>Kirsche Cola<\/li>\n<\/ol>\n<h2><strong>Details zur Verpackung<\/strong><\/h2>\n<p>1St\u00fcck\/Packung<br data-filtered=\"filtered\" \/>10 Packungen\/Karton<br data-filtered=\"filtered\" \/>200 St\u00fcck\/Karton<\/p>\n<p><strong>Dimension:<\/strong><br \/>\n58*29*14cm<br \/>\n24KGS\/Karton<\/p>\n<figure id=\"attachment_15692\" aria-describedby=\"caption-attachment-15692\" style=\"width: 800px\" class=\"wp-caption alignnone\"><img loading=\"lazy\" decoding=\"async\" class=\"size-full wp-image-15692\" title=\"ELF BAR GH23000 Einweg Vape Gro\u00dfhandel (4)\" src=\"https:\/\/www.vape4wholesale.com\/wp-content\/uploads\/2024\/05\/ELF-BAR-GH23000-Disposable-Vape-Wholesale-4.webp\" alt=\"ELF BAR GH23000 Einweg Vape Gro\u00dfhandel (4)\" width=\"800\" height=\"644\" srcset=\"https:\/\/www.vape4wholesale.com\/wp-content\/uploads\/2024\/05\/ELF-BAR-GH23000-Disposable-Vape-Wholesale-4.webp 800w, https:\/\/www.vape4wholesale.com\/wp-content\/uploads\/2024\/05\/ELF-BAR-GH23000-Disposable-Vape-Wholesale-4-510x411.webp 510w\" sizes=\"auto, (max-width: 800px) 100vw, 800px\" \/><figcaption id=\"caption-attachment-15692\" class=\"wp-caption-text\">ELF BAR GH23000 Einweg Vape Gro\u00dfhandel<\/figcaption><\/figure>\n<h2>WARUM WIR?<\/h2>\r\n<ul>\r\n<li>Echte, vertrauensw\u00fcrdige und professionelle Vape-Quelle.<\/li>\r\n<li>100% Echtheitsgarantie: Wir bieten nur originale und echte Produkte, lehnen F\u00e4lschungen ab.<\/li>\r\n<li>100% Liefergarantie: Wir verwenden die beste Versandmethode, um sicherzustellen, dass Sie die Bestellung 100% erhalten.<\/li>\r\n<li>Wir geben Ihnen die Tracking-Nummer und den Versandaufkleber nach dem Versand und verfolgen die Ware f\u00fcr Sie, bis Sie sie abholen.<\/li>\r\n<li>Keine Zollprobleme, keine Z\u00f6lle<\/li>\r\n<\/ul>","protected":false},"excerpt":{"rendered":"<p><b><span style=\"color: #00a859;\">Free shipping<\/span>\u00a0from Europe warehouse, 7-15 working days delivery time.<\/b><\/p>\r\n<div class=\"wsppc_div_block woocommerce_before_add_to_cart_form\">\r\n<p><strong>Clear customs before delivery &amp; 100% Delivery Guarantee<\/strong><\/p>\r\n<\/div>","protected":false},"featured_media":26773,"comment_status":"open","ping_status":"closed","template":"","meta":[],"pwb-brand":[1278],"product_cat":[938],"product_tag":[22,24,60,557,780],"class_list":{"0":"post-15675","1":"product","2":"type-product","3":"status-publish","4":"has-post-thumbnail","6":"pwb-brand-elf-bar","7":"product_cat-europe-warehouse","8":"product_tag-disposable","9":"product_tag-wholesale","10":"product_tag-elf-bar","11":"product_tag-23-0ml","12":"product_tag-23000-puffs","13":"product_shipping_class-eu-warehouse","15":"first","16":"instock","17":"shipping-taxable","18":"purchasable","19":"product-type-variable"},"aioseo_notices":[],"brands":[{"id":1278,"name":"Elfenbar","slug":"elfenbar"}],"_links":{"self":[{"href":"https:\/\/www.vape4wholesale.com\/de\/wp-json\/wp\/v2\/product\/15675","targetHints":{"allow":["GET"]}}],"collection":[{"href":"https:\/\/www.vape4wholesale.com\/de\/wp-json\/wp\/v2\/product"}],"about":[{"href":"https:\/\/www.vape4wholesale.com\/de\/wp-json\/wp\/v2\/types\/product"}],"replies":[{"embeddable":true,"href":"https:\/\/www.vape4wholesale.com\/de\/wp-json\/wp\/v2\/comments?post=15675"}],"wp:featuredmedia":[{"embeddable":true,"href":"https:\/\/www.vape4wholesale.com\/de\/wp-json\/wp\/v2\/media\/26773"}],"wp:attachment":[{"href":"https:\/\/www.vape4wholesale.com\/de\/wp-json\/wp\/v2\/media?parent=15675"}],"wp:term":[{"taxonomy":"pwb-brand","embeddable":true,"href":"https:\/\/www.vape4wholesale.com\/de\/wp-json\/wp\/v2\/pwb-brand?post=15675"},{"taxonomy":"product_cat","embeddable":true,"href":"https:\/\/www.vape4wholesale.com\/de\/wp-json\/wp\/v2\/product_cat?post=15675"},{"taxonomy":"product_tag","embeddable":true,"href":"https:\/\/www.vape4wholesale.com\/de\/wp-json\/wp\/v2\/product_tag?post=15675"}],"curies":[{"name":"wp","href":"https:\/\/api.w.org\/{rel}","templated":true}]}}