{"id":15573,"date":"2024-04-17T22:26:53","date_gmt":"2024-04-17T14:26:53","guid":{"rendered":"https:\/\/www.vape4wholesale.com\/?post_type=product&#038;p=15573"},"modified":"2026-01-26T13:41:07","modified_gmt":"2026-01-26T13:41:07","slug":"lavie-plus-15000-einweg-vape-groshandel","status":"publish","type":"product","link":"https:\/\/www.vape4wholesale.com\/de\/product\/lavie-plus-15000-disposable-vape-wholesale","title":{"rendered":"Lavie Plus 15000 Einweg Vape Gro\u00dfhandel"},"content":{"rendered":"<p>Der Lavie Plus 15000 ist ein revolution\u00e4res Einwegger\u00e4t, das von Lavie mit der neuesten Spitzentechnologie entwickelt und produziert wird. Er kann bis zu 15000 Z\u00fcge erreichen und ist mit einem 650mAh-Akku ausgestattet. Mit einer gro\u00dfz\u00fcgigen 25ml e-Liquid-Kapazit\u00e4t und eine verlockende Reihe von 12 Aromen zur Auswahl, Lavie Plus 15000 sorgt f\u00fcr eine geschmackvolle Erfahrung jedes Mal.<\/p>\n<p>Der Lavie Plus 15000 ist in zwei verschiedenen Modi erh\u00e4ltlich: Der \"Normal\"-Modus wird von einer einzelnen Mesh-Spule angetrieben, jeder Zug liefert nuancierte Aromen und sanfte Wolken. Das \"Pulse+\"-Modell steigert die Leistung der Dual-Mesh-Spule.<\/p>\n<p>Bestellen Sie unsere breite 12 Auswahl an Lavie Plus 15000 Puffs Geschmacksrichtungen f\u00fcr unsere besten Gro\u00dfhandelspreis und schnellen Versand!<\/p>\n<h2><strong>Lavie Plus 15000 Einweg Vape Details:<\/strong><\/h2>\n<ul>\n<li>25ml vorgef\u00fclltes E-Liquid<\/li>\n<li>5% Nikotinst\u00e4rke<\/li>\n<li>Wiederaufladbarer 650mAh-Akku<\/li>\n<li>Bis zu 15000 Puffs<\/li>\n<li>Typ-C-Laden<\/li>\n<\/ul>\n<h2><strong>Geschenke verf\u00fcgbar:<\/strong><\/h2>\n<ol>\n<li>Rosa Limonade<\/li>\n<li>Wassermelone Eis<\/li>\n<li>Mexiko Mango<\/li>\n<li>Tropische Regenbogenexplosion<\/li>\n<li>Erdbeer-Mango<\/li>\n<li>Blaues Razzeis<\/li>\n<li>Miami Mint<\/li>\n<li>Saftiges Pfirsicheis<\/li>\n<li>Saurer Apfel Eis<\/li>\n<li>Kalifornische Kirsche<\/li>\n<li>Mango-Ananas-Bonbon<\/li>\n<li>Meta-Mond<\/li>\n<\/ol>\n<h2><strong>Details zur Verpackung:<\/strong><\/h2>\n<ul>\n<li>1St\u00fcck\/Packung<\/li>\n<li>10 Packungen\/Karton<\/li>\n<li>200 St\u00fcck\/Karton<\/li>\n<li>20kg\/Karton<\/li>\n<\/ul>\n<figure id=\"attachment_15586\" aria-describedby=\"caption-attachment-15586\" style=\"width: 800px\" class=\"wp-caption alignnone\"><img loading=\"lazy\" decoding=\"async\" class=\"wp-image-15586 size-full\" title=\"LAVIE PLUS 15000 Puffs Einweg Vape Gro\u00dfhandel Aromen\" src=\"https:\/\/www.vape4wholesale.com\/wp-content\/uploads\/2024\/04\/LAVIE-PLUS-15000-Puffs-Disposable-Vape-Wholesale-Flavors.webp\" alt=\"LAVIE PLUS 15000 Puffs Einweg Vape Gro\u00dfhandel Aromen\" width=\"800\" height=\"1298\" srcset=\"https:\/\/www.vape4wholesale.com\/wp-content\/uploads\/2024\/04\/LAVIE-PLUS-15000-Puffs-Disposable-Vape-Wholesale-Flavors.webp 800w, https:\/\/www.vape4wholesale.com\/wp-content\/uploads\/2024\/04\/LAVIE-PLUS-15000-Puffs-Disposable-Vape-Wholesale-Flavors-510x827.webp 510w, https:\/\/www.vape4wholesale.com\/wp-content\/uploads\/2024\/04\/LAVIE-PLUS-15000-Puffs-Disposable-Vape-Wholesale-Flavors-64x104.webp 64w, https:\/\/www.vape4wholesale.com\/wp-content\/uploads\/2024\/04\/LAVIE-PLUS-15000-Puffs-Disposable-Vape-Wholesale-Flavors-185x300.webp 185w, https:\/\/www.vape4wholesale.com\/wp-content\/uploads\/2024\/04\/LAVIE-PLUS-15000-Puffs-Disposable-Vape-Wholesale-Flavors-631x1024.webp 631w, https:\/\/www.vape4wholesale.com\/wp-content\/uploads\/2024\/04\/LAVIE-PLUS-15000-Puffs-Disposable-Vape-Wholesale-Flavors-768x1246.webp 768w\" sizes=\"auto, (max-width: 800px) 100vw, 800px\" \/><figcaption id=\"caption-attachment-15586\" class=\"wp-caption-text\">LAVIE PLUS 15000 Puffs Einweg Vape Gro\u00dfhandel alle Aromen<\/figcaption><\/figure>\n<h2>WARUM WIR?<\/h2>\r\n<ul>\r\n<li>Echte, vertrauensw\u00fcrdige und professionelle Vape-Quelle.<\/li>\r\n<li>100% Echtheitsgarantie: Wir bieten nur originale und echte Produkte, lehnen F\u00e4lschungen ab.<\/li>\r\n<li>100% Liefergarantie: Wir verwenden die beste Versandmethode, um sicherzustellen, dass Sie die Bestellung 100% erhalten.<\/li>\r\n<li>Wir geben Ihnen die Tracking-Nummer und den Versandaufkleber nach dem Versand und verfolgen die Ware f\u00fcr Sie, bis Sie sie abholen.<\/li>\r\n<li>Keine Zollprobleme, keine Z\u00f6lle<\/li>\r\n<\/ul>","protected":false},"excerpt":{"rendered":"<div class=\"wsppc_div_block woocommerce_before_add_to_cart_form\">\r\n<p><strong><span style=\"color: #00a859;\">Zollabfertigung<\/span> vor Lieferung &amp; 100% Liefergarantie, Lieferung in ca. 19-25 Tagen.\u00a0<\/strong><\/p>\r\n<\/div>","protected":false},"featured_media":15574,"comment_status":"open","ping_status":"closed","template":"","meta":[],"pwb-brand":[1277],"product_cat":[872],"product_tag":[37,684,692,22,24],"class_list":{"0":"post-15573","1":"product","2":"type-product","3":"status-publish","4":"has-post-thumbnail","6":"pwb-brand-lavie","7":"product_cat-15k-20k-puffs","8":"product_tag-lavie","9":"product_tag-15000-puffs","10":"product_tag-25-0ml","11":"product_tag-disposable","12":"product_tag-wholesale","13":"wcpa_has_options","15":"first","16":"instock","17":"shipping-taxable","18":"purchasable","19":"product-type-variable"},"aioseo_notices":[],"brands":[{"id":1277,"name":"Lavie","slug":"lavie"}],"_links":{"self":[{"href":"https:\/\/www.vape4wholesale.com\/de\/wp-json\/wp\/v2\/product\/15573","targetHints":{"allow":["GET"]}}],"collection":[{"href":"https:\/\/www.vape4wholesale.com\/de\/wp-json\/wp\/v2\/product"}],"about":[{"href":"https:\/\/www.vape4wholesale.com\/de\/wp-json\/wp\/v2\/types\/product"}],"replies":[{"embeddable":true,"href":"https:\/\/www.vape4wholesale.com\/de\/wp-json\/wp\/v2\/comments?post=15573"}],"wp:featuredmedia":[{"embeddable":true,"href":"https:\/\/www.vape4wholesale.com\/de\/wp-json\/wp\/v2\/media\/15574"}],"wp:attachment":[{"href":"https:\/\/www.vape4wholesale.com\/de\/wp-json\/wp\/v2\/media?parent=15573"}],"wp:term":[{"taxonomy":"pwb-brand","embeddable":true,"href":"https:\/\/www.vape4wholesale.com\/de\/wp-json\/wp\/v2\/pwb-brand?post=15573"},{"taxonomy":"product_cat","embeddable":true,"href":"https:\/\/www.vape4wholesale.com\/de\/wp-json\/wp\/v2\/product_cat?post=15573"},{"taxonomy":"product_tag","embeddable":true,"href":"https:\/\/www.vape4wholesale.com\/de\/wp-json\/wp\/v2\/product_tag?post=15573"}],"curies":[{"name":"wp","href":"https:\/\/api.w.org\/{rel}","templated":true}]}}