{"id":15506,"date":"2024-04-11T12:42:29","date_gmt":"2024-04-11T04:42:29","guid":{"rendered":"https:\/\/www.vape4wholesale.com\/?post_type=product&#038;p=15506"},"modified":"2026-01-26T13:41:12","modified_gmt":"2026-01-26T13:41:12","slug":"elf-bar-ep8000-einweg-vape-groshandel","status":"publish","type":"product","link":"https:\/\/www.vape4wholesale.com\/de\/product\/elf-bar-ep8000-disposable-vape-wholesale","title":{"rendered":"Elf Bar EP8000 Einweg Vape Gro\u00dfhandel"},"content":{"rendered":"<p>Die Elf Bar EP8000 verf\u00fcgt \u00fcber ein stilvolles Design mit 18ml E-Saft und 1500mAh Akku, um ein un\u00fcbertroffenes Gef\u00fchl von Geschmack zu machen. unterst\u00fctzen bis zu 8000 Puffs. Erleben Sie ein funkelndes Gl\u00fchen mit einer lebendigen Anzeige von sechs Farbschattierungen. Der letzte Farbton zeigt den aktuellen Stand der e-Fl\u00fcssigkeit und Akkuladung.<\/p>\n<p>Diese aufregende Mischung kombiniert die k\u00fchne Essenz von Brombeeren mit dem spritzigen Kick von Himbeeren und schafft so eine harmonische Symphonie der fruchtigen G\u00fcte. Mit einem erfrischenden Hauch von eisigem Menthol liefert jeder Zug einen k\u00fchlen Hauch, der die Sinne bet\u00f6rt.<\/p>\n<p>Bestellen Sie unsere 20 exklusiven Elf Bar BC15000 Geschmacksrichtungen zu unschlagbaren Gro\u00dfhandelspreisen mit schnellem Versand in gro\u00dfen Mengen.<\/p>\n<h2><strong>Elf Bar EP8000 Disposable Vape Eigenschaften:<\/strong><\/h2>\n<ul>\n<li>Marke: Elf Bar<\/li>\n<li>Typ: EP8000<\/li>\n<li>Puffs: 8000 Puffs<\/li>\n<li>Nikotin: 5%<\/li>\n<li>E-Saft Kapazit\u00e4t: 18 ML<\/li>\n<li>Batteriekapazit\u00e4t: 1500mAh (wiederaufladbar)<\/li>\n<li>Gr\u00f6\u00dfe: 88\u00d744\u00d722 mm<\/li>\n<\/ul>\n<h2><strong>Verf\u00fcgbare Geschmacksrichtungen\uff1a<\/strong><\/h2>\n<p>1. traubenkirsche<br \/>\n2. kirschige Pfirsichlimonade<br \/>\n3. traube<br \/>\n4 Kiwi Passionsfrucht Guave<br \/>\n5.Tabak<br \/>\nWassermelonen-Eis<br \/>\nCola-Eis 7.<br \/>\n8. pfirsichbeere<br \/>\n9.blaues Razz-Eis<br \/>\n10.brombeere Preiselbeere<br \/>\nWassermelone Kaugummi 11.<br \/>\n12. doppelte Mango<br \/>\n13.Pfirsich-Eis<br \/>\n14.schwarzes Razz-Eis<br \/>\n15. mango pfirsich wassermelone<br \/>\n16.Doppelter Apfel<br \/>\n17. wei\u00dfe Traube<br \/>\n18. pfirsich-mango<br \/>\n19. erdbeereis<br \/>\n20. erdbeereis<\/p>\n<h2><strong>Details zur Verpackung<\/strong><\/h2>\n<p>1St\u00fcck\/Packung<br data-filtered=\"filtered\" \/>10 Packungen\/Karton<br data-filtered=\"filtered\" \/>200 St\u00fcck\/Karton<\/p>\n<p><strong>Dimension:<\/strong><br \/>\n58*29*14cm<br \/>\n12KGS\/Karton<\/p>\n<figure id=\"attachment_15529\" aria-describedby=\"caption-attachment-15529\" style=\"width: 747px\" class=\"wp-caption alignnone\"><img loading=\"lazy\" decoding=\"async\" class=\"wp-image-15529 size-full\" title=\"Elf Bar EP8000 Einweg Vape Gro\u00dfhandel Wassermelone Eis 8000 Puffs\" src=\"https:\/\/www.vape4wholesale.com\/wp-content\/uploads\/2024\/04\/Elf-Bar-EP8000-Disposable-Vape-Wholesale-Watermelon-Ice-8000-Puffs.webp\" alt=\"Elf Bar EP8000 Einweg Vape Gro\u00dfhandel Wassermelone Eis 8000 Puffs\" width=\"747\" height=\"800\" srcset=\"https:\/\/www.vape4wholesale.com\/wp-content\/uploads\/2024\/04\/Elf-Bar-EP8000-Disposable-Vape-Wholesale-Watermelon-Ice-8000-Puffs.webp 747w, https:\/\/www.vape4wholesale.com\/wp-content\/uploads\/2024\/04\/Elf-Bar-EP8000-Disposable-Vape-Wholesale-Watermelon-Ice-8000-Puffs-510x546.webp 510w, https:\/\/www.vape4wholesale.com\/wp-content\/uploads\/2024\/04\/Elf-Bar-EP8000-Disposable-Vape-Wholesale-Watermelon-Ice-8000-Puffs-64x69.webp 64w, https:\/\/www.vape4wholesale.com\/wp-content\/uploads\/2024\/04\/Elf-Bar-EP8000-Disposable-Vape-Wholesale-Watermelon-Ice-8000-Puffs-280x300.webp 280w\" sizes=\"auto, (max-width: 747px) 100vw, 747px\" \/><figcaption id=\"caption-attachment-15529\" class=\"wp-caption-text\">Elf Bar EP8000 Einweg Vape Gro\u00dfhandel<\/figcaption><\/figure>\n<h2>WARUM WIR?<\/h2>\r\n<ul>\r\n<li>Echte, vertrauensw\u00fcrdige und professionelle Vape-Quelle.<\/li>\r\n<li>100% Echtheitsgarantie: Wir bieten nur originale und echte Produkte, lehnen F\u00e4lschungen ab.<\/li>\r\n<li>100% Liefergarantie: Wir verwenden die beste Versandmethode, um sicherzustellen, dass Sie die Bestellung 100% erhalten.<\/li>\r\n<li>Wir geben Ihnen die Tracking-Nummer und den Versandaufkleber nach dem Versand und verfolgen die Ware f\u00fcr Sie, bis Sie sie abholen.<\/li>\r\n<li>Keine Zollprobleme, keine Z\u00f6lle<\/li>\r\n<\/ul>","protected":false},"excerpt":{"rendered":"<div class=\"wsppc_div_block woocommerce_before_add_to_cart_form\">\r\n<p><strong><span style=\"color: #00a859;\">Zollabfertigung<\/span> vor Lieferung &amp; 100% Liefergarantie, Lieferung in ca. 19-25 Tagen.\u00a0<\/strong><\/p>\r\n<\/div>\n<p><strong>Aufgrund der h\u00e4ufigen \u00c4nderungen des Produktbestandes, der Mindestbestellmenge und des Preises, kontaktieren Sie uns bitte vor der Bestellung.<\/strong><\/p>","protected":false},"featured_media":15532,"comment_status":"open","ping_status":"closed","template":"","meta":[],"pwb-brand":[1278],"product_cat":[870],"product_tag":[60,244,343,22,24],"class_list":{"0":"post-15506","1":"product","2":"type-product","3":"status-publish","4":"has-post-thumbnail","6":"pwb-brand-elf-bar","7":"product_cat-8000-10000-puffs","8":"product_tag-elf-bar","9":"product_tag-18-0ml","10":"product_tag-8000-puffs","11":"product_tag-disposable","12":"product_tag-wholesale","14":"first","15":"instock","16":"shipping-taxable","17":"purchasable","18":"product-type-variable"},"aioseo_notices":[],"brands":[{"id":1278,"name":"Elfenbar","slug":"elfenbar"}],"_links":{"self":[{"href":"https:\/\/www.vape4wholesale.com\/de\/wp-json\/wp\/v2\/product\/15506","targetHints":{"allow":["GET"]}}],"collection":[{"href":"https:\/\/www.vape4wholesale.com\/de\/wp-json\/wp\/v2\/product"}],"about":[{"href":"https:\/\/www.vape4wholesale.com\/de\/wp-json\/wp\/v2\/types\/product"}],"replies":[{"embeddable":true,"href":"https:\/\/www.vape4wholesale.com\/de\/wp-json\/wp\/v2\/comments?post=15506"}],"wp:featuredmedia":[{"embeddable":true,"href":"https:\/\/www.vape4wholesale.com\/de\/wp-json\/wp\/v2\/media\/15532"}],"wp:attachment":[{"href":"https:\/\/www.vape4wholesale.com\/de\/wp-json\/wp\/v2\/media?parent=15506"}],"wp:term":[{"taxonomy":"pwb-brand","embeddable":true,"href":"https:\/\/www.vape4wholesale.com\/de\/wp-json\/wp\/v2\/pwb-brand?post=15506"},{"taxonomy":"product_cat","embeddable":true,"href":"https:\/\/www.vape4wholesale.com\/de\/wp-json\/wp\/v2\/product_cat?post=15506"},{"taxonomy":"product_tag","embeddable":true,"href":"https:\/\/www.vape4wholesale.com\/de\/wp-json\/wp\/v2\/product_tag?post=15506"}],"curies":[{"name":"wp","href":"https:\/\/api.w.org\/{rel}","templated":true}]}}