{"id":15476,"date":"2024-04-11T12:20:52","date_gmt":"2024-04-11T04:20:52","guid":{"rendered":"https:\/\/www.vape4wholesale.com\/?post_type=product&#038;p=15476"},"modified":"2026-01-26T13:41:14","modified_gmt":"2026-01-26T13:41:14","slug":"elf-bar-bc15000-einweg-vape-groshandel","status":"publish","type":"product","link":"https:\/\/www.vape4wholesale.com\/de\/product\/elf-bar-bc15000-disposable-vape-wholesale","title":{"rendered":"Elf Bar BC15000 Einweg Vape Gro\u00dfhandel"},"content":{"rendered":"<p>Der Elf bar BC15000 ist ein hochmoderner Einwegdampfer mit einer wiederaufladbaren 650mAh-Batterie und einem vorgef\u00fcllten 23ml E-Liquid-Tank, der bis zu 15.000 Z\u00fcge liefert. Sein innovativer Fortschrittsbalken bietet dem Benutzer Echtzeit-Feedback \u00fcber den Stromverbrauch<\/p>\n<p>Der Elfbar BC15000 bietet zwei verschiedene Modi - \"Smooth\" f\u00fcr einen angenehmen Zug und \"Turbo\" f\u00fcr eine dichte Dampfproduktion. Sein kompaktes und dennoch leistungsstarkes Design sorgt f\u00fcr ein komfortables, erstklassiges Dampferlebnis.<br \/>\nBestellen Sie unsere 15 exklusiven Elf Bar BC15000 Geschmacksrichtungen zu unschlagbaren Gro\u00dfhandelspreisen mit schnellem Versand in gro\u00dfen Mengen.<\/p>\n<h2><strong>Elf Bar BC15000 Disposable Vape Eigenschaften:<\/strong><\/h2>\n<ul>\n<li>Marke: Elf Bar<\/li>\n<li>Typ: BC15000<\/li>\n<li>Puffs: 15000 Puffs<\/li>\n<li>Nikotin: 5%<\/li>\n<li>E-Saft Kapazit\u00e4t: 23 ML<\/li>\n<li>Batteriekapazit\u00e4t: 650mAh (wiederaufladbar)<\/li>\n<li>Ladeanschluss: Typ C<\/li>\n<\/ul>\n<h2><strong>Verf\u00fcgbare Geschmacksrichtungen\uff1a<\/strong><\/h2>\n<ol>\n<li>Brombeere-Kirsche<\/li>\n<li>Blaues Razzeis<\/li>\n<li>Kirsche-Limette<\/li>\n<li>Weintraube Cranberry<\/li>\n<li>Traubeneis<\/li>\n<li>Kiwi Passionsfrucht Guave<\/li>\n<li>Pfirsich Mango Wassermelone<\/li>\n<li>Ananas Drachenfrucht Grapefruit<\/li>\n<li>Saurer Apfel<\/li>\n<li>Erdbeere-Banane<\/li>\n<li>Erdbeer-Kiwi<\/li>\n<li>Pfefferminze<\/li>\n<li>Wassermelone Eis<\/li>\n<li>Kiwi Ananas Pfirsich<\/li>\n<li>Grapefruit Passionsfrucht<\/li>\n<\/ol>\n<h2><strong>Details zur Verpackung<\/strong><\/h2>\n<p>1St\u00fcck\/Packung<br data-filtered=\"filtered\" \/>10 Packungen\/Karton<br data-filtered=\"filtered\" \/>200 St\u00fcck\/Karton<\/p>\n<p><strong>Dimension:<\/strong><br data-filtered=\"filtered\" \/>55,5*29,5*27,5cm<br data-filtered=\"filtered\" \/>26KGS\/Karton<\/p>\n<figure id=\"attachment_15493\" aria-describedby=\"caption-attachment-15493\" style=\"width: 800px\" class=\"wp-caption alignnone\"><img loading=\"lazy\" decoding=\"async\" class=\"wp-image-15493 size-full\" title=\"Elf Bar BC15000 Einweg Vape Gro\u00dfhandel Sour Apple 15000 Puffs\" src=\"https:\/\/www.vape4wholesale.com\/wp-content\/uploads\/2024\/04\/Elf-Bar-BC15000-Disposable-Vape-Wholesale-Sour-Apple-15000-Puffs.webp\" alt=\"Elf Bar BC15000 Einweg Vape Gro\u00dfhandel Sour Apple 15000 Puffs\" width=\"800\" height=\"800\" srcset=\"https:\/\/www.vape4wholesale.com\/wp-content\/uploads\/2024\/04\/Elf-Bar-BC15000-Disposable-Vape-Wholesale-Sour-Apple-15000-Puffs.webp 800w, https:\/\/www.vape4wholesale.com\/wp-content\/uploads\/2024\/04\/Elf-Bar-BC15000-Disposable-Vape-Wholesale-Sour-Apple-15000-Puffs-247x247.webp 247w, https:\/\/www.vape4wholesale.com\/wp-content\/uploads\/2024\/04\/Elf-Bar-BC15000-Disposable-Vape-Wholesale-Sour-Apple-15000-Puffs-100x100.webp 100w, https:\/\/www.vape4wholesale.com\/wp-content\/uploads\/2024\/04\/Elf-Bar-BC15000-Disposable-Vape-Wholesale-Sour-Apple-15000-Puffs-510x510.webp 510w, https:\/\/www.vape4wholesale.com\/wp-content\/uploads\/2024\/04\/Elf-Bar-BC15000-Disposable-Vape-Wholesale-Sour-Apple-15000-Puffs-64x64.webp 64w, https:\/\/www.vape4wholesale.com\/wp-content\/uploads\/2024\/04\/Elf-Bar-BC15000-Disposable-Vape-Wholesale-Sour-Apple-15000-Puffs-300x300.webp 300w, https:\/\/www.vape4wholesale.com\/wp-content\/uploads\/2024\/04\/Elf-Bar-BC15000-Disposable-Vape-Wholesale-Sour-Apple-15000-Puffs-150x150.webp 150w, https:\/\/www.vape4wholesale.com\/wp-content\/uploads\/2024\/04\/Elf-Bar-BC15000-Disposable-Vape-Wholesale-Sour-Apple-15000-Puffs-768x768.webp 768w\" sizes=\"auto, (max-width: 800px) 100vw, 800px\" \/><figcaption id=\"caption-attachment-15493\" class=\"wp-caption-text\">Elf Bar BC15000 Einweg Vape Gro\u00dfhandel<\/figcaption><\/figure>\n<h2>WARUM WIR?<\/h2>\r\n<ul>\r\n<li>Echte, vertrauensw\u00fcrdige und professionelle Vape-Quelle.<\/li>\r\n<li>100% Echtheitsgarantie: Wir bieten nur originale und echte Produkte, lehnen F\u00e4lschungen ab.<\/li>\r\n<li>100% Liefergarantie: Wir verwenden die beste Versandmethode, um sicherzustellen, dass Sie die Bestellung 100% erhalten.<\/li>\r\n<li>Wir geben Ihnen die Tracking-Nummer und den Versandaufkleber nach dem Versand und verfolgen die Ware f\u00fcr Sie, bis Sie sie abholen.<\/li>\r\n<li>Keine Zollprobleme, keine Z\u00f6lle<\/li>\r\n<\/ul>","protected":false},"excerpt":{"rendered":"<div class=\"wsppc_div_block woocommerce_before_add_to_cart_form\">\r\n<p><strong><span style=\"color: #00a859;\">Zollabfertigung<\/span> vor Lieferung &amp; 100% Liefergarantie, Lieferung in ca. 19-25 Tagen.\u00a0<\/strong><\/p>\r\n<\/div>\n<p><strong>Aufgrund der h\u00e4ufigen \u00c4nderungen des Produktbestandes, der Mindestbestellmenge und des Preises, kontaktieren Sie uns bitte vor der Bestellung.<\/strong><\/p>","protected":false},"featured_media":15493,"comment_status":"open","ping_status":"closed","template":"","meta":[],"pwb-brand":[1278],"product_cat":[872],"product_tag":[557,684,22,24,60],"class_list":{"0":"post-15476","1":"product","2":"type-product","3":"status-publish","4":"has-post-thumbnail","6":"pwb-brand-elf-bar","7":"product_cat-15k-20k-puffs","8":"product_tag-23-0ml","9":"product_tag-15000-puffs","10":"product_tag-disposable","11":"product_tag-wholesale","12":"product_tag-elf-bar","14":"first","15":"instock","16":"shipping-taxable","17":"purchasable","18":"product-type-variable"},"aioseo_notices":[],"brands":[{"id":1278,"name":"Elfenbar","slug":"elfenbar"}],"_links":{"self":[{"href":"https:\/\/www.vape4wholesale.com\/de\/wp-json\/wp\/v2\/product\/15476","targetHints":{"allow":["GET"]}}],"collection":[{"href":"https:\/\/www.vape4wholesale.com\/de\/wp-json\/wp\/v2\/product"}],"about":[{"href":"https:\/\/www.vape4wholesale.com\/de\/wp-json\/wp\/v2\/types\/product"}],"replies":[{"embeddable":true,"href":"https:\/\/www.vape4wholesale.com\/de\/wp-json\/wp\/v2\/comments?post=15476"}],"wp:featuredmedia":[{"embeddable":true,"href":"https:\/\/www.vape4wholesale.com\/de\/wp-json\/wp\/v2\/media\/15493"}],"wp:attachment":[{"href":"https:\/\/www.vape4wholesale.com\/de\/wp-json\/wp\/v2\/media?parent=15476"}],"wp:term":[{"taxonomy":"pwb-brand","embeddable":true,"href":"https:\/\/www.vape4wholesale.com\/de\/wp-json\/wp\/v2\/pwb-brand?post=15476"},{"taxonomy":"product_cat","embeddable":true,"href":"https:\/\/www.vape4wholesale.com\/de\/wp-json\/wp\/v2\/product_cat?post=15476"},{"taxonomy":"product_tag","embeddable":true,"href":"https:\/\/www.vape4wholesale.com\/de\/wp-json\/wp\/v2\/product_tag?post=15476"}],"curies":[{"name":"wp","href":"https:\/\/api.w.org\/{rel}","templated":true}]}}