{"id":15236,"date":"2024-02-29T22:53:23","date_gmt":"2024-02-29T14:53:23","guid":{"rendered":"https:\/\/www.vape4wholesale.com\/?post_type=product&#038;p=15236"},"modified":"2026-01-26T13:41:21","modified_gmt":"2026-01-26T13:41:21","slug":"elf-bar-raya-d1-13000-puffs-wegwerfbare-vape-groshandel","status":"publish","type":"product","link":"https:\/\/www.vape4wholesale.com\/de\/product\/elf-bar-raya-d1-13000-puffs-disposable-vape-wholesale","title":{"rendered":"Elf Bar Raya D1 13000 Puffs Einweg Vape Gro\u00dfhandel"},"content":{"rendered":"<p>Der Elfbar Raya D1 kommt mit 13.000 Puffs und ist ein hochmodernes Einweg-Pod-Ger\u00e4t, das f\u00fcr ein langes und befriedigendes Dampferlebnis entwickelt wurde. Mit einer beeindruckenden Puff-Kapazit\u00e4t, liefert dieses Ger\u00e4t eine lang anhaltende und geschmackvolle Reise. Mit seiner innovativen Technologie sorgt Elfbar f\u00fcr eine problemlose und bequeme Verdampfungsl\u00f6sung. Die Raya D1-Variante bietet eine k\u00f6stliche Mischung aus Wassermelonen- und Honigtau-Aromen, die ein erfrischendes und angenehmes Geschmacksprofil bieten. Die Elfbar Raya D1 ist ideal f\u00fcr Nutzer, die eine Einwegoption mit hohem Zug suchen, und verspricht mit jedem Zug ein intensives Dampferlebnis.<\/p>\n<p>Es kommt mit 50mg Nikotin f\u00fcr die Wahl, Bulk, um unsere breite 23 Auswahl an Elf Bar Raya D1 13000 Aromen f\u00fcr unsere besten Gro\u00dfhandelspreis und schnellen Versand!<\/p>\n<h2><strong>Elf Bar Raya D1 13000 Schnelles Detail<\/strong><\/h2>\n<ul>\n<li>E-Fl\u00fcssigkeit Kapazit\u00e4t: 18ml<\/li>\n<li>Akku-Kapazit\u00e4t: 650mAh<\/li>\n<li>Puffs: Bis zu 13000<\/li>\n<li>Nikotinst\u00e4rke: 50mg\/ml<\/li>\n<li>Led-Bildschirm-Anzeige: Strom &amp; Fl\u00fcssigkeit<\/li>\n<li>Typ-C Wiederaufladbar<\/li>\n<\/ul>\n<h2><strong>Elf Bar Raya D1 Geschmacksrichtungen verf\u00fcgbar<\/strong><\/h2>\n<p>1.Americano-Eis<br \/>\n2. apfel-eis<br \/>\n3. die Blaubeere Gami<br \/>\n4. blaubeereis<br \/>\n5. traubeneis<br \/>\n6.Miami Mint<br \/>\n7. Pfirsich-Eis<br \/>\n8. ananas eis<br \/>\n9. erdbeereis<br \/>\n10.Tabak<br \/>\nWassermelone Eis<br \/>\n12. brombeere cranberry<br \/>\n13.blaues Razz-Eis<br \/>\n14. blaubeer-minze<br \/>\n15.kirsche Wassermelone<br \/>\n16.doppelte Mango<br \/>\n17.traube kirsche<br \/>\n18. zitronengelbe Limette<br \/>\n19. pfirsich-mango<br \/>\n20.ananas erdbeere banane<br \/>\n21.rote Beeren-Kirsche<br \/>\n22.erdbeere banane<br \/>\n23.erdbeer-kiwi-eis<\/p>\n<h2><strong>Packung Detail<\/strong><\/h2>\n<p>1St\u00fcck\/Packung<br \/>\n10 Packungen\/Karton<br \/>\n200 St\u00fcck\/Karton<\/p>\n<p>Abmessung: 56*28*24cm<br \/>\n26KGS\/Karton<\/p>\n<figure id=\"attachment_15240\" aria-describedby=\"caption-attachment-15240\" style=\"width: 600px\" class=\"wp-caption alignnone\"><img loading=\"lazy\" decoding=\"async\" class=\"wp-image-15240 size-full\" title=\"Elf Bar Raya D1 13000 Puffs Einweg Vape Gro\u00dfhandel\" src=\"https:\/\/www.vape4wholesale.com\/wp-content\/uploads\/2024\/02\/Elf-Bar-Raya-D1-13000-Disposable-Vape-Wholesale-2.png\" alt=\"Elf Bar Raya D1 13000 Puffs Einweg Vape Gro\u00dfhandel\" width=\"600\" height=\"600\" srcset=\"https:\/\/www.vape4wholesale.com\/wp-content\/uploads\/2024\/02\/Elf-Bar-Raya-D1-13000-Disposable-Vape-Wholesale-2.png 600w, https:\/\/www.vape4wholesale.com\/wp-content\/uploads\/2024\/02\/Elf-Bar-Raya-D1-13000-Disposable-Vape-Wholesale-2-247x247.png 247w, https:\/\/www.vape4wholesale.com\/wp-content\/uploads\/2024\/02\/Elf-Bar-Raya-D1-13000-Disposable-Vape-Wholesale-2-100x100.png 100w, https:\/\/www.vape4wholesale.com\/wp-content\/uploads\/2024\/02\/Elf-Bar-Raya-D1-13000-Disposable-Vape-Wholesale-2-510x510.png 510w, https:\/\/www.vape4wholesale.com\/wp-content\/uploads\/2024\/02\/Elf-Bar-Raya-D1-13000-Disposable-Vape-Wholesale-2-64x64.png 64w, https:\/\/www.vape4wholesale.com\/wp-content\/uploads\/2024\/02\/Elf-Bar-Raya-D1-13000-Disposable-Vape-Wholesale-2-300x300.png 300w, https:\/\/www.vape4wholesale.com\/wp-content\/uploads\/2024\/02\/Elf-Bar-Raya-D1-13000-Disposable-Vape-Wholesale-2-150x150.png 150w\" sizes=\"auto, (max-width: 600px) 100vw, 600px\" \/><figcaption id=\"caption-attachment-15240\" class=\"wp-caption-text\">Elf Bar Raya D1 13000 Puffs Einweg Vape Gro\u00dfhandel<\/figcaption><\/figure>\n<h2>WARUM WIR?<\/h2>\r\n<ul>\r\n<li>Echte, vertrauensw\u00fcrdige und professionelle Vape-Quelle.<\/li>\r\n<li>100% Echtheitsgarantie: Wir bieten nur originale und echte Produkte, lehnen F\u00e4lschungen ab.<\/li>\r\n<li>100% Liefergarantie: Wir verwenden die beste Versandmethode, um sicherzustellen, dass Sie die Bestellung 100% erhalten.<\/li>\r\n<li>Wir geben Ihnen die Tracking-Nummer und den Versandaufkleber nach dem Versand und verfolgen die Ware f\u00fcr Sie, bis Sie sie abholen.<\/li>\r\n<li>Keine Zollprobleme, keine Z\u00f6lle<\/li>\r\n<\/ul>","protected":false},"excerpt":{"rendered":"<div class=\"wsppc_div_block woocommerce_before_add_to_cart_form\">\r\n<p><strong><span style=\"color: #00a859;\">Zollabfertigung<\/span> vor Lieferung &amp; 100% Liefergarantie, Lieferung in ca. 19-25 Tagen.\u00a0<\/strong><\/p>\r\n<\/div>\n<p><strong>Aufgrund der h\u00e4ufigen \u00c4nderungen des Produktbestandes, der Mindestbestellmenge und des Preises, kontaktieren Sie uns bitte vor der Bestellung.<\/strong><\/p>","protected":false},"featured_media":15241,"comment_status":"open","ping_status":"closed","template":"","meta":[],"pwb-brand":[1278],"product_cat":[871],"product_tag":[22,24,60,244,737],"class_list":{"0":"post-15236","1":"product","2":"type-product","3":"status-publish","4":"has-post-thumbnail","6":"pwb-brand-elf-bar","7":"product_cat-10-15k-puffs","8":"product_tag-disposable","9":"product_tag-wholesale","10":"product_tag-elf-bar","11":"product_tag-18-0ml","12":"product_tag-13000-puffs","14":"first","15":"instock","16":"shipping-taxable","17":"purchasable","18":"product-type-variable"},"aioseo_notices":[],"brands":[{"id":1278,"name":"Elfenbar","slug":"elfenbar"}],"_links":{"self":[{"href":"https:\/\/www.vape4wholesale.com\/de\/wp-json\/wp\/v2\/product\/15236","targetHints":{"allow":["GET"]}}],"collection":[{"href":"https:\/\/www.vape4wholesale.com\/de\/wp-json\/wp\/v2\/product"}],"about":[{"href":"https:\/\/www.vape4wholesale.com\/de\/wp-json\/wp\/v2\/types\/product"}],"replies":[{"embeddable":true,"href":"https:\/\/www.vape4wholesale.com\/de\/wp-json\/wp\/v2\/comments?post=15236"}],"wp:featuredmedia":[{"embeddable":true,"href":"https:\/\/www.vape4wholesale.com\/de\/wp-json\/wp\/v2\/media\/15241"}],"wp:attachment":[{"href":"https:\/\/www.vape4wholesale.com\/de\/wp-json\/wp\/v2\/media?parent=15236"}],"wp:term":[{"taxonomy":"pwb-brand","embeddable":true,"href":"https:\/\/www.vape4wholesale.com\/de\/wp-json\/wp\/v2\/pwb-brand?post=15236"},{"taxonomy":"product_cat","embeddable":true,"href":"https:\/\/www.vape4wholesale.com\/de\/wp-json\/wp\/v2\/product_cat?post=15236"},{"taxonomy":"product_tag","embeddable":true,"href":"https:\/\/www.vape4wholesale.com\/de\/wp-json\/wp\/v2\/product_tag?post=15236"}],"curies":[{"name":"wp","href":"https:\/\/api.w.org\/{rel}","templated":true}]}}