{"id":15211,"date":"2024-02-29T22:03:31","date_gmt":"2024-02-29T14:03:31","guid":{"rendered":"https:\/\/www.vape4wholesale.com\/?post_type=product&#038;p=15211"},"modified":"2026-01-26T13:41:23","modified_gmt":"2026-01-26T13:41:23","slug":"elf-bar-bc18000-einweg-vape-groshandel","status":"publish","type":"product","link":"https:\/\/www.vape4wholesale.com\/de\/product\/elf-bar-bc18000-disposable-vape-wholesale","title":{"rendered":"Elf Bar BC18000 Einweg Vape Gro\u00dfhandel"},"content":{"rendered":"<p>Der Elf Bar BC18000 ist eines der neuesten Modelle von Elf Bar und bietet dem Benutzer bis zu 18.000 Z\u00fcge. Er verf\u00fcgt \u00fcber zwei verschiedene Modi - der \"Smooth\"-Modus bietet Ihnen die maximale Anzahl an Z\u00fcgen, w\u00e4hrend der \"Turbo\"-Modus einen intensiveren Zug mit gr\u00f6\u00dferen Dampfwolken, aber weniger Z\u00fcgen bietet.<\/p>\n<p>Es kommt mit 50mg Nikotin f\u00fcr die Wahl, Bulk um unsere breite 15 Auswahl an Elf Bar BC18000 Aromen f\u00fcr unsere besten Gro\u00dfhandelspreis und schnellen Versand!<\/p>\n<h2><strong>Elf Bar BC18000 Schnelles Detail<\/strong><\/h2>\n<p>E-Fl\u00fcssigkeit Kapazit\u00e4t: 25ml<br \/>\nAkku-Kapazit\u00e4t: 650mAh<br \/>\nPuffs: Bis zu 18000<br \/>\nNikotinst\u00e4rke: 50mg\/ml<\/p>\n<h2><strong>Verf\u00fcgbare Geschmacksrichtungen<\/strong><\/h2>\n<p>1.brombeere kirsche<br \/>\n2.blaues Razz-Eis<br \/>\n3. kirschrote Limette<br \/>\n4.traube Preiselbeere<br \/>\n5. traubeneis<br \/>\n6. kiwi passionsfrucht guave<br \/>\n7 Pfirsich Mango Wassermelone<br \/>\n8.ananas Drachenfrucht Grapefruit<br \/>\n9.saurer Apfel<br \/>\n10. erdbeere banane<br \/>\n11. erdbeerige Kiwi<br \/>\n12.Pfefferminz<br \/>\nWassermeloneneis 13.<br \/>\n14.Kiwi Ananas Pfirsich<br \/>\n15.grapefruit Passionsfrucht<\/p>\n<h2><strong>Details zur Verpackung<\/strong><\/h2>\n<p>1St\u00fcck\/Packung<br \/>\n10 Packungen\/Karton<br \/>\n200 St\u00fcck\/Karton<\/p>\n<p><strong>Dimension:<\/strong><br \/>\n55,5*29,5*27,5cm<br \/>\n26KGS\/Karton<\/p>\n<figure id=\"attachment_15212\" aria-describedby=\"caption-attachment-15212\" style=\"width: 650px\" class=\"wp-caption alignnone\"><img loading=\"lazy\" decoding=\"async\" class=\"size-full wp-image-15212\" title=\"Elf Bar BC18000 Einweg Vape Gro\u00dfhandel\" src=\"https:\/\/www.vape4wholesale.com\/wp-content\/uploads\/2024\/02\/Elf-Bar-BC18000-Disposable-Vape-Wholesale.jpg\" alt=\"Elf Bar BC18000 Einweg Vape Gro\u00dfhandel\" width=\"650\" height=\"650\" srcset=\"https:\/\/www.vape4wholesale.com\/wp-content\/uploads\/2024\/02\/Elf-Bar-BC18000-Disposable-Vape-Wholesale.jpg 650w, https:\/\/www.vape4wholesale.com\/wp-content\/uploads\/2024\/02\/Elf-Bar-BC18000-Disposable-Vape-Wholesale-247x247.jpg 247w, https:\/\/www.vape4wholesale.com\/wp-content\/uploads\/2024\/02\/Elf-Bar-BC18000-Disposable-Vape-Wholesale-100x100.jpg 100w, https:\/\/www.vape4wholesale.com\/wp-content\/uploads\/2024\/02\/Elf-Bar-BC18000-Disposable-Vape-Wholesale-510x510.jpg 510w, https:\/\/www.vape4wholesale.com\/wp-content\/uploads\/2024\/02\/Elf-Bar-BC18000-Disposable-Vape-Wholesale-64x64.jpg 64w, https:\/\/www.vape4wholesale.com\/wp-content\/uploads\/2024\/02\/Elf-Bar-BC18000-Disposable-Vape-Wholesale-300x300.jpg 300w, https:\/\/www.vape4wholesale.com\/wp-content\/uploads\/2024\/02\/Elf-Bar-BC18000-Disposable-Vape-Wholesale-150x150.jpg 150w\" sizes=\"auto, (max-width: 650px) 100vw, 650px\" \/><figcaption id=\"caption-attachment-15212\" class=\"wp-caption-text\">Elf Bar BC18000 Einweg Vape Gro\u00dfhandel<\/figcaption><\/figure>\n<h2>WARUM WIR?<\/h2>\r\n<ul>\r\n<li>Echte, vertrauensw\u00fcrdige und professionelle Vape-Quelle.<\/li>\r\n<li>100% Echtheitsgarantie: Wir bieten nur originale und echte Produkte, lehnen F\u00e4lschungen ab.<\/li>\r\n<li>100% Liefergarantie: Wir verwenden die beste Versandmethode, um sicherzustellen, dass Sie die Bestellung 100% erhalten.<\/li>\r\n<li>Wir geben Ihnen die Tracking-Nummer und den Versandaufkleber nach dem Versand und verfolgen die Ware f\u00fcr Sie, bis Sie sie abholen.<\/li>\r\n<li>Keine Zollprobleme, keine Z\u00f6lle<\/li>\r\n<\/ul>","protected":false},"excerpt":{"rendered":"<div class=\"wsppc_div_block woocommerce_before_add_to_cart_form\">\r\n<p><strong><span style=\"color: #00a859;\">Zollabfertigung<\/span> vor Lieferung &amp; 100% Liefergarantie, Lieferung in ca. 19-25 Tagen.\u00a0<\/strong><\/p>\r\n<\/div>\n<p><strong>Aufgrund der h\u00e4ufigen \u00c4nderungen des Produktbestandes, der Mindestbestellmenge und des Preises, kontaktieren Sie uns bitte vor der Bestellung.<\/strong><\/p>","protected":false},"featured_media":15212,"comment_status":"open","ping_status":"closed","template":"","meta":[],"pwb-brand":[1278],"product_cat":[872],"product_tag":[22,24,60,692,719],"class_list":{"0":"post-15211","1":"product","2":"type-product","3":"status-publish","4":"has-post-thumbnail","6":"pwb-brand-elf-bar","7":"product_cat-15k-20k-puffs","8":"product_tag-disposable","9":"product_tag-wholesale","10":"product_tag-elf-bar","11":"product_tag-25-0ml","12":"product_tag-18000-puffs","14":"first","15":"instock","16":"shipping-taxable","17":"purchasable","18":"product-type-variable"},"aioseo_notices":[],"brands":[{"id":1278,"name":"Elfenbar","slug":"elfenbar"}],"_links":{"self":[{"href":"https:\/\/www.vape4wholesale.com\/de\/wp-json\/wp\/v2\/product\/15211","targetHints":{"allow":["GET"]}}],"collection":[{"href":"https:\/\/www.vape4wholesale.com\/de\/wp-json\/wp\/v2\/product"}],"about":[{"href":"https:\/\/www.vape4wholesale.com\/de\/wp-json\/wp\/v2\/types\/product"}],"replies":[{"embeddable":true,"href":"https:\/\/www.vape4wholesale.com\/de\/wp-json\/wp\/v2\/comments?post=15211"}],"wp:featuredmedia":[{"embeddable":true,"href":"https:\/\/www.vape4wholesale.com\/de\/wp-json\/wp\/v2\/media\/15212"}],"wp:attachment":[{"href":"https:\/\/www.vape4wholesale.com\/de\/wp-json\/wp\/v2\/media?parent=15211"}],"wp:term":[{"taxonomy":"pwb-brand","embeddable":true,"href":"https:\/\/www.vape4wholesale.com\/de\/wp-json\/wp\/v2\/pwb-brand?post=15211"},{"taxonomy":"product_cat","embeddable":true,"href":"https:\/\/www.vape4wholesale.com\/de\/wp-json\/wp\/v2\/product_cat?post=15211"},{"taxonomy":"product_tag","embeddable":true,"href":"https:\/\/www.vape4wholesale.com\/de\/wp-json\/wp\/v2\/product_tag?post=15211"}],"curies":[{"name":"wp","href":"https:\/\/api.w.org\/{rel}","templated":true}]}}