{"id":15179,"date":"2024-02-28T21:21:34","date_gmt":"2024-02-28T13:21:34","guid":{"rendered":"https:\/\/www.vape4wholesale.com\/?post_type=product&#038;p=15179"},"modified":"2026-01-26T13:41:25","modified_gmt":"2026-01-26T13:41:25","slug":"bang-tornado-12000-puffs-einweg-vape-groshandel","status":"publish","type":"product","link":"https:\/\/www.vape4wholesale.com\/de\/produkt\/bang-tornado-12000-puffs-einweg-vape-groshandel","title":{"rendered":"Bang Tornado 12000 Puffs Einweg Vape Gro\u00dfhandel"},"content":{"rendered":"<p>Der Bang Tornado 12000 ist ein sch\u00f6n gestalteter Einwegdampfer, er hat coole Aufkleber und ist super langlebig, er enth\u00e4lt 23ml eliquid mit 650mah Akku, er unterst\u00fctzt bis zu 12000 Z\u00fcge.<\/p>\n<p>0mg\/20mg\/30mg\/50mg Nikotin f\u00fcr die Wahl, Bulk um unsere breite 12 Auswahl anBang Tornado 12000 Puffs Aromen f\u00fcr unsere besten Gro\u00dfhandelspreis und schnellen Versand!<\/p>\n<h2><strong>Bang Tornado 12000 Disposable Vape Schnelle Details:<\/strong><\/h2>\n<ul>\n<li>Marke und Modell: Bang Tornado<\/li>\n<li>Puffs: 12000 Puffs<\/li>\n<li>Nikotin: 0, 2%, 3%, 5%<\/li>\n<li>E-Saft Kapazit\u00e4t: 23 ML<\/li>\n<li>Akku: 650mAh (wiederaufladbar)<\/li>\n<li>Ladeanschluss: Typ C<\/li>\n<\/ul>\n<p>&nbsp;<\/p>\n<h2><strong>Verf\u00fcgbare Geschmacksrichtungen\uff1a<\/strong><\/h2>\n<ul>\n<li>Blaubeereis<\/li>\n<li>Wassermelone Bubblegum<\/li>\n<li>Blaues Razzeis<\/li>\n<li>Erdbeer-Eiscreme<\/li>\n<li>Americano<\/li>\n<li>K\u00f6nigliche Traube<\/li>\n<li>Wassermlon Eis<\/li>\n<li>Saurer Apfel-Himbeere<\/li>\n<li>Pfirsich Mango Wassermelone<\/li>\n<li>Erdbeer-Kiwi<\/li>\n<li>Kiwi Passionsfrucht Guave<\/li>\n<li>Erdbeere Wassermelone<\/li>\n<\/ul>\n<h2><strong>Packung Inhalt:<\/strong><\/h2>\n<ul>\n<li>Single mit kleinem Paket<\/li>\n<li>10 St\u00fcck in einer mittleren Schachtel.<\/li>\n<li>200 St\u00fcck pro Karton, 22kg\/Karton<\/li>\n<\/ul>\n<figure id=\"attachment_15616\" aria-describedby=\"caption-attachment-15616\" style=\"width: 800px\" class=\"wp-caption alignnone\"><img loading=\"lazy\" decoding=\"async\" class=\"size-full wp-image-15616\" title=\"Bang Tornado 12000 Puffs Einweg Vape Gro\u00dfhandel (12)\" src=\"https:\/\/www.vape4wholesale.com\/wp-content\/uploads\/2024\/04\/Bang-Tornado-12000-Puffs-Disposable-Vape-Wholesale-12.webp\" alt=\"Bang Tornado 12000 Puffs Einweg Vape Gro\u00dfhandel (12)\" width=\"800\" height=\"800\" srcset=\"https:\/\/www.vape4wholesale.com\/wp-content\/uploads\/2024\/04\/Bang-Tornado-12000-Puffs-Disposable-Vape-Wholesale-12.webp 800w, https:\/\/www.vape4wholesale.com\/wp-content\/uploads\/2024\/04\/Bang-Tornado-12000-Puffs-Disposable-Vape-Wholesale-12-247x247.webp 247w, https:\/\/www.vape4wholesale.com\/wp-content\/uploads\/2024\/04\/Bang-Tornado-12000-Puffs-Disposable-Vape-Wholesale-12-100x100.webp 100w, https:\/\/www.vape4wholesale.com\/wp-content\/uploads\/2024\/04\/Bang-Tornado-12000-Puffs-Disposable-Vape-Wholesale-12-510x510.webp 510w, https:\/\/www.vape4wholesale.com\/wp-content\/uploads\/2024\/04\/Bang-Tornado-12000-Puffs-Disposable-Vape-Wholesale-12-64x64.webp 64w, https:\/\/www.vape4wholesale.com\/wp-content\/uploads\/2024\/04\/Bang-Tornado-12000-Puffs-Disposable-Vape-Wholesale-12-300x300.webp 300w, https:\/\/www.vape4wholesale.com\/wp-content\/uploads\/2024\/04\/Bang-Tornado-12000-Puffs-Disposable-Vape-Wholesale-12-150x150.webp 150w, https:\/\/www.vape4wholesale.com\/wp-content\/uploads\/2024\/04\/Bang-Tornado-12000-Puffs-Disposable-Vape-Wholesale-12-768x768.webp 768w\" sizes=\"auto, (max-width: 800px) 100vw, 800px\" \/><figcaption id=\"caption-attachment-15616\" class=\"wp-caption-text\">Bang Tornado 12000 Puffs Einweg Vape Gro\u00dfhandel<\/figcaption><\/figure>\n<h2>WARUM WIR?<\/h2>\r\n<ul>\r\n<li>Echte, vertrauensw\u00fcrdige und professionelle Vape-Quelle.<\/li>\r\n<li>100% Echtheitsgarantie: Wir bieten nur originale und echte Produkte, lehnen F\u00e4lschungen ab.<\/li>\r\n<li>100% Liefergarantie: Wir verwenden die beste Versandmethode, um sicherzustellen, dass Sie die Bestellung 100% erhalten.<\/li>\r\n<li>Wir geben Ihnen die Tracking-Nummer und den Versandaufkleber nach dem Versand und verfolgen die Ware f\u00fcr Sie, bis Sie sie abholen.<\/li>\r\n<li>Keine Zollprobleme, keine Z\u00f6lle<\/li>\r\n<\/ul>","protected":false},"excerpt":{"rendered":"<div class=\"wsppc_div_block woocommerce_before_add_to_cart_form\">\r\n<p><strong><span style=\"color: #00a859;\">Clear customs<\/span> before delivery &amp; 100% Delivery Guarantee, Delivery in 19~25 days around.\u00a0<\/strong><\/p>\r\n<\/div>","protected":false},"featured_media":15607,"comment_status":"open","ping_status":"closed","template":"","meta":[],"pwb-brand":[1275],"product_cat":[871],"product_tag":[22,24,249,556,557],"class_list":{"0":"post-15179","1":"product","2":"type-product","3":"status-publish","4":"has-post-thumbnail","6":"pwb-brand-bang","7":"product_cat-10-15k-puffs","8":"product_tag-disposable","9":"product_tag-wholesale","10":"product_tag-bang","11":"product_tag-12000-puffs","12":"product_tag-23-0ml","13":"wcpa_has_options","15":"first","16":"instock","17":"shipping-taxable","18":"purchasable","19":"product-type-variable"},"aioseo_notices":[],"brands":[{"id":1275,"name":"Bang","slug":"bang"}],"_links":{"self":[{"href":"https:\/\/www.vape4wholesale.com\/de\/wp-json\/wp\/v2\/product\/15179","targetHints":{"allow":["GET"]}}],"collection":[{"href":"https:\/\/www.vape4wholesale.com\/de\/wp-json\/wp\/v2\/product"}],"about":[{"href":"https:\/\/www.vape4wholesale.com\/de\/wp-json\/wp\/v2\/types\/product"}],"replies":[{"embeddable":true,"href":"https:\/\/www.vape4wholesale.com\/de\/wp-json\/wp\/v2\/comments?post=15179"}],"wp:featuredmedia":[{"embeddable":true,"href":"https:\/\/www.vape4wholesale.com\/de\/wp-json\/wp\/v2\/media\/15607"}],"wp:attachment":[{"href":"https:\/\/www.vape4wholesale.com\/de\/wp-json\/wp\/v2\/media?parent=15179"}],"wp:term":[{"taxonomy":"pwb-brand","embeddable":true,"href":"https:\/\/www.vape4wholesale.com\/de\/wp-json\/wp\/v2\/pwb-brand?post=15179"},{"taxonomy":"product_cat","embeddable":true,"href":"https:\/\/www.vape4wholesale.com\/de\/wp-json\/wp\/v2\/product_cat?post=15179"},{"taxonomy":"product_tag","embeddable":true,"href":"https:\/\/www.vape4wholesale.com\/de\/wp-json\/wp\/v2\/product_tag?post=15179"}],"curies":[{"name":"wp","href":"https:\/\/api.w.org\/{rel}","templated":true}]}}