{"id":15147,"date":"2024-02-28T17:25:06","date_gmt":"2024-02-28T09:25:06","guid":{"rendered":"https:\/\/www.vape4wholesale.com\/?post_type=product&#038;p=15147"},"modified":"2026-01-26T13:41:27","modified_gmt":"2026-01-26T13:41:27","slug":"bang-shisha-15000-puffs-einweg-vape-groshandel","status":"publish","type":"product","link":"https:\/\/www.vape4wholesale.com\/de\/product\/bang-shisha-15000-puffs-disposable-vape-wholesale","title":{"rendered":"Bang Shisha 15000 Z\u00fcge Einweg Vape Gro\u00dfhandel"},"content":{"rendered":"<p>die <strong>Bang Shisha 15000<\/strong> ist einer der DTL vape Ger\u00e4t verf\u00fcgt \u00fcber gro\u00dfe Dampf mit gro\u00dfem Geschmack, es mit 1.0\u03a9 Zerst\u00e4uber, 15ml eliquid mit 0%~5% Nikotin St\u00e4rke gebaut. es unterst\u00fctzt bis zu 15000 Puffs, einmal voll aufgeladen, k\u00f6nnen Sie eine gro\u00dfe vaping Erfahrung haben.<\/p>\n<p>Bestellen Sie unsere breite 20 Auswahl von Bang Shisha 15000 Aromen f\u00fcr unsere besten Gro\u00dfhandelspreis und schnellen Versand!<\/p>\n<h2><strong>Bang Shisha 15000 Schnelle Details:<\/strong><\/h2>\n<ul>\n<li>Puffs: 15000 Puffs<\/li>\n<li>Nikotin: 0%, 2%, 3%, 5%<\/li>\n<li>E-Saft Kapazit\u00e4t: 15 ML<\/li>\n<li>Akku: 600mAh (wiederaufladbar)<\/li>\n<li>Ladeanschluss: Typ C<\/li>\n<li>Widerstand: 1,0\u03a9<\/li>\n<\/ul>\n<h2><strong>Verf\u00fcgbare Geschmacksrichtungen\uff1a<\/strong><\/h2>\n<ol>\n<li>Blaubeereis<\/li>\n<li>Blaues Razzeis<\/li>\n<li>Kirsche Wassermelone<\/li>\n<li>Gefrorener Apfel<\/li>\n<li>Kaugummi-Minze<\/li>\n<li>Mango-Banane<\/li>\n<li>Mix Beereneis<\/li>\n<li>Ananas-Kokosnuss<\/li>\n<li>Roter Beeren-Slush<\/li>\n<li>Kiwi Passionsfrucht Guave<\/li>\n<li>Cranberry-Traube<\/li>\n<li>Erdbeereis<\/li>\n<li>Erdbeer-Kiwi<\/li>\n<li>Erdbeer-Himbeer-Bonbon<\/li>\n<li>Wassermelone Eis<\/li>\n<li>Saftige Pfirsiche<\/li>\n<li><del>Liebe 66<\/del><\/li>\n<li>Pfirsich Mango Wassermelone<\/li>\n<li><del>Red Bull<\/del><\/li>\n<li>Wassermelone Erdbeere Kaugummi<\/li>\n<\/ol>\n<h2><strong>Packung Inhalt:<\/strong><\/h2>\n<ul>\n<li>10 St\u00fcck \/Medienkarton.<\/li>\n<li>200 St\u00fcck\/Karton<\/li>\n<li>22kg\/Karton<\/li>\n<li>Gr\u00f6\u00dfe des Kartons: 39,5*39*30,5cm<\/li>\n<\/ul>\n<h2>WARUM WIR?<\/h2>\r\n<ul>\r\n<li>Echte, vertrauensw\u00fcrdige und professionelle Vape-Quelle.<\/li>\r\n<li>100% Echtheitsgarantie: Wir bieten nur originale und echte Produkte, lehnen F\u00e4lschungen ab.<\/li>\r\n<li>100% Liefergarantie: Wir verwenden die beste Versandmethode, um sicherzustellen, dass Sie die Bestellung 100% erhalten.<\/li>\r\n<li>Wir geben Ihnen die Tracking-Nummer und den Versandaufkleber nach dem Versand und verfolgen die Ware f\u00fcr Sie, bis Sie sie abholen.<\/li>\r\n<li>Keine Zollprobleme, keine Z\u00f6lle<\/li>\r\n<\/ul>","protected":false},"excerpt":{"rendered":"<div class=\"wsppc_div_block woocommerce_before_add_to_cart_form\">\r\n<p><strong><span style=\"color: #00a859;\">Zollabfertigung<\/span> vor Lieferung &amp; 100% Liefergarantie, Lieferung in ca. 19-25 Tagen.\u00a0<\/strong><\/p>\r\n<\/div>","protected":false},"featured_media":15170,"comment_status":"open","ping_status":"closed","template":"","meta":[],"pwb-brand":[1275],"product_cat":[872],"product_tag":[249,684,726,22,24,233],"class_list":{"0":"post-15147","1":"product","2":"type-product","3":"status-publish","4":"has-post-thumbnail","6":"pwb-brand-bang","7":"product_cat-15k-20k-puffs","8":"product_tag-bang","9":"product_tag-15000-puffs","10":"product_tag-shisha","11":"product_tag-disposable","12":"product_tag-wholesale","13":"product_tag-15-0ml","14":"wcpa_has_options","16":"first","17":"outofstock","18":"shipping-taxable","19":"purchasable","20":"product-type-variable"},"aioseo_notices":[],"brands":[{"id":1275,"name":"Bang","slug":"bang"}],"_links":{"self":[{"href":"https:\/\/www.vape4wholesale.com\/de\/wp-json\/wp\/v2\/product\/15147","targetHints":{"allow":["GET"]}}],"collection":[{"href":"https:\/\/www.vape4wholesale.com\/de\/wp-json\/wp\/v2\/product"}],"about":[{"href":"https:\/\/www.vape4wholesale.com\/de\/wp-json\/wp\/v2\/types\/product"}],"replies":[{"embeddable":true,"href":"https:\/\/www.vape4wholesale.com\/de\/wp-json\/wp\/v2\/comments?post=15147"}],"wp:featuredmedia":[{"embeddable":true,"href":"https:\/\/www.vape4wholesale.com\/de\/wp-json\/wp\/v2\/media\/15170"}],"wp:attachment":[{"href":"https:\/\/www.vape4wholesale.com\/de\/wp-json\/wp\/v2\/media?parent=15147"}],"wp:term":[{"taxonomy":"pwb-brand","embeddable":true,"href":"https:\/\/www.vape4wholesale.com\/de\/wp-json\/wp\/v2\/pwb-brand?post=15147"},{"taxonomy":"product_cat","embeddable":true,"href":"https:\/\/www.vape4wholesale.com\/de\/wp-json\/wp\/v2\/product_cat?post=15147"},{"taxonomy":"product_tag","embeddable":true,"href":"https:\/\/www.vape4wholesale.com\/de\/wp-json\/wp\/v2\/product_tag?post=15147"}],"curies":[{"name":"wp","href":"https:\/\/api.w.org\/{rel}","templated":true}]}}