{"id":15101,"date":"2024-02-27T22:21:07","date_gmt":"2024-02-27T14:21:07","guid":{"rendered":"https:\/\/www.vape4wholesale.com\/?post_type=product&#038;p=15101"},"modified":"2026-01-26T13:41:31","modified_gmt":"2026-01-26T13:41:31","slug":"bang-15000-puffs-einweg-vape-groshandel","status":"publish","type":"product","link":"https:\/\/www.vape4wholesale.com\/de\/product\/bang-15000-puffs-disposable-vape-wholesale","title":{"rendered":"Bang 15000 Puffs Einweg Vape Gro\u00dfhandel"},"content":{"rendered":"<p>die Bang 15000 Puffs Disposable Vape kommt mit sch\u00f6n gestalteten LED-Bildschirm, der die verbleibende Leistung zeigt. und es enth\u00e4lt 15ml eliquid, (Nikotin 0\/20\/50mg) 500mAh Akku, und auch mit 1,0 Ohm Mesh-Spule, Bulk-Bestellung unsere breite 12 Auswahl an Bang 15000 Puffs Aromen f\u00fcr unsere besten Gro\u00dfhandelspreis und schnellen Versand!<\/p>\n<h2><strong>Bang 15000 Puffs Einweg-Vape Schnelle Details<\/strong><\/h2>\n<ul>\n<li>Puffs: 15000<\/li>\n<li>Batteriekapazit\u00e4t: 500mAh<\/li>\n<li>E-Liquid Volumen: 15ml<\/li>\n<li>Nikotingehalt: 0\/20\/50mg<\/li>\n<li>Verpackung: 10 St\u00fcck in 1 Displaykarton<\/li>\n<li>Led Bildschirm Display<\/li>\n<\/ul>\n<h2><strong>Verf\u00fcgbare Geschmacksrichtungen<\/strong><\/h2>\n<ol>\n<li>Beerenexplosion<\/li>\n<li>Blaubeere-Kirsche-Zitrone<\/li>\n<li>Blaubeere einfrieren<\/li>\n<li>K\u00fchle Minze<\/li>\n<li>Traubenfrost<\/li>\n<li>Pfirsich Beere<\/li>\n<li>Pfirsich einfrieren<\/li>\n<li>Saurer Apfel Heidelbeere<\/li>\n<li>Erdbeer-Litschi<\/li>\n<li>Erdbeere Wassermelone<\/li>\n<li>Tropische Fr\u00fcchte<\/li>\n<li>Wassermelone Eis<\/li>\n<\/ol>\n<h2><strong>Packung Inhalt<\/strong><\/h2>\n<ul>\n<li>10 St\u00fcck \/Medienkarton.<\/li>\n<li>200 St\u00fcck\/Karton<\/li>\n<li>23kg\/Karton<\/li>\n<\/ul>\n<figure id=\"attachment_15103\" aria-describedby=\"caption-attachment-15103\" style=\"width: 800px\" class=\"wp-caption alignnone\"><img loading=\"lazy\" decoding=\"async\" class=\"wp-image-15103 size-full\" title=\"Bang 15000 Puffs Einweg Vape Gro\u00dfhandel\" src=\"https:\/\/www.vape4wholesale.com\/wp-content\/uploads\/2024\/02\/Bang-15000-Disposable-Vape-Wholesale-1.jpg\" alt=\"Bang 15000 Puffs Einweg Vape Gro\u00dfhandel\" width=\"800\" height=\"800\" srcset=\"https:\/\/www.vape4wholesale.com\/wp-content\/uploads\/2024\/02\/Bang-15000-Disposable-Vape-Wholesale-1.jpg 800w, https:\/\/www.vape4wholesale.com\/wp-content\/uploads\/2024\/02\/Bang-15000-Disposable-Vape-Wholesale-1-247x247.jpg 247w, https:\/\/www.vape4wholesale.com\/wp-content\/uploads\/2024\/02\/Bang-15000-Disposable-Vape-Wholesale-1-100x100.jpg 100w, https:\/\/www.vape4wholesale.com\/wp-content\/uploads\/2024\/02\/Bang-15000-Disposable-Vape-Wholesale-1-510x510.jpg 510w\" sizes=\"auto, (max-width: 800px) 100vw, 800px\" \/><figcaption id=\"caption-attachment-15103\" class=\"wp-caption-text\">Bang 15000 Puffs Einweg Vape Gro\u00dfhandel<\/figcaption><\/figure>\n<h2>WARUM WIR?<\/h2>\r\n<ul>\r\n<li>Echte, vertrauensw\u00fcrdige und professionelle Vape-Quelle.<\/li>\r\n<li>100% Echtheitsgarantie: Wir bieten nur originale und echte Produkte, lehnen F\u00e4lschungen ab.<\/li>\r\n<li>100% Liefergarantie: Wir verwenden die beste Versandmethode, um sicherzustellen, dass Sie die Bestellung 100% erhalten.<\/li>\r\n<li>Wir geben Ihnen die Tracking-Nummer und den Versandaufkleber nach dem Versand und verfolgen die Ware f\u00fcr Sie, bis Sie sie abholen.<\/li>\r\n<li>Keine Zollprobleme, keine Z\u00f6lle<\/li>\r\n<\/ul>","protected":false},"excerpt":{"rendered":"<div class=\"wsppc_div_block woocommerce_before_add_to_cart_form\">\r\n<p><strong><span style=\"color: #00a859;\">Zollabfertigung<\/span> vor Lieferung &amp; 100% Liefergarantie, Lieferung in ca. 19-25 Tagen.\u00a0<\/strong><\/p>\r\n<\/div>","protected":false},"featured_media":15110,"comment_status":"open","ping_status":"closed","template":"","meta":[],"pwb-brand":[1275],"product_cat":[872],"product_tag":[22,24,233,249,684],"class_list":{"0":"post-15101","1":"product","2":"type-product","3":"status-publish","4":"has-post-thumbnail","6":"pwb-brand-bang","7":"product_cat-15k-20k-puffs","8":"product_tag-disposable","9":"product_tag-wholesale","10":"product_tag-15-0ml","11":"product_tag-bang","12":"product_tag-15000-puffs","13":"wcpa_has_options","15":"first","16":"instock","17":"shipping-taxable","18":"purchasable","19":"product-type-variable"},"aioseo_notices":[],"brands":[{"id":1275,"name":"Bang","slug":"bang"}],"_links":{"self":[{"href":"https:\/\/www.vape4wholesale.com\/de\/wp-json\/wp\/v2\/product\/15101","targetHints":{"allow":["GET"]}}],"collection":[{"href":"https:\/\/www.vape4wholesale.com\/de\/wp-json\/wp\/v2\/product"}],"about":[{"href":"https:\/\/www.vape4wholesale.com\/de\/wp-json\/wp\/v2\/types\/product"}],"replies":[{"embeddable":true,"href":"https:\/\/www.vape4wholesale.com\/de\/wp-json\/wp\/v2\/comments?post=15101"}],"wp:featuredmedia":[{"embeddable":true,"href":"https:\/\/www.vape4wholesale.com\/de\/wp-json\/wp\/v2\/media\/15110"}],"wp:attachment":[{"href":"https:\/\/www.vape4wholesale.com\/de\/wp-json\/wp\/v2\/media?parent=15101"}],"wp:term":[{"taxonomy":"pwb-brand","embeddable":true,"href":"https:\/\/www.vape4wholesale.com\/de\/wp-json\/wp\/v2\/pwb-brand?post=15101"},{"taxonomy":"product_cat","embeddable":true,"href":"https:\/\/www.vape4wholesale.com\/de\/wp-json\/wp\/v2\/product_cat?post=15101"},{"taxonomy":"product_tag","embeddable":true,"href":"https:\/\/www.vape4wholesale.com\/de\/wp-json\/wp\/v2\/product_tag?post=15101"}],"curies":[{"name":"wp","href":"https:\/\/api.w.org\/{rel}","templated":true}]}}