{"id":14917,"date":"2024-01-07T10:10:12","date_gmt":"2024-01-07T02:10:12","guid":{"rendered":"https:\/\/www.vape4wholesale.com\/?post_type=product&#038;p=14917"},"modified":"2026-01-26T13:41:38","modified_gmt":"2026-01-26T13:41:38","slug":"vapme-feuer-9000-puffs-einweg-vape-groshandel","status":"publish","type":"product","link":"https:\/\/www.vape4wholesale.com\/de\/product\/vapme-fire-9000-puffs-disposable-vape-wholesale","title":{"rendered":"Vapme Fire 9000 Puffs Einweg Vape Gro\u00dfhandel"},"content":{"rendered":"<p>Der Vapme Fire 9000 wird von einem eingebauten 850mAh-Akku angetrieben und enth\u00e4lt 18ml vorgef\u00fclltes E-Liquid. Er kommt mit einer 0,8\u03a9 Mesh-Spule, die bis zu 9000 Puffs unterst\u00fctzt.<\/p>\n<p>Bestellen Sie unsere breite 16 Auswahl von Vapme Fire 9000 Puffs Aromen f\u00fcr unseren besten Gro\u00dfhandelspreis und schnellen Versand!<\/p>\n<h2><strong>Vapeme Fire 9000 Schnelle Details:<\/strong><\/h2>\n<ul>\n<li>Luftstrom-Kontrollsystem<\/li>\n<li>Fassungsverm\u00f6gen:18ml<\/li>\n<li>850mah-Akku<\/li>\n<li>Unteres RGB-Licht<\/li>\n<li>Typ-C Wiederaufladbar<\/li>\n<li>Ausgel\u00f6stes Ziehen Abfeuern<\/li>\n<li>Nikotingehalt: 0% 2% 3% 5%<\/li>\n<\/ul>\n<h2><strong>Verf\u00fcgbare Geschmacksrichtungen:<\/strong><\/h2>\n<ol>\n<li>Heidelbeere auf Eis<\/li>\n<li>Kiwi Passionsfrucht Guave<\/li>\n<li>Blaue Razzia-Limonade<\/li>\n<li>Erdbeer-Kiwi<\/li>\n<li>Rotes Energieeis<\/li>\n<li>Gemischte Beeren<\/li>\n<li>Erdbeere-Banane<\/li>\n<li>Erdbeere-Wassermelone<\/li>\n<li>Traubeneis<\/li>\n<li>Pfirsich-Mango<\/li>\n<li>\u00dcppiges Eis<\/li>\n<li>Erdbeere-Himbeere-Kirsche<\/li>\n<li>Pfirsich, Mango, Ananas<\/li>\n<li>Erdbeereis<\/li>\n<li>Kirsche Eis<\/li>\n<li>Urknallfrucht<\/li>\n<li>Herr blau<\/li>\n<li>Kirsche-Pfirsich-Limonade<\/li>\n<\/ol>\n<h2><strong>Packung Inhalt:<\/strong><\/h2>\n<ul>\n<li>10 St\u00fcck \/Medienkarton.<\/li>\n<li>200 St\u00fcck\/Karton<\/li>\n<li>22,5 kg\/Karton<\/li>\n<li>Kartongr\u00f6\u00dfe: 42.5*42.5*31.2cm<\/li>\n<\/ul>\n<figure id=\"attachment_14918\" aria-describedby=\"caption-attachment-14918\" style=\"width: 800px\" class=\"wp-caption alignnone\"><img loading=\"lazy\" decoding=\"async\" class=\"wp-image-14918 size-full\" title=\"Vapme Fire 9000 Puffs Einweg Vape Gro\u00dfhandel\" src=\"https:\/\/www.vape4wholesale.com\/wp-content\/uploads\/2024\/01\/Vapme-Fire-9000-Puffs-Disposable-Vape-Wholesale.jpg\" alt=\"Vapme Fire 9000 Puffs Einweg Vape Gro\u00dfhandel\" width=\"800\" height=\"533\" srcset=\"https:\/\/www.vape4wholesale.com\/wp-content\/uploads\/2024\/01\/Vapme-Fire-9000-Puffs-Disposable-Vape-Wholesale.jpg 800w, https:\/\/www.vape4wholesale.com\/wp-content\/uploads\/2024\/01\/Vapme-Fire-9000-Puffs-Disposable-Vape-Wholesale-510x340.jpg 510w, https:\/\/www.vape4wholesale.com\/wp-content\/uploads\/2024\/01\/Vapme-Fire-9000-Puffs-Disposable-Vape-Wholesale-64x43.jpg 64w, https:\/\/www.vape4wholesale.com\/wp-content\/uploads\/2024\/01\/Vapme-Fire-9000-Puffs-Disposable-Vape-Wholesale-300x200.jpg 300w, https:\/\/www.vape4wholesale.com\/wp-content\/uploads\/2024\/01\/Vapme-Fire-9000-Puffs-Disposable-Vape-Wholesale-768x512.jpg 768w\" sizes=\"auto, (max-width: 800px) 100vw, 800px\" \/><figcaption id=\"caption-attachment-14918\" class=\"wp-caption-text\">Vapme Fire 9000 Puffs Einweg Vape Gro\u00dfhandel<\/figcaption><\/figure>\n<h2>WARUM WIR?<\/h2>\r\n<ul>\r\n<li>Echte, vertrauensw\u00fcrdige und professionelle Vape-Quelle.<\/li>\r\n<li>100% Echtheitsgarantie: Wir bieten nur originale und echte Produkte, lehnen F\u00e4lschungen ab.<\/li>\r\n<li>100% Liefergarantie: Wir verwenden die beste Versandmethode, um sicherzustellen, dass Sie die Bestellung 100% erhalten.<\/li>\r\n<li>Wir geben Ihnen die Tracking-Nummer und den Versandaufkleber nach dem Versand und verfolgen die Ware f\u00fcr Sie, bis Sie sie abholen.<\/li>\r\n<li>Keine Zollprobleme, keine Z\u00f6lle<\/li>\r\n<\/ul>","protected":false},"excerpt":{"rendered":"<div class=\"wsppc_div_block woocommerce_before_add_to_cart_form\">\r\n<p><strong><span style=\"color: #00a859;\">Zollabfertigung<\/span> vor Lieferung &amp; 100% Liefergarantie, Lieferung in ca. 19-25 Tagen.\u00a0<\/strong><\/p>\r\n<\/div>","protected":false},"featured_media":14924,"comment_status":"open","ping_status":"closed","template":"","meta":[],"pwb-brand":[1290],"product_cat":[870],"product_tag":[24,233,336,696,22],"class_list":{"0":"post-14917","1":"product","2":"type-product","3":"status-publish","4":"has-post-thumbnail","6":"pwb-brand-vapme","7":"product_cat-8000-10000-puffs","8":"product_tag-wholesale","9":"product_tag-15-0ml","10":"product_tag-9000-puffs","11":"product_tag-vapme","12":"product_tag-disposable","13":"wcpa_has_options","15":"first","16":"outofstock","17":"shipping-taxable","18":"purchasable","19":"product-type-variable"},"aioseo_notices":[],"brands":[{"id":1290,"name":"Vapme","slug":"vapme"}],"_links":{"self":[{"href":"https:\/\/www.vape4wholesale.com\/de\/wp-json\/wp\/v2\/product\/14917","targetHints":{"allow":["GET"]}}],"collection":[{"href":"https:\/\/www.vape4wholesale.com\/de\/wp-json\/wp\/v2\/product"}],"about":[{"href":"https:\/\/www.vape4wholesale.com\/de\/wp-json\/wp\/v2\/types\/product"}],"replies":[{"embeddable":true,"href":"https:\/\/www.vape4wholesale.com\/de\/wp-json\/wp\/v2\/comments?post=14917"}],"wp:featuredmedia":[{"embeddable":true,"href":"https:\/\/www.vape4wholesale.com\/de\/wp-json\/wp\/v2\/media\/14924"}],"wp:attachment":[{"href":"https:\/\/www.vape4wholesale.com\/de\/wp-json\/wp\/v2\/media?parent=14917"}],"wp:term":[{"taxonomy":"pwb-brand","embeddable":true,"href":"https:\/\/www.vape4wholesale.com\/de\/wp-json\/wp\/v2\/pwb-brand?post=14917"},{"taxonomy":"product_cat","embeddable":true,"href":"https:\/\/www.vape4wholesale.com\/de\/wp-json\/wp\/v2\/product_cat?post=14917"},{"taxonomy":"product_tag","embeddable":true,"href":"https:\/\/www.vape4wholesale.com\/de\/wp-json\/wp\/v2\/product_tag?post=14917"}],"curies":[{"name":"wp","href":"https:\/\/api.w.org\/{rel}","templated":true}]}}