{"id":14895,"date":"2024-01-06T10:37:56","date_gmt":"2024-01-06T02:37:56","guid":{"rendered":"https:\/\/www.vape4wholesale.com\/?post_type=product&#038;p=14895"},"modified":"2026-01-26T13:41:41","modified_gmt":"2026-01-26T13:41:41","slug":"vapme-king-pro-12000-puffs-einweg-vape-groshandel","status":"publish","type":"product","link":"https:\/\/www.vape4wholesale.com\/de\/product\/vapme-king-pro-12000-puffs-disposable-vape-wholesale","title":{"rendered":"Vapme King Pro 12000 Puffs Einweg Vape Gro\u00dfhandel"},"content":{"rendered":"<p>Die Vapme King Pro 12000 ist eine sch\u00f6ne entworfen gro\u00dfe Puffs Einweg vape, Es kommt mit einem 850mah Akku, Mesh-Spule und 20ml eliquid, mit RGB-Licht. es unterst\u00fctzen bis zu 12000 Puffs. Es ist mit visuellen eliquid entworfen, so dass Sie leicht die verbleibende eliquid beobachten k\u00f6nnen.<\/p>\n<p>Bestellen Sie unsere breite 10 Auswahl von Vapme King Pro 12000 Puffs Aromen f\u00fcr unseren besten Gro\u00dfhandelspreis und schnellen Versand!<\/p>\n<h2><strong>Vapeme King Pro 12000 Schnelle Details:<\/strong><\/h2>\n<ul>\n<li>Akku: 850mah Typ-C Anschluss<\/li>\n<li>Fassungsverm\u00f6gen: 20mL Vape-Saft<\/li>\n<li>Spule: 1,0 Ohm Mesh-Spule<\/li>\n<li>Puffs: 12000+ Puffs<\/li>\n<\/ul>\n<h2><strong>Verf\u00fcgbare Geschmacksrichtungen:<\/strong><\/h2>\n<ol>\n<li>Erdbeer-Kiwi<\/li>\n<li>Gemischte Beeren<\/li>\n<li>Erdbeere-Wassermelone<\/li>\n<li>Heidelbeere auf Eis<\/li>\n<li>Kiwi Passionsfrucht Guave<\/li>\n<li>Traubeneis<\/li>\n<li>Wassermelonen-Eis<\/li>\n<li>Mango-Ananas<\/li>\n<li>Erdbeereis<\/li>\n<li>Urknallfrucht<\/li>\n<\/ol>\n<h2><strong>Packung Inhalt:<\/strong><\/h2>\n<ul>\n<li>10 St\u00fcck \/Medienkarton.<\/li>\n<li>200 St\u00fcck\/Karton<\/li>\n<li>20kg\/Karton<\/li>\n<li>Karton Gr\u00f6\u00dfe: 34.2*34.8*29.1cm<\/li>\n<\/ul>\n<figure id=\"attachment_14905\" aria-describedby=\"caption-attachment-14905\" style=\"width: 800px\" class=\"wp-caption alignnone\"><img loading=\"lazy\" decoding=\"async\" class=\"size-full wp-image-14905\" title=\"Vapme King Pro 12000 Puffs Einweg Vape Gro\u00dfhandel\" src=\"https:\/\/www.vape4wholesale.com\/wp-content\/uploads\/2024\/01\/Vapme-King-Pro-12000-Puffs-Disposable-Vape-Wholesale.jpg\" alt=\"Vapme King Pro 12000 Puffs Einweg Vape Gro\u00dfhandel\" width=\"800\" height=\"800\" srcset=\"https:\/\/www.vape4wholesale.com\/wp-content\/uploads\/2024\/01\/Vapme-King-Pro-12000-Puffs-Disposable-Vape-Wholesale.jpg 800w, https:\/\/www.vape4wholesale.com\/wp-content\/uploads\/2024\/01\/Vapme-King-Pro-12000-Puffs-Disposable-Vape-Wholesale-247x247.jpg 247w, https:\/\/www.vape4wholesale.com\/wp-content\/uploads\/2024\/01\/Vapme-King-Pro-12000-Puffs-Disposable-Vape-Wholesale-100x100.jpg 100w, https:\/\/www.vape4wholesale.com\/wp-content\/uploads\/2024\/01\/Vapme-King-Pro-12000-Puffs-Disposable-Vape-Wholesale-510x510.jpg 510w, https:\/\/www.vape4wholesale.com\/wp-content\/uploads\/2024\/01\/Vapme-King-Pro-12000-Puffs-Disposable-Vape-Wholesale-64x64.jpg 64w, https:\/\/www.vape4wholesale.com\/wp-content\/uploads\/2024\/01\/Vapme-King-Pro-12000-Puffs-Disposable-Vape-Wholesale-300x300.jpg 300w, https:\/\/www.vape4wholesale.com\/wp-content\/uploads\/2024\/01\/Vapme-King-Pro-12000-Puffs-Disposable-Vape-Wholesale-150x150.jpg 150w, https:\/\/www.vape4wholesale.com\/wp-content\/uploads\/2024\/01\/Vapme-King-Pro-12000-Puffs-Disposable-Vape-Wholesale-768x768.jpg 768w\" sizes=\"auto, (max-width: 800px) 100vw, 800px\" \/><figcaption id=\"caption-attachment-14905\" class=\"wp-caption-text\">Vapme King Pro 12000 Puffs Einweg Vape Gro\u00dfhandel<\/figcaption><\/figure>\n<h2>WARUM WIR?<\/h2>\r\n<ul>\r\n<li>Echte, vertrauensw\u00fcrdige und professionelle Vape-Quelle.<\/li>\r\n<li>100% Echtheitsgarantie: Wir bieten nur originale und echte Produkte, lehnen F\u00e4lschungen ab.<\/li>\r\n<li>100% Liefergarantie: Wir verwenden die beste Versandmethode, um sicherzustellen, dass Sie die Bestellung 100% erhalten.<\/li>\r\n<li>Wir geben Ihnen die Tracking-Nummer und den Versandaufkleber nach dem Versand und verfolgen die Ware f\u00fcr Sie, bis Sie sie abholen.<\/li>\r\n<li>Keine Zollprobleme, keine Z\u00f6lle<\/li>\r\n<\/ul>","protected":false},"excerpt":{"rendered":"<div class=\"wsppc_div_block woocommerce_before_add_to_cart_form\">\r\n<p><strong><span style=\"color: #00a859;\">Clear customs<\/span> before delivery &amp; 100% Delivery Guarantee, Delivery in 19~25 days around.\u00a0<\/strong><\/p>\r\n<\/div>","protected":false},"featured_media":14905,"comment_status":"open","ping_status":"closed","template":"","meta":[],"pwb-brand":[1290],"product_cat":[871],"product_tag":[22,24,172,556,696],"class_list":{"0":"post-14895","1":"product","2":"type-product","3":"status-publish","4":"has-post-thumbnail","6":"pwb-brand-vapme","7":"product_cat-10-15k-puffs","8":"product_tag-disposable","9":"product_tag-wholesale","10":"product_tag-20-0ml","11":"product_tag-12000-puffs","12":"product_tag-vapme","13":"wcpa_has_options","15":"first","16":"outofstock","17":"shipping-taxable","18":"purchasable","19":"product-type-variable"},"aioseo_notices":[],"brands":[{"id":1290,"name":"Vapme","slug":"vapme"}],"_links":{"self":[{"href":"https:\/\/www.vape4wholesale.com\/de\/wp-json\/wp\/v2\/product\/14895","targetHints":{"allow":["GET"]}}],"collection":[{"href":"https:\/\/www.vape4wholesale.com\/de\/wp-json\/wp\/v2\/product"}],"about":[{"href":"https:\/\/www.vape4wholesale.com\/de\/wp-json\/wp\/v2\/types\/product"}],"replies":[{"embeddable":true,"href":"https:\/\/www.vape4wholesale.com\/de\/wp-json\/wp\/v2\/comments?post=14895"}],"wp:featuredmedia":[{"embeddable":true,"href":"https:\/\/www.vape4wholesale.com\/de\/wp-json\/wp\/v2\/media\/14905"}],"wp:attachment":[{"href":"https:\/\/www.vape4wholesale.com\/de\/wp-json\/wp\/v2\/media?parent=14895"}],"wp:term":[{"taxonomy":"pwb-brand","embeddable":true,"href":"https:\/\/www.vape4wholesale.com\/de\/wp-json\/wp\/v2\/pwb-brand?post=14895"},{"taxonomy":"product_cat","embeddable":true,"href":"https:\/\/www.vape4wholesale.com\/de\/wp-json\/wp\/v2\/product_cat?post=14895"},{"taxonomy":"product_tag","embeddable":true,"href":"https:\/\/www.vape4wholesale.com\/de\/wp-json\/wp\/v2\/product_tag?post=14895"}],"curies":[{"name":"wp","href":"https:\/\/api.w.org\/{rel}","templated":true}]}}