{"id":14819,"date":"2023-12-29T10:12:43","date_gmt":"2023-12-29T02:12:43","guid":{"rendered":"https:\/\/www.vape4wholesale.com\/?post_type=product&#038;p=14819"},"modified":"2026-01-26T13:41:47","modified_gmt":"2026-01-26T13:41:47","slug":"bang-tn12000-einweg-vape-groshandel","status":"publish","type":"product","link":"https:\/\/www.vape4wholesale.com\/de\/product\/bang-tn12000-disposable-vape-wholesale","title":{"rendered":"Bang TN12000 Einweg Vape Gro\u00dfhandel"},"content":{"rendered":"<p>die Bang TN12000 ist ein einzigartiges Design Einweg vape, Es sieht aus wie ein Sport-Wasserflasche tr\u00e4gt einen Haken und kommt in 10 fabelhaften Aromen! mit 600mah Akku und mit 25ml eliquid, unterst\u00fctzt es bis zu 12000 Z\u00fcge.<\/p>\n<h2>Bang TE12000 Vape Spezifikationen:<\/h2>\n<p>Puffs: Bis zu 12000<br \/>\nFassungsverm\u00f6gen: 25 ml<br \/>\nNikotin: 0% \/2% \/3% \/ 5%<br \/>\nBatterie: 600mAh Akku<br \/>\nGewicht: 100g\/PCS<br \/>\nMenge\/Karton: 200 St\u00fcck\/Karton<br \/>\nBruttogewicht: 20 KG\/Karton<\/p>\n<h2>Geschm\u00e4cker:<\/h2>\n<p>Heidelbeer-Himbeer-Eis<br \/>\nErdbeer-Mango<br \/>\nErdbeere-Banane<br \/>\nWassermelone Eis<br \/>\nHerr Blau<br \/>\nTraubeneis<br \/>\nK\u00fchle Minze<br \/>\nGemischtes Obst<br \/>\nErdbeer-Litschi<br \/>\nErdbeereis<br \/>\nPfirsich-Eis<br \/>\nWassermelone-Erdbeere<\/p>\n<p><img loading=\"lazy\" decoding=\"async\" class=\"alignnone size-full wp-image-14840\" title=\"Bang TN12000 Einweg-Vape\" src=\"https:\/\/www.vape4wholesale.com\/wp-content\/uploads\/2023\/12\/Bang-TN12000-Disposable-Vape.jpg\" alt=\"Bang TN12000 Einweg-Vape\" width=\"800\" height=\"574\" srcset=\"https:\/\/www.vape4wholesale.com\/wp-content\/uploads\/2023\/12\/Bang-TN12000-Disposable-Vape.jpg 800w, https:\/\/www.vape4wholesale.com\/wp-content\/uploads\/2023\/12\/Bang-TN12000-Disposable-Vape-510x366.jpg 510w, https:\/\/www.vape4wholesale.com\/wp-content\/uploads\/2023\/12\/Bang-TN12000-Disposable-Vape-64x46.jpg 64w, https:\/\/www.vape4wholesale.com\/wp-content\/uploads\/2023\/12\/Bang-TN12000-Disposable-Vape-300x215.jpg 300w, https:\/\/www.vape4wholesale.com\/wp-content\/uploads\/2023\/12\/Bang-TN12000-Disposable-Vape-768x551.jpg 768w\" sizes=\"auto, (max-width: 800px) 100vw, 800px\" \/><\/p>\n<h2>WARUM WIR?<\/h2>\r\n<ul>\r\n<li>Echte, vertrauensw\u00fcrdige und professionelle Vape-Quelle.<\/li>\r\n<li>100% Echtheitsgarantie: Wir bieten nur originale und echte Produkte, lehnen F\u00e4lschungen ab.<\/li>\r\n<li>100% Liefergarantie: Wir verwenden die beste Versandmethode, um sicherzustellen, dass Sie die Bestellung 100% erhalten.<\/li>\r\n<li>Wir geben Ihnen die Tracking-Nummer und den Versandaufkleber nach dem Versand und verfolgen die Ware f\u00fcr Sie, bis Sie sie abholen.<\/li>\r\n<li>Keine Zollprobleme, keine Z\u00f6lle<\/li>\r\n<\/ul>\n<p>&nbsp;<\/p>","protected":false},"excerpt":{"rendered":"<div class=\"wsppc_div_block woocommerce_before_add_to_cart_form\">\r\n<p><strong><span style=\"color: #00a859;\">Zollabfertigung<\/span> vor Lieferung &amp; 100% Liefergarantie, Lieferung in ca. 19-25 Tagen.\u00a0<\/strong><\/p>\r\n<\/div>","protected":false},"featured_media":14838,"comment_status":"open","ping_status":"closed","template":"","meta":[],"pwb-brand":[1275],"product_cat":[871],"product_tag":[24,249,556,692,22],"class_list":{"0":"post-14819","1":"product","2":"type-product","3":"status-publish","4":"has-post-thumbnail","6":"pwb-brand-bang","7":"product_cat-10-15k-puffs","8":"product_tag-wholesale","9":"product_tag-bang","10":"product_tag-12000-puffs","11":"product_tag-25-0ml","12":"product_tag-disposable","13":"wcpa_has_options","15":"first","16":"outofstock","17":"shipping-taxable","18":"purchasable","19":"product-type-variable"},"aioseo_notices":[],"brands":[{"id":1275,"name":"Bang","slug":"bang"}],"_links":{"self":[{"href":"https:\/\/www.vape4wholesale.com\/de\/wp-json\/wp\/v2\/product\/14819","targetHints":{"allow":["GET"]}}],"collection":[{"href":"https:\/\/www.vape4wholesale.com\/de\/wp-json\/wp\/v2\/product"}],"about":[{"href":"https:\/\/www.vape4wholesale.com\/de\/wp-json\/wp\/v2\/types\/product"}],"replies":[{"embeddable":true,"href":"https:\/\/www.vape4wholesale.com\/de\/wp-json\/wp\/v2\/comments?post=14819"}],"wp:featuredmedia":[{"embeddable":true,"href":"https:\/\/www.vape4wholesale.com\/de\/wp-json\/wp\/v2\/media\/14838"}],"wp:attachment":[{"href":"https:\/\/www.vape4wholesale.com\/de\/wp-json\/wp\/v2\/media?parent=14819"}],"wp:term":[{"taxonomy":"pwb-brand","embeddable":true,"href":"https:\/\/www.vape4wholesale.com\/de\/wp-json\/wp\/v2\/pwb-brand?post=14819"},{"taxonomy":"product_cat","embeddable":true,"href":"https:\/\/www.vape4wholesale.com\/de\/wp-json\/wp\/v2\/product_cat?post=14819"},{"taxonomy":"product_tag","embeddable":true,"href":"https:\/\/www.vape4wholesale.com\/de\/wp-json\/wp\/v2\/product_tag?post=14819"}],"curies":[{"name":"wp","href":"https:\/\/api.w.org\/{rel}","templated":true}]}}