{"id":14732,"date":"2023-12-11T07:05:30","date_gmt":"2023-12-10T23:05:30","guid":{"rendered":"https:\/\/www.vape4wholesale.com\/?post_type=product&#038;p=14732"},"modified":"2026-01-26T13:41:49","modified_gmt":"2026-01-26T13:41:49","slug":"kamry-box-15000-puffs-einweg-vape-groshandel","status":"publish","type":"product","link":"https:\/\/www.vape4wholesale.com\/de\/product\/kamry-box-15000-puffs-disposable-vape-wholesale","title":{"rendered":"Kamry Box 15000 Puffs Einweg Vape Gro\u00dfhandel"},"content":{"rendered":"<p>die Kamry Box 15000 ist eine sch\u00f6n gestaltete Einweg-Vape, es bauen mit 600mah Akku, 30ml 2% Nikotin eliquid innen und mit Mesh-Spule, die bis zu 15000 Puffs unterst\u00fctzen<\/p>\n<h2><strong>Kamry Box 15000 Schnelle Details:<\/strong><\/h2>\n<table border=\"0\" width=\"493\" cellspacing=\"0\" cellpadding=\"0\">\n<tbody>\n<tr>\n<td class=\"et2\" width=\"265\" height=\"19\">Modell<\/td>\n<td class=\"et2\" width=\"228\">Kamry Box 15000<\/td>\n<\/tr>\n<tr>\n<td class=\"et2\" height=\"19\">Puffs<\/td>\n<td class=\"et2\">bis zu 15000<\/td>\n<\/tr>\n<tr>\n<td class=\"et2\" height=\"19\">Widerstand<\/td>\n<td class=\"et2\">Masche Spule 1.0\u03a9<\/td>\n<\/tr>\n<tr>\n<td class=\"et2\" height=\"19\">Nikotin<\/td>\n<td class=\"et2\">2% (OEM f\u00fcr 3% und 5%)<\/td>\n<\/tr>\n<tr>\n<td class=\"et2\" height=\"19\">Material<\/td>\n<td class=\"et2\">PCTG +ABS+PC<\/td>\n<\/tr>\n<tr>\n<td class=\"et2\" height=\"19\">Batterie<\/td>\n<td class=\"et2\">600mAh Wiederaufladbar<\/td>\n<\/tr>\n<tr>\n<td class=\"et2\" height=\"19\">K\u00f6rpergr\u00f6\u00dfe<\/td>\n<td class=\"et2\">50,3*25*85,5mm<\/td>\n<\/tr>\n<tr>\n<td class=\"et2\" height=\"19\">K\u00f6rpergewicht<\/td>\n<td class=\"et2\">95g<\/td>\n<\/tr>\n<\/tbody>\n<\/table>\n<p>&nbsp;<\/p>\n<h2><strong>Geschmacksliste:<\/strong><\/h2>\n<ol>\n<li>\n<div>Wassermelone Eis<\/div>\n<\/li>\n<li>\n<div>Weintrauben<\/div>\n<\/li>\n<li>\n<div>Frische Minze<\/div>\n<\/li>\n<li>\n<div>Energy-Drink<\/div>\n<\/li>\n<li>\n<div>Pfirsich<\/div>\n<\/li>\n<li>\n<div>Blaubeereis<\/div>\n<\/li>\n<li>\n<div>Erdbeere Wassermelone<\/div>\n<\/li>\n<li>\n<div>Ananaseis<\/div>\n<\/li>\n<li>\n<div>Erdbeer-Mango<\/div>\n<\/li>\n<li>\n<div>Banane<\/div>\n<\/li>\n<\/ol>\n<h2>Verpackung &amp; Gewicht<\/h2>\n<ul>\n<li>1\/ Kleine Schachtel, 10\/ Mittlere Schachtel<\/li>\n<li>200\/Karton, 22kg<\/li>\n<\/ul>\n<figure id=\"attachment_15454\" aria-describedby=\"caption-attachment-15454\" style=\"width: 1600px\" class=\"wp-caption aligncenter\"><img loading=\"lazy\" decoding=\"async\" class=\"wp-image-15454 size-full\" title=\"Kamry Box 15000 Puffs Einweg Vape Gro\u00dfhandel\" src=\"https:\/\/www.vape4wholesale.com\/wp-content\/uploads\/2023\/12\/Kamry-Box-15000-Puffs-Disposable-Vape-Wholesale.jpg\" alt=\"Kamry Box 15000 Puffs Einweg Vape Gro\u00dfhandel\" width=\"1600\" height=\"900\" srcset=\"https:\/\/www.vape4wholesale.com\/wp-content\/uploads\/2023\/12\/Kamry-Box-15000-Puffs-Disposable-Vape-Wholesale.jpg 1600w, https:\/\/www.vape4wholesale.com\/wp-content\/uploads\/2023\/12\/Kamry-Box-15000-Puffs-Disposable-Vape-Wholesale-510x287.jpg 510w, https:\/\/www.vape4wholesale.com\/wp-content\/uploads\/2023\/12\/Kamry-Box-15000-Puffs-Disposable-Vape-Wholesale-64x36.jpg 64w, https:\/\/www.vape4wholesale.com\/wp-content\/uploads\/2023\/12\/Kamry-Box-15000-Puffs-Disposable-Vape-Wholesale-300x169.jpg 300w, https:\/\/www.vape4wholesale.com\/wp-content\/uploads\/2023\/12\/Kamry-Box-15000-Puffs-Disposable-Vape-Wholesale-1024x576.jpg 1024w, https:\/\/www.vape4wholesale.com\/wp-content\/uploads\/2023\/12\/Kamry-Box-15000-Puffs-Disposable-Vape-Wholesale-768x432.jpg 768w, https:\/\/www.vape4wholesale.com\/wp-content\/uploads\/2023\/12\/Kamry-Box-15000-Puffs-Disposable-Vape-Wholesale-1536x864.jpg 1536w\" sizes=\"auto, (max-width: 1600px) 100vw, 1600px\" \/><figcaption id=\"caption-attachment-15454\" class=\"wp-caption-text\">Kamry Box 15000 Puffs Einweg Vape Gro\u00dfhandel<\/figcaption><\/figure>\n<p><img loading=\"lazy\" decoding=\"async\" class=\"size-full wp-image-14733 aligncenter\" title=\"Kamry Box 15000 Puffs \u00dcbersicht 2\" src=\"https:\/\/www.vape4wholesale.com\/wp-content\/uploads\/2023\/12\/Kamry-Box-15000-Puffs-overview_2.jpg\" alt=\"Kamry Box 15000 Puffs \u00dcbersicht 2\" width=\"800\" height=\"1422\" srcset=\"https:\/\/www.vape4wholesale.com\/wp-content\/uploads\/2023\/12\/Kamry-Box-15000-Puffs-overview_2.jpg 800w, https:\/\/www.vape4wholesale.com\/wp-content\/uploads\/2023\/12\/Kamry-Box-15000-Puffs-overview_2-510x907.jpg 510w, https:\/\/www.vape4wholesale.com\/wp-content\/uploads\/2023\/12\/Kamry-Box-15000-Puffs-overview_2-64x114.jpg 64w, https:\/\/www.vape4wholesale.com\/wp-content\/uploads\/2023\/12\/Kamry-Box-15000-Puffs-overview_2-169x300.jpg 169w, https:\/\/www.vape4wholesale.com\/wp-content\/uploads\/2023\/12\/Kamry-Box-15000-Puffs-overview_2-576x1024.jpg 576w, https:\/\/www.vape4wholesale.com\/wp-content\/uploads\/2023\/12\/Kamry-Box-15000-Puffs-overview_2-768x1365.jpg 768w\" sizes=\"auto, (max-width: 800px) 100vw, 800px\" \/><\/p>\n<h2>WARUM WIR?<\/h2>\r\n<ul>\r\n<li>Echte, vertrauensw\u00fcrdige und professionelle Vape-Quelle.<\/li>\r\n<li>100% Echtheitsgarantie: Wir bieten nur originale und echte Produkte, lehnen F\u00e4lschungen ab.<\/li>\r\n<li>100% Liefergarantie: Wir verwenden die beste Versandmethode, um sicherzustellen, dass Sie die Bestellung 100% erhalten.<\/li>\r\n<li>Wir geben Ihnen die Tracking-Nummer und den Versandaufkleber nach dem Versand und verfolgen die Ware f\u00fcr Sie, bis Sie sie abholen.<\/li>\r\n<li>Keine Zollprobleme, keine Z\u00f6lle<\/li>\r\n<\/ul>","protected":false},"excerpt":{"rendered":"<div class=\"wsppc_div_block woocommerce_before_add_to_cart_form\">\r\n<p><strong><span style=\"color: #00a859;\">Zollabfertigung<\/span> vor Lieferung &amp; 100% Liefergarantie, Lieferung in ca. 19-25 Tagen.\u00a0<\/strong><\/p>\r\n<\/div>","protected":false},"featured_media":14747,"comment_status":"open","ping_status":"closed","template":"","meta":[],"pwb-brand":[1281],"product_cat":[872],"product_tag":[22,24,30,683,684],"class_list":{"0":"post-14732","1":"product","2":"type-product","3":"status-publish","4":"has-post-thumbnail","6":"pwb-brand-kamry","7":"product_cat-15k-20k-puffs","8":"product_tag-disposable","9":"product_tag-wholesale","10":"product_tag-kamry","11":"product_tag-30-0ml","12":"product_tag-15000-puffs","14":"first","15":"outofstock","16":"shipping-taxable","17":"purchasable","18":"product-type-variable"},"aioseo_notices":[],"brands":[{"id":1281,"name":"Kamry","slug":"kamry"}],"_links":{"self":[{"href":"https:\/\/www.vape4wholesale.com\/de\/wp-json\/wp\/v2\/product\/14732","targetHints":{"allow":["GET"]}}],"collection":[{"href":"https:\/\/www.vape4wholesale.com\/de\/wp-json\/wp\/v2\/product"}],"about":[{"href":"https:\/\/www.vape4wholesale.com\/de\/wp-json\/wp\/v2\/types\/product"}],"replies":[{"embeddable":true,"href":"https:\/\/www.vape4wholesale.com\/de\/wp-json\/wp\/v2\/comments?post=14732"}],"wp:featuredmedia":[{"embeddable":true,"href":"https:\/\/www.vape4wholesale.com\/de\/wp-json\/wp\/v2\/media\/14747"}],"wp:attachment":[{"href":"https:\/\/www.vape4wholesale.com\/de\/wp-json\/wp\/v2\/media?parent=14732"}],"wp:term":[{"taxonomy":"pwb-brand","embeddable":true,"href":"https:\/\/www.vape4wholesale.com\/de\/wp-json\/wp\/v2\/pwb-brand?post=14732"},{"taxonomy":"product_cat","embeddable":true,"href":"https:\/\/www.vape4wholesale.com\/de\/wp-json\/wp\/v2\/product_cat?post=14732"},{"taxonomy":"product_tag","embeddable":true,"href":"https:\/\/www.vape4wholesale.com\/de\/wp-json\/wp\/v2\/product_tag?post=14732"}],"curies":[{"name":"wp","href":"https:\/\/api.w.org\/{rel}","templated":true}]}}