{"id":14625,"date":"2023-11-12T10:34:51","date_gmt":"2023-11-12T02:34:51","guid":{"rendered":"https:\/\/www.vape4wholesale.com\/?post_type=product&#038;p=14625"},"modified":"2026-01-26T13:41:53","modified_gmt":"2026-01-26T13:41:53","slug":"funky-lands-ci5000-einweg-vape-groshandel","status":"publish","type":"product","link":"https:\/\/www.vape4wholesale.com\/de\/product\/funky-lands-ci5000-disposable-vape-wholesale","title":{"rendered":"Funky Lands Ci5000 Einweg Vape Gro\u00dfhandel"},"content":{"rendered":"<p>Der Funky Lands Ci5000 Disposable Vape ist ein dynamisches Gadget, das die Spitze der Vaping-Erfahrungen einf\u00e4ngt. Dieser Einwegdampfer wurde entwickelt, um Dein Verlangen zu stillen und ein kontinuierliches Dampferlebnis zu bieten. Er wird von der QUAQ Coil Technologie angetrieben und hat eine Menge einzigartiger Eigenschaften.<br data-filtered=\"filtered\" \/><br data-filtered=\"filtered\" \/>Der Funky Lands Ci5000 sorgt dank seiner enormen 10ml E-Liquid-Kapazit\u00e4t f\u00fcr eine konstante Exposition gegen\u00fcber Ihren Lieblingsaromen. Dieses Ger\u00e4t ist bereit, mit jedem Geschmack zu begeistern, ob es sich um typische Tabaknuancen, s\u00fc\u00dfe Essenzen oder saure Fr\u00fcchte handelt. Der Nikotingehalt von 40 mg sorgt f\u00fcr ein ausgewogenes Verh\u00e4ltnis zwischen einem befriedigenden Kehlkopfgef\u00fchl und einer samtigen Weichheit, die Ihren Nikotinvorlieben entgegenkommt. Bereiten Sie sich auf eine lange Reise vor, da der Funky Republic Ci5000 erstaunliche 5000 Z\u00fcge pro Ger\u00e4t erm\u00f6glicht.<\/p>\n<h2><strong>Funky Lands Ci5000 Einwegartikel Merkmale:<\/strong><\/h2>\n<p>- Maximale Puffs: 5000<br data-filtered=\"filtered\" \/>- Nikotinst\u00e4rke: 40mg (4%)<br data-filtered=\"filtered\" \/>- Vorgef\u00fcllte Kapazit\u00e4t: 10mL<br data-filtered=\"filtered\" \/>- Akku-Kapazit\u00e4t: 650mAh<\/p>\n<h2><strong>Verf\u00fcgbare Geschmacksrichtungen:<\/strong><\/h2>\n<ul>\n<li>Wassermelone Eis<\/li>\n<li>Wassermelone BG<\/li>\n<li>Erdbeereis<\/li>\n<li>Sternfrucht Gr\u00fcne Kiwi<\/li>\n<li>Rinbo<\/li>\n<li>Ananas Strawnana<\/li>\n<li>Bergeis<\/li>\n<li>Minze Rose<\/li>\n<li>Miami Mint<\/li>\n<li>Mango-Gami<\/li>\n<li>Blaues Razzeis<\/li>\n<li>Beere Pfirsichbl\u00fcte<\/li>\n<li>Beere Passion Traube<\/li>\n<li>Beeren-Mix<\/li>\n<li>Dreifach-Beereneis<\/li>\n<\/ul>\n<p><img loading=\"lazy\" decoding=\"async\" class=\"alignnone size-full wp-image-14626\" title=\"Funky Ci5000 Einweg Vape Gro\u00dfhandel\" src=\"https:\/\/www.vape4wholesale.com\/wp-content\/uploads\/2023\/11\/Funky-Ci5000-Disposable-Vape-Wholesale.jpg\" alt=\"Funky Ci5000 Einweg Vape Gro\u00dfhandel\" width=\"480\" height=\"480\" srcset=\"https:\/\/www.vape4wholesale.com\/wp-content\/uploads\/2023\/11\/Funky-Ci5000-Disposable-Vape-Wholesale.jpg 480w, https:\/\/www.vape4wholesale.com\/wp-content\/uploads\/2023\/11\/Funky-Ci5000-Disposable-Vape-Wholesale-247x247.jpg 247w, https:\/\/www.vape4wholesale.com\/wp-content\/uploads\/2023\/11\/Funky-Ci5000-Disposable-Vape-Wholesale-100x100.jpg 100w, https:\/\/www.vape4wholesale.com\/wp-content\/uploads\/2023\/11\/Funky-Ci5000-Disposable-Vape-Wholesale-64x64.jpg 64w, https:\/\/www.vape4wholesale.com\/wp-content\/uploads\/2023\/11\/Funky-Ci5000-Disposable-Vape-Wholesale-300x300.jpg 300w, https:\/\/www.vape4wholesale.com\/wp-content\/uploads\/2023\/11\/Funky-Ci5000-Disposable-Vape-Wholesale-150x150.jpg 150w\" sizes=\"auto, (max-width: 480px) 100vw, 480px\" \/><\/p>","protected":false},"excerpt":{"rendered":"[scf-template id=&#8217;11434&#8242;]\n","protected":false},"featured_media":14626,"comment_status":"open","ping_status":"closed","template":"","meta":[],"pwb-brand":[1289],"product_cat":[869],"product_tag":[651,22,24,189,210],"class_list":{"0":"post-14625","1":"product","2":"type-product","3":"status-publish","4":"has-post-thumbnail","6":"pwb-brand-others","7":"product_cat-5000-8000-puffs","8":"product_tag-funky-lands","9":"product_tag-disposable","10":"product_tag-wholesale","11":"product_tag-5000-puffs","12":"product_tag-10-0ml","14":"first","15":"outofstock","16":"shipping-taxable","17":"purchasable","18":"product-type-variable"},"aioseo_notices":[],"brands":[{"id":1289,"name":"Andere","slug":"andere"}],"_links":{"self":[{"href":"https:\/\/www.vape4wholesale.com\/de\/wp-json\/wp\/v2\/product\/14625","targetHints":{"allow":["GET"]}}],"collection":[{"href":"https:\/\/www.vape4wholesale.com\/de\/wp-json\/wp\/v2\/product"}],"about":[{"href":"https:\/\/www.vape4wholesale.com\/de\/wp-json\/wp\/v2\/types\/product"}],"replies":[{"embeddable":true,"href":"https:\/\/www.vape4wholesale.com\/de\/wp-json\/wp\/v2\/comments?post=14625"}],"wp:featuredmedia":[{"embeddable":true,"href":"https:\/\/www.vape4wholesale.com\/de\/wp-json\/wp\/v2\/media\/14626"}],"wp:attachment":[{"href":"https:\/\/www.vape4wholesale.com\/de\/wp-json\/wp\/v2\/media?parent=14625"}],"wp:term":[{"taxonomy":"pwb-brand","embeddable":true,"href":"https:\/\/www.vape4wholesale.com\/de\/wp-json\/wp\/v2\/pwb-brand?post=14625"},{"taxonomy":"product_cat","embeddable":true,"href":"https:\/\/www.vape4wholesale.com\/de\/wp-json\/wp\/v2\/product_cat?post=14625"},{"taxonomy":"product_tag","embeddable":true,"href":"https:\/\/www.vape4wholesale.com\/de\/wp-json\/wp\/v2\/product_tag?post=14625"}],"curies":[{"name":"wp","href":"https:\/\/api.w.org\/{rel}","templated":true}]}}