{"id":14557,"date":"2023-11-12T09:24:14","date_gmt":"2023-11-12T01:24:14","guid":{"rendered":"https:\/\/www.vape4wholesale.com\/?post_type=product&#038;p=14557"},"modified":"2026-01-26T13:42:00","modified_gmt":"2026-01-26T13:42:00","slug":"funky-lands-republik-ti7000-einweg-vape-groshandel","status":"publish","type":"product","link":"https:\/\/www.vape4wholesale.com\/de\/product\/funky-lands-republic-ti7000-disposable-vape-wholesale","title":{"rendered":"Funky Lands (Republik) Ti7000 Einweg Vape Gro\u00dfhandel"},"content":{"rendered":"<p>Funky landet (Republik) Ti7000 ist ein Sub-Marke Produkt unter elf bar, die bis zu 7000 Puffs unterst\u00fctzen, kommt es mit 17ml eliquid und 5% Nikotin. mit 600mah Akku.<\/p>\n<p>Wir pr\u00e4sentieren den Funky Lands Ti7000 von Elf Bar Disposable Vape - der Gipfel des Dampfen f\u00fcr jeden Elf Bar Enthusiasten! Dieses bahnbrechende Ger\u00e4t verschmilzt nahtlos avantgardistische Technologie mit einer ausgepr\u00e4gten Geschmackspalette und schafft so eine unvergleichliche Vaping-Odyssee. Mit seinen immensen 7000 Inhalationen verspricht der Funky Lands stundenlanges, ununterbrochenes Dampfen, ohne dass Sie sich \u00fcber eine leere Batterie \u00e4rgern m\u00fcssen. Das intelligente Energie-Visualisierungspanel zeigt transparent den Akkustatus an und sorgt daf\u00fcr, dass Sie immer auf dem Laufenden bleiben. Vorbei sind die Tage der unerwarteten Leistungsabf\u00e4lle!<\/p>\n<p>Verfolgen Sie stets die intuitive Akkustatusanzeige, die eine schnelle \u00dcberpr\u00fcfung des Akkustands erm\u00f6glicht. Eine begleitende E-Liquid-Anzeige stellt sicher, dass Ihr geliebter Vape-Saft immer vorhanden ist und sorgt so f\u00fcr kontinuierliche Euphorie beim Dampfen.<\/p>\n<p>Ausgestattet mit Quaq Tech Mesh Circuits, b\u00fcrgt der Funky Lands f\u00fcr seidige und aromatische Z\u00fcge, die jeden Vaping-Moment bereichern. Seine federleichte Standfl\u00e4che und sein agiles Design garantieren Mobilit\u00e4t und erm\u00f6glichen es Ihnen, Ihr Ger\u00e4t an jedes Ziel zu bringen, bereit f\u00fcr eine geschmackvolle Flucht.<\/p>\n<div class=\"pf-c\">\n<div class=\"sc-eMHfQD cdieWn rid-1\" data-pf-type=\"ContentListItem\">\n<div class=\"sc-kfPuZi ihOOoE rid-2 pf-r pf-c-lm pf-r-eh\" data-pf-type=\"Row\">\n<div class=\"pf-c\">\n<div class=\"sc-fXEqDS hwCMhq rid-6\" data-pf-type=\"Column\">\n<h2 class=\"sc-gIDmLj eMdhGW rid-7\" data-pf-type=\"Paragraph3\"><strong>Funky Lands (Republic) Ti7000 Einweg Merkmale<\/strong><\/h2>\n<p>&nbsp;<\/p>\n<ol>\n<li>Max Puffs: 7000<\/li>\n<li>Nikotinst\u00e4rke: 50mg (5%)<\/li>\n<li>Vorgef\u00fcllte Kapazit\u00e4t: 12.8mL<\/li>\n<li>Batteriekapazit\u00e4t: 600mAh<\/li>\n<li>Anschluss zum Aufladen: USB Typ-C<\/li>\n<li>Operation: Zeichnung-Aktivierung<\/li>\n<li>Bildschirm<\/li>\n<li>Quaq-Technologie<\/li>\n<\/ol>\n<\/div>\n<\/div>\n<\/div>\n<\/div>\n<\/div>\n<h2><strong>Verf\u00fcgbare Geschmacksrichtungen<\/strong><\/h2>\n<p>Blossom Minze<br \/>\nBlau Rot Minze<br \/>\nBlaues Razzeis<br \/>\nKalifornische Kirsche<br \/>\nCantaloupe Apfel<br \/>\nMangokuss<br \/>\nMelone Beerenbombe lce<br \/>\nGemischtes Obst<br \/>\nOSK-Eis<br \/>\nPassionsfrucht Kiwi Limette<br \/>\nPfirsich Mango Wassermelone<br \/>\nPfirsichkuchen<br \/>\nAnanas-Kokosnuss-Eis<br \/>\nRosa Bombe<br \/>\nPomelo Perlentraube<br \/>\nRegenbogen Cloudz<br \/>\nErdbeere-Banane<br \/>\nBeeren-Mix<br \/>\nTropische Insel<br \/>\nTropische Regenbogenexplosion<br \/>\nWassermelone Eis<br \/>\nWassermelone Nana Duo lce (Gefrorene Edition)<br \/>\nBlaubeer-Duo-Eis (Gefrorene Edition)<br \/>\nEis-Minze (Gefrorene Edition)<br \/>\nStrawberry Duo lce (Gefrorene Edition)<\/p>\n<p><img loading=\"lazy\" decoding=\"async\" class=\"alignnone size-full wp-image-14577\" title=\"Funky Lands TI7000 Einweg Vape Gro\u00dfhandel (3)\" src=\"https:\/\/www.vape4wholesale.com\/wp-content\/uploads\/2023\/11\/Funky-Lands-TI7000-Disposable-Vape-Wholesale-3.jpg\" alt=\"Funky Lands TI7000 Einweg Vape Gro\u00dfhandel (3)\" width=\"1280\" height=\"1280\" srcset=\"https:\/\/www.vape4wholesale.com\/wp-content\/uploads\/2023\/11\/Funky-Lands-TI7000-Disposable-Vape-Wholesale-3.jpg 1280w, https:\/\/www.vape4wholesale.com\/wp-content\/uploads\/2023\/11\/Funky-Lands-TI7000-Disposable-Vape-Wholesale-3-247x247.jpg 247w, https:\/\/www.vape4wholesale.com\/wp-content\/uploads\/2023\/11\/Funky-Lands-TI7000-Disposable-Vape-Wholesale-3-100x100.jpg 100w, https:\/\/www.vape4wholesale.com\/wp-content\/uploads\/2023\/11\/Funky-Lands-TI7000-Disposable-Vape-Wholesale-3-510x510.jpg 510w, https:\/\/www.vape4wholesale.com\/wp-content\/uploads\/2023\/11\/Funky-Lands-TI7000-Disposable-Vape-Wholesale-3-64x64.jpg 64w, https:\/\/www.vape4wholesale.com\/wp-content\/uploads\/2023\/11\/Funky-Lands-TI7000-Disposable-Vape-Wholesale-3-300x300.jpg 300w, https:\/\/www.vape4wholesale.com\/wp-content\/uploads\/2023\/11\/Funky-Lands-TI7000-Disposable-Vape-Wholesale-3-1024x1024.jpg 1024w, https:\/\/www.vape4wholesale.com\/wp-content\/uploads\/2023\/11\/Funky-Lands-TI7000-Disposable-Vape-Wholesale-3-150x150.jpg 150w, https:\/\/www.vape4wholesale.com\/wp-content\/uploads\/2023\/11\/Funky-Lands-TI7000-Disposable-Vape-Wholesale-3-768x768.jpg 768w\" sizes=\"auto, (max-width: 1280px) 100vw, 1280px\" \/><\/p>\n<p>&nbsp;<\/p>","protected":false},"excerpt":{"rendered":"[scf-template id=&#8217;11434&#8242;]\n","protected":false},"featured_media":14576,"comment_status":"open","ping_status":"closed","template":"","meta":[],"pwb-brand":[1289],"product_cat":[869],"product_tag":[178,387,651,652,22,24],"class_list":{"0":"post-14557","1":"product","2":"type-product","3":"status-publish","4":"has-post-thumbnail","6":"pwb-brand-others","7":"product_cat-5000-8000-puffs","8":"product_tag-7000-puffs","9":"product_tag-17-0ml","10":"product_tag-funky-lands","11":"product_tag-funcy-republic","12":"product_tag-disposable","13":"product_tag-wholesale","15":"first","16":"outofstock","17":"shipping-taxable","18":"purchasable","19":"product-type-variable"},"aioseo_notices":[],"brands":[{"id":1289,"name":"Andere","slug":"andere"}],"_links":{"self":[{"href":"https:\/\/www.vape4wholesale.com\/de\/wp-json\/wp\/v2\/product\/14557","targetHints":{"allow":["GET"]}}],"collection":[{"href":"https:\/\/www.vape4wholesale.com\/de\/wp-json\/wp\/v2\/product"}],"about":[{"href":"https:\/\/www.vape4wholesale.com\/de\/wp-json\/wp\/v2\/types\/product"}],"replies":[{"embeddable":true,"href":"https:\/\/www.vape4wholesale.com\/de\/wp-json\/wp\/v2\/comments?post=14557"}],"wp:featuredmedia":[{"embeddable":true,"href":"https:\/\/www.vape4wholesale.com\/de\/wp-json\/wp\/v2\/media\/14576"}],"wp:attachment":[{"href":"https:\/\/www.vape4wholesale.com\/de\/wp-json\/wp\/v2\/media?parent=14557"}],"wp:term":[{"taxonomy":"pwb-brand","embeddable":true,"href":"https:\/\/www.vape4wholesale.com\/de\/wp-json\/wp\/v2\/pwb-brand?post=14557"},{"taxonomy":"product_cat","embeddable":true,"href":"https:\/\/www.vape4wholesale.com\/de\/wp-json\/wp\/v2\/product_cat?post=14557"},{"taxonomy":"product_tag","embeddable":true,"href":"https:\/\/www.vape4wholesale.com\/de\/wp-json\/wp\/v2\/product_tag?post=14557"}],"curies":[{"name":"wp","href":"https:\/\/api.w.org\/{rel}","templated":true}]}}