{"id":14494,"date":"2023-10-15T14:29:35","date_gmt":"2023-10-15T06:29:35","guid":{"rendered":"https:\/\/www.vape4wholesale.com\/?post_type=product&#038;p=14494"},"modified":"2026-01-26T13:42:02","modified_gmt":"2026-01-26T13:42:02","slug":"geek-bar-df8000-einweg-vape-groshandel","status":"publish","type":"product","link":"https:\/\/www.vape4wholesale.com\/de\/product\/geek-bar-df8000-disposable-vape-wholesale","title":{"rendered":"Geek Bar DF8000 Einweg Vape Gro\u00dfhandel"},"content":{"rendered":"<p>Der Geek Bar DF8000 Disposable Vape ist ein wiederaufladbares Ger\u00e4t, das 12 Fruchtaromen bietet und bis zu 8000 Z\u00fcge h\u00e4lt!<\/p>\n<p>Er bietet eine gro\u00dfe Akkukapazit\u00e4t von 600mAh und eine 14mL E-Liquid-Kapazit\u00e4t mit Kontrollleuchten zur Verdeutlichung des Batterie- und E-Liquid-Standes.<\/p>\n<p>Dieses Ger\u00e4t hat eine eingebaute Dual-Mesh-Spule Technologie gew\u00e4hrleistet k\u00f6stliche e-Fl\u00fcssigkeit Lieferung.<\/p>\n<p>&nbsp;<\/p>\n<h2>Geek Bar DF8000 Disposable Vape Eigenschaften:<\/h2>\n<ul>\n<li>Puffs: Bis zu 8000 Puffs<\/li>\n<li>Akku: 600mAh Eingebaut<\/li>\n<li>Ladeanschluss: Typ-C<\/li>\n<li>E-Fl\u00fcssigkeit Kapazit\u00e4t: 14mL<\/li>\n<li>Spule: Dual Mesh Spule - Eingebaut<\/li>\n<li>Anzeiger: Batterie und E-Liquid<\/li>\n<\/ul>\n<h2>Geschm\u00e4cker<\/h2>\n<ol>\n<li>Blaue Zuckerwatte<\/li>\n<li>Schwarzes Eis<\/li>\n<li>Blaues Razzeis<\/li>\n<li>Blue Razz Limonade<\/li>\n<li>\u00dcppiges Eis<\/li>\n<li>Miami Mint<\/li>\n<li>Pfirsich Beere<\/li>\n<li>Ananas-Kokosnuss-Eis<\/li>\n<li>Sakura-Traube<\/li>\n<li>Saurer Apfel Eis<\/li>\n<li>Erdbeer-Kiwi<\/li>\n<li>Erdbeere Wassermelone<\/li>\n<li>Tripple Berry lce<\/li>\n<li>Tropische Regenbogenexplosion<\/li>\n<li>Wassermelone Kaugummi<\/li>\n<\/ol>\n<p><img loading=\"lazy\" decoding=\"async\" class=\"alignnone size-full wp-image-14502\" title=\"Geek Bar DF8000 Einweg Vape Gro\u00dfhandel xxx\" src=\"https:\/\/www.vape4wholesale.com\/wp-content\/uploads\/2023\/10\/Geek-Bar-DF8000-Disposable-Vape-Wholesale-xxx.jpg\" alt=\"Geek Bar DF8000 Einweg Vape Gro\u00dfhandel xxx\" width=\"1686\" height=\"1686\" srcset=\"https:\/\/www.vape4wholesale.com\/wp-content\/uploads\/2023\/10\/Geek-Bar-DF8000-Disposable-Vape-Wholesale-xxx.jpg 1686w, https:\/\/www.vape4wholesale.com\/wp-content\/uploads\/2023\/10\/Geek-Bar-DF8000-Disposable-Vape-Wholesale-xxx-247x247.jpg 247w, https:\/\/www.vape4wholesale.com\/wp-content\/uploads\/2023\/10\/Geek-Bar-DF8000-Disposable-Vape-Wholesale-xxx-100x100.jpg 100w, https:\/\/www.vape4wholesale.com\/wp-content\/uploads\/2023\/10\/Geek-Bar-DF8000-Disposable-Vape-Wholesale-xxx-510x510.jpg 510w, https:\/\/www.vape4wholesale.com\/wp-content\/uploads\/2023\/10\/Geek-Bar-DF8000-Disposable-Vape-Wholesale-xxx-64x64.jpg 64w, https:\/\/www.vape4wholesale.com\/wp-content\/uploads\/2023\/10\/Geek-Bar-DF8000-Disposable-Vape-Wholesale-xxx-300x300.jpg 300w, https:\/\/www.vape4wholesale.com\/wp-content\/uploads\/2023\/10\/Geek-Bar-DF8000-Disposable-Vape-Wholesale-xxx-1024x1024.jpg 1024w, https:\/\/www.vape4wholesale.com\/wp-content\/uploads\/2023\/10\/Geek-Bar-DF8000-Disposable-Vape-Wholesale-xxx-150x150.jpg 150w, https:\/\/www.vape4wholesale.com\/wp-content\/uploads\/2023\/10\/Geek-Bar-DF8000-Disposable-Vape-Wholesale-xxx-768x768.jpg 768w, https:\/\/www.vape4wholesale.com\/wp-content\/uploads\/2023\/10\/Geek-Bar-DF8000-Disposable-Vape-Wholesale-xxx-1536x1536.jpg 1536w\" sizes=\"auto, (max-width: 1686px) 100vw, 1686px\" \/><\/p>","protected":false},"excerpt":{"rendered":"[scf-template id=&#8217;11434&#8242;]\n","protected":false},"featured_media":14502,"comment_status":"open","ping_status":"closed","template":"","meta":[],"pwb-brand":[1282],"product_cat":[870],"product_tag":[22,24,68,177,343],"class_list":{"0":"post-14494","1":"product","2":"type-product","3":"status-publish","4":"has-post-thumbnail","6":"pwb-brand-geekbar","7":"product_cat-8000-10000-puffs","8":"product_tag-disposable","9":"product_tag-wholesale","10":"product_tag-geek-bar","11":"product_tag-14-0ml","12":"product_tag-8000-puffs","13":"wcpa_has_options","15":"first","16":"outofstock","17":"shipping-taxable","18":"purchasable","19":"product-type-variable"},"aioseo_notices":[],"brands":[{"id":1282,"name":"Geekbar","slug":"geekbar"}],"_links":{"self":[{"href":"https:\/\/www.vape4wholesale.com\/de\/wp-json\/wp\/v2\/product\/14494","targetHints":{"allow":["GET"]}}],"collection":[{"href":"https:\/\/www.vape4wholesale.com\/de\/wp-json\/wp\/v2\/product"}],"about":[{"href":"https:\/\/www.vape4wholesale.com\/de\/wp-json\/wp\/v2\/types\/product"}],"replies":[{"embeddable":true,"href":"https:\/\/www.vape4wholesale.com\/de\/wp-json\/wp\/v2\/comments?post=14494"}],"wp:featuredmedia":[{"embeddable":true,"href":"https:\/\/www.vape4wholesale.com\/de\/wp-json\/wp\/v2\/media\/14502"}],"wp:attachment":[{"href":"https:\/\/www.vape4wholesale.com\/de\/wp-json\/wp\/v2\/media?parent=14494"}],"wp:term":[{"taxonomy":"pwb-brand","embeddable":true,"href":"https:\/\/www.vape4wholesale.com\/de\/wp-json\/wp\/v2\/pwb-brand?post=14494"},{"taxonomy":"product_cat","embeddable":true,"href":"https:\/\/www.vape4wholesale.com\/de\/wp-json\/wp\/v2\/product_cat?post=14494"},{"taxonomy":"product_tag","embeddable":true,"href":"https:\/\/www.vape4wholesale.com\/de\/wp-json\/wp\/v2\/product_tag?post=14494"}],"curies":[{"name":"wp","href":"https:\/\/api.w.org\/{rel}","templated":true}]}}