{"id":14354,"date":"2023-10-15T09:44:41","date_gmt":"2023-10-15T01:44:41","guid":{"rendered":"https:\/\/www.vape4wholesale.com\/?post_type=product&#038;p=14354"},"modified":"2026-01-26T13:42:17","modified_gmt":"2026-01-26T13:42:17","slug":"geek-bar-c600-einweg-vape-groshandel","status":"publish","type":"product","link":"https:\/\/www.vape4wholesale.com\/de\/product\/geek-bar-c600-disposable-vape-wholesale","title":{"rendered":"Geek Bar C600 Einweg Vape Gro\u00dfhandel"},"content":{"rendered":"<p>Geek Bar C600 ist ein Mini Einweg vape mit Mesh-Spule im Inneren, 2ml 2% Nikotin und nicht wiederaufladbare 500mah Batterie. Vape4wholesale Delivering die h\u00f6chste Qualit\u00e4t Geek bar Disposable Vape. kommen Sie zu uns und kaufen Geek bar C600 Disposable vape zu den besten Gro\u00dfhandelspreisen. hohe Qualit\u00e4t KAl Mesh-Spule im Inneren, die Dampf glatt und exquisite, besser als viele andere macht. Das weiche Mundst\u00fcck verschmilzt mit dem glatten Dampf, k\u00f6nnen Sie sowohl das weiche Gef\u00fchl und solide Kehle hit erleben. Jetzt hat es mit geek bar neue leckere Aromen geladen, lassen Sie uns schmecken.<\/p>\n<h2><br data-filtered=\"filtered\" \/>Geek Bar C600 Geschmacksrichtungen<\/h2>\n<ol>\n<li>Gemischte Fr\u00fcchte-Rosenmarmelade-Shisha<\/li>\n<li>Ananas-Kokosnuss-Milch<\/li>\n<li>Ananas Pfirsich Mango<\/li>\n<li>K\u00e4siges Heidelbeergelee<\/li>\n<li>Tropische Kegelbombe<\/li>\n<li>Mango-Pfirsich-Creme<\/li>\n<li>Orangen-K\u00e4sekuchen<\/li>\n<li>Wassermelone Eis<\/li>\n<li>Limettenkaktus<\/li>\n<li>Saurer Apfel<\/li>\n<li>Orange Vanille<\/li>\n<li>Polareis-Minze<\/li>\n<li>Ingwer-Soda<\/li>\n<li>Roter Mojito<\/li>\n<li>Cola-Eis<\/li>\n<\/ol>\n<h2>Parameter<\/h2>\n<p>Akku: 500mAh eingebauter Akku<br data-filtered=\"filtered\" \/>E-Saft: 2ml vorgef\u00fcllt<br data-filtered=\"filtered\" \/>Z\u00fcge: Bis zu 600 Z\u00fcge Nikotin: 20mg<br data-filtered=\"filtered\" \/>Geschmacksrichtungen: 15<\/p>\n<p><img loading=\"lazy\" decoding=\"async\" class=\"alignnone size-full wp-image-14355\" title=\"Geek Bar C600 Einweg Vape Gro\u00dfhandel.webp\" src=\"https:\/\/www.vape4wholesale.com\/wp-content\/uploads\/2023\/10\/Geek-Bar-C600-Disposable-Vape-Wholesale.webp.jpg\" alt=\"Geek Bar C600 Einweg Vape Gro\u00dfhandel.webp\" width=\"600\" height=\"600\" srcset=\"https:\/\/www.vape4wholesale.com\/wp-content\/uploads\/2023\/10\/Geek-Bar-C600-Disposable-Vape-Wholesale.webp.jpg 600w, https:\/\/www.vape4wholesale.com\/wp-content\/uploads\/2023\/10\/Geek-Bar-C600-Disposable-Vape-Wholesale.webp-247x247.jpg 247w, https:\/\/www.vape4wholesale.com\/wp-content\/uploads\/2023\/10\/Geek-Bar-C600-Disposable-Vape-Wholesale.webp-100x100.jpg 100w, https:\/\/www.vape4wholesale.com\/wp-content\/uploads\/2023\/10\/Geek-Bar-C600-Disposable-Vape-Wholesale.webp-510x510.jpg 510w, https:\/\/www.vape4wholesale.com\/wp-content\/uploads\/2023\/10\/Geek-Bar-C600-Disposable-Vape-Wholesale.webp-64x64.jpg 64w, https:\/\/www.vape4wholesale.com\/wp-content\/uploads\/2023\/10\/Geek-Bar-C600-Disposable-Vape-Wholesale.webp-300x300.jpg 300w, https:\/\/www.vape4wholesale.com\/wp-content\/uploads\/2023\/10\/Geek-Bar-C600-Disposable-Vape-Wholesale.webp-150x150.jpg 150w\" sizes=\"auto, (max-width: 600px) 100vw, 600px\" \/><\/p>","protected":false},"excerpt":{"rendered":"[scf-template id=&#8217;11434&#8242;]\n","protected":false},"featured_media":14355,"comment_status":"open","ping_status":"closed","template":"","meta":[],"pwb-brand":[1282],"product_cat":[48],"product_tag":[120,22,24,68,118],"class_list":{"0":"post-14354","1":"product","2":"type-product","3":"status-publish","4":"has-post-thumbnail","6":"pwb-brand-geekbar","7":"product_cat-below-2000-puffs","8":"product_tag-600-puffs","9":"product_tag-disposable","10":"product_tag-wholesale","11":"product_tag-geek-bar","12":"product_tag-2-0ml","14":"first","15":"outofstock","16":"shipping-taxable","17":"purchasable","18":"product-type-variable"},"aioseo_notices":[],"brands":[{"id":1282,"name":"Geekbar","slug":"geekbar"}],"_links":{"self":[{"href":"https:\/\/www.vape4wholesale.com\/de\/wp-json\/wp\/v2\/product\/14354","targetHints":{"allow":["GET"]}}],"collection":[{"href":"https:\/\/www.vape4wholesale.com\/de\/wp-json\/wp\/v2\/product"}],"about":[{"href":"https:\/\/www.vape4wholesale.com\/de\/wp-json\/wp\/v2\/types\/product"}],"replies":[{"embeddable":true,"href":"https:\/\/www.vape4wholesale.com\/de\/wp-json\/wp\/v2\/comments?post=14354"}],"wp:featuredmedia":[{"embeddable":true,"href":"https:\/\/www.vape4wholesale.com\/de\/wp-json\/wp\/v2\/media\/14355"}],"wp:attachment":[{"href":"https:\/\/www.vape4wholesale.com\/de\/wp-json\/wp\/v2\/media?parent=14354"}],"wp:term":[{"taxonomy":"pwb-brand","embeddable":true,"href":"https:\/\/www.vape4wholesale.com\/de\/wp-json\/wp\/v2\/pwb-brand?post=14354"},{"taxonomy":"product_cat","embeddable":true,"href":"https:\/\/www.vape4wholesale.com\/de\/wp-json\/wp\/v2\/product_cat?post=14354"},{"taxonomy":"product_tag","embeddable":true,"href":"https:\/\/www.vape4wholesale.com\/de\/wp-json\/wp\/v2\/product_tag?post=14354"}],"curies":[{"name":"wp","href":"https:\/\/api.w.org\/{rel}","templated":true}]}}