{"id":14303,"date":"2025-07-05T09:39:15","date_gmt":"2025-07-05T09:39:15","guid":{"rendered":"https:\/\/www.vape4wholesale.com\/?post_type=product&#038;p=14303"},"modified":"2026-03-30T11:13:04","modified_gmt":"2026-03-30T03:13:04","slug":"fumot-digital-box-12000-einweg-vape-groshandel","status":"publish","type":"product","link":"https:\/\/www.vape4wholesale.com\/de\/product\/fumot-digital-box-12000-disposable-vape-wholesale","title":{"rendered":"Fumot Digital Box 12000 Einweg Vape Gro\u00dfhandel"},"content":{"rendered":"<p>die Fumot Digital Box 12000 ist ein Vape-Ger\u00e4t mit Batterie und ejuice Niveau Anzeige und es ist wiederaufladbar. Es enth\u00e4lt 20ml 0\/2\/3\/5% Nikotinsalz E-Saft und verdampfen bis zu 12000 Z\u00fcge. Es gibt 12 Geschmacksrichtungen f\u00fcr Sie zu w\u00e4hlen. Die Batterie und ejuice displayl k\u00f6nnen Sie den Echtzeit-Status des Ger\u00e4ts zu verfolgen und es kommt mit einem wiederaufladbaren Typ-C-Anschluss an der Unterseite des Ger\u00e4ts, die Sie den letzten Tropfen des e-Saft in den Tank die ganze Zeit zu beenden garantieren.<\/p>\n<p>Jeder Digital Box 12000 Disposable Vape Pod ist mit 20ml vorgef\u00fcllt, was f\u00fcr bis zu 12000 Z\u00fcge reicht. Dieses Ger\u00e4t hat einen eingebauten 850mAh-Akku und einen Typ-C-Ladeanschluss an der Unterseite. Es zeigt 6 RGB-Lichter beim Dampfen, die Sie so cool in der Dunkelheit macht. Der Luftstrom-Steuerschalter kann frei ein- und ausgeschaltet werden, so dass Sie die Gr\u00f6\u00dfe des Rauches steuern k\u00f6nnen, wie Sie m\u00f6chten.<\/p>\n<h2><b data-stringify-type=\"bold\">Fumot Digital Box 12000 Disposable Vape Eigenschaften:<\/b><\/h2>\n<ul>\n<li>Marke: Fumot<\/li>\n<li>Typ: Digital Box<\/li>\n<li>Puffs: 12000 Puffs<\/li>\n<li>Nikotin: 0, 2%, 3%, 5%<\/li>\n<li>Anzeige: E-Fl\u00fcssigkeit und Batterie<\/li>\n<li>E-Saft Kapazit\u00e4t: 20ML<\/li>\n<li>Akku: 850mAh (wiederaufladbar)<\/li>\n<li>Ladeanschluss: Typ C<\/li>\n<\/ul>\n<h2><b data-stringify-type=\"bold\">Verf\u00fcgbare Geschmacksrichtungen:<\/b><\/h2>\n<p>1 K\u00fchle Minze<br \/>\n2 Wassermelone Eis<br \/>\n3 Traubeneis<br \/>\n4 Heidelbeere-Himbeere<br \/>\n5 Wassermelone mit Erdbeeren<br \/>\n6 Erdbeere-Banane<br \/>\n7 \u00dcppiges Eis<br \/>\n8 Kirsche<br \/>\n9 Erdbeereis<br \/>\n10 Eis am Stiel<br \/>\n11 Rosa Limonade<br \/>\n12 Mango auf Eis<br \/>\n13 Gemischte Beeren<br \/>\n14 Erdbeer-Donut<br \/>\n15 Erdbeere Traube<br \/>\n16 Kirsche Cola<br \/>\n17 Dr. blau<br \/>\n18 Heidelbeere auf Eis<br \/>\n19 Kiwi Passionsfrucht Guave<br \/>\n20 Erdbeer-Kiwi<br \/>\n21 Pfirsich-Mango<br \/>\n22 Pfirsich-Eis<br \/>\n23 Roter Apfel Eis<br \/>\n24 Heidelbeer-Kaugummi<br \/>\n25 Beerenlimonade<br \/>\n26 Blaue Razz-Limonade<br \/>\n27 Bluesour Himbeere<br \/>\n28 Erdbeerroter Stier<br \/>\n29 Apfel-Beeren-Explosion<br \/>\n30 Wassermelonen-Kaugummi<br \/>\n31 Himbeere, Wassermelone<br \/>\n32 Glatteis<br \/>\n33 Heidelbeere, Kirsche, Preiselbeere<br \/>\n34 Erdbeerpomp (Granatapfel)<br \/>\n35 Vimto<br \/>\n36 Kirsche Beere<br \/>\n37 Zitrone &amp; Limette<br \/>\n38 Bingo Crush<br \/>\n39 Heidelbeere-Kiwi<br \/>\n40 Apfel-Zimt<br \/>\n41 Bananeneis<br \/>\n42 Drachenfruchteis<br \/>\n43 Fruchtige Fusion<br \/>\n44 Weintrauben-Minze<br \/>\n45 Liebe 66<br \/>\n46 Ananaseis<br \/>\n47 Rote Energie Eis<br \/>\n48 Zwei \u00c4pfel<br \/>\n49 Tabak<br \/>\n50 Cola Eis<br \/>\n51 Eistee Zitrone Eistee<br \/>\n52 Eistee Pfirsich<br \/>\n53 Blaubeer-Himbeer Gummib\u00e4rchen<\/p>\n<h2><strong>Verpackung &amp; Gewicht:<\/strong><\/h2>\n<ul>\n<li>0,095 KG\/PCS, einzeln mit kleiner Verpackung<\/li>\n<li>10 PCS in einer mittleren Schachtel<\/li>\n<li>200 PCS im Umkarton<\/li>\n<\/ul>\n<figure id=\"attachment_26804\" aria-describedby=\"caption-attachment-26804\" style=\"width: 800px\" class=\"wp-caption alignnone\"><img loading=\"lazy\" decoding=\"async\" class=\"size-full wp-image-26804\" title=\"Fumot Digital 12000 Einweg Vape Gro\u00dfhandel Ice Pop\" src=\"https:\/\/www.vape4wholesale.com\/wp-content\/uploads\/2023\/10\/Fumot-Digital-12000-Disposable-Vape-Wholesale-Ice-Pop-1.jpg\" alt=\"Fumot Digital 12000 Einweg Vape Gro\u00dfhandel Ice Pop\" width=\"800\" height=\"800\" srcset=\"https:\/\/www.vape4wholesale.com\/wp-content\/uploads\/2023\/10\/Fumot-Digital-12000-Disposable-Vape-Wholesale-Ice-Pop-1.jpg 800w, https:\/\/www.vape4wholesale.com\/wp-content\/uploads\/2023\/10\/Fumot-Digital-12000-Disposable-Vape-Wholesale-Ice-Pop-1-300x300.jpg 300w, https:\/\/www.vape4wholesale.com\/wp-content\/uploads\/2023\/10\/Fumot-Digital-12000-Disposable-Vape-Wholesale-Ice-Pop-1-150x150.jpg 150w, https:\/\/www.vape4wholesale.com\/wp-content\/uploads\/2023\/10\/Fumot-Digital-12000-Disposable-Vape-Wholesale-Ice-Pop-1-768x768.jpg 768w, https:\/\/www.vape4wholesale.com\/wp-content\/uploads\/2023\/10\/Fumot-Digital-12000-Disposable-Vape-Wholesale-Ice-Pop-1-12x12.jpg 12w, https:\/\/www.vape4wholesale.com\/wp-content\/uploads\/2023\/10\/Fumot-Digital-12000-Disposable-Vape-Wholesale-Ice-Pop-1-247x247.jpg 247w, https:\/\/www.vape4wholesale.com\/wp-content\/uploads\/2023\/10\/Fumot-Digital-12000-Disposable-Vape-Wholesale-Ice-Pop-1-510x510.jpg 510w, https:\/\/www.vape4wholesale.com\/wp-content\/uploads\/2023\/10\/Fumot-Digital-12000-Disposable-Vape-Wholesale-Ice-Pop-1-100x100.jpg 100w\" sizes=\"auto, (max-width: 800px) 100vw, 800px\" \/><figcaption id=\"caption-attachment-26804\" class=\"wp-caption-text\">Fumot Digital 12000 Einweg-Vape Gro\u00dfhandel<\/figcaption><\/figure>\n<h2>WARUM WIR?<\/h2>\r\n<ul>\r\n<li>Echte, vertrauensw\u00fcrdige und professionelle Vape-Quelle.<\/li>\r\n<li>100% Echtheitsgarantie: Wir bieten nur originale und echte Produkte, lehnen F\u00e4lschungen ab.<\/li>\r\n<li>100% Liefergarantie: Wir verwenden die beste Versandmethode, um sicherzustellen, dass Sie die Bestellung 100% erhalten.<\/li>\r\n<li>Wir geben Ihnen die Tracking-Nummer und den Versandaufkleber nach dem Versand und verfolgen die Ware f\u00fcr Sie, bis Sie sie abholen.<\/li>\r\n<li>Keine Zollprobleme, keine Z\u00f6lle<\/li>\r\n<\/ul>","protected":false},"excerpt":{"rendered":"<div class=\"wsppc_div_block woocommerce_before_add_to_cart_form\">\r\n<p><strong><span style=\"color: #00a859;\">Zollabfertigung<\/span> vor Lieferung &amp; 100% Liefergarantie, Lieferung in ca. 19-25 Tagen.\u00a0<\/strong><\/p>\r\n<\/div>","protected":false},"featured_media":26804,"comment_status":"open","ping_status":"closed","template":"","meta":[],"pwb-brand":[1269],"product_cat":[871],"product_tag":[592,22,24,172,556],"class_list":{"0":"post-14303","1":"product","2":"type-product","3":"status-publish","4":"has-post-thumbnail","6":"pwb-brand-fumot","7":"product_cat-10-15k-puffs","8":"product_tag-fumot","9":"product_tag-disposable","10":"product_tag-wholesale","11":"product_tag-20-0ml","12":"product_tag-12000-puffs","13":"wcpa_has_options","15":"first","16":"instock","17":"featured","18":"shipping-taxable","19":"purchasable","20":"product-type-variable"},"aioseo_notices":[],"brands":[{"id":1269,"name":"Fumot","slug":"fumot"}],"_links":{"self":[{"href":"https:\/\/www.vape4wholesale.com\/de\/wp-json\/wp\/v2\/product\/14303","targetHints":{"allow":["GET"]}}],"collection":[{"href":"https:\/\/www.vape4wholesale.com\/de\/wp-json\/wp\/v2\/product"}],"about":[{"href":"https:\/\/www.vape4wholesale.com\/de\/wp-json\/wp\/v2\/types\/product"}],"replies":[{"embeddable":true,"href":"https:\/\/www.vape4wholesale.com\/de\/wp-json\/wp\/v2\/comments?post=14303"}],"wp:featuredmedia":[{"embeddable":true,"href":"https:\/\/www.vape4wholesale.com\/de\/wp-json\/wp\/v2\/media\/26804"}],"wp:attachment":[{"href":"https:\/\/www.vape4wholesale.com\/de\/wp-json\/wp\/v2\/media?parent=14303"}],"wp:term":[{"taxonomy":"pwb-brand","embeddable":true,"href":"https:\/\/www.vape4wholesale.com\/de\/wp-json\/wp\/v2\/pwb-brand?post=14303"},{"taxonomy":"product_cat","embeddable":true,"href":"https:\/\/www.vape4wholesale.com\/de\/wp-json\/wp\/v2\/product_cat?post=14303"},{"taxonomy":"product_tag","embeddable":true,"href":"https:\/\/www.vape4wholesale.com\/de\/wp-json\/wp\/v2\/product_tag?post=14303"}],"curies":[{"name":"wp","href":"https:\/\/api.w.org\/{rel}","templated":true}]}}