{"id":14157,"date":"2023-08-20T17:17:06","date_gmt":"2023-08-20T09:17:06","guid":{"rendered":"https:\/\/www.vape4wholesale.com\/?post_type=product&#038;p=14157"},"modified":"2026-01-26T13:42:24","modified_gmt":"2026-01-26T13:42:24","slug":"elf-bar-pi9000-einweg-vape-groshandel","status":"publish","type":"product","link":"https:\/\/www.vape4wholesale.com\/de\/product\/elf-bar-pi9000-disposable-vape-wholesale","title":{"rendered":"Elf Bar PI9000 Einweg Vape Gro\u00dfhandel"},"content":{"rendered":"<p><b>Elf Bar Pi9000 Einweg Vape<\/b>\u00a0nimmt 19ml vorgef\u00fcllte e-Fl\u00fcssigkeit auf, der Geschmack ist raffiniert, aber druckvoll durch eine integrierte Mesh-Spule, und ein 4% (40mg) Nikotinst\u00e4rke Design kann glatteren Dampf liefern. Es bietet einen befriedigenden Zug und einwandfreie Leistung, die wiederaufladbare 650mAh Batterie unterst\u00fctzt bis zu 9000 Z\u00fcge Sitzung. Sein Aussehen ist \u00e4hnlich wie ein Mini-Kissen, und die durchsichtige Tropfspitze ist vorteilhaft f\u00fcr die Beobachtung der Kondensation. Ausgestattet mit einer Fl\u00fcssigkeits- und Batterieanzeige, ist der Pi9000 gut geeignet, um den Status des Ger\u00e4ts zu \u00fcberpr\u00fcfen und um leichte, saftige Aromen zu entdecken.<\/p>\n<h2 class=\"second-title\"><strong>Elf Bar PI9000 Merkmale:<\/strong><\/h2>\n<ol>\n<li>19ml Vorgef\u00fcllter Vape-Saft<\/li>\n<li>4%(40mg) Nik-Salz<\/li>\n<li>Wiederaufladbarer 650mAh-Akku<\/li>\n<li>USB-C-Anschluss<\/li>\n<li>Ungef\u00e4hr 9000 Puffs<\/li>\n<li>Maschenspule<\/li>\n<li>Zeichnungsaktiviert<\/li>\n<li>Fl\u00fcssigkeits- und Batterieanzeiger<\/li>\n<\/ol>\n<h2><strong>Liste der Geschmacksrichtungen:<\/strong><\/h2>\n<p>Himbeere Passionsfrucht Orange<br \/>\nHimbeer-Elfbull<br \/>\nGranatapfelbeere<br \/>\nBeere Himbeere<br \/>\nWassermelone Eis<br \/>\nErdbeer-Eiscreme<br \/>\nErdbeereis<br \/>\nRosa Zitrone<br \/>\nPfirsich-Eis<br \/>\nMango<br \/>\nLemont M\u00fcnze<br \/>\nGr\u00fcner Apfel<br \/>\nWeintraube Himbeere<br \/>\nTraubeneis<br \/>\nElfenbullen-Eis<br \/>\nDoppelter Apfel<br \/>\nSahnetabak<br \/>\nCola-Eis<br \/>\nBlaubeereis<br \/>\nBlaues Razzeis<\/p>\n<p><img loading=\"lazy\" decoding=\"async\" class=\"alignnone size-full wp-image-14162\" title=\"Elf Bar PI9000 Einweg Vape Gro\u00dfhandel \u00dcbersicht\" src=\"https:\/\/www.vape4wholesale.com\/wp-content\/uploads\/2023\/08\/Elf-Bar-PI9000-Disposable-Vape-Wholesale-overview.jpg\" alt=\"Elf Bar PI9000 Einweg Vape Gro\u00dfhandel \u00dcbersicht\" width=\"800\" height=\"800\" srcset=\"https:\/\/www.vape4wholesale.com\/wp-content\/uploads\/2023\/08\/Elf-Bar-PI9000-Disposable-Vape-Wholesale-overview.jpg 800w, https:\/\/www.vape4wholesale.com\/wp-content\/uploads\/2023\/08\/Elf-Bar-PI9000-Disposable-Vape-Wholesale-overview-247x247.jpg 247w, https:\/\/www.vape4wholesale.com\/wp-content\/uploads\/2023\/08\/Elf-Bar-PI9000-Disposable-Vape-Wholesale-overview-100x100.jpg 100w, https:\/\/www.vape4wholesale.com\/wp-content\/uploads\/2023\/08\/Elf-Bar-PI9000-Disposable-Vape-Wholesale-overview-510x510.jpg 510w, https:\/\/www.vape4wholesale.com\/wp-content\/uploads\/2023\/08\/Elf-Bar-PI9000-Disposable-Vape-Wholesale-overview-64x64.jpg 64w, https:\/\/www.vape4wholesale.com\/wp-content\/uploads\/2023\/08\/Elf-Bar-PI9000-Disposable-Vape-Wholesale-overview-300x300.jpg 300w, https:\/\/www.vape4wholesale.com\/wp-content\/uploads\/2023\/08\/Elf-Bar-PI9000-Disposable-Vape-Wholesale-overview-150x150.jpg 150w, https:\/\/www.vape4wholesale.com\/wp-content\/uploads\/2023\/08\/Elf-Bar-PI9000-Disposable-Vape-Wholesale-overview-768x768.jpg 768w\" sizes=\"auto, (max-width: 800px) 100vw, 800px\" \/><\/p>","protected":false},"excerpt":{"rendered":"[scf-template id=&#8217;11434&#8242;]\n<p>100% Original Elf Bar with QR Code<\/p>\n","protected":false},"featured_media":14162,"comment_status":"open","ping_status":"closed","template":"","meta":[],"pwb-brand":[1278],"product_cat":[870],"product_tag":[22,24,60,336,574],"class_list":{"0":"post-14157","1":"product","2":"type-product","3":"status-publish","4":"has-post-thumbnail","6":"pwb-brand-elf-bar","7":"product_cat-8000-10000-puffs","8":"product_tag-disposable","9":"product_tag-wholesale","10":"product_tag-elf-bar","11":"product_tag-9000-puffs","12":"product_tag-19-0ml","14":"first","15":"outofstock","16":"shipping-taxable","17":"purchasable","18":"product-type-variable"},"aioseo_notices":[],"brands":[{"id":1278,"name":"Elfenbar","slug":"elfenbar"}],"_links":{"self":[{"href":"https:\/\/www.vape4wholesale.com\/de\/wp-json\/wp\/v2\/product\/14157","targetHints":{"allow":["GET"]}}],"collection":[{"href":"https:\/\/www.vape4wholesale.com\/de\/wp-json\/wp\/v2\/product"}],"about":[{"href":"https:\/\/www.vape4wholesale.com\/de\/wp-json\/wp\/v2\/types\/product"}],"replies":[{"embeddable":true,"href":"https:\/\/www.vape4wholesale.com\/de\/wp-json\/wp\/v2\/comments?post=14157"}],"wp:featuredmedia":[{"embeddable":true,"href":"https:\/\/www.vape4wholesale.com\/de\/wp-json\/wp\/v2\/media\/14162"}],"wp:attachment":[{"href":"https:\/\/www.vape4wholesale.com\/de\/wp-json\/wp\/v2\/media?parent=14157"}],"wp:term":[{"taxonomy":"pwb-brand","embeddable":true,"href":"https:\/\/www.vape4wholesale.com\/de\/wp-json\/wp\/v2\/pwb-brand?post=14157"},{"taxonomy":"product_cat","embeddable":true,"href":"https:\/\/www.vape4wholesale.com\/de\/wp-json\/wp\/v2\/product_cat?post=14157"},{"taxonomy":"product_tag","embeddable":true,"href":"https:\/\/www.vape4wholesale.com\/de\/wp-json\/wp\/v2\/product_tag?post=14157"}],"curies":[{"name":"wp","href":"https:\/\/api.w.org\/{rel}","templated":true}]}}