{"id":11049,"date":"2023-06-23T21:01:55","date_gmt":"2023-06-23T13:01:55","guid":{"rendered":"https:\/\/www.vape4wholesale.com\/?post_type=product&#038;p=11049"},"modified":"2026-01-26T13:42:35","modified_gmt":"2026-01-26T13:42:35","slug":"randm-vome-monster-10000-vape-groshandel","status":"publish","type":"product","link":"https:\/\/www.vape4wholesale.com\/de\/product\/randm-vome-monster-10000-vape-wholesale","title":{"rendered":"RandM Vome Monster 10000 Vape Gro\u00dfhandel"},"content":{"rendered":"<p><strong><a href=\"https:\/\/www.vape4wholesale.com\/de\/produkt_marke\/randm\/\">RandM<\/a> Vome Monster 10000 <\/strong>ist doppelschichtiges Geh\u00e4use entworfen sch\u00f6ne Einweg vape Ger\u00e4t, mit Airflow-Control-Funktion und es ist wiederaufladbar. es hat eine Vielzahl von Nikotin St\u00e4rken (0mg, 20mg, 30mg und 50mg) zur Auswahl, die eliquid Kapazit\u00e4t ist 20ml und es unterst\u00fctzen max 10000 Puffs.<\/p>\n<p>Es gibt 12 Geschmacksrichtungen f\u00fcr Sie zu w\u00e4hlen. Die Airflow-Steuerung k\u00f6nnen Sie die beste Stelle w\u00e4hlen Sie sich selbst und es kommt mit einem wiederaufladbaren Typ-C-Anschluss an der Unterseite des Ger\u00e4ts, die Sie beenden den letzten Tropfen des ejuice in den Tank die ganze Zeit gurantte.<\/p>\n<p>Die Vome ist eine Untermarke von Randm vape, die es Randm erm\u00f6glicht, viel mehr Produkte anzubieten.<\/p>\n<h2>RandM Vome Monster 10000 Puffs Einweg Eigenschaften<\/h2>\n<ul>\n<li>0%\/ 2%\/ 3%\/ 5% Nikotinsalz<\/li>\n<li>20ML E-Fl\u00fcssigkeit<\/li>\n<li>Luftstromkontrolle<\/li>\n<li>Maschenspule<\/li>\n<li>Wiederaufladbare Batterie<\/li>\n<li>Integrierter 850mAh Akku<\/li>\n<li>12 Geschmacksrichtungen verf\u00fcgbar<\/li>\n<li>10 St\u00fcck in einem Displaykarton<\/li>\n<li>240 St\u00fcck in einem Karton<\/li>\n<\/ul>\n<h2>Verf\u00fcgbare Geschmacksrichtungen<\/h2>\n<ol>\n<li>\u00dcppiges Eis<\/li>\n<li>K\u00fchle Minze<\/li>\n<li>Gemischte Beeren<\/li>\n<li>Traubeneis<\/li>\n<li>Pfirsich-Mango<\/li>\n<li>Blaubeereis<\/li>\n<li>Regenbogen-Bonbon<\/li>\n<li>Erdbeere Wassermelone<\/li>\n<li>Erdbeer-Donut<\/li>\n<li>Fr\u00f6hliche Cola<\/li>\n<li>Rosa Limonade<\/li>\n<li>Kiwi Passionsfrucht Guave<\/li>\n<\/ol>\n<p><img loading=\"lazy\" decoding=\"async\" class=\"alignnone size-full wp-image-11491\" title=\"Randm Vome Monster 10000 Puffs Vape Gro\u00dfhandel\" src=\"https:\/\/www.vape4wholesale.com\/wp-content\/uploads\/2023\/06\/Randm-Vome-Monster-10000-Puffs-Vape-Wholesale.jpg\" alt=\"Randm Vome Monster 10000 Puffs Vape Gro\u00dfhandel\" width=\"590\" height=\"539\" srcset=\"https:\/\/www.vape4wholesale.com\/wp-content\/uploads\/2023\/06\/Randm-Vome-Monster-10000-Puffs-Vape-Wholesale.jpg 590w, https:\/\/www.vape4wholesale.com\/wp-content\/uploads\/2023\/06\/Randm-Vome-Monster-10000-Puffs-Vape-Wholesale-510x466.jpg 510w, https:\/\/www.vape4wholesale.com\/wp-content\/uploads\/2023\/06\/Randm-Vome-Monster-10000-Puffs-Vape-Wholesale-64x58.jpg 64w, https:\/\/www.vape4wholesale.com\/wp-content\/uploads\/2023\/06\/Randm-Vome-Monster-10000-Puffs-Vape-Wholesale-300x274.jpg 300w\" sizes=\"auto, (max-width: 590px) 100vw, 590px\" \/> <img loading=\"lazy\" decoding=\"async\" class=\"alignnone size-full wp-image-11492\" title=\"Erdbeere Wassermelone Randm Vome Monster Vape 10000 Z\u00fcge\" src=\"https:\/\/www.vape4wholesale.com\/wp-content\/uploads\/2023\/06\/Strawberry-Watermelon-Randm-Vome-Monster-Vape-10000-Puffs.jpg\" alt=\"Erdbeere Wassermelone Randm Vome Monster Vape 10000 Z\u00fcge\" width=\"590\" height=\"590\" srcset=\"https:\/\/www.vape4wholesale.com\/wp-content\/uploads\/2023\/06\/Strawberry-Watermelon-Randm-Vome-Monster-Vape-10000-Puffs.jpg 590w, https:\/\/www.vape4wholesale.com\/wp-content\/uploads\/2023\/06\/Strawberry-Watermelon-Randm-Vome-Monster-Vape-10000-Puffs-247x247.jpg 247w, https:\/\/www.vape4wholesale.com\/wp-content\/uploads\/2023\/06\/Strawberry-Watermelon-Randm-Vome-Monster-Vape-10000-Puffs-100x100.jpg 100w, https:\/\/www.vape4wholesale.com\/wp-content\/uploads\/2023\/06\/Strawberry-Watermelon-Randm-Vome-Monster-Vape-10000-Puffs-510x510.jpg 510w, https:\/\/www.vape4wholesale.com\/wp-content\/uploads\/2023\/06\/Strawberry-Watermelon-Randm-Vome-Monster-Vape-10000-Puffs-64x64.jpg 64w, https:\/\/www.vape4wholesale.com\/wp-content\/uploads\/2023\/06\/Strawberry-Watermelon-Randm-Vome-Monster-Vape-10000-Puffs-300x300.jpg 300w, https:\/\/www.vape4wholesale.com\/wp-content\/uploads\/2023\/06\/Strawberry-Watermelon-Randm-Vome-Monster-Vape-10000-Puffs-150x150.jpg 150w\" sizes=\"auto, (max-width: 590px) 100vw, 590px\" \/> <img loading=\"lazy\" decoding=\"async\" class=\"alignnone size-full wp-image-11493\" title=\"Strawbery Donut Randm Vome Monster Vape 10000 Z\u00fcge\" src=\"https:\/\/www.vape4wholesale.com\/wp-content\/uploads\/2023\/06\/Strawbery-Donut-Randm-Vome-Monster-Vape-10000-Puffs.jpg\" alt=\"Strawbery Donut Randm Vome Monster Vape 10000 Z\u00fcge\" width=\"590\" height=\"590\" srcset=\"https:\/\/www.vape4wholesale.com\/wp-content\/uploads\/2023\/06\/Strawbery-Donut-Randm-Vome-Monster-Vape-10000-Puffs.jpg 590w, https:\/\/www.vape4wholesale.com\/wp-content\/uploads\/2023\/06\/Strawbery-Donut-Randm-Vome-Monster-Vape-10000-Puffs-247x247.jpg 247w, https:\/\/www.vape4wholesale.com\/wp-content\/uploads\/2023\/06\/Strawbery-Donut-Randm-Vome-Monster-Vape-10000-Puffs-100x100.jpg 100w, https:\/\/www.vape4wholesale.com\/wp-content\/uploads\/2023\/06\/Strawbery-Donut-Randm-Vome-Monster-Vape-10000-Puffs-510x510.jpg 510w, https:\/\/www.vape4wholesale.com\/wp-content\/uploads\/2023\/06\/Strawbery-Donut-Randm-Vome-Monster-Vape-10000-Puffs-64x64.jpg 64w, https:\/\/www.vape4wholesale.com\/wp-content\/uploads\/2023\/06\/Strawbery-Donut-Randm-Vome-Monster-Vape-10000-Puffs-300x300.jpg 300w, https:\/\/www.vape4wholesale.com\/wp-content\/uploads\/2023\/06\/Strawbery-Donut-Randm-Vome-Monster-Vape-10000-Puffs-150x150.jpg 150w\" sizes=\"auto, (max-width: 590px) 100vw, 590px\" \/> <img loading=\"lazy\" decoding=\"async\" class=\"alignnone size-full wp-image-11483\" title=\"Traubeneis Randm Vome Monster Vape 10000 Z\u00fcge\" src=\"https:\/\/www.vape4wholesale.com\/wp-content\/uploads\/2023\/06\/Grape-Ice-Randm-Vome-Monster-Vape-10000-Puffs.jpg\" alt=\"Traubeneis Randm Vome Monster Vape 10000 Z\u00fcge\" width=\"590\" height=\"590\" srcset=\"https:\/\/www.vape4wholesale.com\/wp-content\/uploads\/2023\/06\/Grape-Ice-Randm-Vome-Monster-Vape-10000-Puffs.jpg 590w, https:\/\/www.vape4wholesale.com\/wp-content\/uploads\/2023\/06\/Grape-Ice-Randm-Vome-Monster-Vape-10000-Puffs-247x247.jpg 247w, https:\/\/www.vape4wholesale.com\/wp-content\/uploads\/2023\/06\/Grape-Ice-Randm-Vome-Monster-Vape-10000-Puffs-100x100.jpg 100w, https:\/\/www.vape4wholesale.com\/wp-content\/uploads\/2023\/06\/Grape-Ice-Randm-Vome-Monster-Vape-10000-Puffs-510x510.jpg 510w, https:\/\/www.vape4wholesale.com\/wp-content\/uploads\/2023\/06\/Grape-Ice-Randm-Vome-Monster-Vape-10000-Puffs-64x64.jpg 64w, https:\/\/www.vape4wholesale.com\/wp-content\/uploads\/2023\/06\/Grape-Ice-Randm-Vome-Monster-Vape-10000-Puffs-300x300.jpg 300w, https:\/\/www.vape4wholesale.com\/wp-content\/uploads\/2023\/06\/Grape-Ice-Randm-Vome-Monster-Vape-10000-Puffs-150x150.jpg 150w\" sizes=\"auto, (max-width: 590px) 100vw, 590px\" \/> <img loading=\"lazy\" decoding=\"async\" class=\"alignnone size-full wp-image-11482\" title=\"K\u00fchle Minze Randm Vome Monster Vape 10000 Z\u00fcge\" src=\"https:\/\/www.vape4wholesale.com\/wp-content\/uploads\/2023\/06\/Cool-Mint-Randm-Vome-Monster-Vape-10000-Puffs.jpg\" alt=\"K\u00fchle Minze Randm Vome Monster Vape 10000 Z\u00fcge\" width=\"590\" height=\"590\" srcset=\"https:\/\/www.vape4wholesale.com\/wp-content\/uploads\/2023\/06\/Cool-Mint-Randm-Vome-Monster-Vape-10000-Puffs.jpg 590w, https:\/\/www.vape4wholesale.com\/wp-content\/uploads\/2023\/06\/Cool-Mint-Randm-Vome-Monster-Vape-10000-Puffs-247x247.jpg 247w, https:\/\/www.vape4wholesale.com\/wp-content\/uploads\/2023\/06\/Cool-Mint-Randm-Vome-Monster-Vape-10000-Puffs-100x100.jpg 100w, https:\/\/www.vape4wholesale.com\/wp-content\/uploads\/2023\/06\/Cool-Mint-Randm-Vome-Monster-Vape-10000-Puffs-510x510.jpg 510w, https:\/\/www.vape4wholesale.com\/wp-content\/uploads\/2023\/06\/Cool-Mint-Randm-Vome-Monster-Vape-10000-Puffs-64x64.jpg 64w, https:\/\/www.vape4wholesale.com\/wp-content\/uploads\/2023\/06\/Cool-Mint-Randm-Vome-Monster-Vape-10000-Puffs-300x300.jpg 300w, https:\/\/www.vape4wholesale.com\/wp-content\/uploads\/2023\/06\/Cool-Mint-Randm-Vome-Monster-Vape-10000-Puffs-150x150.jpg 150w\" sizes=\"auto, (max-width: 590px) 100vw, 590px\" \/> <img loading=\"lazy\" decoding=\"async\" class=\"alignnone size-full wp-image-11481\" title=\"Cherry Cola Randm Vome Monster Vape 10000 Z\u00fcge\" src=\"https:\/\/www.vape4wholesale.com\/wp-content\/uploads\/2023\/06\/Cherry-Cola-Randm-Vome-Monster-Vape-10000-Puffs.jpg\" alt=\"Cherry Cola Randm Vome Monster Vape 10000 Z\u00fcge\" width=\"590\" height=\"590\" srcset=\"https:\/\/www.vape4wholesale.com\/wp-content\/uploads\/2023\/06\/Cherry-Cola-Randm-Vome-Monster-Vape-10000-Puffs.jpg 590w, https:\/\/www.vape4wholesale.com\/wp-content\/uploads\/2023\/06\/Cherry-Cola-Randm-Vome-Monster-Vape-10000-Puffs-247x247.jpg 247w, https:\/\/www.vape4wholesale.com\/wp-content\/uploads\/2023\/06\/Cherry-Cola-Randm-Vome-Monster-Vape-10000-Puffs-100x100.jpg 100w, https:\/\/www.vape4wholesale.com\/wp-content\/uploads\/2023\/06\/Cherry-Cola-Randm-Vome-Monster-Vape-10000-Puffs-510x510.jpg 510w, https:\/\/www.vape4wholesale.com\/wp-content\/uploads\/2023\/06\/Cherry-Cola-Randm-Vome-Monster-Vape-10000-Puffs-64x64.jpg 64w, https:\/\/www.vape4wholesale.com\/wp-content\/uploads\/2023\/06\/Cherry-Cola-Randm-Vome-Monster-Vape-10000-Puffs-300x300.jpg 300w, https:\/\/www.vape4wholesale.com\/wp-content\/uploads\/2023\/06\/Cherry-Cola-Randm-Vome-Monster-Vape-10000-Puffs-150x150.jpg 150w\" sizes=\"auto, (max-width: 590px) 100vw, 590px\" \/> <img loading=\"lazy\" decoding=\"async\" class=\"alignnone size-full wp-image-11489\" title=\"Regenbogen Candy Randm Vome Monster Vape 10000 Z\u00fcge\" src=\"https:\/\/www.vape4wholesale.com\/wp-content\/uploads\/2023\/06\/Rainbow-Candy-Randm-Vome-Monster-Vape-10000-Puffs.jpg\" alt=\"Regenbogen Candy Randm Vome Monster Vape 10000 Z\u00fcge\" width=\"590\" height=\"590\" srcset=\"https:\/\/www.vape4wholesale.com\/wp-content\/uploads\/2023\/06\/Rainbow-Candy-Randm-Vome-Monster-Vape-10000-Puffs.jpg 590w, https:\/\/www.vape4wholesale.com\/wp-content\/uploads\/2023\/06\/Rainbow-Candy-Randm-Vome-Monster-Vape-10000-Puffs-247x247.jpg 247w, https:\/\/www.vape4wholesale.com\/wp-content\/uploads\/2023\/06\/Rainbow-Candy-Randm-Vome-Monster-Vape-10000-Puffs-100x100.jpg 100w, https:\/\/www.vape4wholesale.com\/wp-content\/uploads\/2023\/06\/Rainbow-Candy-Randm-Vome-Monster-Vape-10000-Puffs-510x510.jpg 510w, https:\/\/www.vape4wholesale.com\/wp-content\/uploads\/2023\/06\/Rainbow-Candy-Randm-Vome-Monster-Vape-10000-Puffs-64x64.jpg 64w, https:\/\/www.vape4wholesale.com\/wp-content\/uploads\/2023\/06\/Rainbow-Candy-Randm-Vome-Monster-Vape-10000-Puffs-300x300.jpg 300w, https:\/\/www.vape4wholesale.com\/wp-content\/uploads\/2023\/06\/Rainbow-Candy-Randm-Vome-Monster-Vape-10000-Puffs-150x150.jpg 150w\" sizes=\"auto, (max-width: 590px) 100vw, 590px\" \/><\/p>","protected":false},"excerpt":{"rendered":"<p>RandM Vome Monster 10000 is double-layer case designed nice disposable vape, with airflow control &amp; rechargeable function. 0mg, 20mg, 50mg nicotine for choice.<\/p>\n[scf-template id=&#8217;11434&#8242;]\n","protected":false},"featured_media":11491,"comment_status":"open","ping_status":"closed","template":"","meta":[],"pwb-brand":[1270],"product_cat":[871],"product_tag":[272,324,517,22,24,172],"class_list":{"0":"post-11049","1":"product","2":"type-product","3":"status-publish","4":"has-post-thumbnail","6":"pwb-brand-randm","7":"product_cat-10-15k-puffs","8":"product_tag-randm","9":"product_tag-10000-puffs","10":"product_tag-vome","11":"product_tag-disposable","12":"product_tag-wholesale","13":"product_tag-20-0ml","15":"first","16":"outofstock","17":"shipping-taxable","18":"purchasable","19":"product-type-variable"},"aioseo_notices":[],"brands":[{"id":1270,"name":"Randm","slug":"randm"}],"_links":{"self":[{"href":"https:\/\/www.vape4wholesale.com\/de\/wp-json\/wp\/v2\/product\/11049","targetHints":{"allow":["GET"]}}],"collection":[{"href":"https:\/\/www.vape4wholesale.com\/de\/wp-json\/wp\/v2\/product"}],"about":[{"href":"https:\/\/www.vape4wholesale.com\/de\/wp-json\/wp\/v2\/types\/product"}],"replies":[{"embeddable":true,"href":"https:\/\/www.vape4wholesale.com\/de\/wp-json\/wp\/v2\/comments?post=11049"}],"wp:featuredmedia":[{"embeddable":true,"href":"https:\/\/www.vape4wholesale.com\/de\/wp-json\/wp\/v2\/media\/11491"}],"wp:attachment":[{"href":"https:\/\/www.vape4wholesale.com\/de\/wp-json\/wp\/v2\/media?parent=11049"}],"wp:term":[{"taxonomy":"pwb-brand","embeddable":true,"href":"https:\/\/www.vape4wholesale.com\/de\/wp-json\/wp\/v2\/pwb-brand?post=11049"},{"taxonomy":"product_cat","embeddable":true,"href":"https:\/\/www.vape4wholesale.com\/de\/wp-json\/wp\/v2\/product_cat?post=11049"},{"taxonomy":"product_tag","embeddable":true,"href":"https:\/\/www.vape4wholesale.com\/de\/wp-json\/wp\/v2\/product_tag?post=11049"}],"curies":[{"name":"wp","href":"https:\/\/api.w.org\/{rel}","templated":true}]}}