{"id":10252,"date":"2023-06-18T19:58:00","date_gmt":"2023-06-18T11:58:00","guid":{"rendered":"https:\/\/www.vape4wholesale.com\/?post_type=product&#038;p=10252"},"modified":"2026-01-26T13:42:40","modified_gmt":"2026-01-26T13:42:40","slug":"verloren-mary-os5000-einweg-vape-groshandel","status":"publish","type":"product","link":"https:\/\/www.vape4wholesale.com\/de\/product\/lost-mary-os5000-disposable-vape-wholesale","title":{"rendered":"Lost Mary OS5000 Einweg Vape Gro\u00dfhandel"},"content":{"rendered":"<p>die <strong><a href=\"https:\/\/www.vape4wholesale.com\/de\/produkt_marke\/verlorene-maria\/\">Lost Mary<\/a> OS5000<\/strong> Disposable Vape Gro\u00dfhandel, es ist eine vorgef\u00fcllte 13ml vape Ger\u00e4t, kommt mit wiederaufladbaren 650mah Akku, 5% Nikotin (50mg), max Unterst\u00fctzung 5000 puffs.<\/p>\n<p>Die Planetenoberfl\u00e4che Design f\u00fcgt eine einzigartige Note zu dem Ger\u00e4t, w\u00e4hrend die 3-Stufen-Power-Indikatoren machen es einfach, den \u00dcberblick \u00fcber die Batterie zu halten.Die OS5000 Disposble Kit ist mit einem Mesh-Spule ausgestattet und ist Draw-aktiviert, so dass eine glatte und angenehme vaping experience.this Kit ist perfekt f\u00fcr diejenigen, die eine starke Nikotin hit.Whether Sie eine erfahrene vaped oder neu in der Szene sind, ist die Lost Mary OS5000 Disposable vape eine gute Wahl f\u00fcr alle, die f\u00fcr eine zuverl\u00e4ssige und benutzerfreundliche Ger\u00e4t.<\/p>\n<h2>Lost Mary OS5000 Einweg-Vape Schnelle Details:<\/h2>\n<ol>\n<li>Marke:Lost Mary<\/li>\n<li>Puffs:5000 Puffs sind pro Ger\u00e4t verf\u00fcgbar<\/li>\n<li>Nikotin:5%<\/li>\n<li>E-Saft Kapazit\u00e4t:13ML<\/li>\n<li>Akku:650mAh<\/li>\n<li>Ladeanschluss:Typ-C<\/li>\n<\/ol>\n<p>&nbsp;<\/p>\n<h2>Geschm\u00e4cker<\/h2>\n<ul>\n<li>Blaue Zuckerwatte<\/li>\n<li>Blaubeereis<\/li>\n<li>Blaues Razzeis<\/li>\n<li>Cranberry Soda<\/li>\n<li>Saftiger Pfirsich<\/li>\n<li>Kiwi Passionsfrucht Guave<\/li>\n<li>Ananas-Mango<\/li>\n<li>Erdbeer-Eisbecher<\/li>\n<li>Erdbeereis<\/li>\n<li>Erdbeer-Mango<\/li>\n<li>Erdbeer-Kiefer-Colada<\/li>\n<li>Wassermelone<\/li>\n<\/ul>\n<h2>Paket<\/h2>\n<ul>\n<li>0.084KG\/ PC, 1\/Karton , 10\/Kiste<\/li>\n<li>200\/Karton, 17,0 KG.<\/li>\n<\/ul>\n<p><img loading=\"lazy\" decoding=\"async\" class=\"alignnone size-full wp-image-11641\" title=\"Lost Mary OS5000 Einweg Vape Gro\u00dfhandel blau Razz Ice\" src=\"https:\/\/www.vape4wholesale.com\/wp-content\/uploads\/2023\/06\/Lost-Mary-OS5000-Disposable-Vape-Wholesale-Blue-Razz-Ice.jpg\" alt=\"Lost Mary OS5000 Einweg Vape Gro\u00dfhandel blau Razz Ice\" width=\"800\" height=\"800\" srcset=\"https:\/\/www.vape4wholesale.com\/wp-content\/uploads\/2023\/06\/Lost-Mary-OS5000-Disposable-Vape-Wholesale-Blue-Razz-Ice.jpg 800w, https:\/\/www.vape4wholesale.com\/wp-content\/uploads\/2023\/06\/Lost-Mary-OS5000-Disposable-Vape-Wholesale-Blue-Razz-Ice-247x247.jpg 247w, https:\/\/www.vape4wholesale.com\/wp-content\/uploads\/2023\/06\/Lost-Mary-OS5000-Disposable-Vape-Wholesale-Blue-Razz-Ice-100x100.jpg 100w, https:\/\/www.vape4wholesale.com\/wp-content\/uploads\/2023\/06\/Lost-Mary-OS5000-Disposable-Vape-Wholesale-Blue-Razz-Ice-510x510.jpg 510w, https:\/\/www.vape4wholesale.com\/wp-content\/uploads\/2023\/06\/Lost-Mary-OS5000-Disposable-Vape-Wholesale-Blue-Razz-Ice-64x64.jpg 64w, https:\/\/www.vape4wholesale.com\/wp-content\/uploads\/2023\/06\/Lost-Mary-OS5000-Disposable-Vape-Wholesale-Blue-Razz-Ice-300x300.jpg 300w, https:\/\/www.vape4wholesale.com\/wp-content\/uploads\/2023\/06\/Lost-Mary-OS5000-Disposable-Vape-Wholesale-Blue-Razz-Ice-150x150.jpg 150w, https:\/\/www.vape4wholesale.com\/wp-content\/uploads\/2023\/06\/Lost-Mary-OS5000-Disposable-Vape-Wholesale-Blue-Razz-Ice-768x768.jpg 768w\" sizes=\"auto, (max-width: 800px) 100vw, 800px\" \/> \u00a0<img loading=\"lazy\" decoding=\"async\" class=\"alignnone size-full wp-image-11643\" title=\"Lost Mary OS5000 Einweg Vape Gro\u00dfhandel Cranberry Soda\" src=\"https:\/\/www.vape4wholesale.com\/wp-content\/uploads\/2023\/06\/Lost-Mary-OS5000-Disposable-Vape-Wholesale-Cranberry-Soda.jpg\" alt=\"Lost Mary OS5000 Einweg Vape Gro\u00dfhandel Cranberry Soda\" width=\"800\" height=\"800\" srcset=\"https:\/\/www.vape4wholesale.com\/wp-content\/uploads\/2023\/06\/Lost-Mary-OS5000-Disposable-Vape-Wholesale-Cranberry-Soda.jpg 800w, https:\/\/www.vape4wholesale.com\/wp-content\/uploads\/2023\/06\/Lost-Mary-OS5000-Disposable-Vape-Wholesale-Cranberry-Soda-247x247.jpg 247w, https:\/\/www.vape4wholesale.com\/wp-content\/uploads\/2023\/06\/Lost-Mary-OS5000-Disposable-Vape-Wholesale-Cranberry-Soda-100x100.jpg 100w, https:\/\/www.vape4wholesale.com\/wp-content\/uploads\/2023\/06\/Lost-Mary-OS5000-Disposable-Vape-Wholesale-Cranberry-Soda-510x510.jpg 510w, https:\/\/www.vape4wholesale.com\/wp-content\/uploads\/2023\/06\/Lost-Mary-OS5000-Disposable-Vape-Wholesale-Cranberry-Soda-64x64.jpg 64w, https:\/\/www.vape4wholesale.com\/wp-content\/uploads\/2023\/06\/Lost-Mary-OS5000-Disposable-Vape-Wholesale-Cranberry-Soda-300x300.jpg 300w, https:\/\/www.vape4wholesale.com\/wp-content\/uploads\/2023\/06\/Lost-Mary-OS5000-Disposable-Vape-Wholesale-Cranberry-Soda-150x150.jpg 150w, https:\/\/www.vape4wholesale.com\/wp-content\/uploads\/2023\/06\/Lost-Mary-OS5000-Disposable-Vape-Wholesale-Cranberry-Soda-768x768.jpg 768w\" sizes=\"auto, (max-width: 800px) 100vw, 800px\" \/> <img loading=\"lazy\" decoding=\"async\" class=\"alignnone size-full wp-image-11644\" title=\"Lost Mary OS5000 Einweg Vape Gro\u00dfhandel saftigen Pfirsich\" src=\"https:\/\/www.vape4wholesale.com\/wp-content\/uploads\/2023\/06\/Lost-Mary-OS5000-Disposable-Vape-Wholesale-Juicy-Peach.jpg\" alt=\"Lost Mary OS5000 Einweg Vape Gro\u00dfhandel saftigen Pfirsich\" width=\"800\" height=\"800\" srcset=\"https:\/\/www.vape4wholesale.com\/wp-content\/uploads\/2023\/06\/Lost-Mary-OS5000-Disposable-Vape-Wholesale-Juicy-Peach.jpg 800w, https:\/\/www.vape4wholesale.com\/wp-content\/uploads\/2023\/06\/Lost-Mary-OS5000-Disposable-Vape-Wholesale-Juicy-Peach-247x247.jpg 247w, https:\/\/www.vape4wholesale.com\/wp-content\/uploads\/2023\/06\/Lost-Mary-OS5000-Disposable-Vape-Wholesale-Juicy-Peach-100x100.jpg 100w, https:\/\/www.vape4wholesale.com\/wp-content\/uploads\/2023\/06\/Lost-Mary-OS5000-Disposable-Vape-Wholesale-Juicy-Peach-510x510.jpg 510w, https:\/\/www.vape4wholesale.com\/wp-content\/uploads\/2023\/06\/Lost-Mary-OS5000-Disposable-Vape-Wholesale-Juicy-Peach-64x64.jpg 64w, https:\/\/www.vape4wholesale.com\/wp-content\/uploads\/2023\/06\/Lost-Mary-OS5000-Disposable-Vape-Wholesale-Juicy-Peach-300x300.jpg 300w, https:\/\/www.vape4wholesale.com\/wp-content\/uploads\/2023\/06\/Lost-Mary-OS5000-Disposable-Vape-Wholesale-Juicy-Peach-150x150.jpg 150w, https:\/\/www.vape4wholesale.com\/wp-content\/uploads\/2023\/06\/Lost-Mary-OS5000-Disposable-Vape-Wholesale-Juicy-Peach-768x768.jpg 768w\" sizes=\"auto, (max-width: 800px) 100vw, 800px\" \/> <img loading=\"lazy\" decoding=\"async\" class=\"alignnone size-full wp-image-11645\" title=\"Lost Mary OS5000 Einweg Vape Gro\u00dfhandel Kiwi Passionsfrucht Guave\" src=\"https:\/\/www.vape4wholesale.com\/wp-content\/uploads\/2023\/06\/Lost-Mary-OS5000-Disposable-Vape-Wholesale-kiwi-Passion-Fruit-Guava.jpg\" alt=\"Lost Mary OS5000 Einweg Vape Gro\u00dfhandel Kiwi Passionsfrucht Guave\" width=\"800\" height=\"800\" srcset=\"https:\/\/www.vape4wholesale.com\/wp-content\/uploads\/2023\/06\/Lost-Mary-OS5000-Disposable-Vape-Wholesale-kiwi-Passion-Fruit-Guava.jpg 800w, https:\/\/www.vape4wholesale.com\/wp-content\/uploads\/2023\/06\/Lost-Mary-OS5000-Disposable-Vape-Wholesale-kiwi-Passion-Fruit-Guava-247x247.jpg 247w, https:\/\/www.vape4wholesale.com\/wp-content\/uploads\/2023\/06\/Lost-Mary-OS5000-Disposable-Vape-Wholesale-kiwi-Passion-Fruit-Guava-100x100.jpg 100w, https:\/\/www.vape4wholesale.com\/wp-content\/uploads\/2023\/06\/Lost-Mary-OS5000-Disposable-Vape-Wholesale-kiwi-Passion-Fruit-Guava-510x510.jpg 510w, https:\/\/www.vape4wholesale.com\/wp-content\/uploads\/2023\/06\/Lost-Mary-OS5000-Disposable-Vape-Wholesale-kiwi-Passion-Fruit-Guava-64x64.jpg 64w, https:\/\/www.vape4wholesale.com\/wp-content\/uploads\/2023\/06\/Lost-Mary-OS5000-Disposable-Vape-Wholesale-kiwi-Passion-Fruit-Guava-300x300.jpg 300w, https:\/\/www.vape4wholesale.com\/wp-content\/uploads\/2023\/06\/Lost-Mary-OS5000-Disposable-Vape-Wholesale-kiwi-Passion-Fruit-Guava-150x150.jpg 150w, https:\/\/www.vape4wholesale.com\/wp-content\/uploads\/2023\/06\/Lost-Mary-OS5000-Disposable-Vape-Wholesale-kiwi-Passion-Fruit-Guava-768x768.jpg 768w\" sizes=\"auto, (max-width: 800px) 100vw, 800px\" \/> <img loading=\"lazy\" decoding=\"async\" class=\"alignnone size-full wp-image-11646\" title=\"Lost Mary OS5000 Einweg Vape Gro\u00dfhandel \u00dcbersicht Aromen\" src=\"https:\/\/www.vape4wholesale.com\/wp-content\/uploads\/2023\/06\/Lost-Mary-OS5000-Disposable-Vape-Wholesale-Overview-Flavors.jpg\" alt=\"Lost Mary OS5000 Einweg Vape Gro\u00dfhandel \u00dcbersicht Aromen\" width=\"800\" height=\"800\" srcset=\"https:\/\/www.vape4wholesale.com\/wp-content\/uploads\/2023\/06\/Lost-Mary-OS5000-Disposable-Vape-Wholesale-Overview-Flavors.jpg 800w, https:\/\/www.vape4wholesale.com\/wp-content\/uploads\/2023\/06\/Lost-Mary-OS5000-Disposable-Vape-Wholesale-Overview-Flavors-247x247.jpg 247w, https:\/\/www.vape4wholesale.com\/wp-content\/uploads\/2023\/06\/Lost-Mary-OS5000-Disposable-Vape-Wholesale-Overview-Flavors-100x100.jpg 100w, https:\/\/www.vape4wholesale.com\/wp-content\/uploads\/2023\/06\/Lost-Mary-OS5000-Disposable-Vape-Wholesale-Overview-Flavors-510x510.jpg 510w, https:\/\/www.vape4wholesale.com\/wp-content\/uploads\/2023\/06\/Lost-Mary-OS5000-Disposable-Vape-Wholesale-Overview-Flavors-64x64.jpg 64w, https:\/\/www.vape4wholesale.com\/wp-content\/uploads\/2023\/06\/Lost-Mary-OS5000-Disposable-Vape-Wholesale-Overview-Flavors-300x300.jpg 300w, https:\/\/www.vape4wholesale.com\/wp-content\/uploads\/2023\/06\/Lost-Mary-OS5000-Disposable-Vape-Wholesale-Overview-Flavors-150x150.jpg 150w, https:\/\/www.vape4wholesale.com\/wp-content\/uploads\/2023\/06\/Lost-Mary-OS5000-Disposable-Vape-Wholesale-Overview-Flavors-768x768.jpg 768w\" sizes=\"auto, (max-width: 800px) 100vw, 800px\" \/> <img loading=\"lazy\" decoding=\"async\" class=\"alignnone size-full wp-image-11647\" title=\"Lost Mary OS5000 Einweg Vape Gro\u00dfhandel Ananas Mango\" src=\"https:\/\/www.vape4wholesale.com\/wp-content\/uploads\/2023\/06\/Lost-Mary-OS5000-Disposable-Vape-Wholesale-Pineapple-Mango.jpg\" alt=\"Lost Mary OS5000 Einweg Vape Gro\u00dfhandel Ananas Mango\" width=\"800\" height=\"800\" srcset=\"https:\/\/www.vape4wholesale.com\/wp-content\/uploads\/2023\/06\/Lost-Mary-OS5000-Disposable-Vape-Wholesale-Pineapple-Mango.jpg 800w, https:\/\/www.vape4wholesale.com\/wp-content\/uploads\/2023\/06\/Lost-Mary-OS5000-Disposable-Vape-Wholesale-Pineapple-Mango-247x247.jpg 247w, https:\/\/www.vape4wholesale.com\/wp-content\/uploads\/2023\/06\/Lost-Mary-OS5000-Disposable-Vape-Wholesale-Pineapple-Mango-100x100.jpg 100w, https:\/\/www.vape4wholesale.com\/wp-content\/uploads\/2023\/06\/Lost-Mary-OS5000-Disposable-Vape-Wholesale-Pineapple-Mango-510x510.jpg 510w, https:\/\/www.vape4wholesale.com\/wp-content\/uploads\/2023\/06\/Lost-Mary-OS5000-Disposable-Vape-Wholesale-Pineapple-Mango-64x64.jpg 64w, https:\/\/www.vape4wholesale.com\/wp-content\/uploads\/2023\/06\/Lost-Mary-OS5000-Disposable-Vape-Wholesale-Pineapple-Mango-300x300.jpg 300w, https:\/\/www.vape4wholesale.com\/wp-content\/uploads\/2023\/06\/Lost-Mary-OS5000-Disposable-Vape-Wholesale-Pineapple-Mango-150x150.jpg 150w, https:\/\/www.vape4wholesale.com\/wp-content\/uploads\/2023\/06\/Lost-Mary-OS5000-Disposable-Vape-Wholesale-Pineapple-Mango-768x768.jpg 768w\" sizes=\"auto, (max-width: 800px) 100vw, 800px\" \/> <img loading=\"lazy\" decoding=\"async\" class=\"alignnone size-full wp-image-11648\" title=\"Lost Mary OS5000 Einweg Vape Gro\u00dfhandel Erdbeere Eis\" src=\"https:\/\/www.vape4wholesale.com\/wp-content\/uploads\/2023\/06\/Lost-Mary-OS5000-Disposable-Vape-Wholesale-Strawberry-Ice.jpg\" alt=\"Lost Mary OS5000 Einweg Vape Gro\u00dfhandel Erdbeere Eis\" width=\"800\" height=\"800\" srcset=\"https:\/\/www.vape4wholesale.com\/wp-content\/uploads\/2023\/06\/Lost-Mary-OS5000-Disposable-Vape-Wholesale-Strawberry-Ice.jpg 800w, https:\/\/www.vape4wholesale.com\/wp-content\/uploads\/2023\/06\/Lost-Mary-OS5000-Disposable-Vape-Wholesale-Strawberry-Ice-247x247.jpg 247w, https:\/\/www.vape4wholesale.com\/wp-content\/uploads\/2023\/06\/Lost-Mary-OS5000-Disposable-Vape-Wholesale-Strawberry-Ice-100x100.jpg 100w, https:\/\/www.vape4wholesale.com\/wp-content\/uploads\/2023\/06\/Lost-Mary-OS5000-Disposable-Vape-Wholesale-Strawberry-Ice-510x510.jpg 510w, https:\/\/www.vape4wholesale.com\/wp-content\/uploads\/2023\/06\/Lost-Mary-OS5000-Disposable-Vape-Wholesale-Strawberry-Ice-64x64.jpg 64w, https:\/\/www.vape4wholesale.com\/wp-content\/uploads\/2023\/06\/Lost-Mary-OS5000-Disposable-Vape-Wholesale-Strawberry-Ice-300x300.jpg 300w, https:\/\/www.vape4wholesale.com\/wp-content\/uploads\/2023\/06\/Lost-Mary-OS5000-Disposable-Vape-Wholesale-Strawberry-Ice-150x150.jpg 150w, https:\/\/www.vape4wholesale.com\/wp-content\/uploads\/2023\/06\/Lost-Mary-OS5000-Disposable-Vape-Wholesale-Strawberry-Ice-768x768.jpg 768w\" sizes=\"auto, (max-width: 800px) 100vw, 800px\" \/> <img loading=\"lazy\" decoding=\"async\" class=\"alignnone size-full wp-image-11649\" title=\"Lost Mary OS5000 Einweg Vape Gro\u00dfhandel Erdbeere Mango\" src=\"https:\/\/www.vape4wholesale.com\/wp-content\/uploads\/2023\/06\/Lost-Mary-OS5000-Disposable-Vape-Wholesale-Strawberry-Mango.jpg\" alt=\"Lost Mary OS5000 Einweg Vape Gro\u00dfhandel Erdbeere Mango\" width=\"800\" height=\"800\" srcset=\"https:\/\/www.vape4wholesale.com\/wp-content\/uploads\/2023\/06\/Lost-Mary-OS5000-Disposable-Vape-Wholesale-Strawberry-Mango.jpg 800w, https:\/\/www.vape4wholesale.com\/wp-content\/uploads\/2023\/06\/Lost-Mary-OS5000-Disposable-Vape-Wholesale-Strawberry-Mango-247x247.jpg 247w, https:\/\/www.vape4wholesale.com\/wp-content\/uploads\/2023\/06\/Lost-Mary-OS5000-Disposable-Vape-Wholesale-Strawberry-Mango-100x100.jpg 100w, https:\/\/www.vape4wholesale.com\/wp-content\/uploads\/2023\/06\/Lost-Mary-OS5000-Disposable-Vape-Wholesale-Strawberry-Mango-510x510.jpg 510w, https:\/\/www.vape4wholesale.com\/wp-content\/uploads\/2023\/06\/Lost-Mary-OS5000-Disposable-Vape-Wholesale-Strawberry-Mango-64x64.jpg 64w, https:\/\/www.vape4wholesale.com\/wp-content\/uploads\/2023\/06\/Lost-Mary-OS5000-Disposable-Vape-Wholesale-Strawberry-Mango-300x300.jpg 300w, https:\/\/www.vape4wholesale.com\/wp-content\/uploads\/2023\/06\/Lost-Mary-OS5000-Disposable-Vape-Wholesale-Strawberry-Mango-150x150.jpg 150w, https:\/\/www.vape4wholesale.com\/wp-content\/uploads\/2023\/06\/Lost-Mary-OS5000-Disposable-Vape-Wholesale-Strawberry-Mango-768x768.jpg 768w\" sizes=\"auto, (max-width: 800px) 100vw, 800px\" \/> <img loading=\"lazy\" decoding=\"async\" class=\"alignnone size-full wp-image-11650\" title=\"Lost Mary OS5000 Einweg Vape Gro\u00dfhandel Wassermelone\" src=\"https:\/\/www.vape4wholesale.com\/wp-content\/uploads\/2023\/06\/Lost-Mary-OS5000-Disposable-Vape-Wholesale-Watermelon.jpg\" alt=\"Lost Mary OS5000 Einweg Vape Gro\u00dfhandel Wassermelone\" width=\"800\" height=\"800\" srcset=\"https:\/\/www.vape4wholesale.com\/wp-content\/uploads\/2023\/06\/Lost-Mary-OS5000-Disposable-Vape-Wholesale-Watermelon.jpg 800w, https:\/\/www.vape4wholesale.com\/wp-content\/uploads\/2023\/06\/Lost-Mary-OS5000-Disposable-Vape-Wholesale-Watermelon-247x247.jpg 247w, https:\/\/www.vape4wholesale.com\/wp-content\/uploads\/2023\/06\/Lost-Mary-OS5000-Disposable-Vape-Wholesale-Watermelon-100x100.jpg 100w, https:\/\/www.vape4wholesale.com\/wp-content\/uploads\/2023\/06\/Lost-Mary-OS5000-Disposable-Vape-Wholesale-Watermelon-510x510.jpg 510w, https:\/\/www.vape4wholesale.com\/wp-content\/uploads\/2023\/06\/Lost-Mary-OS5000-Disposable-Vape-Wholesale-Watermelon-64x64.jpg 64w, https:\/\/www.vape4wholesale.com\/wp-content\/uploads\/2023\/06\/Lost-Mary-OS5000-Disposable-Vape-Wholesale-Watermelon-300x300.jpg 300w, https:\/\/www.vape4wholesale.com\/wp-content\/uploads\/2023\/06\/Lost-Mary-OS5000-Disposable-Vape-Wholesale-Watermelon-150x150.jpg 150w, https:\/\/www.vape4wholesale.com\/wp-content\/uploads\/2023\/06\/Lost-Mary-OS5000-Disposable-Vape-Wholesale-Watermelon-768x768.jpg 768w\" sizes=\"auto, (max-width: 800px) 100vw, 800px\" \/> \u00a0<img loading=\"lazy\" decoding=\"async\" class=\"alignnone size-full wp-image-11652\" title=\"Lost Mary OS5000 Einweg Vape Gro\u00dfhandel blau Zuckerwatte\" src=\"https:\/\/www.vape4wholesale.com\/wp-content\/uploads\/2023\/06\/Lost-Mary-OS5000-Disposable-Vape-Wholesale-Blue-Cotton-Candy.jpg\" alt=\"Lost Mary OS5000 Einweg Vape Gro\u00dfhandel blau Zuckerwatte\" width=\"800\" height=\"800\" srcset=\"https:\/\/www.vape4wholesale.com\/wp-content\/uploads\/2023\/06\/Lost-Mary-OS5000-Disposable-Vape-Wholesale-Blue-Cotton-Candy.jpg 800w, https:\/\/www.vape4wholesale.com\/wp-content\/uploads\/2023\/06\/Lost-Mary-OS5000-Disposable-Vape-Wholesale-Blue-Cotton-Candy-247x247.jpg 247w, https:\/\/www.vape4wholesale.com\/wp-content\/uploads\/2023\/06\/Lost-Mary-OS5000-Disposable-Vape-Wholesale-Blue-Cotton-Candy-100x100.jpg 100w, https:\/\/www.vape4wholesale.com\/wp-content\/uploads\/2023\/06\/Lost-Mary-OS5000-Disposable-Vape-Wholesale-Blue-Cotton-Candy-510x510.jpg 510w, https:\/\/www.vape4wholesale.com\/wp-content\/uploads\/2023\/06\/Lost-Mary-OS5000-Disposable-Vape-Wholesale-Blue-Cotton-Candy-64x64.jpg 64w, https:\/\/www.vape4wholesale.com\/wp-content\/uploads\/2023\/06\/Lost-Mary-OS5000-Disposable-Vape-Wholesale-Blue-Cotton-Candy-300x300.jpg 300w, https:\/\/www.vape4wholesale.com\/wp-content\/uploads\/2023\/06\/Lost-Mary-OS5000-Disposable-Vape-Wholesale-Blue-Cotton-Candy-150x150.jpg 150w, https:\/\/www.vape4wholesale.com\/wp-content\/uploads\/2023\/06\/Lost-Mary-OS5000-Disposable-Vape-Wholesale-Blue-Cotton-Candy-768x768.jpg 768w\" sizes=\"auto, (max-width: 800px) 100vw, 800px\" \/><\/p>","protected":false},"excerpt":{"rendered":"[scf-template id=&#8217;11434&#8242;]\n","protected":false},"featured_media":11644,"comment_status":"open","ping_status":"closed","template":"","meta":[],"pwb-brand":[1287],"product_cat":[869],"product_tag":[24,189,285,510,22],"class_list":{"0":"post-10252","1":"product","2":"type-product","3":"status-publish","4":"has-post-thumbnail","6":"pwb-brand-lost-mary","7":"product_cat-5000-8000-puffs","8":"product_tag-wholesale","9":"product_tag-5000-puffs","10":"product_tag-13-0ml","11":"product_tag-lost-mary","12":"product_tag-disposable","14":"first","15":"outofstock","16":"shipping-taxable","17":"purchasable","18":"product-type-variable"},"aioseo_notices":[],"brands":[{"id":1287,"name":"Lost Mary","slug":"verlorene-maria"}],"_links":{"self":[{"href":"https:\/\/www.vape4wholesale.com\/de\/wp-json\/wp\/v2\/product\/10252","targetHints":{"allow":["GET"]}}],"collection":[{"href":"https:\/\/www.vape4wholesale.com\/de\/wp-json\/wp\/v2\/product"}],"about":[{"href":"https:\/\/www.vape4wholesale.com\/de\/wp-json\/wp\/v2\/types\/product"}],"replies":[{"embeddable":true,"href":"https:\/\/www.vape4wholesale.com\/de\/wp-json\/wp\/v2\/comments?post=10252"}],"wp:featuredmedia":[{"embeddable":true,"href":"https:\/\/www.vape4wholesale.com\/de\/wp-json\/wp\/v2\/media\/11644"}],"wp:attachment":[{"href":"https:\/\/www.vape4wholesale.com\/de\/wp-json\/wp\/v2\/media?parent=10252"}],"wp:term":[{"taxonomy":"pwb-brand","embeddable":true,"href":"https:\/\/www.vape4wholesale.com\/de\/wp-json\/wp\/v2\/pwb-brand?post=10252"},{"taxonomy":"product_cat","embeddable":true,"href":"https:\/\/www.vape4wholesale.com\/de\/wp-json\/wp\/v2\/product_cat?post=10252"},{"taxonomy":"product_tag","embeddable":true,"href":"https:\/\/www.vape4wholesale.com\/de\/wp-json\/wp\/v2\/product_tag?post=10252"}],"curies":[{"name":"wp","href":"https:\/\/api.w.org\/{rel}","templated":true}]}}