{"id":9844,"date":"2023-05-30T19:22:51","date_gmt":"2023-05-30T11:22:51","guid":{"rendered":"https:\/\/www.vape4wholesale.com\/?post_type=product&#038;p=9844"},"modified":"2026-01-26T13:42:45","modified_gmt":"2026-01-26T13:42:45","slug":"bang-king-9000-puffs-jednorazovy-vape-velkoobchod","status":"publish","type":"product","link":"https:\/\/www.vape4wholesale.com\/cs\/product\/bang-king-9000-puffs-disposable-vape-wholesale","title":{"rendered":"Bang King 9000 Puffs Jednor\u00e1zov\u00e9 Vape Velkoobchod"},"content":{"rendered":"<p>na <strong><a href=\"https:\/\/www.vape4wholesale.com\/cs\/product_brand\/bang\/\">Bang<\/a> King 9000<\/strong> je nejnov\u011bj\u0161\u00ed m\u00f3dn\u00ed jednor\u00e1zov\u00fd vape zna\u010dky Bang. Vape je v balen\u00ed se sportovn\u00edm prvkem - sportovn\u00edm kel\u00edmkem na vodu, d\u00edky kter\u00e9mu je vaper p\u0159i pou\u017e\u00edv\u00e1n\u00ed tohoto v\u00fdrobku sportovn\u011bj\u0161\u00ed a m\u00f3dn\u011bj\u0161\u00ed. Kdy\u017e m\u00e1te na sob\u011b b\u011b\u017en\u00e9 sportovn\u00ed oble\u010den\u00ed a dr\u017e\u00edte v ruce tento v\u00fdrobek Bang King 9000, okam\u017eit\u011b se stane st\u0159edem pozornosti a jeho slad\u011bn\u00ed je velmi dobr\u00e9.<\/p>\n<h2>Bang King 9000 Vape Specifikace:<\/h2>\n<p>Pufy: a\u017e 9000<br \/>\nKapacita: 20 ml<br \/>\nNikotin: 0% \/2% \/3% \/ 5%<br \/>\nBaterie: 800mAh dob\u00edjec\u00ed baterie<br \/>\nHmotnost: 90 g\/ks<br \/>\nMno\u017estv\u00ed v kartonu: 200 kus\u016f v krabici<br \/>\nHrub\u00e1 hmotnost: 18 KG\/krabice<\/p>\n<h2>P\u0159\u00edchut\u011b:<\/h2>\n<p>1) Cool Mint<br \/>\n2) Bor\u016fvkov\u00fd malinov\u00fd led<br \/>\n3) Mango Peach<br \/>\n4) Vodn\u00ed meloun Stawberry<br \/>\n5) Stawberry Mango<br \/>\n6) Melounov\u00fd led<br \/>\n7) Sm\u00ed\u0161en\u00e9 bobule<br \/>\n8) Hroznov\u00fd led<br \/>\n9) Kysel\u00e9 jablko<br \/>\n10) Stawberry Ice<br \/>\n11) Stawberry Kiwi<br \/>\n12) Kiwi Mu\u010denka Guava<br \/>\n13) Broskvov\u00fd led<br \/>\n14) Pan Modr\u00fd<br \/>\n15) Tyg\u0159\u00ed krev<br \/>\n16) Jahodov\u00fd ban\u00e1n<\/p>\n<p><img loading=\"lazy\" decoding=\"async\" class=\"alignnone size-full wp-image-11838\" title=\"BANG King 9000 Jednor\u00e1zov\u00fd velkoobchodn\u00ed prodej (9)\" src=\"https:\/\/www.vape4wholesale.com\/wp-content\/uploads\/2023\/05\/BANG-King-9000-Disposable-Vape-Wholesale-9.jpg\" alt=\"BANG King 9000 Jednor\u00e1zov\u00fd velkoobchodn\u00ed prodej (9)\" width=\"730\" height=\"730\" srcset=\"https:\/\/www.vape4wholesale.com\/wp-content\/uploads\/2023\/05\/BANG-King-9000-Disposable-Vape-Wholesale-9.jpg 730w, https:\/\/www.vape4wholesale.com\/wp-content\/uploads\/2023\/05\/BANG-King-9000-Disposable-Vape-Wholesale-9-247x247.jpg 247w, https:\/\/www.vape4wholesale.com\/wp-content\/uploads\/2023\/05\/BANG-King-9000-Disposable-Vape-Wholesale-9-100x100.jpg 100w, https:\/\/www.vape4wholesale.com\/wp-content\/uploads\/2023\/05\/BANG-King-9000-Disposable-Vape-Wholesale-9-510x510.jpg 510w, https:\/\/www.vape4wholesale.com\/wp-content\/uploads\/2023\/05\/BANG-King-9000-Disposable-Vape-Wholesale-9-64x64.jpg 64w, https:\/\/www.vape4wholesale.com\/wp-content\/uploads\/2023\/05\/BANG-King-9000-Disposable-Vape-Wholesale-9-300x300.jpg 300w, https:\/\/www.vape4wholesale.com\/wp-content\/uploads\/2023\/05\/BANG-King-9000-Disposable-Vape-Wholesale-9-150x150.jpg 150w\" sizes=\"auto, (max-width: 730px) 100vw, 730px\" \/><\/p>","protected":false},"excerpt":{"rendered":"[scf-template id=&#8217;11434&#8242;]\n","protected":false},"featured_media":11838,"comment_status":"open","ping_status":"closed","template":"","meta":[],"pwb-brand":[1275],"product_cat":[870],"product_tag":[22,24,172,249,336],"class_list":{"0":"post-9844","1":"product","2":"type-product","3":"status-publish","4":"has-post-thumbnail","6":"pwb-brand-bang","7":"product_cat-8000-10000-puffs","8":"product_tag-disposable","9":"product_tag-wholesale","10":"product_tag-20-0ml","11":"product_tag-bang","12":"product_tag-9000-puffs","13":"wcpa_has_options","15":"first","16":"outofstock","17":"shipping-taxable","18":"purchasable","19":"product-type-variable"},"aioseo_notices":[],"brands":[{"id":1275,"name":"Bang","slug":"bang"}],"_links":{"self":[{"href":"https:\/\/www.vape4wholesale.com\/cs\/wp-json\/wp\/v2\/product\/9844","targetHints":{"allow":["GET"]}}],"collection":[{"href":"https:\/\/www.vape4wholesale.com\/cs\/wp-json\/wp\/v2\/product"}],"about":[{"href":"https:\/\/www.vape4wholesale.com\/cs\/wp-json\/wp\/v2\/types\/product"}],"replies":[{"embeddable":true,"href":"https:\/\/www.vape4wholesale.com\/cs\/wp-json\/wp\/v2\/comments?post=9844"}],"wp:featuredmedia":[{"embeddable":true,"href":"https:\/\/www.vape4wholesale.com\/cs\/wp-json\/wp\/v2\/media\/11838"}],"wp:attachment":[{"href":"https:\/\/www.vape4wholesale.com\/cs\/wp-json\/wp\/v2\/media?parent=9844"}],"wp:term":[{"taxonomy":"pwb-brand","embeddable":true,"href":"https:\/\/www.vape4wholesale.com\/cs\/wp-json\/wp\/v2\/pwb-brand?post=9844"},{"taxonomy":"product_cat","embeddable":true,"href":"https:\/\/www.vape4wholesale.com\/cs\/wp-json\/wp\/v2\/product_cat?post=9844"},{"taxonomy":"product_tag","embeddable":true,"href":"https:\/\/www.vape4wholesale.com\/cs\/wp-json\/wp\/v2\/product_tag?post=9844"}],"curies":[{"name":"wp","href":"https:\/\/api.w.org\/{rel}","templated":true}]}}