{"id":9007,"date":"2023-04-24T08:36:44","date_gmt":"2023-04-24T00:36:44","guid":{"rendered":"https:\/\/www.vape4wholesale.com\/?post_type=product&#038;p=9007"},"modified":"2026-01-26T13:42:53","modified_gmt":"2026-01-26T13:42:53","slug":"kamry-boss-10000-puffs-jednorazove-vape-velkoobchod","status":"publish","type":"product","link":"https:\/\/www.vape4wholesale.com\/cs\/product\/kamry-boss-10000-puffs-disposable-vape-wholesale","title":{"rendered":"Kamry Boss 10000 Puffs jednor\u00e1zov\u00e9 Vape velkoobchod"},"content":{"rendered":"<p>Na str\u00e1nk\u00e1ch <strong><a href=\"https:\/\/www.vape4wholesale.com\/cs\/product_brand\/kamry\/\">Kamry<\/a> \u0160\u00e9f<\/strong> 10000 je obrovsk\u00fd a tlust\u00fd design vape, dod\u00e1v\u00e1 se s chladn\u00fdmi samolepkami, podporuje asi 10000 puff\u016f s 20ml 2% nikotinovou sol\u00ed a 600mah dob\u00edjec\u00ed bateri\u00ed. celkem 10 skv\u011bl\u00fdch p\u0159\u00edchut\u00ed pro v\u00fdb\u011br.<\/p>\n<h2>Kamry Boss 10000 Puffs jednor\u00e1zov\u00e9 Vape Rychl\u00e9 informace<\/h2>\n<ul>\n<li>Pufy : 10000<\/li>\n<li>Velikost: 38*92 mm<\/li>\n<li>Mesh Coil : 1,0 ohm<\/li>\n<li>Nikotinov\u00e1 s\u016fl : 2%<\/li>\n<li>Materi\u00e1l: PCTG + PC<\/li>\n<li>Baterie :600mAh<\/li>\n<li>Dob\u00edjec\u00ed typ C<\/li>\n<li>S\u00ed\u0165ov\u00e1 c\u00edvka<\/li>\n<li>Hmotnost: 75 g<\/li>\n<\/ul>\n<h2>P\u0159\u00edchut\u011b<\/h2>\n<ol>\n<li>Blue Raspberry Ice,Polo\u017eka: 1960 Sales,Flagon je p\u011bkn\u011b navr\u017een\u00fd jednor\u00e1zov\u00fd vape, m\u00e1 tvar vlajky s dob\u00edjec\u00ed bateri\u00ed 500mah, 5% nikotin 12ml eliquid podporuje max. 6000 puffs, 500mAh dob\u00edjec\u00ed baterie,Type-C Charge,12ml eliquid 5% nic,Pineappleice,Blue Raspberry,Balen\u00ed a hmotnost,240 ks\/karton, 18kg,\u00danor 12, 2023,Levn\u00e9 s dobrou kvalitou,Kamry Flagon 6000 Puffs Disposable Vape Wholesale (1),Kamry Flagon 6000 Puffs Disposable Vape Wholesale (2),Kamry Flagon 6000 Puffs Disposable Vape Wholesale (3),Kamry Flagon 6000 Puffs Disposable Vape Wholesale (4),Kamry Flagon 6000 Puffs Disposable Vape Wholesale (5),Kamry Flagon 6000 Puffs Disposable Vape Wholesale (6),Kamry Flagon 6000 Puffs Disposable Vape Wholesale (9),Kamry Flagon 6000 Puffs Disposable Vape Wholesale (8),Kamry Flagon 6000 Puffs Disposable Vape Wholesale (7),Kamry Flagon 6000 Puffs Disposable Vape Wholesale (10),Kamry Flagon 6000 Puffs Disposable Vape Wholesale (11),Kamry Flagon 6000 Puffs Disposable Vape Wholesale (13),Kamry Flagon 6000 Puffs Disposable Vape Wholesale (14),Kamry Flagon 6000 Puffs Disposable Vape Wholesale (15),Kamry Flagon 6000 Puffs Disposable Vape Wholesale (16)<\/li>\n<li>Energetick\u00fd n\u00e1poj<\/li>\n<li>Hrozny<\/li>\n<li>Zelen\u00e9 mango<\/li>\n<li>Guava<\/li>\n<li>Gumov\u00fd medv\u00eddek<\/li>\n<li>Li\u010di led<\/li>\n<li>Ananasov\u00fd led<\/li>\n<li>Jahodov\u00e1 zmrzlina<\/li>\n<li>Meloun<\/li>\n<\/ol>\n<h2>Balen\u00ed a hmotnost<\/h2>\n<p>ROZM\u011aRY: 442x218x495 mm<br \/>\n200 ks\/karton<br \/>\nGW 17,2 KG<\/p>\n<figure id=\"attachment_11510\" aria-describedby=\"caption-attachment-11510\" style=\"width: 1000px\" class=\"wp-caption alignnone\"><img loading=\"lazy\" decoding=\"async\" class=\"wp-image-11510 size-full\" title=\"Kamry Boss 10000 Puffs Vape Green Mango\" src=\"https:\/\/www.vape4wholesale.com\/wp-content\/uploads\/2023\/04\/Kamry-Boss-10000-Puffs-Vape-Green-Mango.jpg\" alt=\"Kamry Boss 10000 Puffs Vape Green Mango\" width=\"1000\" height=\"1000\" srcset=\"https:\/\/www.vape4wholesale.com\/wp-content\/uploads\/2023\/04\/Kamry-Boss-10000-Puffs-Vape-Green-Mango.jpg 1000w, https:\/\/www.vape4wholesale.com\/wp-content\/uploads\/2023\/04\/Kamry-Boss-10000-Puffs-Vape-Green-Mango-247x247.jpg 247w, https:\/\/www.vape4wholesale.com\/wp-content\/uploads\/2023\/04\/Kamry-Boss-10000-Puffs-Vape-Green-Mango-100x100.jpg 100w, https:\/\/www.vape4wholesale.com\/wp-content\/uploads\/2023\/04\/Kamry-Boss-10000-Puffs-Vape-Green-Mango-510x510.jpg 510w, https:\/\/www.vape4wholesale.com\/wp-content\/uploads\/2023\/04\/Kamry-Boss-10000-Puffs-Vape-Green-Mango-64x64.jpg 64w, https:\/\/www.vape4wholesale.com\/wp-content\/uploads\/2023\/04\/Kamry-Boss-10000-Puffs-Vape-Green-Mango-300x300.jpg 300w, https:\/\/www.vape4wholesale.com\/wp-content\/uploads\/2023\/04\/Kamry-Boss-10000-Puffs-Vape-Green-Mango-150x150.jpg 150w, https:\/\/www.vape4wholesale.com\/wp-content\/uploads\/2023\/04\/Kamry-Boss-10000-Puffs-Vape-Green-Mango-768x768.jpg 768w\" sizes=\"auto, (max-width: 1000px) 100vw, 1000px\" \/><figcaption id=\"caption-attachment-11510\" class=\"wp-caption-text\">Kamry Boss 10000 Puffs Vape<\/figcaption><\/figure>\n<p>&nbsp;<\/p>","protected":false},"excerpt":{"rendered":"[scf-template id=&#8217;11434&#8242;]\n","protected":false},"featured_media":11517,"comment_status":"open","ping_status":"closed","template":"","meta":[],"pwb-brand":[1281],"product_cat":[871],"product_tag":[30,172,324,22,24],"class_list":{"0":"post-9007","1":"product","2":"type-product","3":"status-publish","4":"has-post-thumbnail","6":"pwb-brand-kamry","7":"product_cat-10-15k-puffs","8":"product_tag-kamry","9":"product_tag-20-0ml","10":"product_tag-10000-puffs","11":"product_tag-disposable","12":"product_tag-wholesale","14":"first","15":"outofstock","16":"shipping-taxable","17":"purchasable","18":"product-type-variable"},"aioseo_notices":[],"brands":[{"id":1281,"name":"Kamry","slug":"kamry"}],"_links":{"self":[{"href":"https:\/\/www.vape4wholesale.com\/cs\/wp-json\/wp\/v2\/product\/9007","targetHints":{"allow":["GET"]}}],"collection":[{"href":"https:\/\/www.vape4wholesale.com\/cs\/wp-json\/wp\/v2\/product"}],"about":[{"href":"https:\/\/www.vape4wholesale.com\/cs\/wp-json\/wp\/v2\/types\/product"}],"replies":[{"embeddable":true,"href":"https:\/\/www.vape4wholesale.com\/cs\/wp-json\/wp\/v2\/comments?post=9007"}],"wp:featuredmedia":[{"embeddable":true,"href":"https:\/\/www.vape4wholesale.com\/cs\/wp-json\/wp\/v2\/media\/11517"}],"wp:attachment":[{"href":"https:\/\/www.vape4wholesale.com\/cs\/wp-json\/wp\/v2\/media?parent=9007"}],"wp:term":[{"taxonomy":"pwb-brand","embeddable":true,"href":"https:\/\/www.vape4wholesale.com\/cs\/wp-json\/wp\/v2\/pwb-brand?post=9007"},{"taxonomy":"product_cat","embeddable":true,"href":"https:\/\/www.vape4wholesale.com\/cs\/wp-json\/wp\/v2\/product_cat?post=9007"},{"taxonomy":"product_tag","embeddable":true,"href":"https:\/\/www.vape4wholesale.com\/cs\/wp-json\/wp\/v2\/product_tag?post=9007"}],"curies":[{"name":"wp","href":"https:\/\/api.w.org\/{rel}","templated":true}]}}