{"id":8216,"date":"2023-03-15T22:48:16","date_gmt":"2023-03-15T14:48:16","guid":{"rendered":"https:\/\/www.vape4wholesale.com\/?post_type=product&#038;p=8216"},"modified":"2026-01-26T13:42:58","modified_gmt":"2026-01-26T13:42:58","slug":"kamry-flagon-6000-puffs-jednorazovy-vape-velkoobchod","status":"publish","type":"product","link":"https:\/\/www.vape4wholesale.com\/cs\/product\/kamry-flagon-6000-puffs-disposable-vape-wholesale","title":{"rendered":"Kamry Flagon 6000 Puffs jednor\u00e1zov\u00e9 Vape velkoobchod"},"content":{"rendered":"<p>na <a href=\"https:\/\/www.vape4wholesale.com\/cs\/product_brand\/kamry\/\">Kamry<\/a> Flagon is a nice designed disposable vape, it comes with flagon shape with rechargeable 500mah battery, 5% nicotine 12ml eliquid supports 6000 puffs max.<\/p>\n<h2>Specifikace:<\/h2>\n<p>S\u00ed\u0165ov\u00e1 c\u00edvka<br \/>\n6000 Puffs<br \/>\n500mAh Rechargeable battery<br \/>\nType-C Charge<br \/>\n12ml eliquid 5% nic<\/p>\n<h2>P\u0159\u00edchut\u011b<\/h2>\n<p>Gumov\u00fd medv\u00eddek<br \/>\nPineappleice<br \/>\nBlue Raspberry<br \/>\nLi\u010di led<br \/>\nMeloun<br \/>\nZelen\u00e9 mango<br \/>\nHrozny<br \/>\nEnergetick\u00fd n\u00e1poj<br \/>\nJahodov\u00e1 zmrzlina<br \/>\nGuava<\/p>\n<h2>Pack &amp; Weight<\/h2>\n<p>240 PCS\/ Carton, 18kg<\/p>\n<figure id=\"attachment_12071\" aria-describedby=\"caption-attachment-12071\" style=\"width: 1020px\" class=\"wp-caption alignnone\"><img loading=\"lazy\" decoding=\"async\" class=\"wp-image-12071 size-large\" title=\"Kamry Flagon 6000 Puffs Disposable Vape Wholesale (1)\" src=\"https:\/\/www.vape4wholesale.com\/wp-content\/uploads\/2023\/03\/Kamry-Flagon-6000-Puffs-Disposable-Vape-Wholesale-1-1024x1024.jpg\" alt=\"Kamry Flagon 6000 Puffs Disposable Vape Wholesale (1)\" width=\"1020\" height=\"1020\" srcset=\"https:\/\/www.vape4wholesale.com\/wp-content\/uploads\/2023\/03\/Kamry-Flagon-6000-Puffs-Disposable-Vape-Wholesale-1-1024x1024.jpg 1024w, https:\/\/www.vape4wholesale.com\/wp-content\/uploads\/2023\/03\/Kamry-Flagon-6000-Puffs-Disposable-Vape-Wholesale-1-247x247.jpg 247w, https:\/\/www.vape4wholesale.com\/wp-content\/uploads\/2023\/03\/Kamry-Flagon-6000-Puffs-Disposable-Vape-Wholesale-1-100x100.jpg 100w, https:\/\/www.vape4wholesale.com\/wp-content\/uploads\/2023\/03\/Kamry-Flagon-6000-Puffs-Disposable-Vape-Wholesale-1-510x510.jpg 510w, https:\/\/www.vape4wholesale.com\/wp-content\/uploads\/2023\/03\/Kamry-Flagon-6000-Puffs-Disposable-Vape-Wholesale-1-64x64.jpg 64w, https:\/\/www.vape4wholesale.com\/wp-content\/uploads\/2023\/03\/Kamry-Flagon-6000-Puffs-Disposable-Vape-Wholesale-1-300x300.jpg 300w, https:\/\/www.vape4wholesale.com\/wp-content\/uploads\/2023\/03\/Kamry-Flagon-6000-Puffs-Disposable-Vape-Wholesale-1-150x150.jpg 150w, https:\/\/www.vape4wholesale.com\/wp-content\/uploads\/2023\/03\/Kamry-Flagon-6000-Puffs-Disposable-Vape-Wholesale-1-768x768.jpg 768w, https:\/\/www.vape4wholesale.com\/wp-content\/uploads\/2023\/03\/Kamry-Flagon-6000-Puffs-Disposable-Vape-Wholesale-1.jpg 1500w\" sizes=\"auto, (max-width: 1020px) 100vw, 1020px\" \/><figcaption id=\"caption-attachment-12071\" class=\"wp-caption-text\">Kamry Flagon 6000 Puffs jednor\u00e1zov\u00e9 Vape velkoobchod<\/figcaption><\/figure>\n<p>&nbsp;<\/p>","protected":false},"excerpt":{"rendered":"[scf-template id=&#8217;11434&#8242;]\n","protected":false},"featured_media":12083,"comment_status":"open","ping_status":"closed","template":"","meta":[],"pwb-brand":[1281],"product_cat":[869],"product_tag":[22,24,30,54,173],"class_list":{"0":"post-8216","1":"product","2":"type-product","3":"status-publish","4":"has-post-thumbnail","6":"pwb-brand-kamry","7":"product_cat-5000-8000-puffs","8":"product_tag-disposable","9":"product_tag-wholesale","10":"product_tag-kamry","11":"product_tag-12-0ml","12":"product_tag-6000-puffs","14":"first","15":"outofstock","16":"shipping-taxable","17":"purchasable","18":"product-type-variable"},"aioseo_notices":[],"brands":[{"id":1281,"name":"Kamry","slug":"kamry"}],"_links":{"self":[{"href":"https:\/\/www.vape4wholesale.com\/cs\/wp-json\/wp\/v2\/product\/8216","targetHints":{"allow":["GET"]}}],"collection":[{"href":"https:\/\/www.vape4wholesale.com\/cs\/wp-json\/wp\/v2\/product"}],"about":[{"href":"https:\/\/www.vape4wholesale.com\/cs\/wp-json\/wp\/v2\/types\/product"}],"replies":[{"embeddable":true,"href":"https:\/\/www.vape4wholesale.com\/cs\/wp-json\/wp\/v2\/comments?post=8216"}],"wp:featuredmedia":[{"embeddable":true,"href":"https:\/\/www.vape4wholesale.com\/cs\/wp-json\/wp\/v2\/media\/12083"}],"wp:attachment":[{"href":"https:\/\/www.vape4wholesale.com\/cs\/wp-json\/wp\/v2\/media?parent=8216"}],"wp:term":[{"taxonomy":"pwb-brand","embeddable":true,"href":"https:\/\/www.vape4wholesale.com\/cs\/wp-json\/wp\/v2\/pwb-brand?post=8216"},{"taxonomy":"product_cat","embeddable":true,"href":"https:\/\/www.vape4wholesale.com\/cs\/wp-json\/wp\/v2\/product_cat?post=8216"},{"taxonomy":"product_tag","embeddable":true,"href":"https:\/\/www.vape4wholesale.com\/cs\/wp-json\/wp\/v2\/product_tag?post=8216"}],"curies":[{"name":"wp","href":"https:\/\/api.w.org\/{rel}","templated":true}]}}