{"id":7815,"date":"2023-03-13T09:21:25","date_gmt":"2023-03-13T01:21:25","guid":{"rendered":"https:\/\/www.vape4wholesale.com\/?post_type=product&#038;p=7815"},"modified":"2026-01-26T13:43:00","modified_gmt":"2026-01-26T13:43:00","slug":"rm-bar-9000-puffs-jednorazovy-vape-velkoobchod","status":"publish","type":"product","link":"https:\/\/www.vape4wholesale.com\/cs\/product\/rm-bar-9000-puffs-disposable-vape-wholesale","title":{"rendered":"R&amp;M Bar 9000 Puffs Jednor\u00e1zov\u00fd velkoobchodn\u00ed prodej Vape"},"content":{"rendered":"<p>R&amp;M Bar 9000 je dob\u00edjec\u00ed jednor\u00e1zov\u00fd Vape s blikaj\u00edc\u00edm sv\u011btlem RGB, je vybaven vestav\u011bnou vysokokapacitn\u00ed bateri\u00ed 650 mA a 15 ml e-liquidu, kter\u00fd podporuje 9000 \u0161luk\u016f, a s ultra n\u00edzk\u00fdm odporem 1,0\u03a9mesh j\u00e1dra, velk\u00e9 \u0161luky se sladkou chut\u00ed, r\u016fzn\u00e9 p\u0159\u00edchut\u011b na v\u00fdb\u011br.<\/p>\n<p>&nbsp;<\/p>\n<h2>R&amp;M Bar 9000 Jednor\u00e1zov\u00e9 Vape Specifikace:<\/h2>\n<p>Zna\u010dka: R&amp;M<\/p>\n<p>Puffy: Na jedno za\u0159\u00edzen\u00ed je k dispozici 9000 puff\u016f.<\/p>\n<p>Nikotin: 2%\/5%<\/p>\n<p>Kapacita e-d\u017eus\u016f: 15ML<\/p>\n<p>Baterie: 650 mAh<\/p>\n<p>Nab\u00edjec\u00ed port: Typ C<\/p>\n<p>Odpor: 1,0\u03a9 Mesh Coil<\/p>\n<p>&nbsp;<\/p>\n<h2>P\u0159\u00edchut\u011b<\/h2>\n<p>Berry Fusion<\/p>\n<p>Duhov\u00e9 bonbony<\/p>\n<p>Broskvov\u00fd meloun Mango<\/p>\n<p>Sn\u011bhov\u00e1 kostka Ice<\/p>\n<p>Ledov\u00e9 melouny Fiji<\/p>\n<p>Fuji Apple Ice<\/p>\n<p>Blue Razz Gran\u00e1tov\u00e9 jablko<\/p>\n<p>Malinov\u00e1 t\u0159e\u0161e\u0148<\/p>\n<p>Jahodov\u00fd meloun<\/p>\n<p>Blue Raspberry Ice,Polo\u017eka: 1960 Sales,Flagon je p\u011bkn\u011b navr\u017een\u00fd jednor\u00e1zov\u00fd vape, m\u00e1 tvar vlajky s dob\u00edjec\u00ed bateri\u00ed 500mah, 5% nikotin 12ml eliquid podporuje max. 6000 puffs, 500mAh dob\u00edjec\u00ed baterie,Type-C Charge,12ml eliquid 5% nic,Pineappleice,Blue Raspberry,Balen\u00ed a hmotnost,240 ks\/karton, 18kg,\u00danor 12, 2023,Levn\u00e9 s dobrou kvalitou,Kamry Flagon 6000 Puffs Disposable Vape Wholesale (1),Kamry Flagon 6000 Puffs Disposable Vape Wholesale (2),Kamry Flagon 6000 Puffs Disposable Vape Wholesale (3),Kamry Flagon 6000 Puffs Disposable Vape Wholesale (4),Kamry Flagon 6000 Puffs Disposable Vape Wholesale (5),Kamry Flagon 6000 Puffs Disposable Vape Wholesale (6),Kamry Flagon 6000 Puffs Disposable Vape Wholesale (9),Kamry Flagon 6000 Puffs Disposable Vape Wholesale (8),Kamry Flagon 6000 Puffs Disposable Vape Wholesale (7),Kamry Flagon 6000 Puffs Disposable Vape Wholesale (10),Kamry Flagon 6000 Puffs Disposable Vape Wholesale (11),Kamry Flagon 6000 Puffs Disposable Vape Wholesale (13),Kamry Flagon 6000 Puffs Disposable Vape Wholesale (14),Kamry Flagon 6000 Puffs Disposable Vape Wholesale (15),Kamry Flagon 6000 Puffs Disposable Vape Wholesale (16)<\/p>\n<p>Melounov\u00e1 \u017ev\u00fdka\u010dka<\/p>\n<p>O\u0161t\u011bpov\u00e1 m\u00e1ta<\/p>\n<p>Malinov\u00e1 broskvov\u00e1 zmrzlina<\/p>\n<p>Tropick\u00fd pun\u010d<\/p>\n<p>Energetick\u00fd n\u00e1poj<\/p>\n<p>Kiwi Dragon Berry<\/p>\n<p>&nbsp;<\/p>\n<h2>Balen\u00ed a hmotnost<\/h2>\n<p>0,064 kg\/ks, jeden kus v mal\u00e9m balen\u00ed, 10 ks ve st\u0159edn\u00ed krabici.<\/p>\n<p>300 ks v hlavn\u00edm kartonu, 19,1 kg.<\/p>\n<p><img loading=\"lazy\" decoding=\"async\" class=\"alignnone size-full wp-image-12143\" title=\"RM BAR 9000 Puffs Jednor\u00e1zov\u00e9 Vape Velkoobchod V\u0161echny p\u0159\u00edchut\u011b\" src=\"https:\/\/www.vape4wholesale.com\/wp-content\/uploads\/2023\/03\/RM-BAR-9000-Puffs-Disposable-Vape-Wholesale-All-Flavors.jpg\" alt=\"RM BAR 9000 Puffs Jednor\u00e1zov\u00e9 Vape Velkoobchod V\u0161echny p\u0159\u00edchut\u011b\" width=\"800\" height=\"800\" srcset=\"https:\/\/www.vape4wholesale.com\/wp-content\/uploads\/2023\/03\/RM-BAR-9000-Puffs-Disposable-Vape-Wholesale-All-Flavors.jpg 800w, https:\/\/www.vape4wholesale.com\/wp-content\/uploads\/2023\/03\/RM-BAR-9000-Puffs-Disposable-Vape-Wholesale-All-Flavors-247x247.jpg 247w, https:\/\/www.vape4wholesale.com\/wp-content\/uploads\/2023\/03\/RM-BAR-9000-Puffs-Disposable-Vape-Wholesale-All-Flavors-100x100.jpg 100w, https:\/\/www.vape4wholesale.com\/wp-content\/uploads\/2023\/03\/RM-BAR-9000-Puffs-Disposable-Vape-Wholesale-All-Flavors-510x510.jpg 510w, https:\/\/www.vape4wholesale.com\/wp-content\/uploads\/2023\/03\/RM-BAR-9000-Puffs-Disposable-Vape-Wholesale-All-Flavors-64x64.jpg 64w, https:\/\/www.vape4wholesale.com\/wp-content\/uploads\/2023\/03\/RM-BAR-9000-Puffs-Disposable-Vape-Wholesale-All-Flavors-300x300.jpg 300w, https:\/\/www.vape4wholesale.com\/wp-content\/uploads\/2023\/03\/RM-BAR-9000-Puffs-Disposable-Vape-Wholesale-All-Flavors-150x150.jpg 150w, https:\/\/www.vape4wholesale.com\/wp-content\/uploads\/2023\/03\/RM-BAR-9000-Puffs-Disposable-Vape-Wholesale-All-Flavors-768x768.jpg 768w\" sizes=\"auto, (max-width: 800px) 100vw, 800px\" \/> <img loading=\"lazy\" decoding=\"async\" class=\"alignnone size-full wp-image-12141\" title=\"RM BAR 9000 Puffs Jednor\u00e1zov\u00e9 Vape Velkoobchod\" src=\"https:\/\/www.vape4wholesale.com\/wp-content\/uploads\/2023\/03\/RM-BAR-9000-Puffs-Disposable-Vape-Wholesale.jpg\" alt=\"RM BAR 9000 Puffs Jednor\u00e1zov\u00e9 Vape Velkoobchod\" width=\"800\" height=\"1131\" srcset=\"https:\/\/www.vape4wholesale.com\/wp-content\/uploads\/2023\/03\/RM-BAR-9000-Puffs-Disposable-Vape-Wholesale.jpg 800w, https:\/\/www.vape4wholesale.com\/wp-content\/uploads\/2023\/03\/RM-BAR-9000-Puffs-Disposable-Vape-Wholesale-510x721.jpg 510w, https:\/\/www.vape4wholesale.com\/wp-content\/uploads\/2023\/03\/RM-BAR-9000-Puffs-Disposable-Vape-Wholesale-64x90.jpg 64w, https:\/\/www.vape4wholesale.com\/wp-content\/uploads\/2023\/03\/RM-BAR-9000-Puffs-Disposable-Vape-Wholesale-212x300.jpg 212w, https:\/\/www.vape4wholesale.com\/wp-content\/uploads\/2023\/03\/RM-BAR-9000-Puffs-Disposable-Vape-Wholesale-724x1024.jpg 724w, https:\/\/www.vape4wholesale.com\/wp-content\/uploads\/2023\/03\/RM-BAR-9000-Puffs-Disposable-Vape-Wholesale-768x1086.jpg 768w\" sizes=\"auto, (max-width: 800px) 100vw, 800px\" \/> <img loading=\"lazy\" decoding=\"async\" class=\"alignnone size-full wp-image-12142\" title=\"RM BAR 9000 Puffs Jednor\u00e1zov\u00e9 Vape Velkoobchod 3 p\u0159\u00edchut\u011b\" src=\"https:\/\/www.vape4wholesale.com\/wp-content\/uploads\/2023\/03\/RM-BAR-9000-Puffs-Disposable-Vape-Wholesale-3-Flavors.jpg\" alt=\"RM BAR 9000 Puffs Jednor\u00e1zov\u00e9 Vape Velkoobchod 3 p\u0159\u00edchut\u011b\" width=\"800\" height=\"800\" srcset=\"https:\/\/www.vape4wholesale.com\/wp-content\/uploads\/2023\/03\/RM-BAR-9000-Puffs-Disposable-Vape-Wholesale-3-Flavors.jpg 800w, https:\/\/www.vape4wholesale.com\/wp-content\/uploads\/2023\/03\/RM-BAR-9000-Puffs-Disposable-Vape-Wholesale-3-Flavors-247x247.jpg 247w, https:\/\/www.vape4wholesale.com\/wp-content\/uploads\/2023\/03\/RM-BAR-9000-Puffs-Disposable-Vape-Wholesale-3-Flavors-100x100.jpg 100w, https:\/\/www.vape4wholesale.com\/wp-content\/uploads\/2023\/03\/RM-BAR-9000-Puffs-Disposable-Vape-Wholesale-3-Flavors-510x510.jpg 510w, https:\/\/www.vape4wholesale.com\/wp-content\/uploads\/2023\/03\/RM-BAR-9000-Puffs-Disposable-Vape-Wholesale-3-Flavors-64x64.jpg 64w, https:\/\/www.vape4wholesale.com\/wp-content\/uploads\/2023\/03\/RM-BAR-9000-Puffs-Disposable-Vape-Wholesale-3-Flavors-300x300.jpg 300w, https:\/\/www.vape4wholesale.com\/wp-content\/uploads\/2023\/03\/RM-BAR-9000-Puffs-Disposable-Vape-Wholesale-3-Flavors-150x150.jpg 150w, https:\/\/www.vape4wholesale.com\/wp-content\/uploads\/2023\/03\/RM-BAR-9000-Puffs-Disposable-Vape-Wholesale-3-Flavors-768x768.jpg 768w\" sizes=\"auto, (max-width: 800px) 100vw, 800px\" \/> <img loading=\"lazy\" decoding=\"async\" class=\"alignnone size-full wp-image-12144\" title=\"RM BAR 9000 Puffs Jednor\u00e1zov\u00e9 Vape Velkoobchod Berry Fusion\" src=\"https:\/\/www.vape4wholesale.com\/wp-content\/uploads\/2023\/03\/RM-BAR-9000-Puffs-Disposable-Vape-Wholesale-Berry-Fusion.jpg\" alt=\"RM BAR 9000 Puffs Jednor\u00e1zov\u00e9 Vape Velkoobchod Berry Fusion\" width=\"800\" height=\"800\" srcset=\"https:\/\/www.vape4wholesale.com\/wp-content\/uploads\/2023\/03\/RM-BAR-9000-Puffs-Disposable-Vape-Wholesale-Berry-Fusion.jpg 800w, https:\/\/www.vape4wholesale.com\/wp-content\/uploads\/2023\/03\/RM-BAR-9000-Puffs-Disposable-Vape-Wholesale-Berry-Fusion-247x247.jpg 247w, https:\/\/www.vape4wholesale.com\/wp-content\/uploads\/2023\/03\/RM-BAR-9000-Puffs-Disposable-Vape-Wholesale-Berry-Fusion-100x100.jpg 100w, https:\/\/www.vape4wholesale.com\/wp-content\/uploads\/2023\/03\/RM-BAR-9000-Puffs-Disposable-Vape-Wholesale-Berry-Fusion-510x510.jpg 510w, https:\/\/www.vape4wholesale.com\/wp-content\/uploads\/2023\/03\/RM-BAR-9000-Puffs-Disposable-Vape-Wholesale-Berry-Fusion-64x64.jpg 64w, https:\/\/www.vape4wholesale.com\/wp-content\/uploads\/2023\/03\/RM-BAR-9000-Puffs-Disposable-Vape-Wholesale-Berry-Fusion-300x300.jpg 300w, https:\/\/www.vape4wholesale.com\/wp-content\/uploads\/2023\/03\/RM-BAR-9000-Puffs-Disposable-Vape-Wholesale-Berry-Fusion-150x150.jpg 150w, https:\/\/www.vape4wholesale.com\/wp-content\/uploads\/2023\/03\/RM-BAR-9000-Puffs-Disposable-Vape-Wholesale-Berry-Fusion-768x768.jpg 768w\" sizes=\"auto, (max-width: 800px) 100vw, 800px\" \/> <img loading=\"lazy\" decoding=\"async\" class=\"alignnone size-full wp-image-12154\" title=\"RM BAR 9000 Puffs Jednor\u00e1zov\u00e9 Vape Velkoobchod Raspberry Cherry\" src=\"https:\/\/www.vape4wholesale.com\/wp-content\/uploads\/2023\/03\/RM-BAR-9000-Puffs-Disposable-Vape-Wholesale-Raspberry-Cherry.jpg\" alt=\"RM BAR 9000 Puffs Jednor\u00e1zov\u00e9 Vape Velkoobchod Raspberry Cherry\" width=\"800\" height=\"800\" srcset=\"https:\/\/www.vape4wholesale.com\/wp-content\/uploads\/2023\/03\/RM-BAR-9000-Puffs-Disposable-Vape-Wholesale-Raspberry-Cherry.jpg 800w, https:\/\/www.vape4wholesale.com\/wp-content\/uploads\/2023\/03\/RM-BAR-9000-Puffs-Disposable-Vape-Wholesale-Raspberry-Cherry-247x247.jpg 247w, https:\/\/www.vape4wholesale.com\/wp-content\/uploads\/2023\/03\/RM-BAR-9000-Puffs-Disposable-Vape-Wholesale-Raspberry-Cherry-100x100.jpg 100w, https:\/\/www.vape4wholesale.com\/wp-content\/uploads\/2023\/03\/RM-BAR-9000-Puffs-Disposable-Vape-Wholesale-Raspberry-Cherry-510x510.jpg 510w, https:\/\/www.vape4wholesale.com\/wp-content\/uploads\/2023\/03\/RM-BAR-9000-Puffs-Disposable-Vape-Wholesale-Raspberry-Cherry-64x64.jpg 64w, https:\/\/www.vape4wholesale.com\/wp-content\/uploads\/2023\/03\/RM-BAR-9000-Puffs-Disposable-Vape-Wholesale-Raspberry-Cherry-300x300.jpg 300w, https:\/\/www.vape4wholesale.com\/wp-content\/uploads\/2023\/03\/RM-BAR-9000-Puffs-Disposable-Vape-Wholesale-Raspberry-Cherry-150x150.jpg 150w, https:\/\/www.vape4wholesale.com\/wp-content\/uploads\/2023\/03\/RM-BAR-9000-Puffs-Disposable-Vape-Wholesale-Raspberry-Cherry-768x768.jpg 768w\" sizes=\"auto, (max-width: 800px) 100vw, 800px\" \/> <img loading=\"lazy\" decoding=\"async\" class=\"alignnone size-full wp-image-12157\" title=\"RM BAR 9000 Puffs Jednor\u00e1zov\u00e9 Vape Velkoobchod Strawberry Watermelon\" src=\"https:\/\/www.vape4wholesale.com\/wp-content\/uploads\/2023\/03\/RM-BAR-9000-Puffs-Disposable-Vape-Wholesale-Strawberry-Watermelon.jpg\" alt=\"RM BAR 9000 Puffs Jednor\u00e1zov\u00e9 Vape Velkoobchod Strawberry Watermelon\" width=\"800\" height=\"800\" srcset=\"https:\/\/www.vape4wholesale.com\/wp-content\/uploads\/2023\/03\/RM-BAR-9000-Puffs-Disposable-Vape-Wholesale-Strawberry-Watermelon.jpg 800w, https:\/\/www.vape4wholesale.com\/wp-content\/uploads\/2023\/03\/RM-BAR-9000-Puffs-Disposable-Vape-Wholesale-Strawberry-Watermelon-247x247.jpg 247w, https:\/\/www.vape4wholesale.com\/wp-content\/uploads\/2023\/03\/RM-BAR-9000-Puffs-Disposable-Vape-Wholesale-Strawberry-Watermelon-100x100.jpg 100w, https:\/\/www.vape4wholesale.com\/wp-content\/uploads\/2023\/03\/RM-BAR-9000-Puffs-Disposable-Vape-Wholesale-Strawberry-Watermelon-510x510.jpg 510w, https:\/\/www.vape4wholesale.com\/wp-content\/uploads\/2023\/03\/RM-BAR-9000-Puffs-Disposable-Vape-Wholesale-Strawberry-Watermelon-64x64.jpg 64w, https:\/\/www.vape4wholesale.com\/wp-content\/uploads\/2023\/03\/RM-BAR-9000-Puffs-Disposable-Vape-Wholesale-Strawberry-Watermelon-300x300.jpg 300w, https:\/\/www.vape4wholesale.com\/wp-content\/uploads\/2023\/03\/RM-BAR-9000-Puffs-Disposable-Vape-Wholesale-Strawberry-Watermelon-150x150.jpg 150w, https:\/\/www.vape4wholesale.com\/wp-content\/uploads\/2023\/03\/RM-BAR-9000-Puffs-Disposable-Vape-Wholesale-Strawberry-Watermelon-768x768.jpg 768w\" sizes=\"auto, (max-width: 800px) 100vw, 800px\" \/> <img loading=\"lazy\" decoding=\"async\" class=\"alignnone size-full wp-image-12158\" title=\"RM BAR 9000 Puffs Jednor\u00e1zov\u00e9 Vape Velkoobchod Tropical Punch\" src=\"https:\/\/www.vape4wholesale.com\/wp-content\/uploads\/2023\/03\/RM-BAR-9000-Puffs-Disposable-Vape-Wholesale-Tropical-Punch.jpg\" alt=\"RM BAR 9000 Puffs Jednor\u00e1zov\u00e9 Vape Velkoobchod Tropical Punch\" width=\"800\" height=\"800\" srcset=\"https:\/\/www.vape4wholesale.com\/wp-content\/uploads\/2023\/03\/RM-BAR-9000-Puffs-Disposable-Vape-Wholesale-Tropical-Punch.jpg 800w, https:\/\/www.vape4wholesale.com\/wp-content\/uploads\/2023\/03\/RM-BAR-9000-Puffs-Disposable-Vape-Wholesale-Tropical-Punch-247x247.jpg 247w, https:\/\/www.vape4wholesale.com\/wp-content\/uploads\/2023\/03\/RM-BAR-9000-Puffs-Disposable-Vape-Wholesale-Tropical-Punch-100x100.jpg 100w, https:\/\/www.vape4wholesale.com\/wp-content\/uploads\/2023\/03\/RM-BAR-9000-Puffs-Disposable-Vape-Wholesale-Tropical-Punch-510x510.jpg 510w, https:\/\/www.vape4wholesale.com\/wp-content\/uploads\/2023\/03\/RM-BAR-9000-Puffs-Disposable-Vape-Wholesale-Tropical-Punch-64x64.jpg 64w, https:\/\/www.vape4wholesale.com\/wp-content\/uploads\/2023\/03\/RM-BAR-9000-Puffs-Disposable-Vape-Wholesale-Tropical-Punch-300x300.jpg 300w, https:\/\/www.vape4wholesale.com\/wp-content\/uploads\/2023\/03\/RM-BAR-9000-Puffs-Disposable-Vape-Wholesale-Tropical-Punch-150x150.jpg 150w, https:\/\/www.vape4wholesale.com\/wp-content\/uploads\/2023\/03\/RM-BAR-9000-Puffs-Disposable-Vape-Wholesale-Tropical-Punch-768x768.jpg 768w\" sizes=\"auto, (max-width: 800px) 100vw, 800px\" \/> <img loading=\"lazy\" decoding=\"async\" class=\"alignnone size-full wp-image-12149\" title=\"RM BAR 9000 Puffs Jednor\u00e1zov\u00e9 velkoobchodn\u00ed p\u0159\u00edchut\u011b Vape\" src=\"https:\/\/www.vape4wholesale.com\/wp-content\/uploads\/2023\/03\/RM-BAR-9000-Puffs-Disposable-Vape-Wholesale-Flavors.jpg\" alt=\"RM BAR 9000 Puffs Jednor\u00e1zov\u00e9 velkoobchodn\u00ed p\u0159\u00edchut\u011b Vape\" width=\"800\" height=\"800\" srcset=\"https:\/\/www.vape4wholesale.com\/wp-content\/uploads\/2023\/03\/RM-BAR-9000-Puffs-Disposable-Vape-Wholesale-Flavors.jpg 800w, https:\/\/www.vape4wholesale.com\/wp-content\/uploads\/2023\/03\/RM-BAR-9000-Puffs-Disposable-Vape-Wholesale-Flavors-247x247.jpg 247w, https:\/\/www.vape4wholesale.com\/wp-content\/uploads\/2023\/03\/RM-BAR-9000-Puffs-Disposable-Vape-Wholesale-Flavors-100x100.jpg 100w, https:\/\/www.vape4wholesale.com\/wp-content\/uploads\/2023\/03\/RM-BAR-9000-Puffs-Disposable-Vape-Wholesale-Flavors-510x510.jpg 510w, https:\/\/www.vape4wholesale.com\/wp-content\/uploads\/2023\/03\/RM-BAR-9000-Puffs-Disposable-Vape-Wholesale-Flavors-64x64.jpg 64w, https:\/\/www.vape4wholesale.com\/wp-content\/uploads\/2023\/03\/RM-BAR-9000-Puffs-Disposable-Vape-Wholesale-Flavors-300x300.jpg 300w, https:\/\/www.vape4wholesale.com\/wp-content\/uploads\/2023\/03\/RM-BAR-9000-Puffs-Disposable-Vape-Wholesale-Flavors-150x150.jpg 150w, https:\/\/www.vape4wholesale.com\/wp-content\/uploads\/2023\/03\/RM-BAR-9000-Puffs-Disposable-Vape-Wholesale-Flavors-768x768.jpg 768w\" sizes=\"auto, (max-width: 800px) 100vw, 800px\" \/><\/p>","protected":false},"excerpt":{"rendered":"[scf-template id=&#8217;11434&#8242;]\n","protected":false},"featured_media":12142,"comment_status":"open","ping_status":"closed","template":"","meta":[],"pwb-brand":[1285],"product_cat":[870],"product_tag":[22,24,233,336,396],"class_list":{"0":"post-7815","1":"product","2":"type-product","3":"status-publish","4":"has-post-thumbnail","6":"pwb-brand-r-m","7":"product_cat-8000-10000-puffs","8":"product_tag-disposable","9":"product_tag-wholesale","10":"product_tag-15-0ml","11":"product_tag-9000-puffs","12":"product_tag-rm","13":"wcpa_has_options","15":"first","16":"outofstock","17":"shipping-taxable","18":"purchasable","19":"product-type-variable"},"aioseo_notices":[],"brands":[{"id":1285,"name":"R&amp;M","slug":"r-m"}],"_links":{"self":[{"href":"https:\/\/www.vape4wholesale.com\/cs\/wp-json\/wp\/v2\/product\/7815","targetHints":{"allow":["GET"]}}],"collection":[{"href":"https:\/\/www.vape4wholesale.com\/cs\/wp-json\/wp\/v2\/product"}],"about":[{"href":"https:\/\/www.vape4wholesale.com\/cs\/wp-json\/wp\/v2\/types\/product"}],"replies":[{"embeddable":true,"href":"https:\/\/www.vape4wholesale.com\/cs\/wp-json\/wp\/v2\/comments?post=7815"}],"wp:featuredmedia":[{"embeddable":true,"href":"https:\/\/www.vape4wholesale.com\/cs\/wp-json\/wp\/v2\/media\/12142"}],"wp:attachment":[{"href":"https:\/\/www.vape4wholesale.com\/cs\/wp-json\/wp\/v2\/media?parent=7815"}],"wp:term":[{"taxonomy":"pwb-brand","embeddable":true,"href":"https:\/\/www.vape4wholesale.com\/cs\/wp-json\/wp\/v2\/pwb-brand?post=7815"},{"taxonomy":"product_cat","embeddable":true,"href":"https:\/\/www.vape4wholesale.com\/cs\/wp-json\/wp\/v2\/product_cat?post=7815"},{"taxonomy":"product_tag","embeddable":true,"href":"https:\/\/www.vape4wholesale.com\/cs\/wp-json\/wp\/v2\/product_tag?post=7815"}],"curies":[{"name":"wp","href":"https:\/\/api.w.org\/{rel}","templated":true}]}}