{"id":7022,"date":"2023-02-18T08:51:34","date_gmt":"2023-02-18T00:51:34","guid":{"rendered":"https:\/\/www.vape4wholesale.com\/?post_type=product&#038;p=7022"},"modified":"2026-01-26T13:43:04","modified_gmt":"2026-01-26T13:43:04","slug":"bang-promax-switch-2000-puffs-jednorazovy-vape-velkoobchod","status":"publish","type":"product","link":"https:\/\/www.vape4wholesale.com\/cs\/product\/bang-promax-switch-2000-puffs-disposable-vape-wholesale","title":{"rendered":"Bang Promax Switch 2000 Puffs Jednor\u00e1zov\u00fd velkoobchodn\u00ed prodej Vape"},"content":{"rendered":"<p>na <strong><a href=\"https:\/\/www.vape4wholesale.com\/cs\/product_brand\/bang\/\">Bang<\/a> Promax Switch 2000<\/strong> je jednor\u00e1zov\u00fd vape s dvojitou p\u0159\u00edchut\u00ed a tla\u010d\u00edtkem pro p\u0159ep\u00edn\u00e1n\u00ed, dod\u00e1v\u00e1 se s 1000 plus 1000 \u0161luky, tak\u017ee celkem podporuje 2000 \u0161luk\u016f.<\/p>\n<h2>Rychl\u00e9 informace o Bang Promax Switch 2000 Puffs Disposable Vape<\/h2>\n<p>17350 , 850 mAh<br \/>\n1.8 \u03a9<br \/>\n7,0 ML<br \/>\n1000+1000puff\u016f<br \/>\n10 ks\/balen\u00ed, 30 krabi\u010dek\/karton 10+10 p\u0159\u00edchut\u00ed<\/p>\n<p>&nbsp;<\/p>\n<h2>Dostupn\u00e9 p\u0159\u00edchut\u011b (2 v 1 p\u0159\u00edchut\u00edch):<\/h2>\n<p>Jahodov\u00fd led + hroznov\u00e1 limon\u00e1da<br \/>\nMelounov\u00fd led + koksov\u00fd led<br \/>\nBroskvov\u00fd led + pomeran\u010dov\u00e1 soda<br \/>\nBan\u00e1nov\u00fd led + gumov\u00ed medv\u00eddci<br \/>\nMango Ice + citronov\u00e1 limon\u00e1da<br \/>\nMu\u010denka + ananas<br \/>\nSm\u00ed\u0161en\u00e9 bobule + led z modr\u00e9 pl\u00edsn\u011b<br \/>\nLedov\u00e1 m\u00e1ta + aloe hroznov\u00e9<br \/>\nR\u016f\u017eov\u00fd citron + jahodov\u00e9 kiwi<br \/>\nZelen\u00e9 jablko + Guava<\/p>\n<p><img loading=\"lazy\" decoding=\"async\" class=\"alignnone size-full wp-image-12452\" title=\"Bang Pro Max Switch 2000 Puffs jednor\u00e1zov\u00fd velkoobchodn\u00ed prodej (3)\" src=\"https:\/\/www.vape4wholesale.com\/wp-content\/uploads\/2023\/02\/Bang-Pro-Max-Switch-2000-Puffs-Disposable-Vape-Wholesale-3.jpg\" alt=\"Bang Pro Max Switch 2000 Puffs jednor\u00e1zov\u00fd velkoobchodn\u00ed prodej (3)\" width=\"550\" height=\"550\" srcset=\"https:\/\/www.vape4wholesale.com\/wp-content\/uploads\/2023\/02\/Bang-Pro-Max-Switch-2000-Puffs-Disposable-Vape-Wholesale-3.jpg 550w, https:\/\/www.vape4wholesale.com\/wp-content\/uploads\/2023\/02\/Bang-Pro-Max-Switch-2000-Puffs-Disposable-Vape-Wholesale-3-247x247.jpg 247w, https:\/\/www.vape4wholesale.com\/wp-content\/uploads\/2023\/02\/Bang-Pro-Max-Switch-2000-Puffs-Disposable-Vape-Wholesale-3-100x100.jpg 100w, https:\/\/www.vape4wholesale.com\/wp-content\/uploads\/2023\/02\/Bang-Pro-Max-Switch-2000-Puffs-Disposable-Vape-Wholesale-3-510x510.jpg 510w, https:\/\/www.vape4wholesale.com\/wp-content\/uploads\/2023\/02\/Bang-Pro-Max-Switch-2000-Puffs-Disposable-Vape-Wholesale-3-64x64.jpg 64w, https:\/\/www.vape4wholesale.com\/wp-content\/uploads\/2023\/02\/Bang-Pro-Max-Switch-2000-Puffs-Disposable-Vape-Wholesale-3-300x300.jpg 300w, https:\/\/www.vape4wholesale.com\/wp-content\/uploads\/2023\/02\/Bang-Pro-Max-Switch-2000-Puffs-Disposable-Vape-Wholesale-3-150x150.jpg 150w\" sizes=\"auto, (max-width: 550px) 100vw, 550px\" \/> <img loading=\"lazy\" decoding=\"async\" class=\"alignnone size-full wp-image-12450\" title=\"Bang Pro Max Switch 2000 Puffs Jednor\u00e1zov\u00fd velkoobchodn\u00ed prodej (1)\" src=\"https:\/\/www.vape4wholesale.com\/wp-content\/uploads\/2023\/02\/Bang-Pro-Max-Switch-2000-Puffs-Disposable-Vape-Wholesale-1.jpg\" alt=\"Bang Pro Max Switch 2000 Puffs Jednor\u00e1zov\u00fd velkoobchodn\u00ed prodej (1)\" width=\"600\" height=\"600\" srcset=\"https:\/\/www.vape4wholesale.com\/wp-content\/uploads\/2023\/02\/Bang-Pro-Max-Switch-2000-Puffs-Disposable-Vape-Wholesale-1.jpg 600w, https:\/\/www.vape4wholesale.com\/wp-content\/uploads\/2023\/02\/Bang-Pro-Max-Switch-2000-Puffs-Disposable-Vape-Wholesale-1-247x247.jpg 247w, https:\/\/www.vape4wholesale.com\/wp-content\/uploads\/2023\/02\/Bang-Pro-Max-Switch-2000-Puffs-Disposable-Vape-Wholesale-1-100x100.jpg 100w, https:\/\/www.vape4wholesale.com\/wp-content\/uploads\/2023\/02\/Bang-Pro-Max-Switch-2000-Puffs-Disposable-Vape-Wholesale-1-510x510.jpg 510w, https:\/\/www.vape4wholesale.com\/wp-content\/uploads\/2023\/02\/Bang-Pro-Max-Switch-2000-Puffs-Disposable-Vape-Wholesale-1-64x64.jpg 64w, https:\/\/www.vape4wholesale.com\/wp-content\/uploads\/2023\/02\/Bang-Pro-Max-Switch-2000-Puffs-Disposable-Vape-Wholesale-1-300x300.jpg 300w, https:\/\/www.vape4wholesale.com\/wp-content\/uploads\/2023\/02\/Bang-Pro-Max-Switch-2000-Puffs-Disposable-Vape-Wholesale-1-150x150.jpg 150w\" sizes=\"auto, (max-width: 600px) 100vw, 600px\" \/><\/p>","protected":false},"excerpt":{"rendered":"[scf-template id=&#8217;11434&#8242;]\n","protected":false},"featured_media":12452,"comment_status":"open","ping_status":"closed","template":"","meta":[],"pwb-brand":[1275],"product_cat":[25],"product_tag":[249,364,22,24,164],"class_list":{"0":"post-7022","1":"product","2":"type-product","3":"status-publish","4":"has-post-thumbnail","6":"pwb-brand-bang","7":"product_cat-2000-3000-puffs","8":"product_tag-bang","9":"product_tag-7-0ml","10":"product_tag-disposable","11":"product_tag-wholesale","12":"product_tag-2000-puffs","13":"wcpa_has_options","15":"first","16":"outofstock","17":"shipping-taxable","18":"purchasable","19":"product-type-variable"},"aioseo_notices":[],"brands":[{"id":1275,"name":"Bang","slug":"bang"}],"_links":{"self":[{"href":"https:\/\/www.vape4wholesale.com\/cs\/wp-json\/wp\/v2\/product\/7022","targetHints":{"allow":["GET"]}}],"collection":[{"href":"https:\/\/www.vape4wholesale.com\/cs\/wp-json\/wp\/v2\/product"}],"about":[{"href":"https:\/\/www.vape4wholesale.com\/cs\/wp-json\/wp\/v2\/types\/product"}],"replies":[{"embeddable":true,"href":"https:\/\/www.vape4wholesale.com\/cs\/wp-json\/wp\/v2\/comments?post=7022"}],"wp:featuredmedia":[{"embeddable":true,"href":"https:\/\/www.vape4wholesale.com\/cs\/wp-json\/wp\/v2\/media\/12452"}],"wp:attachment":[{"href":"https:\/\/www.vape4wholesale.com\/cs\/wp-json\/wp\/v2\/media?parent=7022"}],"wp:term":[{"taxonomy":"pwb-brand","embeddable":true,"href":"https:\/\/www.vape4wholesale.com\/cs\/wp-json\/wp\/v2\/pwb-brand?post=7022"},{"taxonomy":"product_cat","embeddable":true,"href":"https:\/\/www.vape4wholesale.com\/cs\/wp-json\/wp\/v2\/product_cat?post=7022"},{"taxonomy":"product_tag","embeddable":true,"href":"https:\/\/www.vape4wholesale.com\/cs\/wp-json\/wp\/v2\/product_tag?post=7022"}],"curies":[{"name":"wp","href":"https:\/\/api.w.org\/{rel}","templated":true}]}}