{"id":6952,"date":"2023-02-14T08:12:14","date_gmt":"2023-02-14T00:12:14","guid":{"rendered":"https:\/\/www.vape4wholesale.com\/?post_type=product&#038;p=6952"},"modified":"2026-01-26T13:43:06","modified_gmt":"2026-01-26T13:43:06","slug":"randm-sunax-21000-puffs-jednorazovy-vape-velkoobchod","status":"publish","type":"product","link":"https:\/\/www.vape4wholesale.com\/cs\/product\/randm-sunax-21000-puffs-disposable-vape-wholesale","title":{"rendered":"Randm Sunax 21000 Puffs Jednor\u00e1zov\u00fd velkoobchod s vapem"},"content":{"rendered":"<p><strong><a href=\"https:\/\/www.vape4wholesale.com\/cs\/product_brand\/randm\/\">RandM<\/a> Sunax 21000<\/strong>\u00a0je jednor\u00e1zov\u00e9 vape za\u0159\u00edzen\u00ed s vym\u011bniteln\u00fdmi kapslemi. Je tak\u00e9 vybaven regulac\u00ed pr\u016ftoku vzduchu a lze jej dob\u00edjet. Obsahuje 14 ml e-\u0161\u0165\u00e1vy s nikotinovou sol\u00ed 0\/2\/3\/5% a vapuje a\u017e 7000 \u0161luk\u016f ka\u017ed\u00fd pod. Na v\u00fdb\u011br m\u00e1te 12 p\u0159\u00edchut\u00ed. Regulace airflow v\u00e1m umo\u017en\u00ed vybrat si to nejlep\u0161\u00ed m\u00edsto, kter\u00e9 v\u00e1m vyhovuje, a nav\u00edc je vybavena dob\u00edjec\u00edm portem typu C na zadn\u00ed stran\u011b za\u0159\u00edzen\u00ed, kter\u00fd v\u00e1m zaru\u010d\u00ed, \u017ee v\u017edy dopijete posledn\u00ed kapku ejuice v tanku.<\/p>\n<h2><b data-stringify-type=\"bold\">RandM\u00a0<strong>Sunax 21000<\/strong>\u00a0Jednor\u00e1zov\u00e9 za\u0159\u00edzen\u00ed Vlastnosti:<\/b><\/h2>\n<p>\u26110\/2\/3\/5% Nikotinov\u00e1 s\u016fl.<br \/>\n\u261114ML E-liquidu *3<br \/>\n\u2611\u0158\u00edzen\u00ed proud\u011bn\u00ed vzduchu<br \/>\n\u2611Mesh Coil<br \/>\n\u2611Nab\u00edjec\u00ed baterie<br \/>\n\u2611Integrovan\u00e1 850mAh baterie.<br \/>\n\u261112 dostupn\u00fdch p\u0159\u00edchut\u00ed.<br \/>\n\u26115ks v krabi\u010dce.<br \/>\n\u261190ks v kartonu\/ 19KG<\/p>\n<p>\u2611 velikost kartonu: 50,8*49,8*37,2 CM<\/p>\n<h2><b data-stringify-type=\"bold\">Dostupn\u00e9 p\u0159\u00edchut\u011b:<\/b><\/h2>\n<p>1 Cool Mint<br \/>\n2 Sv\u011b\u017e\u00ed led<br \/>\n3 jahodov\u00e9 koblihy<br \/>\n4 Gumov\u00fd medv\u00eddek<br \/>\n5 R\u016f\u017eov\u00e1 limon\u00e1da<br \/>\n6 sm\u00ed\u0161en\u00fdch bobul\u00ed<br \/>\n7 Stawberry Watermelon<br \/>\n8 Red Apple Lemon<br \/>\n9 Cukrov\u00e1 vata<br \/>\n10.Pan modr\u00fd<br \/>\n11 Grapefruitov\u00fd led<br \/>\n12.Cola<\/p>\n<p><img loading=\"lazy\" decoding=\"async\" class=\"alignnone size-full wp-image-12453\" title=\"VELKOOBCHODN\u00cd PRODEJ JEDNOR\u00c1ZOV\u00ddCH VAPE ZA\u0158\u00cdZEN\u00cd SUNAX 21000 (1)\" src=\"https:\/\/www.vape4wholesale.com\/wp-content\/uploads\/2023\/02\/RANDM-SUNAX-21000-DISPOSABLE-VAPE-WHOLESALE-1.jpg\" alt=\"VELKOOBCHODN\u00cd PRODEJ JEDNOR\u00c1ZOV\u00ddCH VAPE ZA\u0158\u00cdZEN\u00cd SUNAX 21000 (1)\" width=\"590\" height=\"504\" srcset=\"https:\/\/www.vape4wholesale.com\/wp-content\/uploads\/2023\/02\/RANDM-SUNAX-21000-DISPOSABLE-VAPE-WHOLESALE-1.jpg 590w, https:\/\/www.vape4wholesale.com\/wp-content\/uploads\/2023\/02\/RANDM-SUNAX-21000-DISPOSABLE-VAPE-WHOLESALE-1-510x436.jpg 510w, https:\/\/www.vape4wholesale.com\/wp-content\/uploads\/2023\/02\/RANDM-SUNAX-21000-DISPOSABLE-VAPE-WHOLESALE-1-64x55.jpg 64w, https:\/\/www.vape4wholesale.com\/wp-content\/uploads\/2023\/02\/RANDM-SUNAX-21000-DISPOSABLE-VAPE-WHOLESALE-1-300x256.jpg 300w\" sizes=\"auto, (max-width: 590px) 100vw, 590px\" \/> <img loading=\"lazy\" decoding=\"async\" class=\"alignnone size-full wp-image-12457\" title=\"VELKOOBCHODN\u00cd PRODEJ JEDNOR\u00c1ZOV\u00ddCH VAPE ZA\u0158\u00cdZEN\u00cd SUNAX 21000 (5)\" src=\"https:\/\/www.vape4wholesale.com\/wp-content\/uploads\/2023\/02\/RANDM-SUNAX-21000-DISPOSABLE-VAPE-WHOLESALE-5.jpg\" alt=\"VELKOOBCHODN\u00cd PRODEJ JEDNOR\u00c1ZOV\u00ddCH VAPE ZA\u0158\u00cdZEN\u00cd SUNAX 21000 (5)\" width=\"590\" height=\"590\" srcset=\"https:\/\/www.vape4wholesale.com\/wp-content\/uploads\/2023\/02\/RANDM-SUNAX-21000-DISPOSABLE-VAPE-WHOLESALE-5.jpg 590w, https:\/\/www.vape4wholesale.com\/wp-content\/uploads\/2023\/02\/RANDM-SUNAX-21000-DISPOSABLE-VAPE-WHOLESALE-5-247x247.jpg 247w, https:\/\/www.vape4wholesale.com\/wp-content\/uploads\/2023\/02\/RANDM-SUNAX-21000-DISPOSABLE-VAPE-WHOLESALE-5-100x100.jpg 100w, https:\/\/www.vape4wholesale.com\/wp-content\/uploads\/2023\/02\/RANDM-SUNAX-21000-DISPOSABLE-VAPE-WHOLESALE-5-510x510.jpg 510w, https:\/\/www.vape4wholesale.com\/wp-content\/uploads\/2023\/02\/RANDM-SUNAX-21000-DISPOSABLE-VAPE-WHOLESALE-5-64x64.jpg 64w, https:\/\/www.vape4wholesale.com\/wp-content\/uploads\/2023\/02\/RANDM-SUNAX-21000-DISPOSABLE-VAPE-WHOLESALE-5-300x300.jpg 300w, https:\/\/www.vape4wholesale.com\/wp-content\/uploads\/2023\/02\/RANDM-SUNAX-21000-DISPOSABLE-VAPE-WHOLESALE-5-150x150.jpg 150w\" sizes=\"auto, (max-width: 590px) 100vw, 590px\" \/> <img loading=\"lazy\" decoding=\"async\" class=\"alignnone size-full wp-image-12463\" title=\"VELKOOBCHODN\u00cd PRODEJ JEDNOR\u00c1ZOV\u00ddCH VAPE ZA\u0158\u00cdZEN\u00cd SUNAX 21000 (11)\" src=\"https:\/\/www.vape4wholesale.com\/wp-content\/uploads\/2023\/02\/RANDM-SUNAX-21000-DISPOSABLE-VAPE-WHOLESALE-11.jpg\" alt=\"VELKOOBCHODN\u00cd PRODEJ JEDNOR\u00c1ZOV\u00ddCH VAPE ZA\u0158\u00cdZEN\u00cd SUNAX 21000 (11)\" width=\"590\" height=\"590\" srcset=\"https:\/\/www.vape4wholesale.com\/wp-content\/uploads\/2023\/02\/RANDM-SUNAX-21000-DISPOSABLE-VAPE-WHOLESALE-11.jpg 590w, https:\/\/www.vape4wholesale.com\/wp-content\/uploads\/2023\/02\/RANDM-SUNAX-21000-DISPOSABLE-VAPE-WHOLESALE-11-247x247.jpg 247w, https:\/\/www.vape4wholesale.com\/wp-content\/uploads\/2023\/02\/RANDM-SUNAX-21000-DISPOSABLE-VAPE-WHOLESALE-11-100x100.jpg 100w, https:\/\/www.vape4wholesale.com\/wp-content\/uploads\/2023\/02\/RANDM-SUNAX-21000-DISPOSABLE-VAPE-WHOLESALE-11-510x510.jpg 510w, https:\/\/www.vape4wholesale.com\/wp-content\/uploads\/2023\/02\/RANDM-SUNAX-21000-DISPOSABLE-VAPE-WHOLESALE-11-64x64.jpg 64w, https:\/\/www.vape4wholesale.com\/wp-content\/uploads\/2023\/02\/RANDM-SUNAX-21000-DISPOSABLE-VAPE-WHOLESALE-11-300x300.jpg 300w, https:\/\/www.vape4wholesale.com\/wp-content\/uploads\/2023\/02\/RANDM-SUNAX-21000-DISPOSABLE-VAPE-WHOLESALE-11-150x150.jpg 150w\" sizes=\"auto, (max-width: 590px) 100vw, 590px\" \/> <img loading=\"lazy\" decoding=\"async\" class=\"alignnone size-full wp-image-12464\" title=\"VELKOOBCHODN\u00cd PRODEJ JEDNOR\u00c1ZOV\u00ddCH VAPE ZA\u0158\u00cdZEN\u00cd SUNAX 21000 (12)\" src=\"https:\/\/www.vape4wholesale.com\/wp-content\/uploads\/2023\/02\/RANDM-SUNAX-21000-DISPOSABLE-VAPE-WHOLESALE-12.jpg\" alt=\"VELKOOBCHODN\u00cd PRODEJ JEDNOR\u00c1ZOV\u00ddCH VAPE ZA\u0158\u00cdZEN\u00cd SUNAX 21000 (12)\" width=\"590\" height=\"590\" srcset=\"https:\/\/www.vape4wholesale.com\/wp-content\/uploads\/2023\/02\/RANDM-SUNAX-21000-DISPOSABLE-VAPE-WHOLESALE-12.jpg 590w, https:\/\/www.vape4wholesale.com\/wp-content\/uploads\/2023\/02\/RANDM-SUNAX-21000-DISPOSABLE-VAPE-WHOLESALE-12-247x247.jpg 247w, https:\/\/www.vape4wholesale.com\/wp-content\/uploads\/2023\/02\/RANDM-SUNAX-21000-DISPOSABLE-VAPE-WHOLESALE-12-100x100.jpg 100w, https:\/\/www.vape4wholesale.com\/wp-content\/uploads\/2023\/02\/RANDM-SUNAX-21000-DISPOSABLE-VAPE-WHOLESALE-12-510x510.jpg 510w, https:\/\/www.vape4wholesale.com\/wp-content\/uploads\/2023\/02\/RANDM-SUNAX-21000-DISPOSABLE-VAPE-WHOLESALE-12-64x64.jpg 64w, https:\/\/www.vape4wholesale.com\/wp-content\/uploads\/2023\/02\/RANDM-SUNAX-21000-DISPOSABLE-VAPE-WHOLESALE-12-300x300.jpg 300w, https:\/\/www.vape4wholesale.com\/wp-content\/uploads\/2023\/02\/RANDM-SUNAX-21000-DISPOSABLE-VAPE-WHOLESALE-12-150x150.jpg 150w\" sizes=\"auto, (max-width: 590px) 100vw, 590px\" \/><\/p>","protected":false},"excerpt":{"rendered":"[scf-template id=&#8217;11434&#8242;]\n","protected":false},"featured_media":12453,"comment_status":"open","ping_status":"closed","template":"","meta":[],"pwb-brand":[1270],"product_cat":[873],"product_tag":[22,24,177,272,362],"class_list":{"0":"post-6952","1":"product","2":"type-product","3":"status-publish","4":"has-post-thumbnail","6":"pwb-brand-randm","7":"product_cat-above-20k-puffs","8":"product_tag-disposable","9":"product_tag-wholesale","10":"product_tag-14-0ml","11":"product_tag-randm","12":"product_tag-21000-puffs","13":"wcpa_has_options","15":"first","16":"outofstock","17":"shipping-taxable","18":"purchasable","19":"product-type-variable"},"aioseo_notices":[],"brands":[{"id":1270,"name":"Randm","slug":"randm"}],"_links":{"self":[{"href":"https:\/\/www.vape4wholesale.com\/cs\/wp-json\/wp\/v2\/product\/6952","targetHints":{"allow":["GET"]}}],"collection":[{"href":"https:\/\/www.vape4wholesale.com\/cs\/wp-json\/wp\/v2\/product"}],"about":[{"href":"https:\/\/www.vape4wholesale.com\/cs\/wp-json\/wp\/v2\/types\/product"}],"replies":[{"embeddable":true,"href":"https:\/\/www.vape4wholesale.com\/cs\/wp-json\/wp\/v2\/comments?post=6952"}],"wp:featuredmedia":[{"embeddable":true,"href":"https:\/\/www.vape4wholesale.com\/cs\/wp-json\/wp\/v2\/media\/12453"}],"wp:attachment":[{"href":"https:\/\/www.vape4wholesale.com\/cs\/wp-json\/wp\/v2\/media?parent=6952"}],"wp:term":[{"taxonomy":"pwb-brand","embeddable":true,"href":"https:\/\/www.vape4wholesale.com\/cs\/wp-json\/wp\/v2\/pwb-brand?post=6952"},{"taxonomy":"product_cat","embeddable":true,"href":"https:\/\/www.vape4wholesale.com\/cs\/wp-json\/wp\/v2\/product_cat?post=6952"},{"taxonomy":"product_tag","embeddable":true,"href":"https:\/\/www.vape4wholesale.com\/cs\/wp-json\/wp\/v2\/product_tag?post=6952"}],"curies":[{"name":"wp","href":"https:\/\/api.w.org\/{rel}","templated":true}]}}