{"id":6741,"date":"2022-02-06T15:24:06","date_gmt":"2022-02-06T07:24:06","guid":{"rendered":"https:\/\/www.vape4wholesale.com\/?post_type=product&#038;p=6741"},"modified":"2026-01-26T13:43:48","modified_gmt":"2026-01-26T13:43:48","slug":"lavie-box-6000-puffs-dobijeci-jednorazove-vape-velkoobchod","status":"publish","type":"product","link":"https:\/\/www.vape4wholesale.com\/cs\/product\/lavie-box-6000-puffs-rechargeable-disposable-vape-wholesale","title":{"rendered":"Lavie Box 6000 Puffs dob\u00edjec\u00ed jednor\u00e1zov\u00e9 Vape velkoobchod"},"content":{"rendered":"<p>na <strong><a href=\"https:\/\/www.vape4wholesale.com\/cs\/product_brand\/lavie\/\">Lavie<\/a> Box 6000<\/strong> je krabi\u010dka typu barevn\u00fd p\u011bkn\u00fd vzhled jednor\u00e1zov\u00e9 vape s dob\u00edjec\u00ed funkc\u00ed, pou\u017e\u00edv\u00e1 650mah vestav\u011bnou baterii a s 19 ml kapacity eliquid, podporuje max. 6000 puffs.<\/p>\n<h2>Lavie Box 6000 Seznam p\u0159\u00edchut\u00ed<\/h2>\n<p>Cukrov\u00e1 vata<br \/>\nHroznov\u00e9 v\u00edno Orange Apple<br \/>\nSv\u011b\u017e\u00ed led<br \/>\nMango Ice<br \/>\nSm\u011bs bobul\u00ed<br \/>\nO.M.G<br \/>\nBroskvov\u00fd led<br \/>\nJahoda Coco Ananas<\/p>\n<h2>Hmotnost a balen\u00ed<\/h2>\n<p>Velikost t\u011bla: 69*38,5*19,5 mm<\/p>\n<p>Hmotnost t\u011bla: 67 g<\/p>\n<p>10 kus\u016f v balen\u00ed<\/p>\n<p>17 KG\/Karton obsahuje 240 ks.<\/p>\n<h2>ODM\/OEM:<\/h2>\n<p>1000 ks na p\u0159\u00edchu\u0165<\/p>\n<p>S\u00edla nikotinu na v\u00fdb\u011br pro objedn\u00e1vku OEM\/ODM: 0%, 1%, 2%, 3%, 5%.<\/p>\n<figure id=\"attachment_13430\" aria-describedby=\"caption-attachment-13430\" style=\"width: 800px\" class=\"wp-caption alignnone\"><img loading=\"lazy\" decoding=\"async\" class=\"wp-image-13430 size-full\" title=\"LAVIE 6000 VAPE JEDNOR\u00c1ZOV\u00dd VELKOOBCHOD (6)\" src=\"https:\/\/www.vape4wholesale.com\/wp-content\/uploads\/2022\/02\/LAVIE-6000-VAPE-DISPOSABLE-WHOLESALE-6.jpg\" alt=\"LAVIE 6000 VAPE JEDNOR\u00c1ZOV\u00dd VELKOOBCHOD (6)\" width=\"800\" height=\"800\" srcset=\"https:\/\/www.vape4wholesale.com\/wp-content\/uploads\/2022\/02\/LAVIE-6000-VAPE-DISPOSABLE-WHOLESALE-6.jpg 800w, https:\/\/www.vape4wholesale.com\/wp-content\/uploads\/2022\/02\/LAVIE-6000-VAPE-DISPOSABLE-WHOLESALE-6-247x247.jpg 247w, https:\/\/www.vape4wholesale.com\/wp-content\/uploads\/2022\/02\/LAVIE-6000-VAPE-DISPOSABLE-WHOLESALE-6-100x100.jpg 100w, https:\/\/www.vape4wholesale.com\/wp-content\/uploads\/2022\/02\/LAVIE-6000-VAPE-DISPOSABLE-WHOLESALE-6-510x510.jpg 510w, https:\/\/www.vape4wholesale.com\/wp-content\/uploads\/2022\/02\/LAVIE-6000-VAPE-DISPOSABLE-WHOLESALE-6-64x64.jpg 64w, https:\/\/www.vape4wholesale.com\/wp-content\/uploads\/2022\/02\/LAVIE-6000-VAPE-DISPOSABLE-WHOLESALE-6-300x300.jpg 300w, https:\/\/www.vape4wholesale.com\/wp-content\/uploads\/2022\/02\/LAVIE-6000-VAPE-DISPOSABLE-WHOLESALE-6-150x150.jpg 150w, https:\/\/www.vape4wholesale.com\/wp-content\/uploads\/2022\/02\/LAVIE-6000-VAPE-DISPOSABLE-WHOLESALE-6-768x768.jpg 768w\" sizes=\"auto, (max-width: 800px) 100vw, 800px\" \/><figcaption id=\"caption-attachment-13430\" class=\"wp-caption-text\">LAVIE 6000 VAPE JEDNOR\u00c1ZOV\u00dd VELKOOBCHOD<\/figcaption><\/figure>\n<h2>PRO\u010c MY?<\/h2>\r\n<ul>\r\n<li>Skute\u010dn\u00fd, d\u016fv\u011bryhodn\u00fd a profesion\u00e1ln\u00ed zdroj vape.<\/li>\r\n<li>100% Origin\u00e1ln\u00ed z\u00e1ruka: Odm\u00edt\u00e1me pad\u011blky.<\/li>\r\n<li>100% Z\u00e1ruka dod\u00e1n\u00ed: Pou\u017e\u00edv\u00e1me nejlep\u0161\u00ed zp\u016fsob dopravy, abychom zajistili, \u017ee objedn\u00e1vku 100% obdr\u017e\u00edte.<\/li>\r\n<li>Po odesl\u00e1n\u00ed v\u00e1m poskytneme sledovac\u00ed \u010d\u00edslo a p\u0159epravn\u00ed \u0161t\u00edtek a budeme pro v\u00e1s sledovat zbo\u017e\u00ed, dokud ho nepodep\u00ed\u0161ete.<\/li>\r\n<li>\u017d\u00e1dn\u00e9 celn\u00ed probl\u00e9my, \u017e\u00e1dn\u00e1 cla<\/li>\r\n<\/ul>\n<p>&nbsp;<\/p>\n<p>&nbsp;<\/p>","protected":false},"excerpt":{"rendered":"<div class=\"wsppc_div_block woocommerce_before_add_to_cart_form\">\r\n<p><strong><span style=\"color: #00a859;\">Vy\u010distit celnici<\/span> p\u0159ed dod\u00e1n\u00edm &amp; 100% Z\u00e1ruka doru\u010den\u00ed, doru\u010den\u00ed p\u0159ibli\u017en\u011b za 19\u201325 dn\u00ed.\u00a0<\/strong><\/p>\r\n<\/div>","protected":false},"featured_media":13432,"comment_status":"open","ping_status":"closed","template":"","meta":[],"pwb-brand":[1277],"product_cat":[869],"product_tag":[22,24,37,172,173],"class_list":{"0":"post-6741","1":"product","2":"type-product","3":"status-publish","4":"has-post-thumbnail","6":"pwb-brand-lavie","7":"product_cat-5000-8000-puffs","8":"product_tag-disposable","9":"product_tag-wholesale","10":"product_tag-lavie","11":"product_tag-20-0ml","12":"product_tag-6000-puffs","14":"first","15":"instock","16":"shipping-taxable","17":"purchasable","18":"product-type-variable"},"aioseo_notices":[],"brands":[{"id":1277,"name":"Lavie","slug":"lavie"}],"_links":{"self":[{"href":"https:\/\/www.vape4wholesale.com\/cs\/wp-json\/wp\/v2\/product\/6741","targetHints":{"allow":["GET"]}}],"collection":[{"href":"https:\/\/www.vape4wholesale.com\/cs\/wp-json\/wp\/v2\/product"}],"about":[{"href":"https:\/\/www.vape4wholesale.com\/cs\/wp-json\/wp\/v2\/types\/product"}],"replies":[{"embeddable":true,"href":"https:\/\/www.vape4wholesale.com\/cs\/wp-json\/wp\/v2\/comments?post=6741"}],"wp:featuredmedia":[{"embeddable":true,"href":"https:\/\/www.vape4wholesale.com\/cs\/wp-json\/wp\/v2\/media\/13432"}],"wp:attachment":[{"href":"https:\/\/www.vape4wholesale.com\/cs\/wp-json\/wp\/v2\/media?parent=6741"}],"wp:term":[{"taxonomy":"pwb-brand","embeddable":true,"href":"https:\/\/www.vape4wholesale.com\/cs\/wp-json\/wp\/v2\/pwb-brand?post=6741"},{"taxonomy":"product_cat","embeddable":true,"href":"https:\/\/www.vape4wholesale.com\/cs\/wp-json\/wp\/v2\/product_cat?post=6741"},{"taxonomy":"product_tag","embeddable":true,"href":"https:\/\/www.vape4wholesale.com\/cs\/wp-json\/wp\/v2\/product_tag?post=6741"}],"curies":[{"name":"wp","href":"https:\/\/api.w.org\/{rel}","templated":true}]}}