{"id":6660,"date":"2022-11-13T10:30:05","date_gmt":"2022-11-13T02:30:05","guid":{"rendered":"https:\/\/www.vape4wholesale.com\/?post_type=product&#038;p=6660"},"modified":"2026-01-26T13:43:10","modified_gmt":"2026-01-26T13:43:10","slug":"kamry-akula-6000-puffs-jednorazovy-vape-velkoobchod","status":"publish","type":"product","link":"https:\/\/www.vape4wholesale.com\/cs\/product\/kamry-akula-6000-puffs-disposable-vape-wholesale","title":{"rendered":"Kamry Akula 6000 Puffs Jednor\u00e1zov\u00e9 Vape Velkoobchod"},"content":{"rendered":"<p>na<strong><a href=\"https:\/\/www.vape4wholesale.com\/cs\/product_brand\/kamry\/\"> Kamry<\/a> Akula<\/strong> 6000 je velmi v\u00fdrazn\u00fd jednor\u00e1zov\u00fd vape, dod\u00e1v\u00e1 se s dvoubarevn\u00fdmi formami a s gradientn\u00edmi barvami. Jeho baterie je dob\u00edjec\u00ed 600mah, podporuje a\u017e 6000 potah\u016f, s nikotinem 5%. K dispozici je slu\u017eba OEM.<\/p>\n<h2>Kamry Akula 6000 Seznam p\u0159\u00edchut\u00ed<\/h2>\n<p>Rum Pina Colada<br \/>\nMango Straberry Ice<br \/>\n\u010cerven\u00e9 jablko Lemon<br \/>\nBan\u00e1nov\u00e9 ml\u00e9ko<br \/>\nSv\u011b\u017e\u00ed led<br \/>\nF\u00faze ovoce<br \/>\nStraberry Donut<br \/>\nHroznov\u00fd led<br \/>\nGumov\u00fd medv\u00eddek<br \/>\nEnergetick\u00fd n\u00e1poj<\/p>\n<h2>Rychl\u00fd detail<\/h2>\n<p>Kapacita baterie: 600mAh typ C dob\u00edjec\u00ed<br \/>\nKapacita tekutiny: 14ML<br \/>\nTyp c\u00edvky: S\u00ed\u0165ka<br \/>\nHmotnost t\u011bla: 60g<br \/>\nNikotinov\u00e1 s\u016fl: 50 mg (5%)<br \/>\nPodpora Puffs: 6000<br \/>\nHmotnost balen\u00ed: 200 ks\/karton, 14 kg<\/p>\n<figure id=\"attachment_12484\" aria-describedby=\"caption-attachment-12484\" style=\"width: 800px\" class=\"wp-caption alignnone\"><img loading=\"lazy\" decoding=\"async\" class=\"wp-image-12484 size-full\" title=\"kamry akula vape Fruit Fusion\" src=\"https:\/\/www.vape4wholesale.com\/wp-content\/uploads\/2022\/11\/kamry-akula-vape-Fruit-Fusion.jpg\" alt=\"kamry akula vape Fruit Fusion\" width=\"800\" height=\"800\" srcset=\"https:\/\/www.vape4wholesale.com\/wp-content\/uploads\/2022\/11\/kamry-akula-vape-Fruit-Fusion.jpg 800w, https:\/\/www.vape4wholesale.com\/wp-content\/uploads\/2022\/11\/kamry-akula-vape-Fruit-Fusion-247x247.jpg 247w, https:\/\/www.vape4wholesale.com\/wp-content\/uploads\/2022\/11\/kamry-akula-vape-Fruit-Fusion-100x100.jpg 100w, https:\/\/www.vape4wholesale.com\/wp-content\/uploads\/2022\/11\/kamry-akula-vape-Fruit-Fusion-510x510.jpg 510w, https:\/\/www.vape4wholesale.com\/wp-content\/uploads\/2022\/11\/kamry-akula-vape-Fruit-Fusion-64x64.jpg 64w, https:\/\/www.vape4wholesale.com\/wp-content\/uploads\/2022\/11\/kamry-akula-vape-Fruit-Fusion-300x300.jpg 300w, https:\/\/www.vape4wholesale.com\/wp-content\/uploads\/2022\/11\/kamry-akula-vape-Fruit-Fusion-150x150.jpg 150w, https:\/\/www.vape4wholesale.com\/wp-content\/uploads\/2022\/11\/kamry-akula-vape-Fruit-Fusion-768x768.jpg 768w\" sizes=\"auto, (max-width: 800px) 100vw, 800px\" \/><figcaption id=\"caption-attachment-12484\" class=\"wp-caption-text\">Kamry Akula Jednor\u00e1zov\u00fd velkoobchod Vape<\/figcaption><\/figure>\n<p>&nbsp;<\/p>\n<p>&nbsp;<\/p>\n<p>&nbsp;<\/p>\n<p>&nbsp;<\/p>","protected":false},"excerpt":{"rendered":"[scf-template id=&#8217;11434&#8242;]\n","protected":false},"featured_media":12480,"comment_status":"open","ping_status":"closed","template":"","meta":[],"pwb-brand":[1281],"product_cat":[869],"product_tag":[24,30,173,177,22],"class_list":{"0":"post-6660","1":"product","2":"type-product","3":"status-publish","4":"has-post-thumbnail","6":"pwb-brand-kamry","7":"product_cat-5000-8000-puffs","8":"product_tag-wholesale","9":"product_tag-kamry","10":"product_tag-6000-puffs","11":"product_tag-14-0ml","12":"product_tag-disposable","14":"first","15":"instock","16":"shipping-taxable","17":"purchasable","18":"product-type-variable"},"aioseo_notices":[],"brands":[{"id":1281,"name":"Kamry","slug":"kamry"}],"_links":{"self":[{"href":"https:\/\/www.vape4wholesale.com\/cs\/wp-json\/wp\/v2\/product\/6660","targetHints":{"allow":["GET"]}}],"collection":[{"href":"https:\/\/www.vape4wholesale.com\/cs\/wp-json\/wp\/v2\/product"}],"about":[{"href":"https:\/\/www.vape4wholesale.com\/cs\/wp-json\/wp\/v2\/types\/product"}],"replies":[{"embeddable":true,"href":"https:\/\/www.vape4wholesale.com\/cs\/wp-json\/wp\/v2\/comments?post=6660"}],"wp:featuredmedia":[{"embeddable":true,"href":"https:\/\/www.vape4wholesale.com\/cs\/wp-json\/wp\/v2\/media\/12480"}],"wp:attachment":[{"href":"https:\/\/www.vape4wholesale.com\/cs\/wp-json\/wp\/v2\/media?parent=6660"}],"wp:term":[{"taxonomy":"pwb-brand","embeddable":true,"href":"https:\/\/www.vape4wholesale.com\/cs\/wp-json\/wp\/v2\/pwb-brand?post=6660"},{"taxonomy":"product_cat","embeddable":true,"href":"https:\/\/www.vape4wholesale.com\/cs\/wp-json\/wp\/v2\/product_cat?post=6660"},{"taxonomy":"product_tag","embeddable":true,"href":"https:\/\/www.vape4wholesale.com\/cs\/wp-json\/wp\/v2\/product_tag?post=6660"}],"curies":[{"name":"wp","href":"https:\/\/api.w.org\/{rel}","templated":true}]}}