{"id":6136,"date":"2022-05-19T23:02:44","date_gmt":"2022-05-19T15:02:44","guid":{"rendered":"https:\/\/www.vape4wholesale.com\/?post_type=product&#038;p=6136"},"modified":"2026-01-26T13:43:44","modified_gmt":"2026-01-26T13:43:44","slug":"lavie-6000-puffs-jednorazove-vapes-velkoobchod","status":"publish","type":"product","link":"https:\/\/www.vape4wholesale.com\/cs\/product\/lavie-6000-puffs-disposable-vapes-wholesale","title":{"rendered":"Lavie 6000 Puffs Velkoobchod s jednor\u00e1zov\u00fdmi vapes"},"content":{"rendered":"<p>na <a href=\"https:\/\/www.vape4wholesale.com\/cs\/product_brand\/lavie\/\">Lavie<\/a> 6000 je jedine\u010dn\u011b navr\u017een\u00e1 dob\u00edjec\u00ed jednor\u00e1zov\u00e1 vape s bateri\u00ed 600 mAh, 15 ml e-liquidu a s\u00ed\u0165ovou spir\u00e1lkou uvnit\u0159, kter\u00e1 podporuje maxim\u00e1ln\u011b 6000 potah\u016f.<\/p>\n<h2>LAVIE 6000 Jednor\u00e1zov\u00e9 Vape Specifikace:<\/h2>\n<p>Zna\u010dka: LAVIE<\/p>\n<p>Puffy: Na jedno za\u0159\u00edzen\u00ed je k dispozici 6000 puff\u016f.<\/p>\n<p>Nicotine:0%\/2%\/5%<\/p>\n<p>Kapacita e-d\u017eus\u016f: 15ML<\/p>\n<p>Baterie: 600 mAh<\/p>\n<p>Nab\u00edjec\u00ed port: Typ C<\/p>\n<p>&nbsp;<\/p>\n<h2>P\u0159\u00edchut\u011b<\/h2>\n<p>Melounov\u00e1 jahodov\u00e1 zmrzlina<\/p>\n<p>Energetick\u00fd n\u00e1poj<\/p>\n<p>Hroznov\u00fd led<\/p>\n<p>Mango Ice<\/p>\n<p>\u0160\u0165avnat\u00e1 broskev<\/p>\n<p>Sm\u00ed\u0161en\u00e9 bobule<\/p>\n<p>Mango jahodov\u00e1 zmrzlina<\/p>\n<p>Ban\u00e1nov\u00e9 ml\u00e9ko<\/p>\n<p>Apple Lemon<\/p>\n<p>Cola Ice<\/p>\n<p>&nbsp;<\/p>\n<h2>Balen\u00ed a hmotnost<\/h2>\n<ul>\n<li>0,085 kg\/ks, 1 ks\/box, 10 ks\/jednotka.<\/li>\n<li>200 ks \/ hlavn\u00ed karton, 17 kg.<\/li>\n<\/ul>\n<figure id=\"attachment_13368\" aria-describedby=\"caption-attachment-13368\" style=\"width: 800px\" class=\"wp-caption alignnone\"><img loading=\"lazy\" decoding=\"async\" class=\"wp-image-13368 size-full\" title=\"LAVIE 6000 Puffs Jednor\u00e1zov\u00e9 Vape Velkoobchod Apple Lemon\" src=\"https:\/\/www.vape4wholesale.com\/wp-content\/uploads\/2022\/05\/LAVIE-6000-Puffs-Disposable-Vape-Wholesale-Apple-Lemon.jpg\" alt=\"LAVIE 6000 Puffs Jednor\u00e1zov\u00e9 Vape Velkoobchod Apple Lemon\" width=\"800\" height=\"800\" srcset=\"https:\/\/www.vape4wholesale.com\/wp-content\/uploads\/2022\/05\/LAVIE-6000-Puffs-Disposable-Vape-Wholesale-Apple-Lemon.jpg 800w, https:\/\/www.vape4wholesale.com\/wp-content\/uploads\/2022\/05\/LAVIE-6000-Puffs-Disposable-Vape-Wholesale-Apple-Lemon-247x247.jpg 247w, https:\/\/www.vape4wholesale.com\/wp-content\/uploads\/2022\/05\/LAVIE-6000-Puffs-Disposable-Vape-Wholesale-Apple-Lemon-100x100.jpg 100w, https:\/\/www.vape4wholesale.com\/wp-content\/uploads\/2022\/05\/LAVIE-6000-Puffs-Disposable-Vape-Wholesale-Apple-Lemon-510x510.jpg 510w, https:\/\/www.vape4wholesale.com\/wp-content\/uploads\/2022\/05\/LAVIE-6000-Puffs-Disposable-Vape-Wholesale-Apple-Lemon-64x64.jpg 64w, https:\/\/www.vape4wholesale.com\/wp-content\/uploads\/2022\/05\/LAVIE-6000-Puffs-Disposable-Vape-Wholesale-Apple-Lemon-300x300.jpg 300w, https:\/\/www.vape4wholesale.com\/wp-content\/uploads\/2022\/05\/LAVIE-6000-Puffs-Disposable-Vape-Wholesale-Apple-Lemon-150x150.jpg 150w, https:\/\/www.vape4wholesale.com\/wp-content\/uploads\/2022\/05\/LAVIE-6000-Puffs-Disposable-Vape-Wholesale-Apple-Lemon-768x768.jpg 768w\" sizes=\"auto, (max-width: 800px) 100vw, 800px\" \/><figcaption id=\"caption-attachment-13368\" class=\"wp-caption-text\">LAVIE 6000 Puffs Jednor\u00e1zov\u00fd velkoobchodn\u00ed prodej Vape<\/figcaption><\/figure>\n<p>&nbsp;<\/p>","protected":false},"excerpt":{"rendered":"[scf-template id=&#8217;11434&#8242;]\n","protected":false},"featured_media":13371,"comment_status":"open","ping_status":"closed","template":"","meta":[],"pwb-brand":[1277],"product_cat":[869],"product_tag":[22,24,37,173,233],"class_list":{"0":"post-6136","1":"product","2":"type-product","3":"status-publish","4":"has-post-thumbnail","6":"pwb-brand-lavie","7":"product_cat-5000-8000-puffs","8":"product_tag-disposable","9":"product_tag-wholesale","10":"product_tag-lavie","11":"product_tag-6000-puffs","12":"product_tag-15-0ml","14":"first","15":"outofstock","16":"shipping-taxable","17":"purchasable","18":"product-type-variable","19":"has-default-attributes"},"aioseo_notices":[],"brands":[{"id":1277,"name":"Lavie","slug":"lavie"}],"_links":{"self":[{"href":"https:\/\/www.vape4wholesale.com\/cs\/wp-json\/wp\/v2\/product\/6136","targetHints":{"allow":["GET"]}}],"collection":[{"href":"https:\/\/www.vape4wholesale.com\/cs\/wp-json\/wp\/v2\/product"}],"about":[{"href":"https:\/\/www.vape4wholesale.com\/cs\/wp-json\/wp\/v2\/types\/product"}],"replies":[{"embeddable":true,"href":"https:\/\/www.vape4wholesale.com\/cs\/wp-json\/wp\/v2\/comments?post=6136"}],"wp:featuredmedia":[{"embeddable":true,"href":"https:\/\/www.vape4wholesale.com\/cs\/wp-json\/wp\/v2\/media\/13371"}],"wp:attachment":[{"href":"https:\/\/www.vape4wholesale.com\/cs\/wp-json\/wp\/v2\/media?parent=6136"}],"wp:term":[{"taxonomy":"pwb-brand","embeddable":true,"href":"https:\/\/www.vape4wholesale.com\/cs\/wp-json\/wp\/v2\/pwb-brand?post=6136"},{"taxonomy":"product_cat","embeddable":true,"href":"https:\/\/www.vape4wholesale.com\/cs\/wp-json\/wp\/v2\/product_cat?post=6136"},{"taxonomy":"product_tag","embeddable":true,"href":"https:\/\/www.vape4wholesale.com\/cs\/wp-json\/wp\/v2\/product_tag?post=6136"}],"curies":[{"name":"wp","href":"https:\/\/api.w.org\/{rel}","templated":true}]}}