{"id":6041,"date":"2022-07-28T21:36:53","date_gmt":"2022-07-28T13:36:53","guid":{"rendered":"https:\/\/www.vape4wholesale.com\/?post_type=product&#038;p=6041"},"modified":"2026-01-26T13:43:27","modified_gmt":"2026-01-26T13:43:27","slug":"randm-dazzle-5000-puffs-jednorazovy-vape-velkoobchod","status":"publish","type":"product","link":"https:\/\/www.vape4wholesale.com\/cs\/product\/randm-dazzle-5000-puffs-disposable-vape-wholesale","title":{"rendered":"RandM Dazzle 5000 Puffs Jednor\u00e1zov\u00fd velkoobchodn\u00ed prodej Vape"},"content":{"rendered":"<p><strong><a href=\"https:\/\/www.vape4wholesale.com\/cs\/product_brand\/randm\/\">RandM<\/a> Dazzle 5000<\/strong>\u00a0je jednor\u00e1zov\u00e9 vape za\u0159\u00edzen\u00ed s obl\u00edben\u00fdm pr\u016fhledn\u00fdm tankem, barevn\u00fdm RGB sv\u011btlem a mo\u017enost\u00ed op\u011btovn\u00e9ho pln\u011bn\u00ed. Obsahuje 10 ml e-d\u017eus\u016f s nikotinovou sol\u00ed 0\/2\/3\/5% a umo\u017e\u0148uje vapovat a\u017e 5000 \u0161luk\u016f. Na v\u00fdb\u011br m\u00e1te 20 p\u0159\u00edchut\u00ed. RGB sv\u011btlo z n\u011bj d\u011bl\u00e1 nejchladn\u011bj\u0161\u00ed jednor\u00e1zov\u00e9 za\u0159\u00edzen\u00ed a nav\u00edc je vybaven dob\u00edjec\u00edm usb portem v zadn\u00ed \u010d\u00e1sti za\u0159\u00edzen\u00ed, kter\u00fd gurantte, \u017ee dopijete posledn\u00ed kapku ejuice v tanku a sv\u011btlo bude st\u00e1le sv\u00edtit.<\/p>\n<h2><b data-stringify-type=\"bold\">Jednor\u00e1zov\u00e9 za\u0159\u00edzen\u00ed RandM Dazzle 5000 Vlastnosti:<\/b><\/h2>\n<p>\u26110\/2\/3\/5% Nikotinov\u00e1 s\u016fl.<br \/>\n\u261110ML E-liquidu.<br \/>\n\u26115000 Puffs per Device.<br \/>\n\u26116 barev RGB sv\u011btla<br \/>\n\u2611Nab\u00edjec\u00ed baterie<br \/>\n\u2611N\u00e1pl\u0148 do n\u00e1dr\u017ee<br \/>\n\u2611Integrovan\u00e1 1000mAh baterie.<br \/>\n\u261112 dostupn\u00fdch p\u0159\u00edchut\u00ed.<br \/>\n\u261110ks v krabi\u010dce.<br \/>\n\u2611300ks v kartonu.<\/p>\n<h2><b data-stringify-type=\"bold\">P\u0159\u00edchut\u011b<\/b><\/h2>\n<p>1.Lush ICE<br \/>\n2.Strawberry yougurt<br \/>\n3.Ban\u00e1nov\u00fd led<br \/>\n4.Blue Razz Ice<br \/>\n5.Oran\u017eov\u00e1 soda<br \/>\n6.Gumov\u00fd medv\u00eddek<br \/>\n7.Stawberry meloun<br \/>\n8.Bavln\u011bn\u00e9 hru\u0161ky<br \/>\n9.Gran\u00e1tov\u00e9 jablko<br \/>\n10.Broskvov\u00e1 zmrzlina<br \/>\n11.Red jablko Meloun led<br \/>\n12.Sm\u00edchejte bobule<br \/>\n13.Watermelon cheesecake<br \/>\n14.Hroznov\u00fd led<br \/>\n15 Mango Guava<br \/>\n16 Tab\u00e1k<br \/>\n17 Kiwi Berry<br \/>\n18 Cool Mint<br \/>\n19 Jahodov\u00e9 li\u010di<br \/>\n20 Aloe Hroznov\u00e9 v\u00edno<\/p>\n<p><img loading=\"lazy\" decoding=\"async\" class=\"alignnone size-full wp-image-12805\" title=\"RandM Dazzle 5000 Puffs Jednor\u00e1zov\u00fd velkoobchodn\u00ed prodej (1)\" src=\"https:\/\/www.vape4wholesale.com\/wp-content\/uploads\/2022\/07\/RandM-Dazzle-5000-Puffs-Disposable-Vape-Wholesale-1.png\" alt=\"RandM Dazzle 5000 Puffs Jednor\u00e1zov\u00fd velkoobchodn\u00ed prodej (1)\" width=\"590\" height=\"504\" srcset=\"https:\/\/www.vape4wholesale.com\/wp-content\/uploads\/2022\/07\/RandM-Dazzle-5000-Puffs-Disposable-Vape-Wholesale-1.png 590w, https:\/\/www.vape4wholesale.com\/wp-content\/uploads\/2022\/07\/RandM-Dazzle-5000-Puffs-Disposable-Vape-Wholesale-1-510x436.png 510w, https:\/\/www.vape4wholesale.com\/wp-content\/uploads\/2022\/07\/RandM-Dazzle-5000-Puffs-Disposable-Vape-Wholesale-1-64x55.png 64w, https:\/\/www.vape4wholesale.com\/wp-content\/uploads\/2022\/07\/RandM-Dazzle-5000-Puffs-Disposable-Vape-Wholesale-1-300x256.png 300w\" sizes=\"auto, (max-width: 590px) 100vw, 590px\" \/> <img loading=\"lazy\" decoding=\"async\" class=\"alignnone size-full wp-image-12804\" title=\"RandM Dazzle 5000 Puffs Jednor\u00e1zov\u00fd velkoobchodn\u00ed prodej (1)\" src=\"https:\/\/www.vape4wholesale.com\/wp-content\/uploads\/2022\/07\/RandM-Dazzle-5000-Puffs-Disposable-Vape-Wholesale-1.jpg\" alt=\"RandM Dazzle 5000 Puffs Jednor\u00e1zov\u00fd velkoobchodn\u00ed prodej (1)\" width=\"590\" height=\"613\" srcset=\"https:\/\/www.vape4wholesale.com\/wp-content\/uploads\/2022\/07\/RandM-Dazzle-5000-Puffs-Disposable-Vape-Wholesale-1.jpg 590w, https:\/\/www.vape4wholesale.com\/wp-content\/uploads\/2022\/07\/RandM-Dazzle-5000-Puffs-Disposable-Vape-Wholesale-1-510x530.jpg 510w, https:\/\/www.vape4wholesale.com\/wp-content\/uploads\/2022\/07\/RandM-Dazzle-5000-Puffs-Disposable-Vape-Wholesale-1-64x66.jpg 64w, https:\/\/www.vape4wholesale.com\/wp-content\/uploads\/2022\/07\/RandM-Dazzle-5000-Puffs-Disposable-Vape-Wholesale-1-289x300.jpg 289w\" sizes=\"auto, (max-width: 590px) 100vw, 590px\" \/> <img loading=\"lazy\" decoding=\"async\" class=\"alignnone size-full wp-image-12801\" title=\"RandM Dazzle 5000 Puffs Jednor\u00e1zov\u00fd velkoobchodn\u00ed prodej (10)\" src=\"https:\/\/www.vape4wholesale.com\/wp-content\/uploads\/2022\/07\/RandM-Dazzle-5000-Puffs-Disposable-Vape-Wholesale-10.jpg\" alt=\"RandM Dazzle 5000 Puffs Jednor\u00e1zov\u00fd velkoobchodn\u00ed prodej (10)\" width=\"590\" height=\"613\" srcset=\"https:\/\/www.vape4wholesale.com\/wp-content\/uploads\/2022\/07\/RandM-Dazzle-5000-Puffs-Disposable-Vape-Wholesale-10.jpg 590w, https:\/\/www.vape4wholesale.com\/wp-content\/uploads\/2022\/07\/RandM-Dazzle-5000-Puffs-Disposable-Vape-Wholesale-10-510x530.jpg 510w, https:\/\/www.vape4wholesale.com\/wp-content\/uploads\/2022\/07\/RandM-Dazzle-5000-Puffs-Disposable-Vape-Wholesale-10-64x66.jpg 64w, https:\/\/www.vape4wholesale.com\/wp-content\/uploads\/2022\/07\/RandM-Dazzle-5000-Puffs-Disposable-Vape-Wholesale-10-289x300.jpg 289w\" sizes=\"auto, (max-width: 590px) 100vw, 590px\" \/> <img loading=\"lazy\" decoding=\"async\" class=\"alignnone size-full wp-image-12800\" title=\"RandM Dazzle 5000 Puffs Jednor\u00e1zov\u00fd velkoobchodn\u00ed prodej (9)\" src=\"https:\/\/www.vape4wholesale.com\/wp-content\/uploads\/2022\/07\/RandM-Dazzle-5000-Puffs-Disposable-Vape-Wholesale-9.jpg\" alt=\"RandM Dazzle 5000 Puffs Jednor\u00e1zov\u00fd velkoobchodn\u00ed prodej (9)\" width=\"590\" height=\"613\" srcset=\"https:\/\/www.vape4wholesale.com\/wp-content\/uploads\/2022\/07\/RandM-Dazzle-5000-Puffs-Disposable-Vape-Wholesale-9.jpg 590w, https:\/\/www.vape4wholesale.com\/wp-content\/uploads\/2022\/07\/RandM-Dazzle-5000-Puffs-Disposable-Vape-Wholesale-9-510x530.jpg 510w, https:\/\/www.vape4wholesale.com\/wp-content\/uploads\/2022\/07\/RandM-Dazzle-5000-Puffs-Disposable-Vape-Wholesale-9-64x66.jpg 64w, https:\/\/www.vape4wholesale.com\/wp-content\/uploads\/2022\/07\/RandM-Dazzle-5000-Puffs-Disposable-Vape-Wholesale-9-289x300.jpg 289w\" sizes=\"auto, (max-width: 590px) 100vw, 590px\" \/> <img loading=\"lazy\" decoding=\"async\" class=\"alignnone size-full wp-image-12795\" title=\"RandM Dazzle 5000 Puffs Jednor\u00e1zov\u00fd velkoobchodn\u00ed prodej (4)\" src=\"https:\/\/www.vape4wholesale.com\/wp-content\/uploads\/2022\/07\/RandM-Dazzle-5000-Puffs-Disposable-Vape-Wholesale-4.jpg\" alt=\"RandM Dazzle 5000 Puffs Jednor\u00e1zov\u00fd velkoobchodn\u00ed prodej (4)\" width=\"590\" height=\"613\" srcset=\"https:\/\/www.vape4wholesale.com\/wp-content\/uploads\/2022\/07\/RandM-Dazzle-5000-Puffs-Disposable-Vape-Wholesale-4.jpg 590w, https:\/\/www.vape4wholesale.com\/wp-content\/uploads\/2022\/07\/RandM-Dazzle-5000-Puffs-Disposable-Vape-Wholesale-4-510x530.jpg 510w, https:\/\/www.vape4wholesale.com\/wp-content\/uploads\/2022\/07\/RandM-Dazzle-5000-Puffs-Disposable-Vape-Wholesale-4-64x66.jpg 64w, https:\/\/www.vape4wholesale.com\/wp-content\/uploads\/2022\/07\/RandM-Dazzle-5000-Puffs-Disposable-Vape-Wholesale-4-289x300.jpg 289w\" sizes=\"auto, (max-width: 590px) 100vw, 590px\" \/> <img loading=\"lazy\" decoding=\"async\" class=\"alignnone size-full wp-image-12796\" title=\"RandM Dazzle 5000 Puffs Jednor\u00e1zov\u00fd velkoobchodn\u00ed prodej (5)\" src=\"https:\/\/www.vape4wholesale.com\/wp-content\/uploads\/2022\/07\/RandM-Dazzle-5000-Puffs-Disposable-Vape-Wholesale-5.jpg\" alt=\"RandM Dazzle 5000 Puffs Jednor\u00e1zov\u00fd velkoobchodn\u00ed prodej (5)\" width=\"590\" height=\"613\" srcset=\"https:\/\/www.vape4wholesale.com\/wp-content\/uploads\/2022\/07\/RandM-Dazzle-5000-Puffs-Disposable-Vape-Wholesale-5.jpg 590w, https:\/\/www.vape4wholesale.com\/wp-content\/uploads\/2022\/07\/RandM-Dazzle-5000-Puffs-Disposable-Vape-Wholesale-5-510x530.jpg 510w, https:\/\/www.vape4wholesale.com\/wp-content\/uploads\/2022\/07\/RandM-Dazzle-5000-Puffs-Disposable-Vape-Wholesale-5-64x66.jpg 64w, https:\/\/www.vape4wholesale.com\/wp-content\/uploads\/2022\/07\/RandM-Dazzle-5000-Puffs-Disposable-Vape-Wholesale-5-289x300.jpg 289w\" sizes=\"auto, (max-width: 590px) 100vw, 590px\" \/><\/p>\n<p>&nbsp;<\/p>","protected":false},"excerpt":{"rendered":"[scf-template id=&#8217;11434&#8242;]\n","protected":false},"featured_media":12805,"comment_status":"open","ping_status":"closed","template":"","meta":[],"pwb-brand":[1270],"product_cat":[57],"product_tag":[24,189,210,272,22],"class_list":{"0":"post-6041","1":"product","2":"type-product","3":"status-publish","4":"has-post-thumbnail","6":"pwb-brand-randm","7":"product_cat-4000-5000-puffs","8":"product_tag-wholesale","9":"product_tag-5000-puffs","10":"product_tag-10-0ml","11":"product_tag-randm","12":"product_tag-disposable","13":"wcpa_has_options","15":"first","16":"outofstock","17":"shipping-taxable","18":"purchasable","19":"product-type-variable"},"aioseo_notices":[],"brands":[{"id":1270,"name":"Randm","slug":"randm"}],"_links":{"self":[{"href":"https:\/\/www.vape4wholesale.com\/cs\/wp-json\/wp\/v2\/product\/6041","targetHints":{"allow":["GET"]}}],"collection":[{"href":"https:\/\/www.vape4wholesale.com\/cs\/wp-json\/wp\/v2\/product"}],"about":[{"href":"https:\/\/www.vape4wholesale.com\/cs\/wp-json\/wp\/v2\/types\/product"}],"replies":[{"embeddable":true,"href":"https:\/\/www.vape4wholesale.com\/cs\/wp-json\/wp\/v2\/comments?post=6041"}],"wp:featuredmedia":[{"embeddable":true,"href":"https:\/\/www.vape4wholesale.com\/cs\/wp-json\/wp\/v2\/media\/12805"}],"wp:attachment":[{"href":"https:\/\/www.vape4wholesale.com\/cs\/wp-json\/wp\/v2\/media?parent=6041"}],"wp:term":[{"taxonomy":"pwb-brand","embeddable":true,"href":"https:\/\/www.vape4wholesale.com\/cs\/wp-json\/wp\/v2\/pwb-brand?post=6041"},{"taxonomy":"product_cat","embeddable":true,"href":"https:\/\/www.vape4wholesale.com\/cs\/wp-json\/wp\/v2\/product_cat?post=6041"},{"taxonomy":"product_tag","embeddable":true,"href":"https:\/\/www.vape4wholesale.com\/cs\/wp-json\/wp\/v2\/product_tag?post=6041"}],"curies":[{"name":"wp","href":"https:\/\/api.w.org\/{rel}","templated":true}]}}