{"id":5973,"date":"2022-08-01T23:04:39","date_gmt":"2022-08-01T15:04:39","guid":{"rendered":"https:\/\/www.vape4wholesale.com\/?post_type=product&#038;p=5973"},"modified":"2026-01-26T13:43:20","modified_gmt":"2026-01-26T13:43:20","slug":"randm-slava-4800-puffs-jednorazove-vape-velkoobchod","status":"publish","type":"product","link":"https:\/\/www.vape4wholesale.com\/cs\/product\/randm-glory-4800-puffs-disposable-vape-wholesale","title":{"rendered":"RANDM Glory 4800 Puffs Jednor\u00e1zov\u00fd velkoobchodn\u00ed prodej Vape"},"content":{"rendered":"<p><strong><a href=\"https:\/\/www.vape4wholesale.com\/cs\/product_brand\/randm\/\">RandM<\/a>\u00a0Glory 4800<\/strong>\u00a0je jednor\u00e1zov\u00e9 vape za\u0159\u00edzen\u00ed s elegantn\u00edm designem. Obsahuje 10 ml e-d\u017eus\u016f s nikotinovou sol\u00ed 0\/2\/3\/5% a umo\u017e\u0148uje vapovat a\u017e 4800 \u0161luk\u016f. Na v\u00fdb\u011br m\u00e1te 12 p\u0159\u00edchut\u00ed. Toto za\u0159\u00edzen\u00ed obsahuje 1100 mah vestav\u011bnou baterii, kter\u00e1 dok\u00e1\u017ee vapovat a\u017e do posledn\u00ed kapky e-d\u017eus\u016f.<\/p>\n<h2><b data-stringify-type=\"bold\">RandM Glory 4800 Jednor\u00e1zov\u00e9 funkce Vape<\/b><\/h2>\n<p>\u26110% 2% 3% 5% Nikotinov\u00e1 s\u016fl<br \/>\n\u2611 10 ml e-liquidu.<br \/>\n\u2611 4800 Puffs<br \/>\n\u2611 S\u00ed\u0165ov\u00e1 c\u00edvka<br \/>\n\u2611 Baterie 1100 mAh (18400)<br \/>\n\u2611 K dispozici je 12 p\u0159\u00edchut\u00ed.<br \/>\n\u2611 10ks ve stoj\u00e1nku.<br \/>\n\u2611 300 ks v kartonu.<\/p>\n<h2><b data-stringify-type=\"bold\">Dostupn\u00e9 p\u0159\u00edchut\u011b<\/b><\/h2>\n<p>1.Rainbow Candy<br \/>\n2.Raspberry Strawberry<br \/>\n3.Blueberry Cherry<br \/>\n4.Blueberry Ice<br \/>\n5.Sm\u00ed\u0161en\u00e9 bobule<br \/>\n6.Strawberry Donut<br \/>\n7.Grape Ice<br \/>\n8.Mint Menthol<br \/>\n9.Tropick\u00e9 ovoce<br \/>\n10.Blue Razz<br \/>\n11.Strawberry Guava<br \/>\n12.Strawberry Kiwi Watermelon<\/p>\n<p><img loading=\"lazy\" decoding=\"async\" class=\"alignnone size-full wp-image-12755\" title=\"RANDM Glory 4800 Puffs Jednor\u00e1zov\u00e9 velkoobchodn\u00ed vape (1)\" src=\"https:\/\/www.vape4wholesale.com\/wp-content\/uploads\/2022\/08\/RANDM-Glory-4800-Puffs-Disposable-Vape-Wholesale-1.jpg\" alt=\"RANDM Glory 4800 Puffs Jednor\u00e1zov\u00e9 velkoobchodn\u00ed vape (1)\" width=\"590\" height=\"505\" srcset=\"https:\/\/www.vape4wholesale.com\/wp-content\/uploads\/2022\/08\/RANDM-Glory-4800-Puffs-Disposable-Vape-Wholesale-1.jpg 590w, https:\/\/www.vape4wholesale.com\/wp-content\/uploads\/2022\/08\/RANDM-Glory-4800-Puffs-Disposable-Vape-Wholesale-1-510x437.jpg 510w, https:\/\/www.vape4wholesale.com\/wp-content\/uploads\/2022\/08\/RANDM-Glory-4800-Puffs-Disposable-Vape-Wholesale-1-64x55.jpg 64w, https:\/\/www.vape4wholesale.com\/wp-content\/uploads\/2022\/08\/RANDM-Glory-4800-Puffs-Disposable-Vape-Wholesale-1-300x257.jpg 300w\" sizes=\"auto, (max-width: 590px) 100vw, 590px\" \/> <img loading=\"lazy\" decoding=\"async\" class=\"alignnone size-full wp-image-12756\" title=\"RANDM Glory 4800 Puffs Jednor\u00e1zov\u00fd velkoobchodn\u00ed prodej (2)\" src=\"https:\/\/www.vape4wholesale.com\/wp-content\/uploads\/2022\/08\/RANDM-Glory-4800-Puffs-Disposable-Vape-Wholesale-2.jpg\" alt=\"RANDM Glory 4800 Puffs Jednor\u00e1zov\u00fd velkoobchodn\u00ed prodej (2)\" width=\"590\" height=\"590\" srcset=\"https:\/\/www.vape4wholesale.com\/wp-content\/uploads\/2022\/08\/RANDM-Glory-4800-Puffs-Disposable-Vape-Wholesale-2.jpg 590w, https:\/\/www.vape4wholesale.com\/wp-content\/uploads\/2022\/08\/RANDM-Glory-4800-Puffs-Disposable-Vape-Wholesale-2-247x247.jpg 247w, https:\/\/www.vape4wholesale.com\/wp-content\/uploads\/2022\/08\/RANDM-Glory-4800-Puffs-Disposable-Vape-Wholesale-2-100x100.jpg 100w, https:\/\/www.vape4wholesale.com\/wp-content\/uploads\/2022\/08\/RANDM-Glory-4800-Puffs-Disposable-Vape-Wholesale-2-510x510.jpg 510w, https:\/\/www.vape4wholesale.com\/wp-content\/uploads\/2022\/08\/RANDM-Glory-4800-Puffs-Disposable-Vape-Wholesale-2-64x64.jpg 64w, https:\/\/www.vape4wholesale.com\/wp-content\/uploads\/2022\/08\/RANDM-Glory-4800-Puffs-Disposable-Vape-Wholesale-2-300x300.jpg 300w, https:\/\/www.vape4wholesale.com\/wp-content\/uploads\/2022\/08\/RANDM-Glory-4800-Puffs-Disposable-Vape-Wholesale-2-150x150.jpg 150w\" sizes=\"auto, (max-width: 590px) 100vw, 590px\" \/> <img loading=\"lazy\" decoding=\"async\" class=\"alignnone size-full wp-image-12757\" title=\"RANDM Glory 4800 Puffs Jednor\u00e1zov\u00fd velkoobchodn\u00ed prodej (3)\" src=\"https:\/\/www.vape4wholesale.com\/wp-content\/uploads\/2022\/08\/RANDM-Glory-4800-Puffs-Disposable-Vape-Wholesale-3.jpg\" alt=\"RANDM Glory 4800 Puffs Jednor\u00e1zov\u00fd velkoobchodn\u00ed prodej (3)\" width=\"590\" height=\"590\" srcset=\"https:\/\/www.vape4wholesale.com\/wp-content\/uploads\/2022\/08\/RANDM-Glory-4800-Puffs-Disposable-Vape-Wholesale-3.jpg 590w, https:\/\/www.vape4wholesale.com\/wp-content\/uploads\/2022\/08\/RANDM-Glory-4800-Puffs-Disposable-Vape-Wholesale-3-247x247.jpg 247w, https:\/\/www.vape4wholesale.com\/wp-content\/uploads\/2022\/08\/RANDM-Glory-4800-Puffs-Disposable-Vape-Wholesale-3-100x100.jpg 100w, https:\/\/www.vape4wholesale.com\/wp-content\/uploads\/2022\/08\/RANDM-Glory-4800-Puffs-Disposable-Vape-Wholesale-3-510x510.jpg 510w, https:\/\/www.vape4wholesale.com\/wp-content\/uploads\/2022\/08\/RANDM-Glory-4800-Puffs-Disposable-Vape-Wholesale-3-64x64.jpg 64w, https:\/\/www.vape4wholesale.com\/wp-content\/uploads\/2022\/08\/RANDM-Glory-4800-Puffs-Disposable-Vape-Wholesale-3-300x300.jpg 300w, https:\/\/www.vape4wholesale.com\/wp-content\/uploads\/2022\/08\/RANDM-Glory-4800-Puffs-Disposable-Vape-Wholesale-3-150x150.jpg 150w\" sizes=\"auto, (max-width: 590px) 100vw, 590px\" \/> <img loading=\"lazy\" decoding=\"async\" class=\"alignnone size-full wp-image-12758\" title=\"RANDM Glory 4800 Puffs Jednor\u00e1zov\u00fd velkoobchodn\u00ed prodej (4)\" src=\"https:\/\/www.vape4wholesale.com\/wp-content\/uploads\/2022\/08\/RANDM-Glory-4800-Puffs-Disposable-Vape-Wholesale-4.jpg\" alt=\"RANDM Glory 4800 Puffs Jednor\u00e1zov\u00fd velkoobchodn\u00ed prodej (4)\" width=\"590\" height=\"590\" srcset=\"https:\/\/www.vape4wholesale.com\/wp-content\/uploads\/2022\/08\/RANDM-Glory-4800-Puffs-Disposable-Vape-Wholesale-4.jpg 590w, https:\/\/www.vape4wholesale.com\/wp-content\/uploads\/2022\/08\/RANDM-Glory-4800-Puffs-Disposable-Vape-Wholesale-4-247x247.jpg 247w, https:\/\/www.vape4wholesale.com\/wp-content\/uploads\/2022\/08\/RANDM-Glory-4800-Puffs-Disposable-Vape-Wholesale-4-100x100.jpg 100w, https:\/\/www.vape4wholesale.com\/wp-content\/uploads\/2022\/08\/RANDM-Glory-4800-Puffs-Disposable-Vape-Wholesale-4-510x510.jpg 510w, https:\/\/www.vape4wholesale.com\/wp-content\/uploads\/2022\/08\/RANDM-Glory-4800-Puffs-Disposable-Vape-Wholesale-4-64x64.jpg 64w, https:\/\/www.vape4wholesale.com\/wp-content\/uploads\/2022\/08\/RANDM-Glory-4800-Puffs-Disposable-Vape-Wholesale-4-300x300.jpg 300w, https:\/\/www.vape4wholesale.com\/wp-content\/uploads\/2022\/08\/RANDM-Glory-4800-Puffs-Disposable-Vape-Wholesale-4-150x150.jpg 150w\" sizes=\"auto, (max-width: 590px) 100vw, 590px\" \/> <img loading=\"lazy\" decoding=\"async\" class=\"alignnone size-full wp-image-12759\" title=\"RANDM Glory 4800 Puffs Jednor\u00e1zov\u00fd velkoobchodn\u00ed prodej (5)\" src=\"https:\/\/www.vape4wholesale.com\/wp-content\/uploads\/2022\/08\/RANDM-Glory-4800-Puffs-Disposable-Vape-Wholesale-5.jpg\" alt=\"RANDM Glory 4800 Puffs Jednor\u00e1zov\u00fd velkoobchodn\u00ed prodej (5)\" width=\"590\" height=\"590\" srcset=\"https:\/\/www.vape4wholesale.com\/wp-content\/uploads\/2022\/08\/RANDM-Glory-4800-Puffs-Disposable-Vape-Wholesale-5.jpg 590w, https:\/\/www.vape4wholesale.com\/wp-content\/uploads\/2022\/08\/RANDM-Glory-4800-Puffs-Disposable-Vape-Wholesale-5-247x247.jpg 247w, https:\/\/www.vape4wholesale.com\/wp-content\/uploads\/2022\/08\/RANDM-Glory-4800-Puffs-Disposable-Vape-Wholesale-5-100x100.jpg 100w, https:\/\/www.vape4wholesale.com\/wp-content\/uploads\/2022\/08\/RANDM-Glory-4800-Puffs-Disposable-Vape-Wholesale-5-510x510.jpg 510w, https:\/\/www.vape4wholesale.com\/wp-content\/uploads\/2022\/08\/RANDM-Glory-4800-Puffs-Disposable-Vape-Wholesale-5-64x64.jpg 64w, https:\/\/www.vape4wholesale.com\/wp-content\/uploads\/2022\/08\/RANDM-Glory-4800-Puffs-Disposable-Vape-Wholesale-5-300x300.jpg 300w, https:\/\/www.vape4wholesale.com\/wp-content\/uploads\/2022\/08\/RANDM-Glory-4800-Puffs-Disposable-Vape-Wholesale-5-150x150.jpg 150w\" sizes=\"auto, (max-width: 590px) 100vw, 590px\" \/> <img loading=\"lazy\" decoding=\"async\" class=\"alignnone size-full wp-image-12760\" title=\"RANDM Glory 4800 Puffs Jednor\u00e1zov\u00fd velkoobchodn\u00ed prodej (6)\" src=\"https:\/\/www.vape4wholesale.com\/wp-content\/uploads\/2022\/08\/RANDM-Glory-4800-Puffs-Disposable-Vape-Wholesale-6.jpg\" alt=\"RANDM Glory 4800 Puffs Jednor\u00e1zov\u00fd velkoobchodn\u00ed prodej (6)\" width=\"590\" height=\"590\" srcset=\"https:\/\/www.vape4wholesale.com\/wp-content\/uploads\/2022\/08\/RANDM-Glory-4800-Puffs-Disposable-Vape-Wholesale-6.jpg 590w, https:\/\/www.vape4wholesale.com\/wp-content\/uploads\/2022\/08\/RANDM-Glory-4800-Puffs-Disposable-Vape-Wholesale-6-247x247.jpg 247w, https:\/\/www.vape4wholesale.com\/wp-content\/uploads\/2022\/08\/RANDM-Glory-4800-Puffs-Disposable-Vape-Wholesale-6-100x100.jpg 100w, https:\/\/www.vape4wholesale.com\/wp-content\/uploads\/2022\/08\/RANDM-Glory-4800-Puffs-Disposable-Vape-Wholesale-6-510x510.jpg 510w, https:\/\/www.vape4wholesale.com\/wp-content\/uploads\/2022\/08\/RANDM-Glory-4800-Puffs-Disposable-Vape-Wholesale-6-64x64.jpg 64w, https:\/\/www.vape4wholesale.com\/wp-content\/uploads\/2022\/08\/RANDM-Glory-4800-Puffs-Disposable-Vape-Wholesale-6-300x300.jpg 300w, https:\/\/www.vape4wholesale.com\/wp-content\/uploads\/2022\/08\/RANDM-Glory-4800-Puffs-Disposable-Vape-Wholesale-6-150x150.jpg 150w\" sizes=\"auto, (max-width: 590px) 100vw, 590px\" \/> <img loading=\"lazy\" decoding=\"async\" class=\"alignnone size-full wp-image-12761\" title=\"RANDM Glory 4800 Puffs Jednor\u00e1zov\u00fd velkoobchodn\u00ed prodej (7)\" src=\"https:\/\/www.vape4wholesale.com\/wp-content\/uploads\/2022\/08\/RANDM-Glory-4800-Puffs-Disposable-Vape-Wholesale-7.jpg\" alt=\"RANDM Glory 4800 Puffs Jednor\u00e1zov\u00fd velkoobchodn\u00ed prodej (7)\" width=\"590\" height=\"590\" srcset=\"https:\/\/www.vape4wholesale.com\/wp-content\/uploads\/2022\/08\/RANDM-Glory-4800-Puffs-Disposable-Vape-Wholesale-7.jpg 590w, https:\/\/www.vape4wholesale.com\/wp-content\/uploads\/2022\/08\/RANDM-Glory-4800-Puffs-Disposable-Vape-Wholesale-7-247x247.jpg 247w, https:\/\/www.vape4wholesale.com\/wp-content\/uploads\/2022\/08\/RANDM-Glory-4800-Puffs-Disposable-Vape-Wholesale-7-100x100.jpg 100w, https:\/\/www.vape4wholesale.com\/wp-content\/uploads\/2022\/08\/RANDM-Glory-4800-Puffs-Disposable-Vape-Wholesale-7-510x510.jpg 510w, https:\/\/www.vape4wholesale.com\/wp-content\/uploads\/2022\/08\/RANDM-Glory-4800-Puffs-Disposable-Vape-Wholesale-7-64x64.jpg 64w, https:\/\/www.vape4wholesale.com\/wp-content\/uploads\/2022\/08\/RANDM-Glory-4800-Puffs-Disposable-Vape-Wholesale-7-300x300.jpg 300w, https:\/\/www.vape4wholesale.com\/wp-content\/uploads\/2022\/08\/RANDM-Glory-4800-Puffs-Disposable-Vape-Wholesale-7-150x150.jpg 150w\" sizes=\"auto, (max-width: 590px) 100vw, 590px\" \/> <img loading=\"lazy\" decoding=\"async\" class=\"alignnone size-full wp-image-12762\" title=\"RANDM Glory 4800 Puffs Jednor\u00e1zov\u00fd velkoobchodn\u00ed prodej (8)\" src=\"https:\/\/www.vape4wholesale.com\/wp-content\/uploads\/2022\/08\/RANDM-Glory-4800-Puffs-Disposable-Vape-Wholesale-8.jpg\" alt=\"RANDM Glory 4800 Puffs Jednor\u00e1zov\u00fd velkoobchodn\u00ed prodej (8)\" width=\"590\" height=\"590\" srcset=\"https:\/\/www.vape4wholesale.com\/wp-content\/uploads\/2022\/08\/RANDM-Glory-4800-Puffs-Disposable-Vape-Wholesale-8.jpg 590w, https:\/\/www.vape4wholesale.com\/wp-content\/uploads\/2022\/08\/RANDM-Glory-4800-Puffs-Disposable-Vape-Wholesale-8-247x247.jpg 247w, https:\/\/www.vape4wholesale.com\/wp-content\/uploads\/2022\/08\/RANDM-Glory-4800-Puffs-Disposable-Vape-Wholesale-8-100x100.jpg 100w, https:\/\/www.vape4wholesale.com\/wp-content\/uploads\/2022\/08\/RANDM-Glory-4800-Puffs-Disposable-Vape-Wholesale-8-510x510.jpg 510w, https:\/\/www.vape4wholesale.com\/wp-content\/uploads\/2022\/08\/RANDM-Glory-4800-Puffs-Disposable-Vape-Wholesale-8-64x64.jpg 64w, https:\/\/www.vape4wholesale.com\/wp-content\/uploads\/2022\/08\/RANDM-Glory-4800-Puffs-Disposable-Vape-Wholesale-8-300x300.jpg 300w, https:\/\/www.vape4wholesale.com\/wp-content\/uploads\/2022\/08\/RANDM-Glory-4800-Puffs-Disposable-Vape-Wholesale-8-150x150.jpg 150w\" sizes=\"auto, (max-width: 590px) 100vw, 590px\" \/> <img loading=\"lazy\" decoding=\"async\" class=\"alignnone size-full wp-image-12763\" title=\"RANDM Glory 4800 Puffs Jednor\u00e1zov\u00fd velkoobchodn\u00ed prodej (9)\" src=\"https:\/\/www.vape4wholesale.com\/wp-content\/uploads\/2022\/08\/RANDM-Glory-4800-Puffs-Disposable-Vape-Wholesale-9.jpg\" alt=\"RANDM Glory 4800 Puffs Jednor\u00e1zov\u00fd velkoobchodn\u00ed prodej (9)\" width=\"590\" height=\"590\" srcset=\"https:\/\/www.vape4wholesale.com\/wp-content\/uploads\/2022\/08\/RANDM-Glory-4800-Puffs-Disposable-Vape-Wholesale-9.jpg 590w, https:\/\/www.vape4wholesale.com\/wp-content\/uploads\/2022\/08\/RANDM-Glory-4800-Puffs-Disposable-Vape-Wholesale-9-247x247.jpg 247w, https:\/\/www.vape4wholesale.com\/wp-content\/uploads\/2022\/08\/RANDM-Glory-4800-Puffs-Disposable-Vape-Wholesale-9-100x100.jpg 100w, https:\/\/www.vape4wholesale.com\/wp-content\/uploads\/2022\/08\/RANDM-Glory-4800-Puffs-Disposable-Vape-Wholesale-9-510x510.jpg 510w, https:\/\/www.vape4wholesale.com\/wp-content\/uploads\/2022\/08\/RANDM-Glory-4800-Puffs-Disposable-Vape-Wholesale-9-64x64.jpg 64w, https:\/\/www.vape4wholesale.com\/wp-content\/uploads\/2022\/08\/RANDM-Glory-4800-Puffs-Disposable-Vape-Wholesale-9-300x300.jpg 300w, https:\/\/www.vape4wholesale.com\/wp-content\/uploads\/2022\/08\/RANDM-Glory-4800-Puffs-Disposable-Vape-Wholesale-9-150x150.jpg 150w\" sizes=\"auto, (max-width: 590px) 100vw, 590px\" \/> <img loading=\"lazy\" decoding=\"async\" class=\"alignnone size-full wp-image-12764\" title=\"RANDM Glory 4800 Puffs Jednor\u00e1zov\u00fd velkoobchodn\u00ed prodej (10)\" src=\"https:\/\/www.vape4wholesale.com\/wp-content\/uploads\/2022\/08\/RANDM-Glory-4800-Puffs-Disposable-Vape-Wholesale-10.jpg\" alt=\"RANDM Glory 4800 Puffs Jednor\u00e1zov\u00fd velkoobchodn\u00ed prodej (10)\" width=\"590\" height=\"590\" srcset=\"https:\/\/www.vape4wholesale.com\/wp-content\/uploads\/2022\/08\/RANDM-Glory-4800-Puffs-Disposable-Vape-Wholesale-10.jpg 590w, https:\/\/www.vape4wholesale.com\/wp-content\/uploads\/2022\/08\/RANDM-Glory-4800-Puffs-Disposable-Vape-Wholesale-10-247x247.jpg 247w, https:\/\/www.vape4wholesale.com\/wp-content\/uploads\/2022\/08\/RANDM-Glory-4800-Puffs-Disposable-Vape-Wholesale-10-100x100.jpg 100w, https:\/\/www.vape4wholesale.com\/wp-content\/uploads\/2022\/08\/RANDM-Glory-4800-Puffs-Disposable-Vape-Wholesale-10-510x510.jpg 510w, https:\/\/www.vape4wholesale.com\/wp-content\/uploads\/2022\/08\/RANDM-Glory-4800-Puffs-Disposable-Vape-Wholesale-10-64x64.jpg 64w, https:\/\/www.vape4wholesale.com\/wp-content\/uploads\/2022\/08\/RANDM-Glory-4800-Puffs-Disposable-Vape-Wholesale-10-300x300.jpg 300w, https:\/\/www.vape4wholesale.com\/wp-content\/uploads\/2022\/08\/RANDM-Glory-4800-Puffs-Disposable-Vape-Wholesale-10-150x150.jpg 150w\" sizes=\"auto, (max-width: 590px) 100vw, 590px\" \/> <img loading=\"lazy\" decoding=\"async\" class=\"alignnone size-full wp-image-12765\" title=\"RANDM Glory 4800 Puffs Jednor\u00e1zov\u00fd velkoobchodn\u00ed prodej (11)\" src=\"https:\/\/www.vape4wholesale.com\/wp-content\/uploads\/2022\/08\/RANDM-Glory-4800-Puffs-Disposable-Vape-Wholesale-11.jpg\" alt=\"RANDM Glory 4800 Puffs Jednor\u00e1zov\u00fd velkoobchodn\u00ed prodej (11)\" width=\"590\" height=\"590\" srcset=\"https:\/\/www.vape4wholesale.com\/wp-content\/uploads\/2022\/08\/RANDM-Glory-4800-Puffs-Disposable-Vape-Wholesale-11.jpg 590w, https:\/\/www.vape4wholesale.com\/wp-content\/uploads\/2022\/08\/RANDM-Glory-4800-Puffs-Disposable-Vape-Wholesale-11-247x247.jpg 247w, https:\/\/www.vape4wholesale.com\/wp-content\/uploads\/2022\/08\/RANDM-Glory-4800-Puffs-Disposable-Vape-Wholesale-11-100x100.jpg 100w, https:\/\/www.vape4wholesale.com\/wp-content\/uploads\/2022\/08\/RANDM-Glory-4800-Puffs-Disposable-Vape-Wholesale-11-510x510.jpg 510w, https:\/\/www.vape4wholesale.com\/wp-content\/uploads\/2022\/08\/RANDM-Glory-4800-Puffs-Disposable-Vape-Wholesale-11-64x64.jpg 64w, https:\/\/www.vape4wholesale.com\/wp-content\/uploads\/2022\/08\/RANDM-Glory-4800-Puffs-Disposable-Vape-Wholesale-11-300x300.jpg 300w, https:\/\/www.vape4wholesale.com\/wp-content\/uploads\/2022\/08\/RANDM-Glory-4800-Puffs-Disposable-Vape-Wholesale-11-150x150.jpg 150w\" sizes=\"auto, (max-width: 590px) 100vw, 590px\" \/> <img loading=\"lazy\" decoding=\"async\" class=\"alignnone size-full wp-image-12766\" title=\"RANDM Glory 4800 Puffs Jednor\u00e1zov\u00fd velkoobchodn\u00ed prodej (12)\" src=\"https:\/\/www.vape4wholesale.com\/wp-content\/uploads\/2022\/08\/RANDM-Glory-4800-Puffs-Disposable-Vape-Wholesale-12.jpg\" alt=\"RANDM Glory 4800 Puffs Jednor\u00e1zov\u00fd velkoobchodn\u00ed prodej (12)\" width=\"590\" height=\"590\" srcset=\"https:\/\/www.vape4wholesale.com\/wp-content\/uploads\/2022\/08\/RANDM-Glory-4800-Puffs-Disposable-Vape-Wholesale-12.jpg 590w, https:\/\/www.vape4wholesale.com\/wp-content\/uploads\/2022\/08\/RANDM-Glory-4800-Puffs-Disposable-Vape-Wholesale-12-247x247.jpg 247w, https:\/\/www.vape4wholesale.com\/wp-content\/uploads\/2022\/08\/RANDM-Glory-4800-Puffs-Disposable-Vape-Wholesale-12-100x100.jpg 100w, https:\/\/www.vape4wholesale.com\/wp-content\/uploads\/2022\/08\/RANDM-Glory-4800-Puffs-Disposable-Vape-Wholesale-12-510x510.jpg 510w, https:\/\/www.vape4wholesale.com\/wp-content\/uploads\/2022\/08\/RANDM-Glory-4800-Puffs-Disposable-Vape-Wholesale-12-64x64.jpg 64w, https:\/\/www.vape4wholesale.com\/wp-content\/uploads\/2022\/08\/RANDM-Glory-4800-Puffs-Disposable-Vape-Wholesale-12-300x300.jpg 300w, https:\/\/www.vape4wholesale.com\/wp-content\/uploads\/2022\/08\/RANDM-Glory-4800-Puffs-Disposable-Vape-Wholesale-12-150x150.jpg 150w\" sizes=\"auto, (max-width: 590px) 100vw, 590px\" \/> <img loading=\"lazy\" decoding=\"async\" class=\"alignnone size-full wp-image-12767\" title=\"RANDM Glory 4800 Puffs Jednor\u00e1zov\u00fd velkoobchodn\u00ed prodej (13)\" src=\"https:\/\/www.vape4wholesale.com\/wp-content\/uploads\/2022\/08\/RANDM-Glory-4800-Puffs-Disposable-Vape-Wholesale-13.jpg\" alt=\"RANDM Glory 4800 Puffs Jednor\u00e1zov\u00fd velkoobchodn\u00ed prodej (13)\" width=\"590\" height=\"590\" srcset=\"https:\/\/www.vape4wholesale.com\/wp-content\/uploads\/2022\/08\/RANDM-Glory-4800-Puffs-Disposable-Vape-Wholesale-13.jpg 590w, https:\/\/www.vape4wholesale.com\/wp-content\/uploads\/2022\/08\/RANDM-Glory-4800-Puffs-Disposable-Vape-Wholesale-13-247x247.jpg 247w, https:\/\/www.vape4wholesale.com\/wp-content\/uploads\/2022\/08\/RANDM-Glory-4800-Puffs-Disposable-Vape-Wholesale-13-100x100.jpg 100w, https:\/\/www.vape4wholesale.com\/wp-content\/uploads\/2022\/08\/RANDM-Glory-4800-Puffs-Disposable-Vape-Wholesale-13-510x510.jpg 510w, https:\/\/www.vape4wholesale.com\/wp-content\/uploads\/2022\/08\/RANDM-Glory-4800-Puffs-Disposable-Vape-Wholesale-13-64x64.jpg 64w, https:\/\/www.vape4wholesale.com\/wp-content\/uploads\/2022\/08\/RANDM-Glory-4800-Puffs-Disposable-Vape-Wholesale-13-300x300.jpg 300w, https:\/\/www.vape4wholesale.com\/wp-content\/uploads\/2022\/08\/RANDM-Glory-4800-Puffs-Disposable-Vape-Wholesale-13-150x150.jpg 150w\" sizes=\"auto, (max-width: 590px) 100vw, 590px\" \/><\/p>","protected":false},"excerpt":{"rendered":"[scf-template id=&#8217;11434&#8242;]\n","protected":false},"featured_media":12755,"comment_status":"open","ping_status":"closed","template":"","meta":[],"pwb-brand":[1270],"product_cat":[57],"product_tag":[210,272,303,22,24],"class_list":{"0":"post-5973","1":"product","2":"type-product","3":"status-publish","4":"has-post-thumbnail","6":"pwb-brand-randm","7":"product_cat-4000-5000-puffs","8":"product_tag-10-0ml","9":"product_tag-randm","10":"product_tag-4800-puffs","11":"product_tag-disposable","12":"product_tag-wholesale","13":"wcpa_has_options","15":"first","16":"outofstock","17":"shipping-taxable","18":"purchasable","19":"product-type-variable"},"aioseo_notices":[],"brands":[{"id":1270,"name":"Randm","slug":"randm"}],"_links":{"self":[{"href":"https:\/\/www.vape4wholesale.com\/cs\/wp-json\/wp\/v2\/product\/5973","targetHints":{"allow":["GET"]}}],"collection":[{"href":"https:\/\/www.vape4wholesale.com\/cs\/wp-json\/wp\/v2\/product"}],"about":[{"href":"https:\/\/www.vape4wholesale.com\/cs\/wp-json\/wp\/v2\/types\/product"}],"replies":[{"embeddable":true,"href":"https:\/\/www.vape4wholesale.com\/cs\/wp-json\/wp\/v2\/comments?post=5973"}],"wp:featuredmedia":[{"embeddable":true,"href":"https:\/\/www.vape4wholesale.com\/cs\/wp-json\/wp\/v2\/media\/12755"}],"wp:attachment":[{"href":"https:\/\/www.vape4wholesale.com\/cs\/wp-json\/wp\/v2\/media?parent=5973"}],"wp:term":[{"taxonomy":"pwb-brand","embeddable":true,"href":"https:\/\/www.vape4wholesale.com\/cs\/wp-json\/wp\/v2\/pwb-brand?post=5973"},{"taxonomy":"product_cat","embeddable":true,"href":"https:\/\/www.vape4wholesale.com\/cs\/wp-json\/wp\/v2\/product_cat?post=5973"},{"taxonomy":"product_tag","embeddable":true,"href":"https:\/\/www.vape4wholesale.com\/cs\/wp-json\/wp\/v2\/product_tag?post=5973"}],"curies":[{"name":"wp","href":"https:\/\/api.w.org\/{rel}","templated":true}]}}