{"id":5907,"date":"2022-08-01T22:31:29","date_gmt":"2022-08-01T14:31:29","guid":{"rendered":"https:\/\/www.vape4wholesale.com\/?post_type=product&#038;p=5907"},"modified":"2026-01-26T13:43:23","modified_gmt":"2026-01-26T13:43:23","slug":"randm-crystal-4600-puffs-jednorazovy-vape-velkoobchod","status":"publish","type":"product","link":"https:\/\/www.vape4wholesale.com\/cs\/product\/randm-crystal-4600-puffs-disposable-vape-wholesale","title":{"rendered":"RandM Crystal 4600 Puffs jednor\u00e1zov\u00e9 Vape Velkoobchod"},"content":{"rendered":"<p><strong><a href=\"https:\/\/www.vape4wholesale.com\/cs\/product_brand\/randm\/\">RandM<\/a> Crystal<\/strong> 4600 je jednor\u00e1zov\u00e9 vape za\u0159\u00edzen\u00ed se skv\u011bl\u00fdm designem, kter\u00e9 lze dob\u00edjet. Obsahuje 10 ml e-d\u017eus\u016f s nikotinovou sol\u00ed 0\/2\/3\/5% a umo\u017e\u0148uje vapovat a\u017e 4600 potah\u016f. Na v\u00fdb\u011br m\u00e1te 12 p\u0159\u00edchut\u00ed. Dob\u00edjec\u00ed port v zadn\u00ed \u010d\u00e1sti za\u0159\u00edzen\u00ed v\u00e1m zaru\u010d\u00ed, \u017ee v tanku v\u017edy dopijete posledn\u00ed kapku ejuice.<\/p>\n<h2><b data-stringify-type=\"bold\">RandM Crystal 4600 Jednor\u00e1zov\u00e9 vape Vlastnosti:<\/b><\/h2>\n<p>\u26110% 2% 3% 5% Nikotinov\u00e1 s\u016fl<br \/>\n\u2611 10 ml e-liquidu.<br \/>\n\u2611 4600 Puffs<br \/>\n\u2611 S\u00ed\u0165ov\u00e1 c\u00edvka<br \/>\n\u2611 Nab\u00edjec\u00ed baterie 650 mAh<br \/>\n\u2611 K dispozici je 12 p\u0159\u00edchut\u00ed.<br \/>\n\u2611 10ks ve stoj\u00e1nku.<br \/>\n\u2611 300 ks v kartonu.<\/p>\n<h2><b data-stringify-type=\"bold\">P\u0159\u00edchut\u011b<\/b><\/h2>\n<p>1.Pan modr\u00fd<br \/>\n2.Blueberry Gran\u00e1tov\u00e9 jablko<br \/>\n3.Blueberry Raspberry<br \/>\n4.Blueberry bubblegum<br \/>\n5.Jahodov\u00e1 zmrzlina<br \/>\n6.Lush Ice<br \/>\n7.Grapefruitov\u00fd led<br \/>\n8.Tyg\u0159\u00ed krev<br \/>\n9.Peach bor\u016fvkov\u00e9 bonb\u00f3ny<br \/>\n10.Broskvov\u00e9 mango<br \/>\n11.Kiwi mu\u010denka guava<br \/>\n12.Strawberry Watermelon Bubblegum<\/p>\n<p><img loading=\"lazy\" decoding=\"async\" class=\"alignnone size-full wp-image-12741\" title=\"RandM Crystal 4600 Puffs Velkoobchodn\u00ed prodej jednor\u00e1zov\u00fdch vape (1)\" src=\"https:\/\/www.vape4wholesale.com\/wp-content\/uploads\/2022\/08\/RandM-Crystal-4600-Puffs-Disposable-Vape-Wholesale-1.jpg\" alt=\"RandM Crystal 4600 Puffs Velkoobchodn\u00ed prodej jednor\u00e1zov\u00fdch vape (1)\" width=\"590\" height=\"505\" srcset=\"https:\/\/www.vape4wholesale.com\/wp-content\/uploads\/2022\/08\/RandM-Crystal-4600-Puffs-Disposable-Vape-Wholesale-1.jpg 590w, https:\/\/www.vape4wholesale.com\/wp-content\/uploads\/2022\/08\/RandM-Crystal-4600-Puffs-Disposable-Vape-Wholesale-1-510x437.jpg 510w, https:\/\/www.vape4wholesale.com\/wp-content\/uploads\/2022\/08\/RandM-Crystal-4600-Puffs-Disposable-Vape-Wholesale-1-64x55.jpg 64w, https:\/\/www.vape4wholesale.com\/wp-content\/uploads\/2022\/08\/RandM-Crystal-4600-Puffs-Disposable-Vape-Wholesale-1-300x257.jpg 300w\" sizes=\"auto, (max-width: 590px) 100vw, 590px\" \/> <img loading=\"lazy\" decoding=\"async\" class=\"alignnone size-full wp-image-12742\" title=\"RandM Crystal 4600 Puffs Jednor\u00e1zov\u00fd velkoobchodn\u00ed prodej (2)\" src=\"https:\/\/www.vape4wholesale.com\/wp-content\/uploads\/2022\/08\/RandM-Crystal-4600-Puffs-Disposable-Vape-Wholesale-2.jpg\" alt=\"RandM Crystal 4600 Puffs Jednor\u00e1zov\u00fd velkoobchodn\u00ed prodej (2)\" width=\"590\" height=\"590\" srcset=\"https:\/\/www.vape4wholesale.com\/wp-content\/uploads\/2022\/08\/RandM-Crystal-4600-Puffs-Disposable-Vape-Wholesale-2.jpg 590w, https:\/\/www.vape4wholesale.com\/wp-content\/uploads\/2022\/08\/RandM-Crystal-4600-Puffs-Disposable-Vape-Wholesale-2-247x247.jpg 247w, https:\/\/www.vape4wholesale.com\/wp-content\/uploads\/2022\/08\/RandM-Crystal-4600-Puffs-Disposable-Vape-Wholesale-2-100x100.jpg 100w, https:\/\/www.vape4wholesale.com\/wp-content\/uploads\/2022\/08\/RandM-Crystal-4600-Puffs-Disposable-Vape-Wholesale-2-510x510.jpg 510w, https:\/\/www.vape4wholesale.com\/wp-content\/uploads\/2022\/08\/RandM-Crystal-4600-Puffs-Disposable-Vape-Wholesale-2-64x64.jpg 64w, https:\/\/www.vape4wholesale.com\/wp-content\/uploads\/2022\/08\/RandM-Crystal-4600-Puffs-Disposable-Vape-Wholesale-2-300x300.jpg 300w, https:\/\/www.vape4wholesale.com\/wp-content\/uploads\/2022\/08\/RandM-Crystal-4600-Puffs-Disposable-Vape-Wholesale-2-150x150.jpg 150w\" sizes=\"auto, (max-width: 590px) 100vw, 590px\" \/> <img loading=\"lazy\" decoding=\"async\" class=\"alignnone size-full wp-image-12743\" title=\"RandM Crystal 4600 Puffs Jednor\u00e1zov\u00fd velkoobchodn\u00ed prodej (3)\" src=\"https:\/\/www.vape4wholesale.com\/wp-content\/uploads\/2022\/08\/RandM-Crystal-4600-Puffs-Disposable-Vape-Wholesale-3.jpg\" alt=\"RandM Crystal 4600 Puffs Jednor\u00e1zov\u00fd velkoobchodn\u00ed prodej (3)\" width=\"590\" height=\"590\" srcset=\"https:\/\/www.vape4wholesale.com\/wp-content\/uploads\/2022\/08\/RandM-Crystal-4600-Puffs-Disposable-Vape-Wholesale-3.jpg 590w, https:\/\/www.vape4wholesale.com\/wp-content\/uploads\/2022\/08\/RandM-Crystal-4600-Puffs-Disposable-Vape-Wholesale-3-247x247.jpg 247w, https:\/\/www.vape4wholesale.com\/wp-content\/uploads\/2022\/08\/RandM-Crystal-4600-Puffs-Disposable-Vape-Wholesale-3-100x100.jpg 100w, https:\/\/www.vape4wholesale.com\/wp-content\/uploads\/2022\/08\/RandM-Crystal-4600-Puffs-Disposable-Vape-Wholesale-3-510x510.jpg 510w, https:\/\/www.vape4wholesale.com\/wp-content\/uploads\/2022\/08\/RandM-Crystal-4600-Puffs-Disposable-Vape-Wholesale-3-64x64.jpg 64w, https:\/\/www.vape4wholesale.com\/wp-content\/uploads\/2022\/08\/RandM-Crystal-4600-Puffs-Disposable-Vape-Wholesale-3-300x300.jpg 300w, https:\/\/www.vape4wholesale.com\/wp-content\/uploads\/2022\/08\/RandM-Crystal-4600-Puffs-Disposable-Vape-Wholesale-3-150x150.jpg 150w\" sizes=\"auto, (max-width: 590px) 100vw, 590px\" \/> <img loading=\"lazy\" decoding=\"async\" class=\"alignnone size-full wp-image-12745\" title=\"RandM Crystal 4600 Puffs Jednor\u00e1zov\u00fd velkoobchodn\u00ed prodej (5)\" src=\"https:\/\/www.vape4wholesale.com\/wp-content\/uploads\/2022\/08\/RandM-Crystal-4600-Puffs-Disposable-Vape-Wholesale-5.jpg\" alt=\"RandM Crystal 4600 Puffs Jednor\u00e1zov\u00fd velkoobchodn\u00ed prodej (5)\" width=\"590\" height=\"590\" srcset=\"https:\/\/www.vape4wholesale.com\/wp-content\/uploads\/2022\/08\/RandM-Crystal-4600-Puffs-Disposable-Vape-Wholesale-5.jpg 590w, https:\/\/www.vape4wholesale.com\/wp-content\/uploads\/2022\/08\/RandM-Crystal-4600-Puffs-Disposable-Vape-Wholesale-5-247x247.jpg 247w, https:\/\/www.vape4wholesale.com\/wp-content\/uploads\/2022\/08\/RandM-Crystal-4600-Puffs-Disposable-Vape-Wholesale-5-100x100.jpg 100w, https:\/\/www.vape4wholesale.com\/wp-content\/uploads\/2022\/08\/RandM-Crystal-4600-Puffs-Disposable-Vape-Wholesale-5-510x510.jpg 510w, https:\/\/www.vape4wholesale.com\/wp-content\/uploads\/2022\/08\/RandM-Crystal-4600-Puffs-Disposable-Vape-Wholesale-5-64x64.jpg 64w, https:\/\/www.vape4wholesale.com\/wp-content\/uploads\/2022\/08\/RandM-Crystal-4600-Puffs-Disposable-Vape-Wholesale-5-300x300.jpg 300w, https:\/\/www.vape4wholesale.com\/wp-content\/uploads\/2022\/08\/RandM-Crystal-4600-Puffs-Disposable-Vape-Wholesale-5-150x150.jpg 150w\" sizes=\"auto, (max-width: 590px) 100vw, 590px\" \/> <img loading=\"lazy\" decoding=\"async\" class=\"alignnone size-full wp-image-12746\" title=\"RandM Crystal 4600 Puffs jednor\u00e1zov\u00fd velkoobchodn\u00ed prodej (6)\" src=\"https:\/\/www.vape4wholesale.com\/wp-content\/uploads\/2022\/08\/RandM-Crystal-4600-Puffs-Disposable-Vape-Wholesale-6.jpg\" alt=\"RandM Crystal 4600 Puffs jednor\u00e1zov\u00fd velkoobchodn\u00ed prodej (6)\" width=\"590\" height=\"590\" srcset=\"https:\/\/www.vape4wholesale.com\/wp-content\/uploads\/2022\/08\/RandM-Crystal-4600-Puffs-Disposable-Vape-Wholesale-6.jpg 590w, https:\/\/www.vape4wholesale.com\/wp-content\/uploads\/2022\/08\/RandM-Crystal-4600-Puffs-Disposable-Vape-Wholesale-6-247x247.jpg 247w, https:\/\/www.vape4wholesale.com\/wp-content\/uploads\/2022\/08\/RandM-Crystal-4600-Puffs-Disposable-Vape-Wholesale-6-100x100.jpg 100w, https:\/\/www.vape4wholesale.com\/wp-content\/uploads\/2022\/08\/RandM-Crystal-4600-Puffs-Disposable-Vape-Wholesale-6-510x510.jpg 510w, https:\/\/www.vape4wholesale.com\/wp-content\/uploads\/2022\/08\/RandM-Crystal-4600-Puffs-Disposable-Vape-Wholesale-6-64x64.jpg 64w, https:\/\/www.vape4wholesale.com\/wp-content\/uploads\/2022\/08\/RandM-Crystal-4600-Puffs-Disposable-Vape-Wholesale-6-300x300.jpg 300w, https:\/\/www.vape4wholesale.com\/wp-content\/uploads\/2022\/08\/RandM-Crystal-4600-Puffs-Disposable-Vape-Wholesale-6-150x150.jpg 150w\" sizes=\"auto, (max-width: 590px) 100vw, 590px\" \/> <img loading=\"lazy\" decoding=\"async\" class=\"alignnone size-full wp-image-12748\" title=\"RandM Crystal 4600 Puffs Jednor\u00e1zov\u00fd velkoobchodn\u00ed prodej (8)\" src=\"https:\/\/www.vape4wholesale.com\/wp-content\/uploads\/2022\/08\/RandM-Crystal-4600-Puffs-Disposable-Vape-Wholesale-8.jpg\" alt=\"RandM Crystal 4600 Puffs Jednor\u00e1zov\u00fd velkoobchodn\u00ed prodej (8)\" width=\"590\" height=\"590\" srcset=\"https:\/\/www.vape4wholesale.com\/wp-content\/uploads\/2022\/08\/RandM-Crystal-4600-Puffs-Disposable-Vape-Wholesale-8.jpg 590w, https:\/\/www.vape4wholesale.com\/wp-content\/uploads\/2022\/08\/RandM-Crystal-4600-Puffs-Disposable-Vape-Wholesale-8-247x247.jpg 247w, https:\/\/www.vape4wholesale.com\/wp-content\/uploads\/2022\/08\/RandM-Crystal-4600-Puffs-Disposable-Vape-Wholesale-8-100x100.jpg 100w, https:\/\/www.vape4wholesale.com\/wp-content\/uploads\/2022\/08\/RandM-Crystal-4600-Puffs-Disposable-Vape-Wholesale-8-510x510.jpg 510w, https:\/\/www.vape4wholesale.com\/wp-content\/uploads\/2022\/08\/RandM-Crystal-4600-Puffs-Disposable-Vape-Wholesale-8-64x64.jpg 64w, https:\/\/www.vape4wholesale.com\/wp-content\/uploads\/2022\/08\/RandM-Crystal-4600-Puffs-Disposable-Vape-Wholesale-8-300x300.jpg 300w, https:\/\/www.vape4wholesale.com\/wp-content\/uploads\/2022\/08\/RandM-Crystal-4600-Puffs-Disposable-Vape-Wholesale-8-150x150.jpg 150w\" sizes=\"auto, (max-width: 590px) 100vw, 590px\" \/><\/p>","protected":false},"excerpt":{"rendered":"[scf-template id=&#8217;11434&#8242;]\n","protected":false},"featured_media":12741,"comment_status":"open","ping_status":"closed","template":"","meta":[],"pwb-brand":[1270],"product_cat":[57],"product_tag":[22,24,210,272,298],"class_list":{"0":"post-5907","1":"product","2":"type-product","3":"status-publish","4":"has-post-thumbnail","6":"pwb-brand-randm","7":"product_cat-4000-5000-puffs","8":"product_tag-disposable","9":"product_tag-wholesale","10":"product_tag-10-0ml","11":"product_tag-randm","12":"product_tag-4600-puffs","13":"wcpa_has_options","15":"first","16":"outofstock","17":"shipping-taxable","18":"purchasable","19":"product-type-variable"},"aioseo_notices":[],"brands":[{"id":1270,"name":"Randm","slug":"randm"}],"_links":{"self":[{"href":"https:\/\/www.vape4wholesale.com\/cs\/wp-json\/wp\/v2\/product\/5907","targetHints":{"allow":["GET"]}}],"collection":[{"href":"https:\/\/www.vape4wholesale.com\/cs\/wp-json\/wp\/v2\/product"}],"about":[{"href":"https:\/\/www.vape4wholesale.com\/cs\/wp-json\/wp\/v2\/types\/product"}],"replies":[{"embeddable":true,"href":"https:\/\/www.vape4wholesale.com\/cs\/wp-json\/wp\/v2\/comments?post=5907"}],"wp:featuredmedia":[{"embeddable":true,"href":"https:\/\/www.vape4wholesale.com\/cs\/wp-json\/wp\/v2\/media\/12741"}],"wp:attachment":[{"href":"https:\/\/www.vape4wholesale.com\/cs\/wp-json\/wp\/v2\/media?parent=5907"}],"wp:term":[{"taxonomy":"pwb-brand","embeddable":true,"href":"https:\/\/www.vape4wholesale.com\/cs\/wp-json\/wp\/v2\/pwb-brand?post=5907"},{"taxonomy":"product_cat","embeddable":true,"href":"https:\/\/www.vape4wholesale.com\/cs\/wp-json\/wp\/v2\/product_cat?post=5907"},{"taxonomy":"product_tag","embeddable":true,"href":"https:\/\/www.vape4wholesale.com\/cs\/wp-json\/wp\/v2\/product_tag?post=5907"}],"curies":[{"name":"wp","href":"https:\/\/api.w.org\/{rel}","templated":true}]}}