{"id":5848,"date":"2022-07-03T14:32:51","date_gmt":"2022-07-03T06:32:51","guid":{"rendered":"https:\/\/www.vape4wholesale.com\/?post_type=product&#038;p=5848"},"modified":"2026-01-26T13:43:37","modified_gmt":"2026-01-26T13:43:37","slug":"bang-bc5000-jednorazovy-vape-velkoobchod","status":"publish","type":"product","link":"https:\/\/www.vape4wholesale.com\/cs\/product\/bang-bc5000-disposable-vape-wholesale","title":{"rendered":"Bang BC5000 Jednor\u00e1zov\u00fd velkoobchodn\u00ed prodej Vape"},"content":{"rendered":"<p>na <strong>Bang BC5000<\/strong>\u00a0je dob\u00edjec\u00ed jednor\u00e1zov\u00fd vape, dod\u00e1v\u00e1 se s vestav\u011bnou bateri\u00ed 650 mAh s 13 ml eliquidu, s\u00edla nikotinu je 5%, podpora max. 5000 puff\u016f.<\/p>\n<h2>Bang BC5000 Jednor\u00e1zov\u00e9 Vape Rychl\u00fd Detail<\/h2>\n<ul>\n<li>Pufy: 5000<\/li>\n<li>Nikotinov\u00e1 s\u016fl: 5%<\/li>\n<li>Kapacita tekutiny: 13ML<\/li>\n<li>Odpor: 1,2 ohm\u016f Mesh<\/li>\n<li>Hmotnost t\u011bla: 52 g<\/li>\n<li>Velikost kartonu: 52,3 * 38 * 28,5 cm<\/li>\n<li>Hmotnost kartonu: 16,5 kg\/ 300 ks<\/li>\n<li>Nab\u00edjec\u00ed port: Typ C<\/li>\n<\/ul>\n<h2>P\u0159\u00edchut\u011b<\/h2>\n<ol>\n<li>Blue Razz Ice<\/li>\n<li>Bor\u016fvkov\u00fd led<\/li>\n<li>Kiwi Mu\u010denka Ovoce Guava<\/li>\n<li>Citronov\u00e1 m\u00e1ta<\/li>\n<li>Mango Peach<\/li>\n<li>Broskvov\u00fd led<\/li>\n<li>Broskvov\u00fd meloun Mango<\/li>\n<li>Ananasov\u00fd kokosov\u00fd led<\/li>\n<li>Duhov\u00e9 bonbony<\/li>\n<li>Sakura Grape<\/li>\n<li>Kysel\u00e9 jablko<\/li>\n<li>Jahodov\u00fd ban\u00e1n<\/li>\n<li>Jahodov\u00e1 zmrzlina<\/li>\n<li>Jahodov\u00e9 kiwi<\/li>\n<li>Jahodov\u00e9 mango<\/li>\n<li>Jahodov\u00fd meloun<\/li>\n<li>Trojit\u00fd led z bobul\u00ed<\/li>\n<li>Trojit\u00fd meloun<\/li>\n<li>Melounov\u00e1 \u017ev\u00fdka\u010dka<\/li>\n<li>Melounov\u00fd led<\/li>\n<\/ol>\n<p><img loading=\"lazy\" decoding=\"async\" class=\"alignnone size-full wp-image-15348\" title=\"Bang BC5000 Jednor\u00e1zov\u00fd velkoobchodn\u00ed prodej Vape\" src=\"https:\/\/www.vape4wholesale.com\/wp-content\/uploads\/2022\/07\/Bang-BC5000-Disposable-Vape-Wholesale.jpg\" alt=\"Bang BC5000 Jednor\u00e1zov\u00fd velkoobchodn\u00ed prodej Vape\" width=\"1080\" height=\"1236\" srcset=\"https:\/\/www.vape4wholesale.com\/wp-content\/uploads\/2022\/07\/Bang-BC5000-Disposable-Vape-Wholesale.jpg 1080w, https:\/\/www.vape4wholesale.com\/wp-content\/uploads\/2022\/07\/Bang-BC5000-Disposable-Vape-Wholesale-510x584.jpg 510w, https:\/\/www.vape4wholesale.com\/wp-content\/uploads\/2022\/07\/Bang-BC5000-Disposable-Vape-Wholesale-64x73.jpg 64w, https:\/\/www.vape4wholesale.com\/wp-content\/uploads\/2022\/07\/Bang-BC5000-Disposable-Vape-Wholesale-262x300.jpg 262w, https:\/\/www.vape4wholesale.com\/wp-content\/uploads\/2022\/07\/Bang-BC5000-Disposable-Vape-Wholesale-895x1024.jpg 895w, https:\/\/www.vape4wholesale.com\/wp-content\/uploads\/2022\/07\/Bang-BC5000-Disposable-Vape-Wholesale-768x879.jpg 768w\" sizes=\"auto, (max-width: 1080px) 100vw, 1080px\" \/><\/p>\n<p>&nbsp;<\/p>\n<p>&nbsp;<\/p>","protected":false},"excerpt":{"rendered":"[scf-template id=&#8217;11434&#8242;]\n","protected":false},"featured_media":13293,"comment_status":"open","ping_status":"closed","template":"","meta":[],"pwb-brand":[1275],"product_cat":[869],"product_tag":[249,285,22,24,189],"class_list":{"0":"post-5848","1":"product","2":"type-product","3":"status-publish","4":"has-post-thumbnail","6":"pwb-brand-bang","7":"product_cat-5000-8000-puffs","8":"product_tag-bang","9":"product_tag-13-0ml","10":"product_tag-disposable","11":"product_tag-wholesale","12":"product_tag-5000-puffs","13":"wcpa_has_options","15":"first","16":"outofstock","17":"shipping-taxable","18":"purchasable","19":"product-type-variable"},"aioseo_notices":[],"brands":[{"id":1275,"name":"Bang","slug":"bang"}],"_links":{"self":[{"href":"https:\/\/www.vape4wholesale.com\/cs\/wp-json\/wp\/v2\/product\/5848","targetHints":{"allow":["GET"]}}],"collection":[{"href":"https:\/\/www.vape4wholesale.com\/cs\/wp-json\/wp\/v2\/product"}],"about":[{"href":"https:\/\/www.vape4wholesale.com\/cs\/wp-json\/wp\/v2\/types\/product"}],"replies":[{"embeddable":true,"href":"https:\/\/www.vape4wholesale.com\/cs\/wp-json\/wp\/v2\/comments?post=5848"}],"wp:featuredmedia":[{"embeddable":true,"href":"https:\/\/www.vape4wholesale.com\/cs\/wp-json\/wp\/v2\/media\/13293"}],"wp:attachment":[{"href":"https:\/\/www.vape4wholesale.com\/cs\/wp-json\/wp\/v2\/media?parent=5848"}],"wp:term":[{"taxonomy":"pwb-brand","embeddable":true,"href":"https:\/\/www.vape4wholesale.com\/cs\/wp-json\/wp\/v2\/pwb-brand?post=5848"},{"taxonomy":"product_cat","embeddable":true,"href":"https:\/\/www.vape4wholesale.com\/cs\/wp-json\/wp\/v2\/product_cat?post=5848"},{"taxonomy":"product_tag","embeddable":true,"href":"https:\/\/www.vape4wholesale.com\/cs\/wp-json\/wp\/v2\/product_tag?post=5848"}],"curies":[{"name":"wp","href":"https:\/\/api.w.org\/{rel}","templated":true}]}}