{"id":5784,"date":"2022-07-27T20:39:18","date_gmt":"2022-07-27T12:39:18","guid":{"rendered":"https:\/\/www.vape4wholesale.com\/?post_type=product&#038;p=5784"},"modified":"2026-01-26T13:43:32","modified_gmt":"2026-01-26T13:43:32","slug":"randm-squid-box-5200-puffs-jednorazove-vape-velkoobchod","status":"publish","type":"product","link":"https:\/\/www.vape4wholesale.com\/cs\/product\/randm-squid-box-5200-puffs-disposable-vape-wholesale","title":{"rendered":"RandM Squid Box 5200 Puffs Jednor\u00e1zov\u00e9 velkoobchodn\u00ed vape"},"content":{"rendered":"<p><strong><a href=\"https:\/\/www.vape4wholesale.com\/cs\/product_brand\/randm\/\">RandM<\/a> S<\/strong><strong style=\"font-size: 14.4px\">quid Box 5200<\/strong><span style=\"font-size: 14.4px\"> i<\/span><span style=\"font-size: 14.4px\">je jednor\u00e1zov\u00e9 vape za\u0159\u00edzen\u00ed s par\u00e1dn\u00edm designem, kter\u00e9 lze dob\u00edjet. Obsahuje 12 ml e-d\u017eus\u016f s nikotinovou sol\u00ed 0\/2\/3\/5% a umo\u017e\u0148uje vapovat a\u017e 5200 \u0161luk\u016f. Na v\u00fdb\u011br m\u00e1te 20 p\u0159\u00edchut\u00ed. Dob\u00edjec\u00ed port typu C v zadn\u00ed \u010d\u00e1sti za\u0159\u00edzen\u00ed v\u00e1m zaru\u010d\u00ed, \u017ee v tanku v\u017edy dopijete posledn\u00ed kapku ejuice.\u00a0<\/span><\/p>\n<h2><b data-stringify-type=\"bold\">RandM Squid Box 5200 Jednor\u00e1zov\u00e9 vape Vlastnosti:<\/b><\/h2>\n<p>\u26110\/2\/3\/5% Nikotinov\u00e1 s\u016fl.<br \/>\n\u261112ML E-liquidu.<br \/>\n\u2611Mesh Coil<br \/>\n\u2611Nab\u00edjec\u00ed baterie<br \/>\n\u2611Integrovan\u00e1 850mAh baterie.<br \/>\n\u261120 dostupn\u00fdch p\u0159\u00edchut\u00ed.<br \/>\n\u261110ks v krabi\u010dce.<br \/>\n\u2611240ks v kartonu.<\/p>\n<h2><b data-stringify-type=\"bold\">Dostupn\u00e9 p\u0159\u00edchut\u011b:<\/b><\/h2>\n<p>1.Strawberry Kiwi<br \/>\n2.Blueberry Ice<br \/>\n3.Lush Ice<br \/>\n4.Cotton Candy<br \/>\n5.Sm\u00ed\u0161en\u00e9 bobule<br \/>\n6.Ban\u00e1nov\u00fd led<br \/>\n7.Strawberry Lychee<br \/>\n8.Mint<br \/>\n9.Aloe Grape<br \/>\n10.Peach Mango<\/p>\n<p><img loading=\"lazy\" decoding=\"async\" class=\"alignnone size-full wp-image-12851\" title=\"RandM Squid Box 5200 Puffs Jednor\u00e1zov\u00e9 velkoobchodn\u00ed vape\" src=\"https:\/\/www.vape4wholesale.com\/wp-content\/uploads\/2022\/07\/RandM-Squid-Box-5200-Puffs-Disposable-Vape-Wholesale.jpg\" alt=\"RandM Squid Box 5200 Puffs Jednor\u00e1zov\u00e9 velkoobchodn\u00ed vape\" width=\"590\" height=\"504\" srcset=\"https:\/\/www.vape4wholesale.com\/wp-content\/uploads\/2022\/07\/RandM-Squid-Box-5200-Puffs-Disposable-Vape-Wholesale.jpg 590w, https:\/\/www.vape4wholesale.com\/wp-content\/uploads\/2022\/07\/RandM-Squid-Box-5200-Puffs-Disposable-Vape-Wholesale-510x436.jpg 510w, https:\/\/www.vape4wholesale.com\/wp-content\/uploads\/2022\/07\/RandM-Squid-Box-5200-Puffs-Disposable-Vape-Wholesale-64x55.jpg 64w, https:\/\/www.vape4wholesale.com\/wp-content\/uploads\/2022\/07\/RandM-Squid-Box-5200-Puffs-Disposable-Vape-Wholesale-300x256.jpg 300w\" sizes=\"auto, (max-width: 590px) 100vw, 590px\" \/><img loading=\"lazy\" decoding=\"async\" class=\"alignnone size-full wp-image-12831\" title=\"RandM Squid Box 5200 Puffs jednor\u00e1zov\u00e9 Vape velkoobchod Aloe Grape\" src=\"https:\/\/www.vape4wholesale.com\/wp-content\/uploads\/2022\/07\/RandM-Squid-Box-5200-Puffs-Disposable-Vape-Wholesale-Aloe-Grape.jpg\" alt=\"RandM Squid Box 5200 Puffs jednor\u00e1zov\u00e9 Vape velkoobchod Aloe Grape\" width=\"590\" height=\"590\" srcset=\"https:\/\/www.vape4wholesale.com\/wp-content\/uploads\/2022\/07\/RandM-Squid-Box-5200-Puffs-Disposable-Vape-Wholesale-Aloe-Grape.jpg 590w, https:\/\/www.vape4wholesale.com\/wp-content\/uploads\/2022\/07\/RandM-Squid-Box-5200-Puffs-Disposable-Vape-Wholesale-Aloe-Grape-247x247.jpg 247w, https:\/\/www.vape4wholesale.com\/wp-content\/uploads\/2022\/07\/RandM-Squid-Box-5200-Puffs-Disposable-Vape-Wholesale-Aloe-Grape-100x100.jpg 100w, https:\/\/www.vape4wholesale.com\/wp-content\/uploads\/2022\/07\/RandM-Squid-Box-5200-Puffs-Disposable-Vape-Wholesale-Aloe-Grape-510x510.jpg 510w, https:\/\/www.vape4wholesale.com\/wp-content\/uploads\/2022\/07\/RandM-Squid-Box-5200-Puffs-Disposable-Vape-Wholesale-Aloe-Grape-64x64.jpg 64w, https:\/\/www.vape4wholesale.com\/wp-content\/uploads\/2022\/07\/RandM-Squid-Box-5200-Puffs-Disposable-Vape-Wholesale-Aloe-Grape-300x300.jpg 300w, https:\/\/www.vape4wholesale.com\/wp-content\/uploads\/2022\/07\/RandM-Squid-Box-5200-Puffs-Disposable-Vape-Wholesale-Aloe-Grape-150x150.jpg 150w\" sizes=\"auto, (max-width: 590px) 100vw, 590px\" \/> <img loading=\"lazy\" decoding=\"async\" class=\"alignnone size-full wp-image-12832\" title=\"RandM Squid Box 5200 Puffs jednor\u00e1zov\u00e9 Vape velkoobchod Ban\u00e1nov\u00fd led\" src=\"https:\/\/www.vape4wholesale.com\/wp-content\/uploads\/2022\/07\/RandM-Squid-Box-5200-Puffs-Disposable-Vape-Wholesale-Banana-Ice.jpg\" alt=\"RandM Squid Box 5200 Puffs jednor\u00e1zov\u00e9 Vape velkoobchod Ban\u00e1nov\u00fd led\" width=\"590\" height=\"590\" srcset=\"https:\/\/www.vape4wholesale.com\/wp-content\/uploads\/2022\/07\/RandM-Squid-Box-5200-Puffs-Disposable-Vape-Wholesale-Banana-Ice.jpg 590w, https:\/\/www.vape4wholesale.com\/wp-content\/uploads\/2022\/07\/RandM-Squid-Box-5200-Puffs-Disposable-Vape-Wholesale-Banana-Ice-247x247.jpg 247w, https:\/\/www.vape4wholesale.com\/wp-content\/uploads\/2022\/07\/RandM-Squid-Box-5200-Puffs-Disposable-Vape-Wholesale-Banana-Ice-100x100.jpg 100w, https:\/\/www.vape4wholesale.com\/wp-content\/uploads\/2022\/07\/RandM-Squid-Box-5200-Puffs-Disposable-Vape-Wholesale-Banana-Ice-510x510.jpg 510w, https:\/\/www.vape4wholesale.com\/wp-content\/uploads\/2022\/07\/RandM-Squid-Box-5200-Puffs-Disposable-Vape-Wholesale-Banana-Ice-64x64.jpg 64w, https:\/\/www.vape4wholesale.com\/wp-content\/uploads\/2022\/07\/RandM-Squid-Box-5200-Puffs-Disposable-Vape-Wholesale-Banana-Ice-300x300.jpg 300w, https:\/\/www.vape4wholesale.com\/wp-content\/uploads\/2022\/07\/RandM-Squid-Box-5200-Puffs-Disposable-Vape-Wholesale-Banana-Ice-150x150.jpg 150w\" sizes=\"auto, (max-width: 590px) 100vw, 590px\" \/> <img loading=\"lazy\" decoding=\"async\" class=\"alignnone size-full wp-image-12833\" title=\"RandM Squid Box 5200 Puffs jednor\u00e1zov\u00e9 Vape velkoobchod Blueberry Ice\" src=\"https:\/\/www.vape4wholesale.com\/wp-content\/uploads\/2022\/07\/RandM-Squid-Box-5200-Puffs-Disposable-Vape-Wholesale-Blueberry-Ice.jpg\" alt=\"RandM Squid Box 5200 Puffs jednor\u00e1zov\u00e9 Vape velkoobchod Blueberry Ice\" width=\"590\" height=\"590\" srcset=\"https:\/\/www.vape4wholesale.com\/wp-content\/uploads\/2022\/07\/RandM-Squid-Box-5200-Puffs-Disposable-Vape-Wholesale-Blueberry-Ice.jpg 590w, https:\/\/www.vape4wholesale.com\/wp-content\/uploads\/2022\/07\/RandM-Squid-Box-5200-Puffs-Disposable-Vape-Wholesale-Blueberry-Ice-247x247.jpg 247w, https:\/\/www.vape4wholesale.com\/wp-content\/uploads\/2022\/07\/RandM-Squid-Box-5200-Puffs-Disposable-Vape-Wholesale-Blueberry-Ice-100x100.jpg 100w, https:\/\/www.vape4wholesale.com\/wp-content\/uploads\/2022\/07\/RandM-Squid-Box-5200-Puffs-Disposable-Vape-Wholesale-Blueberry-Ice-510x510.jpg 510w, https:\/\/www.vape4wholesale.com\/wp-content\/uploads\/2022\/07\/RandM-Squid-Box-5200-Puffs-Disposable-Vape-Wholesale-Blueberry-Ice-64x64.jpg 64w, https:\/\/www.vape4wholesale.com\/wp-content\/uploads\/2022\/07\/RandM-Squid-Box-5200-Puffs-Disposable-Vape-Wholesale-Blueberry-Ice-300x300.jpg 300w, https:\/\/www.vape4wholesale.com\/wp-content\/uploads\/2022\/07\/RandM-Squid-Box-5200-Puffs-Disposable-Vape-Wholesale-Blueberry-Ice-150x150.jpg 150w\" sizes=\"auto, (max-width: 590px) 100vw, 590px\" \/> <img loading=\"lazy\" decoding=\"async\" class=\"alignnone size-full wp-image-12844\" title=\"RandM Squid Box 5200 Puffs jednor\u00e1zov\u00e9 Vape velkoobchodn\u00ed cukrov\u00e1 vata\" src=\"https:\/\/www.vape4wholesale.com\/wp-content\/uploads\/2022\/07\/RandM-Squid-Box-5200-Puffs-Disposable-Vape-Wholesale-Cotton-Candy.jpg\" alt=\"RandM Squid Box 5200 Puffs jednor\u00e1zov\u00e9 Vape velkoobchodn\u00ed cukrov\u00e1 vata\" width=\"590\" height=\"590\" srcset=\"https:\/\/www.vape4wholesale.com\/wp-content\/uploads\/2022\/07\/RandM-Squid-Box-5200-Puffs-Disposable-Vape-Wholesale-Cotton-Candy.jpg 590w, https:\/\/www.vape4wholesale.com\/wp-content\/uploads\/2022\/07\/RandM-Squid-Box-5200-Puffs-Disposable-Vape-Wholesale-Cotton-Candy-247x247.jpg 247w, https:\/\/www.vape4wholesale.com\/wp-content\/uploads\/2022\/07\/RandM-Squid-Box-5200-Puffs-Disposable-Vape-Wholesale-Cotton-Candy-100x100.jpg 100w, https:\/\/www.vape4wholesale.com\/wp-content\/uploads\/2022\/07\/RandM-Squid-Box-5200-Puffs-Disposable-Vape-Wholesale-Cotton-Candy-510x510.jpg 510w, https:\/\/www.vape4wholesale.com\/wp-content\/uploads\/2022\/07\/RandM-Squid-Box-5200-Puffs-Disposable-Vape-Wholesale-Cotton-Candy-64x64.jpg 64w, https:\/\/www.vape4wholesale.com\/wp-content\/uploads\/2022\/07\/RandM-Squid-Box-5200-Puffs-Disposable-Vape-Wholesale-Cotton-Candy-300x300.jpg 300w, https:\/\/www.vape4wholesale.com\/wp-content\/uploads\/2022\/07\/RandM-Squid-Box-5200-Puffs-Disposable-Vape-Wholesale-Cotton-Candy-150x150.jpg 150w\" sizes=\"auto, (max-width: 590px) 100vw, 590px\" \/> <img loading=\"lazy\" decoding=\"async\" class=\"alignnone size-full wp-image-12845\" title=\"RandM Squid Box 5200 Puffs jednor\u00e1zov\u00e9 Vape velkoobchod Lush Ice\" src=\"https:\/\/www.vape4wholesale.com\/wp-content\/uploads\/2022\/07\/RandM-Squid-Box-5200-Puffs-Disposable-Vape-Wholesale-Lush-Ice.jpg\" alt=\"RandM Squid Box 5200 Puffs jednor\u00e1zov\u00e9 Vape velkoobchod Lush Ice\" width=\"590\" height=\"590\" srcset=\"https:\/\/www.vape4wholesale.com\/wp-content\/uploads\/2022\/07\/RandM-Squid-Box-5200-Puffs-Disposable-Vape-Wholesale-Lush-Ice.jpg 590w, https:\/\/www.vape4wholesale.com\/wp-content\/uploads\/2022\/07\/RandM-Squid-Box-5200-Puffs-Disposable-Vape-Wholesale-Lush-Ice-247x247.jpg 247w, https:\/\/www.vape4wholesale.com\/wp-content\/uploads\/2022\/07\/RandM-Squid-Box-5200-Puffs-Disposable-Vape-Wholesale-Lush-Ice-100x100.jpg 100w, https:\/\/www.vape4wholesale.com\/wp-content\/uploads\/2022\/07\/RandM-Squid-Box-5200-Puffs-Disposable-Vape-Wholesale-Lush-Ice-510x510.jpg 510w, https:\/\/www.vape4wholesale.com\/wp-content\/uploads\/2022\/07\/RandM-Squid-Box-5200-Puffs-Disposable-Vape-Wholesale-Lush-Ice-64x64.jpg 64w, https:\/\/www.vape4wholesale.com\/wp-content\/uploads\/2022\/07\/RandM-Squid-Box-5200-Puffs-Disposable-Vape-Wholesale-Lush-Ice-300x300.jpg 300w, https:\/\/www.vape4wholesale.com\/wp-content\/uploads\/2022\/07\/RandM-Squid-Box-5200-Puffs-Disposable-Vape-Wholesale-Lush-Ice-150x150.jpg 150w\" sizes=\"auto, (max-width: 590px) 100vw, 590px\" \/> <img loading=\"lazy\" decoding=\"async\" class=\"alignnone size-full wp-image-12846\" title=\"RandM Squid Box 5200 Puffs Jednor\u00e1zov\u00e9 Vape Velkoobchod Mint\" src=\"https:\/\/www.vape4wholesale.com\/wp-content\/uploads\/2022\/07\/RandM-Squid-Box-5200-Puffs-Disposable-Vape-Wholesale-Mint.jpg\" alt=\"RandM Squid Box 5200 Puffs Jednor\u00e1zov\u00e9 Vape Velkoobchod Mint\" width=\"590\" height=\"590\" srcset=\"https:\/\/www.vape4wholesale.com\/wp-content\/uploads\/2022\/07\/RandM-Squid-Box-5200-Puffs-Disposable-Vape-Wholesale-Mint.jpg 590w, https:\/\/www.vape4wholesale.com\/wp-content\/uploads\/2022\/07\/RandM-Squid-Box-5200-Puffs-Disposable-Vape-Wholesale-Mint-247x247.jpg 247w, https:\/\/www.vape4wholesale.com\/wp-content\/uploads\/2022\/07\/RandM-Squid-Box-5200-Puffs-Disposable-Vape-Wholesale-Mint-100x100.jpg 100w, https:\/\/www.vape4wholesale.com\/wp-content\/uploads\/2022\/07\/RandM-Squid-Box-5200-Puffs-Disposable-Vape-Wholesale-Mint-510x510.jpg 510w, https:\/\/www.vape4wholesale.com\/wp-content\/uploads\/2022\/07\/RandM-Squid-Box-5200-Puffs-Disposable-Vape-Wholesale-Mint-64x64.jpg 64w, https:\/\/www.vape4wholesale.com\/wp-content\/uploads\/2022\/07\/RandM-Squid-Box-5200-Puffs-Disposable-Vape-Wholesale-Mint-300x300.jpg 300w, https:\/\/www.vape4wholesale.com\/wp-content\/uploads\/2022\/07\/RandM-Squid-Box-5200-Puffs-Disposable-Vape-Wholesale-Mint-150x150.jpg 150w\" sizes=\"auto, (max-width: 590px) 100vw, 590px\" \/> <img loading=\"lazy\" decoding=\"async\" class=\"alignnone size-full wp-image-12847\" title=\"RandM Squid Box 5200 Puffs jednor\u00e1zov\u00e9 Vape velkoobchod Sm\u00ed\u0161en\u00e9 bobule\" src=\"https:\/\/www.vape4wholesale.com\/wp-content\/uploads\/2022\/07\/RandM-Squid-Box-5200-Puffs-Disposable-Vape-Wholesale-Mixed-Berries.jpg\" alt=\"RandM Squid Box 5200 Puffs jednor\u00e1zov\u00e9 Vape velkoobchod Sm\u00ed\u0161en\u00e9 bobule\" width=\"590\" height=\"590\" srcset=\"https:\/\/www.vape4wholesale.com\/wp-content\/uploads\/2022\/07\/RandM-Squid-Box-5200-Puffs-Disposable-Vape-Wholesale-Mixed-Berries.jpg 590w, https:\/\/www.vape4wholesale.com\/wp-content\/uploads\/2022\/07\/RandM-Squid-Box-5200-Puffs-Disposable-Vape-Wholesale-Mixed-Berries-247x247.jpg 247w, https:\/\/www.vape4wholesale.com\/wp-content\/uploads\/2022\/07\/RandM-Squid-Box-5200-Puffs-Disposable-Vape-Wholesale-Mixed-Berries-100x100.jpg 100w, https:\/\/www.vape4wholesale.com\/wp-content\/uploads\/2022\/07\/RandM-Squid-Box-5200-Puffs-Disposable-Vape-Wholesale-Mixed-Berries-510x510.jpg 510w, https:\/\/www.vape4wholesale.com\/wp-content\/uploads\/2022\/07\/RandM-Squid-Box-5200-Puffs-Disposable-Vape-Wholesale-Mixed-Berries-64x64.jpg 64w, https:\/\/www.vape4wholesale.com\/wp-content\/uploads\/2022\/07\/RandM-Squid-Box-5200-Puffs-Disposable-Vape-Wholesale-Mixed-Berries-300x300.jpg 300w, https:\/\/www.vape4wholesale.com\/wp-content\/uploads\/2022\/07\/RandM-Squid-Box-5200-Puffs-Disposable-Vape-Wholesale-Mixed-Berries-150x150.jpg 150w\" sizes=\"auto, (max-width: 590px) 100vw, 590px\" \/> <img loading=\"lazy\" decoding=\"async\" class=\"alignnone size-full wp-image-12848\" title=\"RandM Squid Box 5200 Puffs jednor\u00e1zov\u00e9 Vape velkoobchod Peach Mango\" src=\"https:\/\/www.vape4wholesale.com\/wp-content\/uploads\/2022\/07\/RandM-Squid-Box-5200-Puffs-Disposable-Vape-Wholesale-Peach-Mango.jpg\" alt=\"RandM Squid Box 5200 Puffs jednor\u00e1zov\u00e9 Vape velkoobchod Peach Mango\" width=\"590\" height=\"590\" srcset=\"https:\/\/www.vape4wholesale.com\/wp-content\/uploads\/2022\/07\/RandM-Squid-Box-5200-Puffs-Disposable-Vape-Wholesale-Peach-Mango.jpg 590w, https:\/\/www.vape4wholesale.com\/wp-content\/uploads\/2022\/07\/RandM-Squid-Box-5200-Puffs-Disposable-Vape-Wholesale-Peach-Mango-247x247.jpg 247w, https:\/\/www.vape4wholesale.com\/wp-content\/uploads\/2022\/07\/RandM-Squid-Box-5200-Puffs-Disposable-Vape-Wholesale-Peach-Mango-100x100.jpg 100w, https:\/\/www.vape4wholesale.com\/wp-content\/uploads\/2022\/07\/RandM-Squid-Box-5200-Puffs-Disposable-Vape-Wholesale-Peach-Mango-510x510.jpg 510w, https:\/\/www.vape4wholesale.com\/wp-content\/uploads\/2022\/07\/RandM-Squid-Box-5200-Puffs-Disposable-Vape-Wholesale-Peach-Mango-64x64.jpg 64w, https:\/\/www.vape4wholesale.com\/wp-content\/uploads\/2022\/07\/RandM-Squid-Box-5200-Puffs-Disposable-Vape-Wholesale-Peach-Mango-300x300.jpg 300w, https:\/\/www.vape4wholesale.com\/wp-content\/uploads\/2022\/07\/RandM-Squid-Box-5200-Puffs-Disposable-Vape-Wholesale-Peach-Mango-150x150.jpg 150w\" sizes=\"auto, (max-width: 590px) 100vw, 590px\" \/> <img loading=\"lazy\" decoding=\"async\" class=\"alignnone size-full wp-image-12849\" title=\"RandM Squid Box 5200 Puffs jednor\u00e1zov\u00e9 Vape Velkoobchod Jahoda Kiwi\" src=\"https:\/\/www.vape4wholesale.com\/wp-content\/uploads\/2022\/07\/RandM-Squid-Box-5200-Puffs-Disposable-Vape-Wholesale-Strawberry-Kiwi.jpg\" alt=\"RandM Squid Box 5200 Puffs jednor\u00e1zov\u00e9 Vape Velkoobchod Jahoda Kiwi\" width=\"590\" height=\"590\" srcset=\"https:\/\/www.vape4wholesale.com\/wp-content\/uploads\/2022\/07\/RandM-Squid-Box-5200-Puffs-Disposable-Vape-Wholesale-Strawberry-Kiwi.jpg 590w, https:\/\/www.vape4wholesale.com\/wp-content\/uploads\/2022\/07\/RandM-Squid-Box-5200-Puffs-Disposable-Vape-Wholesale-Strawberry-Kiwi-247x247.jpg 247w, https:\/\/www.vape4wholesale.com\/wp-content\/uploads\/2022\/07\/RandM-Squid-Box-5200-Puffs-Disposable-Vape-Wholesale-Strawberry-Kiwi-100x100.jpg 100w, https:\/\/www.vape4wholesale.com\/wp-content\/uploads\/2022\/07\/RandM-Squid-Box-5200-Puffs-Disposable-Vape-Wholesale-Strawberry-Kiwi-510x510.jpg 510w, https:\/\/www.vape4wholesale.com\/wp-content\/uploads\/2022\/07\/RandM-Squid-Box-5200-Puffs-Disposable-Vape-Wholesale-Strawberry-Kiwi-64x64.jpg 64w, https:\/\/www.vape4wholesale.com\/wp-content\/uploads\/2022\/07\/RandM-Squid-Box-5200-Puffs-Disposable-Vape-Wholesale-Strawberry-Kiwi-300x300.jpg 300w, https:\/\/www.vape4wholesale.com\/wp-content\/uploads\/2022\/07\/RandM-Squid-Box-5200-Puffs-Disposable-Vape-Wholesale-Strawberry-Kiwi-150x150.jpg 150w\" sizes=\"auto, (max-width: 590px) 100vw, 590px\" \/> <img loading=\"lazy\" decoding=\"async\" class=\"alignnone size-full wp-image-12850\" title=\"RandM Squid Box 5200 Puffs jednor\u00e1zov\u00e9 Vape velkoobchod jahoda li\u010di\" src=\"https:\/\/www.vape4wholesale.com\/wp-content\/uploads\/2022\/07\/RandM-Squid-Box-5200-Puffs-Disposable-Vape-Wholesale-Strawberry-Lychee.jpg\" alt=\"RandM Squid Box 5200 Puffs jednor\u00e1zov\u00e9 Vape velkoobchod jahoda li\u010di\" width=\"590\" height=\"590\" srcset=\"https:\/\/www.vape4wholesale.com\/wp-content\/uploads\/2022\/07\/RandM-Squid-Box-5200-Puffs-Disposable-Vape-Wholesale-Strawberry-Lychee.jpg 590w, https:\/\/www.vape4wholesale.com\/wp-content\/uploads\/2022\/07\/RandM-Squid-Box-5200-Puffs-Disposable-Vape-Wholesale-Strawberry-Lychee-247x247.jpg 247w, https:\/\/www.vape4wholesale.com\/wp-content\/uploads\/2022\/07\/RandM-Squid-Box-5200-Puffs-Disposable-Vape-Wholesale-Strawberry-Lychee-100x100.jpg 100w, https:\/\/www.vape4wholesale.com\/wp-content\/uploads\/2022\/07\/RandM-Squid-Box-5200-Puffs-Disposable-Vape-Wholesale-Strawberry-Lychee-510x510.jpg 510w, https:\/\/www.vape4wholesale.com\/wp-content\/uploads\/2022\/07\/RandM-Squid-Box-5200-Puffs-Disposable-Vape-Wholesale-Strawberry-Lychee-64x64.jpg 64w, https:\/\/www.vape4wholesale.com\/wp-content\/uploads\/2022\/07\/RandM-Squid-Box-5200-Puffs-Disposable-Vape-Wholesale-Strawberry-Lychee-300x300.jpg 300w, https:\/\/www.vape4wholesale.com\/wp-content\/uploads\/2022\/07\/RandM-Squid-Box-5200-Puffs-Disposable-Vape-Wholesale-Strawberry-Lychee-150x150.jpg 150w\" sizes=\"auto, (max-width: 590px) 100vw, 590px\" \/><\/p>","protected":false},"excerpt":{"rendered":"[scf-template id=&#8217;11434&#8242;]\n","protected":false},"featured_media":12851,"comment_status":"open","ping_status":"closed","template":"","meta":[],"pwb-brand":[1270],"product_cat":[869],"product_tag":[272,279,22,24,54],"class_list":{"0":"post-5784","1":"product","2":"type-product","3":"status-publish","4":"has-post-thumbnail","6":"pwb-brand-randm","7":"product_cat-5000-8000-puffs","8":"product_tag-randm","9":"product_tag-5200-puffs","10":"product_tag-disposable","11":"product_tag-wholesale","12":"product_tag-12-0ml","13":"wcpa_has_options","15":"first","16":"outofstock","17":"shipping-taxable","18":"purchasable","19":"product-type-variable"},"aioseo_notices":[],"brands":[{"id":1270,"name":"Randm","slug":"randm"}],"_links":{"self":[{"href":"https:\/\/www.vape4wholesale.com\/cs\/wp-json\/wp\/v2\/product\/5784","targetHints":{"allow":["GET"]}}],"collection":[{"href":"https:\/\/www.vape4wholesale.com\/cs\/wp-json\/wp\/v2\/product"}],"about":[{"href":"https:\/\/www.vape4wholesale.com\/cs\/wp-json\/wp\/v2\/types\/product"}],"replies":[{"embeddable":true,"href":"https:\/\/www.vape4wholesale.com\/cs\/wp-json\/wp\/v2\/comments?post=5784"}],"wp:featuredmedia":[{"embeddable":true,"href":"https:\/\/www.vape4wholesale.com\/cs\/wp-json\/wp\/v2\/media\/12851"}],"wp:attachment":[{"href":"https:\/\/www.vape4wholesale.com\/cs\/wp-json\/wp\/v2\/media?parent=5784"}],"wp:term":[{"taxonomy":"pwb-brand","embeddable":true,"href":"https:\/\/www.vape4wholesale.com\/cs\/wp-json\/wp\/v2\/pwb-brand?post=5784"},{"taxonomy":"product_cat","embeddable":true,"href":"https:\/\/www.vape4wholesale.com\/cs\/wp-json\/wp\/v2\/product_cat?post=5784"},{"taxonomy":"product_tag","embeddable":true,"href":"https:\/\/www.vape4wholesale.com\/cs\/wp-json\/wp\/v2\/product_tag?post=5784"}],"curies":[{"name":"wp","href":"https:\/\/api.w.org\/{rel}","templated":true}]}}