{"id":5694,"date":"2022-07-27T21:08:41","date_gmt":"2022-07-27T13:08:41","guid":{"rendered":"https:\/\/www.vape4wholesale.com\/?post_type=product&#038;p=5694"},"modified":"2026-04-28T17:11:23","modified_gmt":"2026-04-28T09:11:23","slug":"randm-tornado-6000-puffs-jednorazovy-vape-velkoobchod","status":"publish","type":"product","link":"https:\/\/www.vape4wholesale.com\/cs\/product\/randm-tornado-6000-puffs-disposable-vape-wholesale","title":{"rendered":"RandM Tornado 6000 Puffs Jednor\u00e1zov\u00fd velkoobchodn\u00ed prodej Vape"},"content":{"rendered":"<p><strong><a href=\"https:\/\/www.vape4wholesale.com\/cs\/product_brand\/randm\/\">RandM<\/a> Torn\u00e1do<\/strong> 6000 je jednor\u00e1zov\u00e9 vape za\u0159\u00edzen\u00ed s regulac\u00ed pr\u016ftoku vzduchu a je dob\u00edjec\u00ed. Obsahuje 12 ml e-d\u017eus\u016f s nikotinovou sol\u00ed 0\/2\/3\/5% a umo\u017e\u0148uje vapovat a\u017e 6000 potah\u016f. Na v\u00fdb\u011br m\u00e1te 30 p\u0159\u00edchut\u00ed. Regulace airflow v\u00e1m umo\u017en\u00ed vybrat si to nejlep\u0161\u00ed m\u00edsto, kter\u00e9 v\u00e1m vyhovuje, a nav\u00edc je vybaven dob\u00edjec\u00edm portem typu C na zadn\u00ed stran\u011b za\u0159\u00edzen\u00ed, kter\u00fd v\u00e1m zaru\u010d\u00ed, \u017ee v tanku v\u017edy dopijete posledn\u00ed kapku ejuice.<\/p>\n<h2><b data-stringify-type=\"bold\">Jednor\u00e1zov\u00e9 za\u0159\u00edzen\u00ed RandM Tornado 6000 Vlastnosti:<\/b><\/h2>\n<p>\u26110\/2\/3\/5% Nikotinov\u00e1 s\u016fl<br \/>\n\u261112ML E-liquidu<br \/>\n\u26116000 puf\u016f na za\u0159\u00edzen\u00ed<br \/>\n\u2611\u0158\u00edzen\u00ed pr\u016ftoku vzduchu<br \/>\n\u2611Typ-C Recgarge<br \/>\n\u2611Nab\u00edjec\u00ed baterie<br \/>\n\u2611Integrovan\u00e1 850mAh baterie<br \/>\n\u261130 dostupn\u00fdch p\u0159\u00edchut\u00ed<br \/>\n\u261110ks ve stoj\u00e1nku<br \/>\n\u2611240ks v kartonu \/ 17KG<\/p>\n<h2><b data-stringify-type=\"bold\">Dostupn\u00e9 p\u0159\u00edchut\u011b:<\/b><\/h2>\n<p>1 citron z \u010derven\u00e9ho jablka<br \/>\n2 Pina Colada Rum<br \/>\n3 Gumov\u00fd medv\u00eddek<br \/>\n4 Cool Mint<br \/>\n5 Energetick\u00fd n\u00e1poj<br \/>\n6 Grape ICE<br \/>\n7 Jahodov\u00fd donut<br \/>\n8 F\u00faze ovoce<br \/>\n9 Oran\u017eov\u00e1 soda<br \/>\n10 Ban\u00e1nov\u00e9 ml\u00e9ko<br \/>\n11 Mango Jahodov\u00fd led<br \/>\n12.Lush ice<br \/>\n13.Sm\u00ed\u0161en\u00e9 bobule<br \/>\n14.Strawberry Watermelon<br \/>\n15.Blue Razz Ice<br \/>\n16.Ku\u017eelky<br \/>\n17.Jahodov\u00e1 zmrzlina<br \/>\n18.Cotton Candy<br \/>\n19.Ban\u00e1nov\u00e1 vanilkov\u00e1 zmrzlina<br \/>\n20.Double Apple<br \/>\n21.Ananas citron m\u00e1ta<br \/>\n22.Blueberry malina<br \/>\n23.Modr\u00e1 kysel\u00e1 malina<br \/>\n24.Pan modr\u00fd<br \/>\n25.Unicorn shake<br \/>\n26.Bor\u016fvkov\u00e9 gran\u00e1tov\u00e9 jablko<br \/>\n27.Strawberry watermelon bubblegum<br \/>\n28.Kiwi mu\u010denka guava<br \/>\n29.Jahodov\u00e1 limon\u00e1da<br \/>\n30.Vimto<\/p>\n<p><img loading=\"lazy\" decoding=\"async\" class=\"alignnone size-full wp-image-12943\" title=\"RANDM Tornado 6000 Puffs Jednor\u00e1zov\u00e9 velkoobchodn\u00ed vape\" src=\"https:\/\/www.vape4wholesale.com\/wp-content\/uploads\/2022\/07\/RANDM-Tornado-6000-Puffs-Disposable-Vape-Wholesale.jpg\" alt=\"RANDM Tornado 6000 Puffs Jednor\u00e1zov\u00e9 velkoobchodn\u00ed vape\" width=\"590\" height=\"504\" srcset=\"https:\/\/www.vape4wholesale.com\/wp-content\/uploads\/2022\/07\/RANDM-Tornado-6000-Puffs-Disposable-Vape-Wholesale.jpg 590w, https:\/\/www.vape4wholesale.com\/wp-content\/uploads\/2022\/07\/RANDM-Tornado-6000-Puffs-Disposable-Vape-Wholesale-510x436.jpg 510w, https:\/\/www.vape4wholesale.com\/wp-content\/uploads\/2022\/07\/RANDM-Tornado-6000-Puffs-Disposable-Vape-Wholesale-64x55.jpg 64w, https:\/\/www.vape4wholesale.com\/wp-content\/uploads\/2022\/07\/RANDM-Tornado-6000-Puffs-Disposable-Vape-Wholesale-300x256.jpg 300w\" sizes=\"auto, (max-width: 590px) 100vw, 590px\" \/><img loading=\"lazy\" decoding=\"async\" class=\"alignnone size-full wp-image-12941\" title=\"RANDM Tornado 6000 Puffs Jednor\u00e1zov\u00e9 Vape Velkoobchod \u010cerven\u00e9 jablko citron\" src=\"https:\/\/www.vape4wholesale.com\/wp-content\/uploads\/2022\/07\/RANDM-Tornado-6000-Puffs-Disposable-Vape-Wholesale-Red-Apple-lemon.jpg\" alt=\"RANDM Tornado 6000 Puffs Jednor\u00e1zov\u00e9 Vape Velkoobchod \u010cerven\u00e9 jablko citron\" width=\"590\" height=\"545\" srcset=\"https:\/\/www.vape4wholesale.com\/wp-content\/uploads\/2022\/07\/RANDM-Tornado-6000-Puffs-Disposable-Vape-Wholesale-Red-Apple-lemon.jpg 590w, https:\/\/www.vape4wholesale.com\/wp-content\/uploads\/2022\/07\/RANDM-Tornado-6000-Puffs-Disposable-Vape-Wholesale-Red-Apple-lemon-510x471.jpg 510w, https:\/\/www.vape4wholesale.com\/wp-content\/uploads\/2022\/07\/RANDM-Tornado-6000-Puffs-Disposable-Vape-Wholesale-Red-Apple-lemon-64x59.jpg 64w, https:\/\/www.vape4wholesale.com\/wp-content\/uploads\/2022\/07\/RANDM-Tornado-6000-Puffs-Disposable-Vape-Wholesale-Red-Apple-lemon-300x277.jpg 300w\" sizes=\"auto, (max-width: 590px) 100vw, 590px\" \/> <img loading=\"lazy\" decoding=\"async\" class=\"alignnone size-full wp-image-12942\" title=\"RANDM Tornado 6000 Puffs Jednor\u00e1zov\u00e9 Vape Velkoobchod Jahodov\u00fd kobliha\" src=\"https:\/\/www.vape4wholesale.com\/wp-content\/uploads\/2022\/07\/RANDM-Tornado-6000-Puffs-Disposable-Vape-Wholesale-Strawberry-Donut.jpg\" alt=\"RANDM Tornado 6000 Puffs Jednor\u00e1zov\u00e9 Vape Velkoobchod Jahodov\u00fd kobliha\" width=\"590\" height=\"545\" srcset=\"https:\/\/www.vape4wholesale.com\/wp-content\/uploads\/2022\/07\/RANDM-Tornado-6000-Puffs-Disposable-Vape-Wholesale-Strawberry-Donut.jpg 590w, https:\/\/www.vape4wholesale.com\/wp-content\/uploads\/2022\/07\/RANDM-Tornado-6000-Puffs-Disposable-Vape-Wholesale-Strawberry-Donut-510x471.jpg 510w, https:\/\/www.vape4wholesale.com\/wp-content\/uploads\/2022\/07\/RANDM-Tornado-6000-Puffs-Disposable-Vape-Wholesale-Strawberry-Donut-64x59.jpg 64w, https:\/\/www.vape4wholesale.com\/wp-content\/uploads\/2022\/07\/RANDM-Tornado-6000-Puffs-Disposable-Vape-Wholesale-Strawberry-Donut-300x277.jpg 300w\" sizes=\"auto, (max-width: 590px) 100vw, 590px\" \/> <img loading=\"lazy\" decoding=\"async\" class=\"alignnone size-full wp-image-12946\" title=\"RANDM Tornado 6000 Puffs Jednor\u00e1zov\u00fd velkoobchodn\u00ed energetick\u00fd n\u00e1poj Vape\" src=\"https:\/\/www.vape4wholesale.com\/wp-content\/uploads\/2022\/07\/RANDM-Tornado-6000-Puffs-Disposable-Vape-Wholesale-Energy-Drink.jpg\" alt=\"RANDM Tornado 6000 Puffs Jednor\u00e1zov\u00fd velkoobchodn\u00ed energetick\u00fd n\u00e1poj Vape\" width=\"590\" height=\"545\" srcset=\"https:\/\/www.vape4wholesale.com\/wp-content\/uploads\/2022\/07\/RANDM-Tornado-6000-Puffs-Disposable-Vape-Wholesale-Energy-Drink.jpg 590w, https:\/\/www.vape4wholesale.com\/wp-content\/uploads\/2022\/07\/RANDM-Tornado-6000-Puffs-Disposable-Vape-Wholesale-Energy-Drink-510x471.jpg 510w, https:\/\/www.vape4wholesale.com\/wp-content\/uploads\/2022\/07\/RANDM-Tornado-6000-Puffs-Disposable-Vape-Wholesale-Energy-Drink-64x59.jpg 64w, https:\/\/www.vape4wholesale.com\/wp-content\/uploads\/2022\/07\/RANDM-Tornado-6000-Puffs-Disposable-Vape-Wholesale-Energy-Drink-300x277.jpg 300w\" sizes=\"auto, (max-width: 590px) 100vw, 590px\" \/> <img loading=\"lazy\" decoding=\"async\" class=\"alignnone size-full wp-image-12948\" title=\"RANDM Tornado 6000 Puffs Jednor\u00e1zov\u00e9 Vape Velkoobchod Grape ICE\" src=\"https:\/\/www.vape4wholesale.com\/wp-content\/uploads\/2022\/07\/RANDM-Tornado-6000-Puffs-Disposable-Vape-Wholesale-Grape-ICE.jpg\" alt=\"RANDM Tornado 6000 Puffs Jednor\u00e1zov\u00e9 Vape Velkoobchod Grape ICE\" width=\"590\" height=\"545\" srcset=\"https:\/\/www.vape4wholesale.com\/wp-content\/uploads\/2022\/07\/RANDM-Tornado-6000-Puffs-Disposable-Vape-Wholesale-Grape-ICE.jpg 590w, https:\/\/www.vape4wholesale.com\/wp-content\/uploads\/2022\/07\/RANDM-Tornado-6000-Puffs-Disposable-Vape-Wholesale-Grape-ICE-510x471.jpg 510w, https:\/\/www.vape4wholesale.com\/wp-content\/uploads\/2022\/07\/RANDM-Tornado-6000-Puffs-Disposable-Vape-Wholesale-Grape-ICE-64x59.jpg 64w, https:\/\/www.vape4wholesale.com\/wp-content\/uploads\/2022\/07\/RANDM-Tornado-6000-Puffs-Disposable-Vape-Wholesale-Grape-ICE-300x277.jpg 300w\" sizes=\"auto, (max-width: 590px) 100vw, 590px\" \/> <img loading=\"lazy\" decoding=\"async\" class=\"alignnone size-full wp-image-12949\" title=\"RANDM Tornado 6000 Puffs Jednor\u00e1zov\u00e9 Vape Velkoobchod Gummy Bear\" src=\"https:\/\/www.vape4wholesale.com\/wp-content\/uploads\/2022\/07\/RANDM-Tornado-6000-Puffs-Disposable-Vape-Wholesale-Gummy-Bear.jpg\" alt=\"RANDM Tornado 6000 Puffs Jednor\u00e1zov\u00e9 Vape Velkoobchod Gummy Bear\" width=\"590\" height=\"545\" srcset=\"https:\/\/www.vape4wholesale.com\/wp-content\/uploads\/2022\/07\/RANDM-Tornado-6000-Puffs-Disposable-Vape-Wholesale-Gummy-Bear.jpg 590w, https:\/\/www.vape4wholesale.com\/wp-content\/uploads\/2022\/07\/RANDM-Tornado-6000-Puffs-Disposable-Vape-Wholesale-Gummy-Bear-510x471.jpg 510w, https:\/\/www.vape4wholesale.com\/wp-content\/uploads\/2022\/07\/RANDM-Tornado-6000-Puffs-Disposable-Vape-Wholesale-Gummy-Bear-64x59.jpg 64w, https:\/\/www.vape4wholesale.com\/wp-content\/uploads\/2022\/07\/RANDM-Tornado-6000-Puffs-Disposable-Vape-Wholesale-Gummy-Bear-300x277.jpg 300w\" sizes=\"auto, (max-width: 590px) 100vw, 590px\" \/><\/p>","protected":false},"excerpt":{"rendered":"[scf-template id=&#8217;11434&#8242;]\n","protected":false},"featured_media":12943,"comment_status":"open","ping_status":"closed","template":"","meta":[],"pwb-brand":[1270],"product_cat":[869],"product_tag":[22,24,54,173,272],"class_list":{"0":"post-5694","1":"product","2":"type-product","3":"status-publish","4":"has-post-thumbnail","6":"pwb-brand-randm","7":"product_cat-5000-8000-puffs","8":"product_tag-disposable","9":"product_tag-wholesale","10":"product_tag-12-0ml","11":"product_tag-6000-puffs","12":"product_tag-randm","13":"wcpa_has_options","15":"first","16":"outofstock","17":"shipping-taxable","18":"purchasable","19":"product-type-variable"},"aioseo_notices":[],"brands":[{"id":1270,"name":"Randm","slug":"randm"}],"_links":{"self":[{"href":"https:\/\/www.vape4wholesale.com\/cs\/wp-json\/wp\/v2\/product\/5694","targetHints":{"allow":["GET"]}}],"collection":[{"href":"https:\/\/www.vape4wholesale.com\/cs\/wp-json\/wp\/v2\/product"}],"about":[{"href":"https:\/\/www.vape4wholesale.com\/cs\/wp-json\/wp\/v2\/types\/product"}],"replies":[{"embeddable":true,"href":"https:\/\/www.vape4wholesale.com\/cs\/wp-json\/wp\/v2\/comments?post=5694"}],"wp:featuredmedia":[{"embeddable":true,"href":"https:\/\/www.vape4wholesale.com\/cs\/wp-json\/wp\/v2\/media\/12943"}],"wp:attachment":[{"href":"https:\/\/www.vape4wholesale.com\/cs\/wp-json\/wp\/v2\/media?parent=5694"}],"wp:term":[{"taxonomy":"pwb-brand","embeddable":true,"href":"https:\/\/www.vape4wholesale.com\/cs\/wp-json\/wp\/v2\/pwb-brand?post=5694"},{"taxonomy":"product_cat","embeddable":true,"href":"https:\/\/www.vape4wholesale.com\/cs\/wp-json\/wp\/v2\/product_cat?post=5694"},{"taxonomy":"product_tag","embeddable":true,"href":"https:\/\/www.vape4wholesale.com\/cs\/wp-json\/wp\/v2\/product_tag?post=5694"}],"curies":[{"name":"wp","href":"https:\/\/api.w.org\/{rel}","templated":true}]}}