{"id":5460,"date":"2022-08-04T09:54:49","date_gmt":"2022-08-04T01:54:49","guid":{"rendered":"https:\/\/www.vape4wholesale.com\/?post_type=product&#038;p=5460"},"modified":"2026-01-26T13:43:15","modified_gmt":"2026-01-26T13:43:15","slug":"randm-tornado-9000-puffs-diposable-vapes-wholesale","status":"publish","type":"product","link":"https:\/\/www.vape4wholesale.com\/cs\/product\/randm-tornado-9000-puffs-diposable-vapes-wholesale","title":{"rendered":"RANDM Tornado 9000 Puffs Diposable Vapes Wholesale"},"content":{"rendered":"<p><strong><a href=\"https:\/\/www.vape4wholesale.com\/cs\/product_brand\/randm\/\">RandM<\/a> Tornado 9000<\/strong>\u00a0je jednor\u00e1zov\u00e9 vape za\u0159\u00edzen\u00ed s par\u00e1dn\u00edm designem, kter\u00e9 lze dob\u00edjet. Obsahuje 18 ml e-d\u017eus\u016f s nikotinovou sol\u00ed 0\/2\/3\/5% a umo\u017e\u0148uje vapovat a\u017e 9000 potah\u016f. Na v\u00fdb\u011br m\u00e1te 12 p\u0159\u00edchut\u00ed. Dob\u00edjec\u00ed port v zadn\u00ed \u010d\u00e1sti za\u0159\u00edzen\u00ed v\u00e1m zaru\u010d\u00ed, \u017ee v tanku v\u017edy dopijete posledn\u00ed kapku ejuice.<\/p>\n<h2><b data-stringify-type=\"bold\">Jednor\u00e1zov\u00e9 za\u0159\u00edzen\u00ed RandM Tornado 9000 Vlastnosti:<\/b><\/h2>\n<p>\u26110\/2\/3\/5% Nikotinov\u00e1 s\u016fl.<br \/>\n\u261118ML E-liquidu.<br \/>\n\u2611Mesh Coil<br \/>\n\u2611Nab\u00edjec\u00ed baterie<br \/>\n\u2611Integrovan\u00e1 850mAh baterie.<br \/>\n\u261112 dostupn\u00fdch p\u0159\u00edchut\u00ed.<br \/>\n\u261110ks v krabi\u010dce.<br \/>\n\u2611200ks v kartonu.<\/p>\n<h2><b data-stringify-type=\"bold\">Dostupn\u00e9 p\u0159\u00edchut\u011b:<\/b><\/h2>\n<p>01# Bor\u016fvka malina<br \/>\n02# Pan Modr\u00fd<br \/>\n03# Jahoda meloun<br \/>\n04# Oran\u017eov\u00e1 soda<br \/>\n05# \u017dv\u00fdka\u010dka Watermelon Bubble Gum<br \/>\n06# Rainbow Candy<br \/>\n07# R\u016f\u017eov\u00e1 limon\u00e1da<br \/>\n08# Broskvov\u00fd mango ananas<br \/>\n09# Jahoda ban\u00e1nov\u00e1<br \/>\n10# Lush Ice<br \/>\n11# Black Dragon Ice<br \/>\n12# Aloe Hroznov\u00e9 v\u00edno<br \/>\n13# Blue Razz Ice<br \/>\n14# kiwi mu\u010denka ovoce guava<br \/>\n15# Gumov\u00fd medv\u00eddek<br \/>\n16# Sm\u00ed\u0161en\u00e9 bobule<br \/>\n17# Cool Mint<br \/>\n18# Malinov\u00fd meloun<br \/>\n19# Broskvov\u00e1 limon\u00e1da<br \/>\n20# Guava Ice<br \/>\n21# Jahodov\u00e1 limon\u00e1da<br \/>\n22# Vodn\u00ed meloun Brazz Ice<br \/>\n23# Ban\u00e1nov\u00fd kr\u00e9m<br \/>\n24# Peach Berry<br \/>\n25# Jahodov\u00fd kr\u00e9m<br \/>\n26# Sour Candy<br \/>\n27# Lemon&amp;Lime<br \/>\n28# T\u0159e\u0161e\u0148<br \/>\n29# Fizzy Cherry<br \/>\n30# Bor\u016fvka t\u0159e\u0161e\u0148 brusinka<br \/>\n31# Vimto<br \/>\n32# Ku\u017eelky<br \/>\n33# Black Ice<br \/>\n34# Hroznov\u00e9 v\u00edno<br \/>\n35# Bluelicious Ice<br \/>\n36# Jahodov\u00fd led<br \/>\n37# Blue Razz Kush<br \/>\n38# Ice Pop<br \/>\n39# Bor\u016fvkovo-kysel\u00e1 malina<br \/>\n40# Ananas<br \/>\n41# Vi\u0161\u0148ov\u00e1 broskvov\u00e1 limon\u00e1da<br \/>\n42# Jahodov\u00e1 malinov\u00e1 t\u0159e\u0161\u0148ov\u00e1 zmrzlina<br \/>\n43# Trojit\u00e9 mango<br \/>\n44# Jahodov\u00e1 malinov\u00e1 zmrzlina<br \/>\n45# Jahoda Meloun Bubblegum<br \/>\n46# Prime Strawberry Watermelon<br \/>\n47# Melounov\u00fd led<br \/>\n48# Bor\u016fvkov\u00fd led<br \/>\n49# Melounov\u00e1 ku\u017eelka<br \/>\n50# Straw Mango<br \/>\n51# Strawberry Pomp<br \/>\n52# Letn\u00ed broskvov\u00fd led<br \/>\n53# Cherry Berry<br \/>\n54# Cherry Cola<br \/>\n55# Prime Watermelon<br \/>\n56# Jahoda Hroznov\u00e9 v\u00edno<br \/>\n57# Tyg\u0159\u00ed krev<br \/>\n58# Miner\u00e1ln\u00ed voda<\/p>\n<p><img loading=\"lazy\" decoding=\"async\" class=\"alignnone size-full wp-image-12645\" title=\"RandM Tornado 9000 Puffs Jednor\u00e1zov\u00fd velkoobchodn\u00ed prodej (1)\" src=\"https:\/\/www.vape4wholesale.com\/wp-content\/uploads\/2022\/08\/RandM-Tornado-9000-Puffs-Disposable-Vape-Wholesale-1.png\" alt=\"RandM Tornado 9000 Puffs Jednor\u00e1zov\u00fd velkoobchodn\u00ed prodej (1)\" width=\"590\" height=\"517\" srcset=\"https:\/\/www.vape4wholesale.com\/wp-content\/uploads\/2022\/08\/RandM-Tornado-9000-Puffs-Disposable-Vape-Wholesale-1.png 590w, https:\/\/www.vape4wholesale.com\/wp-content\/uploads\/2022\/08\/RandM-Tornado-9000-Puffs-Disposable-Vape-Wholesale-1-510x447.png 510w\" sizes=\"auto, (max-width: 590px) 100vw, 590px\" \/> \u00a0 \u00a0<img loading=\"lazy\" decoding=\"async\" class=\"alignnone size-full wp-image-12649\" title=\"RandM Tornado 9000 Puffs Jednor\u00e1zov\u00fd velkoobchodn\u00ed prodej (5)\" src=\"https:\/\/www.vape4wholesale.com\/wp-content\/uploads\/2022\/08\/RandM-Tornado-9000-Puffs-Disposable-Vape-Wholesale-5.jpg\" alt=\"RandM Tornado 9000 Puffs Jednor\u00e1zov\u00fd velkoobchodn\u00ed prodej (5)\" width=\"590\" height=\"590\" srcset=\"https:\/\/www.vape4wholesale.com\/wp-content\/uploads\/2022\/08\/RandM-Tornado-9000-Puffs-Disposable-Vape-Wholesale-5.jpg 590w, https:\/\/www.vape4wholesale.com\/wp-content\/uploads\/2022\/08\/RandM-Tornado-9000-Puffs-Disposable-Vape-Wholesale-5-247x247.jpg 247w, https:\/\/www.vape4wholesale.com\/wp-content\/uploads\/2022\/08\/RandM-Tornado-9000-Puffs-Disposable-Vape-Wholesale-5-100x100.jpg 100w, https:\/\/www.vape4wholesale.com\/wp-content\/uploads\/2022\/08\/RandM-Tornado-9000-Puffs-Disposable-Vape-Wholesale-5-510x510.jpg 510w, https:\/\/www.vape4wholesale.com\/wp-content\/uploads\/2022\/08\/RandM-Tornado-9000-Puffs-Disposable-Vape-Wholesale-5-64x64.jpg 64w, https:\/\/www.vape4wholesale.com\/wp-content\/uploads\/2022\/08\/RandM-Tornado-9000-Puffs-Disposable-Vape-Wholesale-5-300x300.jpg 300w, https:\/\/www.vape4wholesale.com\/wp-content\/uploads\/2022\/08\/RandM-Tornado-9000-Puffs-Disposable-Vape-Wholesale-5-150x150.jpg 150w\" sizes=\"auto, (max-width: 590px) 100vw, 590px\" \/><\/p>\n<h2>PRO\u010c MY?<\/h2>\r\n<ul>\r\n<li>Skute\u010dn\u00fd, d\u016fv\u011bryhodn\u00fd a profesion\u00e1ln\u00ed zdroj vape.<\/li>\r\n<li>100% Origin\u00e1ln\u00ed z\u00e1ruka: Odm\u00edt\u00e1me pad\u011blky.<\/li>\r\n<li>100% Z\u00e1ruka dod\u00e1n\u00ed: Pou\u017e\u00edv\u00e1me nejlep\u0161\u00ed zp\u016fsob dopravy, abychom zajistili, \u017ee objedn\u00e1vku 100% obdr\u017e\u00edte.<\/li>\r\n<li>Po odesl\u00e1n\u00ed v\u00e1m poskytneme sledovac\u00ed \u010d\u00edslo a p\u0159epravn\u00ed \u0161t\u00edtek a budeme pro v\u00e1s sledovat zbo\u017e\u00ed, dokud ho nepodep\u00ed\u0161ete.<\/li>\r\n<li>\u017d\u00e1dn\u00e9 celn\u00ed probl\u00e9my, \u017e\u00e1dn\u00e1 cla<\/li>\r\n<\/ul>","protected":false},"excerpt":{"rendered":"<div class=\"wsppc_div_block woocommerce_before_add_to_cart_form\">\r\n<p><strong><span style=\"color: #00a859;\">Vy\u010distit celnici<\/span> p\u0159ed dod\u00e1n\u00edm &amp; 100% Z\u00e1ruka doru\u010den\u00ed, doru\u010den\u00ed p\u0159ibli\u017en\u011b za 19\u201325 dn\u00ed.\u00a0<\/strong><\/p>\r\n<\/div>","protected":false},"featured_media":12645,"comment_status":"open","ping_status":"closed","template":"","meta":[],"pwb-brand":[1270],"product_cat":[870],"product_tag":[22,24,180,244,336],"class_list":{"0":"post-5460","1":"product","2":"type-product","3":"status-publish","4":"has-post-thumbnail","6":"pwb-brand-randm","7":"product_cat-8000-10000-puffs","8":"product_tag-disposable","9":"product_tag-wholesale","10":"product_tag-randm-tornado","11":"product_tag-18-0ml","12":"product_tag-9000-puffs","13":"wcpa_has_options","15":"first","16":"outofstock","17":"featured","18":"shipping-taxable","19":"purchasable","20":"product-type-variable"},"aioseo_notices":[],"brands":[{"id":1270,"name":"Randm","slug":"randm"}],"_links":{"self":[{"href":"https:\/\/www.vape4wholesale.com\/cs\/wp-json\/wp\/v2\/product\/5460","targetHints":{"allow":["GET"]}}],"collection":[{"href":"https:\/\/www.vape4wholesale.com\/cs\/wp-json\/wp\/v2\/product"}],"about":[{"href":"https:\/\/www.vape4wholesale.com\/cs\/wp-json\/wp\/v2\/types\/product"}],"replies":[{"embeddable":true,"href":"https:\/\/www.vape4wholesale.com\/cs\/wp-json\/wp\/v2\/comments?post=5460"}],"wp:featuredmedia":[{"embeddable":true,"href":"https:\/\/www.vape4wholesale.com\/cs\/wp-json\/wp\/v2\/media\/12645"}],"wp:attachment":[{"href":"https:\/\/www.vape4wholesale.com\/cs\/wp-json\/wp\/v2\/media?parent=5460"}],"wp:term":[{"taxonomy":"pwb-brand","embeddable":true,"href":"https:\/\/www.vape4wholesale.com\/cs\/wp-json\/wp\/v2\/pwb-brand?post=5460"},{"taxonomy":"product_cat","embeddable":true,"href":"https:\/\/www.vape4wholesale.com\/cs\/wp-json\/wp\/v2\/product_cat?post=5460"},{"taxonomy":"product_tag","embeddable":true,"href":"https:\/\/www.vape4wholesale.com\/cs\/wp-json\/wp\/v2\/product_tag?post=5460"}],"curies":[{"name":"wp","href":"https:\/\/api.w.org\/{rel}","templated":true}]}}