{"id":5324,"date":"2022-07-20T10:51:19","date_gmt":"2022-07-20T02:51:19","guid":{"rendered":"https:\/\/www.vape4wholesale.com\/?post_type=product&#038;p=5324"},"modified":"2026-01-26T13:43:35","modified_gmt":"2026-01-26T13:43:35","slug":"bang-xxl-2000-puffs-jednorazovy-vape-velkoobchod","status":"publish","type":"product","link":"https:\/\/www.vape4wholesale.com\/cs\/product\/bang-xxl-2000-puffs-disposable-vape-wholesale","title":{"rendered":"Bang XXL 2000 Puffs jednor\u00e1zov\u00fd Vape velkoobchod"},"content":{"rendered":"<p>na <a href=\"https:\/\/www.vape4wholesale.com\/cs\/product_brand\/bang\/\">Bang<\/a> XXL 2000 vape je dod\u00e1v\u00e1n s bateri\u00ed 850mah, 6,5ml eliquid 2% \/ 5%, podporuje max. 2000 puffs, objednejte si u vape4wholesale, abyste z\u00edskali nejlep\u0161\u00ed cenu a rychlou dod\u00e1vku.<\/p>\n<p>P\u0159edstavujeme v\u00e1m novou jednor\u00e1zovou vape na b\u00e1zi technologie zn\u00e1m\u00e9 jako\u00a0<strong>Bang XXL\u00a0<\/strong>Vape na jedno pou\u017eit\u00ed. Tento vape je nejnov\u011bj\u0161\u00edm typem zna\u010dky Bang. Tento vape je dod\u00e1v\u00e1n s 2000 \u0161luky na jedno za\u0159\u00edzen\u00ed, kter\u00e9 vydr\u017e\u00ed d\u00e9le ne\u017e r\u016fzn\u00e9 jin\u00e9 jednor\u00e1zov\u00e9 vape bang na trhu. T\u011bchto 2000 potah\u016f lze v pr\u016fm\u011bru spot\u0159ebovat za t\u00fdden. Jednor\u00e1zov\u00e9 vapky Bang XXL jsou ty \u0161pi\u010dkov\u00e9 jednor\u00e1zov\u00e9 vapky, kter\u00e9 poskytuj\u00ed lahodnou chu\u0165 v r\u00e1mci za\u0159\u00edzen\u00ed s velmi vysokou v\u00fdt\u011b\u017enost\u00ed potah\u016f. P\u0159esto\u017ee za\u0159\u00edzen\u00ed nem\u00e1 \u017e\u00e1dn\u00e1 tla\u010d\u00edtka, sta\u010d\u00ed za\u010d\u00edt vapovat, abyste za\u0159\u00edzen\u00ed zapnuli. Ka\u017ed\u00e9 za\u0159\u00edzen\u00ed Bang XXL v\u0161ak vyprodukuje p\u0159ibli\u017en\u011b 2000 \u0161luk\u016f ovocn\u00e9, \u0161\u0165avnat\u00e9 i m\u00e1tov\u00e9 e-d\u017eusov\u00e9 p\u0159\u00edchuti a ka\u017ed\u00e1 p\u0159\u00edchu\u0165 t\u011bchto vap\u016f m\u00e1 velmi exotickou chu\u0165. Chu\u0165ov\u00e9 poh\u00e1rky va\u0161eho jazyka poc\u00edt\u00ed tyto exotick\u00e9 p\u0159\u00edchut\u011b a zanechaj\u00ed ve v\u00e1s pocit \u0161t\u011bst\u00ed a radosti. Jednor\u00e1zov\u00e9 za\u0159\u00edzen\u00ed proto obsahuje \u00fa\u017easn\u00e9 r\u016fzn\u00e9 p\u0159\u00edchut\u011b, jako je ledov\u00e1 ban\u00e1nov\u00e1 e-d\u017eus, chladiv\u00e1 m\u00e1ta atd. a tyto ochucen\u00e9 e-liquidy se p\u0159en\u00e1\u0161ej\u00ed ve snadno p\u0159enosn\u00e9m za\u0159\u00edzen\u00ed. Za\u0159\u00edzen\u00ed je dod\u00e1v\u00e1no s p\u0159edpln\u011bnou n\u00e1pln\u00ed 6,5 ml e-d\u017eus\u016f a tak\u00e9 s vestav\u011bnou bateri\u00ed s dlouhou v\u00fddr\u017e\u00ed 800 mAh, kter\u00e1 je jednor\u00e1zov\u00e1. P\u0159esto\u017ee bylo jednor\u00e1zov\u00e9 za\u0159\u00edzen\u00ed zkonstruov\u00e1no tak, aby se jednalo o dlouhotrvaj\u00edc\u00ed e-\u0161\u0165\u00e1vy s exotickou chut\u00ed p\u0159\u00edchut\u00ed. Za\u0159\u00edzen\u00ed je tak\u00e9 zn\u00e1m\u00e9 jako vapovac\u00ed syst\u00e9m \"v\u0161e v jednom\" d\u00edky sv\u00fdm r\u016fzn\u00fdm kvalitn\u00edm funkc\u00edm. Mno\u017estv\u00ed nikotinov\u00e9 soli p\u0159\u00edtomn\u00e9 v e-liquidu m\u00e1 schopnost zv\u00fd\u0161it chu\u0165 p\u0159\u00edchut\u011b ve va\u0161em za\u0159\u00edzen\u00ed. Mechanismus za\u0159\u00edzen\u00ed je pln\u011b automatick\u00fd a jeho pou\u017e\u00edv\u00e1n\u00ed nen\u00ed nijak slo\u017eit\u00e9.<\/p>\n<h2><strong>Bang XXL 2000 Puffs Jednor\u00e1zov\u00e9 vape Vlastnosti a specifikace<\/strong><\/h2>\n<ul>\n<li>Na jedno za\u0159\u00edzen\u00ed je k dispozici 2000 Puffs.<\/li>\n<li>Za\u0159\u00edzen\u00ed je ur\u010deno pouze pro dosp\u011bl\u00e9 osoby star\u0161\u00ed 21 let a nen\u00ed ur\u010deno pro nezletil\u00e9.<\/li>\n<li>Pom\u011br Vg\/Pg je 70\/30 Sm\u011bs.<\/li>\n<li>S\u00edla nikotinu je 5% NEBO 50MG.<\/li>\n<li>\u017divotnost za\u0159\u00edzen\u00ed je p\u0159ibli\u017en\u011b 2 roky.<\/li>\n<li>Kapacita e-d\u017eus\u016f v za\u0159\u00edzen\u00ed je 6,5 ml.<\/li>\n<li>Jedn\u00e1 se o beztla\u010d\u00edtkov\u00fd design.<\/li>\n<li>Baterie s kapacitou 850 mAh.<\/li>\n<li>Za\u0159\u00edzen\u00ed je zaru\u010den\u011b prav\u00e9 100%.<\/li>\n<\/ul>\n<h2><strong>P\u0159\u00edchut\u011b<\/strong><\/h2>\n<p>Jable\u010dn\u00fd led<br \/>\nBan\u00e1nov\u00fd led<br \/>\nBor\u016fvkov\u00fd led<br \/>\n\u017dv\u00fdka\u010dkov\u00fd led<br \/>\nCola Ice<br \/>\nCool Mint<br \/>\nHroznov\u00fd led<br \/>\nGumov\u00fd medv\u00eddek<br \/>\nMedov\u00fd meloun<br \/>\nCitronov\u00fd led<br \/>\nMango Guava<br \/>\nSm\u00ed\u0161en\u00e9 bobule<br \/>\nOran\u017eov\u00e1 limon\u00e1da<br \/>\nBroskvov\u00fd led<br \/>\nPinacolada<br \/>\nPinapple Mango<br \/>\n\u010cerven\u00e9 jablko<br \/>\n\u010cerven\u00e1 mu\u010denka Raz<br \/>\nJahodov\u00fd ban\u00e1n<br \/>\nJahodov\u00e1 zmrzlina<br \/>\nJahoda Wateymlon<br \/>\nVodn\u00ed led Watermlon<\/p>\n<h2><strong>Balen\u00ed a hmotnost<\/strong><\/h2>\n<p>Velikost hlavn\u00edho kartonu: 44,5*43,5*27 mm, 300 ks uvnit\u0159, 19,5 kg<\/p>\n<p><img loading=\"lazy\" decoding=\"async\" class=\"alignnone size-full wp-image-13104\" title=\"Bang XXL 2000 Puffs Jednor\u00e1zov\u00fd velkoobchodn\u00ed prodej (4)\" src=\"https:\/\/www.vape4wholesale.com\/wp-content\/uploads\/2022\/07\/Bang-XXL-2000-Puffs-Disposable-Vape-Wholesale-4.jpg\" alt=\"Bang XXL 2000 Puffs Jednor\u00e1zov\u00fd velkoobchodn\u00ed prodej (4)\" width=\"800\" height=\"800\" srcset=\"https:\/\/www.vape4wholesale.com\/wp-content\/uploads\/2022\/07\/Bang-XXL-2000-Puffs-Disposable-Vape-Wholesale-4.jpg 800w, https:\/\/www.vape4wholesale.com\/wp-content\/uploads\/2022\/07\/Bang-XXL-2000-Puffs-Disposable-Vape-Wholesale-4-247x247.jpg 247w, https:\/\/www.vape4wholesale.com\/wp-content\/uploads\/2022\/07\/Bang-XXL-2000-Puffs-Disposable-Vape-Wholesale-4-100x100.jpg 100w, https:\/\/www.vape4wholesale.com\/wp-content\/uploads\/2022\/07\/Bang-XXL-2000-Puffs-Disposable-Vape-Wholesale-4-510x510.jpg 510w\" sizes=\"auto, (max-width: 800px) 100vw, 800px\" \/> <img loading=\"lazy\" decoding=\"async\" class=\"alignnone size-full wp-image-13105\" title=\"Bang XXL 2000 Puffs Jednor\u00e1zov\u00fd velkoobchodn\u00ed prodej (5)\" src=\"https:\/\/www.vape4wholesale.com\/wp-content\/uploads\/2022\/07\/Bang-XXL-2000-Puffs-Disposable-Vape-Wholesale-5.jpg\" alt=\"Bang XXL 2000 Puffs Jednor\u00e1zov\u00fd velkoobchodn\u00ed prodej (5)\" width=\"800\" height=\"800\" srcset=\"https:\/\/www.vape4wholesale.com\/wp-content\/uploads\/2022\/07\/Bang-XXL-2000-Puffs-Disposable-Vape-Wholesale-5.jpg 800w, https:\/\/www.vape4wholesale.com\/wp-content\/uploads\/2022\/07\/Bang-XXL-2000-Puffs-Disposable-Vape-Wholesale-5-247x247.jpg 247w, https:\/\/www.vape4wholesale.com\/wp-content\/uploads\/2022\/07\/Bang-XXL-2000-Puffs-Disposable-Vape-Wholesale-5-100x100.jpg 100w, https:\/\/www.vape4wholesale.com\/wp-content\/uploads\/2022\/07\/Bang-XXL-2000-Puffs-Disposable-Vape-Wholesale-5-510x510.jpg 510w, https:\/\/www.vape4wholesale.com\/wp-content\/uploads\/2022\/07\/Bang-XXL-2000-Puffs-Disposable-Vape-Wholesale-5-64x64.jpg 64w, https:\/\/www.vape4wholesale.com\/wp-content\/uploads\/2022\/07\/Bang-XXL-2000-Puffs-Disposable-Vape-Wholesale-5-300x300.jpg 300w, https:\/\/www.vape4wholesale.com\/wp-content\/uploads\/2022\/07\/Bang-XXL-2000-Puffs-Disposable-Vape-Wholesale-5-150x150.jpg 150w, https:\/\/www.vape4wholesale.com\/wp-content\/uploads\/2022\/07\/Bang-XXL-2000-Puffs-Disposable-Vape-Wholesale-5-768x768.jpg 768w\" sizes=\"auto, (max-width: 800px) 100vw, 800px\" \/> <img loading=\"lazy\" decoding=\"async\" class=\"alignnone size-full wp-image-13106\" title=\"Bang XXL 2000 Puffs Jednor\u00e1zov\u00fd velkoobchodn\u00ed prodej (6)\" src=\"https:\/\/www.vape4wholesale.com\/wp-content\/uploads\/2022\/07\/Bang-XXL-2000-Puffs-Disposable-Vape-Wholesale-6.jpg\" alt=\"Bang XXL 2000 Puffs Jednor\u00e1zov\u00fd velkoobchodn\u00ed prodej (6)\" width=\"800\" height=\"800\" srcset=\"https:\/\/www.vape4wholesale.com\/wp-content\/uploads\/2022\/07\/Bang-XXL-2000-Puffs-Disposable-Vape-Wholesale-6.jpg 800w, https:\/\/www.vape4wholesale.com\/wp-content\/uploads\/2022\/07\/Bang-XXL-2000-Puffs-Disposable-Vape-Wholesale-6-247x247.jpg 247w, https:\/\/www.vape4wholesale.com\/wp-content\/uploads\/2022\/07\/Bang-XXL-2000-Puffs-Disposable-Vape-Wholesale-6-100x100.jpg 100w, https:\/\/www.vape4wholesale.com\/wp-content\/uploads\/2022\/07\/Bang-XXL-2000-Puffs-Disposable-Vape-Wholesale-6-510x510.jpg 510w, https:\/\/www.vape4wholesale.com\/wp-content\/uploads\/2022\/07\/Bang-XXL-2000-Puffs-Disposable-Vape-Wholesale-6-64x64.jpg 64w, https:\/\/www.vape4wholesale.com\/wp-content\/uploads\/2022\/07\/Bang-XXL-2000-Puffs-Disposable-Vape-Wholesale-6-300x300.jpg 300w, https:\/\/www.vape4wholesale.com\/wp-content\/uploads\/2022\/07\/Bang-XXL-2000-Puffs-Disposable-Vape-Wholesale-6-150x150.jpg 150w, https:\/\/www.vape4wholesale.com\/wp-content\/uploads\/2022\/07\/Bang-XXL-2000-Puffs-Disposable-Vape-Wholesale-6-768x768.jpg 768w\" sizes=\"auto, (max-width: 800px) 100vw, 800px\" \/> <img loading=\"lazy\" decoding=\"async\" class=\"alignnone size-full wp-image-13102\" title=\"Bang XXL 2000 Puffs Jednor\u00e1zov\u00fd velkoobchodn\u00ed prodej (2)\" src=\"https:\/\/www.vape4wholesale.com\/wp-content\/uploads\/2022\/07\/Bang-XXL-2000-Puffs-Disposable-Vape-Wholesale-2.jpg\" alt=\"Bang XXL 2000 Puffs Jednor\u00e1zov\u00fd velkoobchodn\u00ed prodej (2)\" width=\"800\" height=\"800\" srcset=\"https:\/\/www.vape4wholesale.com\/wp-content\/uploads\/2022\/07\/Bang-XXL-2000-Puffs-Disposable-Vape-Wholesale-2.jpg 800w, https:\/\/www.vape4wholesale.com\/wp-content\/uploads\/2022\/07\/Bang-XXL-2000-Puffs-Disposable-Vape-Wholesale-2-247x247.jpg 247w, https:\/\/www.vape4wholesale.com\/wp-content\/uploads\/2022\/07\/Bang-XXL-2000-Puffs-Disposable-Vape-Wholesale-2-100x100.jpg 100w, https:\/\/www.vape4wholesale.com\/wp-content\/uploads\/2022\/07\/Bang-XXL-2000-Puffs-Disposable-Vape-Wholesale-2-510x510.jpg 510w\" sizes=\"auto, (max-width: 800px) 100vw, 800px\" \/> <img loading=\"lazy\" decoding=\"async\" class=\"alignnone size-full wp-image-13101\" title=\"Bang XXL 2000 Puffs Jednor\u00e1zov\u00fd velkoobchodn\u00ed prodej (1)\" src=\"https:\/\/www.vape4wholesale.com\/wp-content\/uploads\/2022\/07\/Bang-XXL-2000-Puffs-Disposable-Vape-Wholesale-1.jpg\" alt=\"Bang XXL 2000 Puffs Jednor\u00e1zov\u00fd velkoobchodn\u00ed prodej (1)\" width=\"800\" height=\"800\" srcset=\"https:\/\/www.vape4wholesale.com\/wp-content\/uploads\/2022\/07\/Bang-XXL-2000-Puffs-Disposable-Vape-Wholesale-1.jpg 800w, https:\/\/www.vape4wholesale.com\/wp-content\/uploads\/2022\/07\/Bang-XXL-2000-Puffs-Disposable-Vape-Wholesale-1-247x247.jpg 247w, https:\/\/www.vape4wholesale.com\/wp-content\/uploads\/2022\/07\/Bang-XXL-2000-Puffs-Disposable-Vape-Wholesale-1-100x100.jpg 100w, https:\/\/www.vape4wholesale.com\/wp-content\/uploads\/2022\/07\/Bang-XXL-2000-Puffs-Disposable-Vape-Wholesale-1-510x510.jpg 510w, https:\/\/www.vape4wholesale.com\/wp-content\/uploads\/2022\/07\/Bang-XXL-2000-Puffs-Disposable-Vape-Wholesale-1-64x64.jpg 64w, https:\/\/www.vape4wholesale.com\/wp-content\/uploads\/2022\/07\/Bang-XXL-2000-Puffs-Disposable-Vape-Wholesale-1-300x300.jpg 300w, https:\/\/www.vape4wholesale.com\/wp-content\/uploads\/2022\/07\/Bang-XXL-2000-Puffs-Disposable-Vape-Wholesale-1-150x150.jpg 150w, https:\/\/www.vape4wholesale.com\/wp-content\/uploads\/2022\/07\/Bang-XXL-2000-Puffs-Disposable-Vape-Wholesale-1-768x768.jpg 768w\" sizes=\"auto, (max-width: 800px) 100vw, 800px\" \/> <img loading=\"lazy\" decoding=\"async\" class=\"alignnone size-full wp-image-13103\" title=\"Bang XXL 2000 Puffs Jednor\u00e1zov\u00fd velkoobchodn\u00ed prodej (3)\" src=\"https:\/\/www.vape4wholesale.com\/wp-content\/uploads\/2022\/07\/Bang-XXL-2000-Puffs-Disposable-Vape-Wholesale-3.jpg\" alt=\"Bang XXL 2000 Puffs Jednor\u00e1zov\u00fd velkoobchodn\u00ed prodej (3)\" width=\"800\" height=\"800\" srcset=\"https:\/\/www.vape4wholesale.com\/wp-content\/uploads\/2022\/07\/Bang-XXL-2000-Puffs-Disposable-Vape-Wholesale-3.jpg 800w, https:\/\/www.vape4wholesale.com\/wp-content\/uploads\/2022\/07\/Bang-XXL-2000-Puffs-Disposable-Vape-Wholesale-3-247x247.jpg 247w, https:\/\/www.vape4wholesale.com\/wp-content\/uploads\/2022\/07\/Bang-XXL-2000-Puffs-Disposable-Vape-Wholesale-3-100x100.jpg 100w, https:\/\/www.vape4wholesale.com\/wp-content\/uploads\/2022\/07\/Bang-XXL-2000-Puffs-Disposable-Vape-Wholesale-3-510x510.jpg 510w, https:\/\/www.vape4wholesale.com\/wp-content\/uploads\/2022\/07\/Bang-XXL-2000-Puffs-Disposable-Vape-Wholesale-3-64x64.jpg 64w, https:\/\/www.vape4wholesale.com\/wp-content\/uploads\/2022\/07\/Bang-XXL-2000-Puffs-Disposable-Vape-Wholesale-3-300x300.jpg 300w, https:\/\/www.vape4wholesale.com\/wp-content\/uploads\/2022\/07\/Bang-XXL-2000-Puffs-Disposable-Vape-Wholesale-3-150x150.jpg 150w, https:\/\/www.vape4wholesale.com\/wp-content\/uploads\/2022\/07\/Bang-XXL-2000-Puffs-Disposable-Vape-Wholesale-3-768x768.jpg 768w\" sizes=\"auto, (max-width: 800px) 100vw, 800px\" \/><\/p>","protected":false},"excerpt":{"rendered":"[scf-template id=&#8217;11434&#8242;]\n","protected":false},"featured_media":13102,"comment_status":"open","ping_status":"closed","template":"","meta":[],"pwb-brand":[1275],"product_cat":[25],"product_tag":[22,24,164,167,249],"class_list":{"0":"post-5324","1":"product","2":"type-product","3":"status-publish","4":"has-post-thumbnail","6":"pwb-brand-bang","7":"product_cat-2000-3000-puffs","8":"product_tag-disposable","9":"product_tag-wholesale","10":"product_tag-2000-puffs","11":"product_tag-6-5ml","12":"product_tag-bang","13":"wcpa_has_options","15":"first","16":"outofstock","17":"shipping-taxable","18":"purchasable","19":"product-type-variable"},"aioseo_notices":[],"brands":[{"id":1275,"name":"Bang","slug":"bang"}],"_links":{"self":[{"href":"https:\/\/www.vape4wholesale.com\/cs\/wp-json\/wp\/v2\/product\/5324","targetHints":{"allow":["GET"]}}],"collection":[{"href":"https:\/\/www.vape4wholesale.com\/cs\/wp-json\/wp\/v2\/product"}],"about":[{"href":"https:\/\/www.vape4wholesale.com\/cs\/wp-json\/wp\/v2\/types\/product"}],"replies":[{"embeddable":true,"href":"https:\/\/www.vape4wholesale.com\/cs\/wp-json\/wp\/v2\/comments?post=5324"}],"wp:featuredmedia":[{"embeddable":true,"href":"https:\/\/www.vape4wholesale.com\/cs\/wp-json\/wp\/v2\/media\/13102"}],"wp:attachment":[{"href":"https:\/\/www.vape4wholesale.com\/cs\/wp-json\/wp\/v2\/media?parent=5324"}],"wp:term":[{"taxonomy":"pwb-brand","embeddable":true,"href":"https:\/\/www.vape4wholesale.com\/cs\/wp-json\/wp\/v2\/pwb-brand?post=5324"},{"taxonomy":"product_cat","embeddable":true,"href":"https:\/\/www.vape4wholesale.com\/cs\/wp-json\/wp\/v2\/product_cat?post=5324"},{"taxonomy":"product_tag","embeddable":true,"href":"https:\/\/www.vape4wholesale.com\/cs\/wp-json\/wp\/v2\/product_tag?post=5324"}],"curies":[{"name":"wp","href":"https:\/\/api.w.org\/{rel}","templated":true}]}}