{"id":5005,"date":"2022-06-11T09:04:17","date_gmt":"2022-06-11T01:04:17","guid":{"rendered":"https:\/\/www.vape4wholesale.com\/?post_type=product&#038;p=5005"},"modified":"2026-01-26T13:43:40","modified_gmt":"2026-01-26T13:43:40","slug":"elf-bar-bc4000-jednorazovy-vape-velkoobchod","status":"publish","type":"product","link":"https:\/\/www.vape4wholesale.com\/cs\/product\/elf-bar-bc4000-disposable-vape-wholesale","title":{"rendered":"Elf Bar BC4000 Jednor\u00e1zov\u00fd velkoobchod s vapem"},"content":{"rendered":"<p>na <strong><a href=\"https:\/\/www.vape4wholesale.com\/cs\/product_brand\/elfi-bar\/\">Elf\u00ed bar<\/a> BC4000 Vape na jedno pou\u017eit\u00ed<\/strong> je vyroben z kontrastn\u00ed barevn\u00e9 kombinace, kter\u00e1 p\u0159in\u00e1\u0161\u00ed v\u011bt\u0161\u00ed po\u017eitek. D\u00edky designu ve tvaru praporku a kompaktn\u00edm rozm\u011br\u016fm se jednor\u00e1zov\u00e9 pod\u00e1vac\u00ed za\u0159\u00edzen\u00ed Elf bar BC4000 stane va\u0161\u00edm obl\u00edben\u00fdm m\u00f3dn\u00edm dopl\u0148kem. Jednor\u00e1zov\u00e9 pod za\u0159\u00edzen\u00ed Elf bar BC4000 se skl\u00e1d\u00e1 z dob\u00edjec\u00ed baterie o kapacit\u011b 650 mAh a p\u0159edpln\u011bn\u00e9ho podu o objemu 11,5 ml. Spolu s dvojitou spir\u00e1lkou s mimo\u0159\u00e1dn\u00fdmi p\u0159\u00edchut\u011bmi v\u00e1m Elf bar BC4000 p\u0159inese tu nej\u010dist\u0161\u00ed chu\u0165.<\/p>\n<h2><strong>Elf Bar BC4000 Jednor\u00e1zov\u00e9 vape parametry<\/strong><\/h2>\n<ol>\n<li>Velikost: 79 mm x 41 mm x 19 mm<\/li>\n<li>Kapacita e-liquidu: 11,5 ml<\/li>\n<li>S\u00edla nikotinu: 50 mg (5%)<\/li>\n<li>Kapacita baterie: 650 mAh<\/li>\n<li>Puffy: 4000puff\u016f<\/li>\n<\/ol>\n<h2><strong>Funkce<\/strong><\/h2>\n<p>Design ve tvaru vlajky a kompaktn\u00ed velikost<br \/>\nDvojit\u00e1 c\u00edvka s mimo\u0159\u00e1dn\u00fdmi p\u0159\u00edchut\u011bmi pro nej\u010dist\u0161\u00ed chu\u0165<br \/>\nNab\u00edjec\u00ed baterie 650 mAh a 11,5ml p\u0159edpln\u011bn\u00fd pod<br \/>\n4000puff\u016f, mal\u00e1 krabi\u010dka s velk\u00fdm v\u00fdkonem<br \/>\nKontrastn\u00ed barevn\u00e9 kolokace p\u0159in\u00e1\u0161\u00ed v\u011bt\u0161\u00ed po\u017eitek<\/p>\n<h2><strong>P\u0159\u00edchut\u011b<\/strong><\/h2>\n<p>Bor\u016fvkov\u00fd led<br \/>\nColaZelen\u00e9 jablko<br \/>\nJahodov\u00e9 kiwi<br \/>\nMelounov\u00fd led<br \/>\nAvok\u00e1dov\u00fd kr\u00e9m<br \/>\nMu\u010denka Ovoce Pomeran\u010d Guava<br \/>\nTrojit\u00fd led z bobul\u00ed<br \/>\nSakura Grape<br \/>\n\u010cerven\u00e9 Mojito<br \/>\nBrusinka Hroznov\u00e9 v\u00edno<br \/>\nEnergie<br \/>\nBlue Razz Ice<br \/>\nCitronov\u00e1 m\u00e1ta<br \/>\nKiwi Passionfruit Guava<br \/>\nMango Peach<br \/>\nJahodov\u00e9 mango<br \/>\nBroskvov\u00fd meloun Mango<\/p>\n<p><img loading=\"lazy\" decoding=\"async\" class=\"alignnone size-full wp-image-13333\" title=\"Elf Bar BC4000 Jednor\u00e1zov\u00fd velkoobchod s vape 2\" src=\"https:\/\/www.vape4wholesale.com\/wp-content\/uploads\/2022\/06\/Elf-Bar-BC4000-Disposable-Vape-Wholesale-2.jpg\" alt=\"Elf Bar BC4000 Jednor\u00e1zov\u00fd velkoobchod s vape 2\" width=\"1000\" height=\"1000\" srcset=\"https:\/\/www.vape4wholesale.com\/wp-content\/uploads\/2022\/06\/Elf-Bar-BC4000-Disposable-Vape-Wholesale-2.jpg 1000w, https:\/\/www.vape4wholesale.com\/wp-content\/uploads\/2022\/06\/Elf-Bar-BC4000-Disposable-Vape-Wholesale-2-247x247.jpg 247w, https:\/\/www.vape4wholesale.com\/wp-content\/uploads\/2022\/06\/Elf-Bar-BC4000-Disposable-Vape-Wholesale-2-100x100.jpg 100w, https:\/\/www.vape4wholesale.com\/wp-content\/uploads\/2022\/06\/Elf-Bar-BC4000-Disposable-Vape-Wholesale-2-510x510.jpg 510w\" sizes=\"auto, (max-width: 1000px) 100vw, 1000px\" \/> <img loading=\"lazy\" decoding=\"async\" class=\"alignnone size-full wp-image-13334\" title=\"Elf Bar BC4000 Jednor\u00e1zov\u00fd velkoobchod s vape 3\" src=\"https:\/\/www.vape4wholesale.com\/wp-content\/uploads\/2022\/06\/Elf-Bar-BC4000-Disposable-Vape-Wholesale-3.jpg\" alt=\"Elf Bar BC4000 Jednor\u00e1zov\u00fd velkoobchod s vape 3\" width=\"1000\" height=\"1000\" srcset=\"https:\/\/www.vape4wholesale.com\/wp-content\/uploads\/2022\/06\/Elf-Bar-BC4000-Disposable-Vape-Wholesale-3.jpg 1000w, https:\/\/www.vape4wholesale.com\/wp-content\/uploads\/2022\/06\/Elf-Bar-BC4000-Disposable-Vape-Wholesale-3-247x247.jpg 247w, https:\/\/www.vape4wholesale.com\/wp-content\/uploads\/2022\/06\/Elf-Bar-BC4000-Disposable-Vape-Wholesale-3-100x100.jpg 100w, https:\/\/www.vape4wholesale.com\/wp-content\/uploads\/2022\/06\/Elf-Bar-BC4000-Disposable-Vape-Wholesale-3-510x510.jpg 510w, https:\/\/www.vape4wholesale.com\/wp-content\/uploads\/2022\/06\/Elf-Bar-BC4000-Disposable-Vape-Wholesale-3-64x64.jpg 64w, https:\/\/www.vape4wholesale.com\/wp-content\/uploads\/2022\/06\/Elf-Bar-BC4000-Disposable-Vape-Wholesale-3-300x300.jpg 300w, https:\/\/www.vape4wholesale.com\/wp-content\/uploads\/2022\/06\/Elf-Bar-BC4000-Disposable-Vape-Wholesale-3-150x150.jpg 150w, https:\/\/www.vape4wholesale.com\/wp-content\/uploads\/2022\/06\/Elf-Bar-BC4000-Disposable-Vape-Wholesale-3-768x768.jpg 768w\" sizes=\"auto, (max-width: 1000px) 100vw, 1000px\" \/> <img loading=\"lazy\" decoding=\"async\" class=\"alignnone size-full wp-image-13335\" title=\"Elf Bar BC4000 Jednor\u00e1zov\u00fd velkoobchodn\u00ed vape 4\" src=\"https:\/\/www.vape4wholesale.com\/wp-content\/uploads\/2022\/06\/Elf-Bar-BC4000-Disposable-Vape-Wholesale-4.jpg\" alt=\"Elf Bar BC4000 Jednor\u00e1zov\u00fd velkoobchodn\u00ed vape 4\" width=\"1000\" height=\"1000\" srcset=\"https:\/\/www.vape4wholesale.com\/wp-content\/uploads\/2022\/06\/Elf-Bar-BC4000-Disposable-Vape-Wholesale-4.jpg 1000w, https:\/\/www.vape4wholesale.com\/wp-content\/uploads\/2022\/06\/Elf-Bar-BC4000-Disposable-Vape-Wholesale-4-247x247.jpg 247w, https:\/\/www.vape4wholesale.com\/wp-content\/uploads\/2022\/06\/Elf-Bar-BC4000-Disposable-Vape-Wholesale-4-100x100.jpg 100w, https:\/\/www.vape4wholesale.com\/wp-content\/uploads\/2022\/06\/Elf-Bar-BC4000-Disposable-Vape-Wholesale-4-510x510.jpg 510w, https:\/\/www.vape4wholesale.com\/wp-content\/uploads\/2022\/06\/Elf-Bar-BC4000-Disposable-Vape-Wholesale-4-64x64.jpg 64w, https:\/\/www.vape4wholesale.com\/wp-content\/uploads\/2022\/06\/Elf-Bar-BC4000-Disposable-Vape-Wholesale-4-300x300.jpg 300w, https:\/\/www.vape4wholesale.com\/wp-content\/uploads\/2022\/06\/Elf-Bar-BC4000-Disposable-Vape-Wholesale-4-150x150.jpg 150w, https:\/\/www.vape4wholesale.com\/wp-content\/uploads\/2022\/06\/Elf-Bar-BC4000-Disposable-Vape-Wholesale-4-768x768.jpg 768w\" sizes=\"auto, (max-width: 1000px) 100vw, 1000px\" \/> <img loading=\"lazy\" decoding=\"async\" class=\"alignnone size-full wp-image-13336\" title=\"Elf Bar BC4000 Jednor\u00e1zov\u00fd velkoobchodn\u00ed vape 5\" src=\"https:\/\/www.vape4wholesale.com\/wp-content\/uploads\/2022\/06\/Elf-Bar-BC4000-Disposable-Vape-Wholesale-5.jpg\" alt=\"Elf Bar BC4000 Jednor\u00e1zov\u00fd velkoobchodn\u00ed vape 5\" width=\"1000\" height=\"1000\" srcset=\"https:\/\/www.vape4wholesale.com\/wp-content\/uploads\/2022\/06\/Elf-Bar-BC4000-Disposable-Vape-Wholesale-5.jpg 1000w, https:\/\/www.vape4wholesale.com\/wp-content\/uploads\/2022\/06\/Elf-Bar-BC4000-Disposable-Vape-Wholesale-5-247x247.jpg 247w, https:\/\/www.vape4wholesale.com\/wp-content\/uploads\/2022\/06\/Elf-Bar-BC4000-Disposable-Vape-Wholesale-5-100x100.jpg 100w, https:\/\/www.vape4wholesale.com\/wp-content\/uploads\/2022\/06\/Elf-Bar-BC4000-Disposable-Vape-Wholesale-5-510x510.jpg 510w, https:\/\/www.vape4wholesale.com\/wp-content\/uploads\/2022\/06\/Elf-Bar-BC4000-Disposable-Vape-Wholesale-5-64x64.jpg 64w, https:\/\/www.vape4wholesale.com\/wp-content\/uploads\/2022\/06\/Elf-Bar-BC4000-Disposable-Vape-Wholesale-5-300x300.jpg 300w, https:\/\/www.vape4wholesale.com\/wp-content\/uploads\/2022\/06\/Elf-Bar-BC4000-Disposable-Vape-Wholesale-5-150x150.jpg 150w, https:\/\/www.vape4wholesale.com\/wp-content\/uploads\/2022\/06\/Elf-Bar-BC4000-Disposable-Vape-Wholesale-5-768x768.jpg 768w\" sizes=\"auto, (max-width: 1000px) 100vw, 1000px\" \/> <img loading=\"lazy\" decoding=\"async\" class=\"alignnone size-full wp-image-13337\" title=\"Elf Bar BC4000 Jednor\u00e1zov\u00fd velkoobchodn\u00ed vape 6\" src=\"https:\/\/www.vape4wholesale.com\/wp-content\/uploads\/2022\/06\/Elf-Bar-BC4000-Disposable-Vape-Wholesale-6.jpg\" alt=\"Elf Bar BC4000 Jednor\u00e1zov\u00fd velkoobchodn\u00ed vape 6\" width=\"1000\" height=\"1000\" srcset=\"https:\/\/www.vape4wholesale.com\/wp-content\/uploads\/2022\/06\/Elf-Bar-BC4000-Disposable-Vape-Wholesale-6.jpg 1000w, https:\/\/www.vape4wholesale.com\/wp-content\/uploads\/2022\/06\/Elf-Bar-BC4000-Disposable-Vape-Wholesale-6-247x247.jpg 247w, https:\/\/www.vape4wholesale.com\/wp-content\/uploads\/2022\/06\/Elf-Bar-BC4000-Disposable-Vape-Wholesale-6-100x100.jpg 100w, https:\/\/www.vape4wholesale.com\/wp-content\/uploads\/2022\/06\/Elf-Bar-BC4000-Disposable-Vape-Wholesale-6-510x510.jpg 510w, https:\/\/www.vape4wholesale.com\/wp-content\/uploads\/2022\/06\/Elf-Bar-BC4000-Disposable-Vape-Wholesale-6-64x64.jpg 64w, https:\/\/www.vape4wholesale.com\/wp-content\/uploads\/2022\/06\/Elf-Bar-BC4000-Disposable-Vape-Wholesale-6-300x300.jpg 300w, https:\/\/www.vape4wholesale.com\/wp-content\/uploads\/2022\/06\/Elf-Bar-BC4000-Disposable-Vape-Wholesale-6-150x150.jpg 150w, https:\/\/www.vape4wholesale.com\/wp-content\/uploads\/2022\/06\/Elf-Bar-BC4000-Disposable-Vape-Wholesale-6-768x768.jpg 768w\" sizes=\"auto, (max-width: 1000px) 100vw, 1000px\" \/> <img loading=\"lazy\" decoding=\"async\" class=\"alignnone size-full wp-image-13338\" title=\"Elf Bar BC4000 Jednor\u00e1zov\u00fd velkoobchodn\u00ed vape 7\" src=\"https:\/\/www.vape4wholesale.com\/wp-content\/uploads\/2022\/06\/Elf-Bar-BC4000-Disposable-Vape-Wholesale-7.jpg\" alt=\"Elf Bar BC4000 Jednor\u00e1zov\u00fd velkoobchodn\u00ed vape 7\" width=\"1000\" height=\"1000\" srcset=\"https:\/\/www.vape4wholesale.com\/wp-content\/uploads\/2022\/06\/Elf-Bar-BC4000-Disposable-Vape-Wholesale-7.jpg 1000w, https:\/\/www.vape4wholesale.com\/wp-content\/uploads\/2022\/06\/Elf-Bar-BC4000-Disposable-Vape-Wholesale-7-247x247.jpg 247w, https:\/\/www.vape4wholesale.com\/wp-content\/uploads\/2022\/06\/Elf-Bar-BC4000-Disposable-Vape-Wholesale-7-100x100.jpg 100w, https:\/\/www.vape4wholesale.com\/wp-content\/uploads\/2022\/06\/Elf-Bar-BC4000-Disposable-Vape-Wholesale-7-510x510.jpg 510w, https:\/\/www.vape4wholesale.com\/wp-content\/uploads\/2022\/06\/Elf-Bar-BC4000-Disposable-Vape-Wholesale-7-64x64.jpg 64w, https:\/\/www.vape4wholesale.com\/wp-content\/uploads\/2022\/06\/Elf-Bar-BC4000-Disposable-Vape-Wholesale-7-300x300.jpg 300w, https:\/\/www.vape4wholesale.com\/wp-content\/uploads\/2022\/06\/Elf-Bar-BC4000-Disposable-Vape-Wholesale-7-150x150.jpg 150w, https:\/\/www.vape4wholesale.com\/wp-content\/uploads\/2022\/06\/Elf-Bar-BC4000-Disposable-Vape-Wholesale-7-768x768.jpg 768w\" sizes=\"auto, (max-width: 1000px) 100vw, 1000px\" \/> <img loading=\"lazy\" decoding=\"async\" class=\"alignnone size-full wp-image-13339\" title=\"Elf Bar BC4000 Jednor\u00e1zov\u00fd velkoobchodn\u00ed vape 8\" src=\"https:\/\/www.vape4wholesale.com\/wp-content\/uploads\/2022\/06\/Elf-Bar-BC4000-Disposable-Vape-Wholesale-8.jpg\" alt=\"Elf Bar BC4000 Jednor\u00e1zov\u00fd velkoobchodn\u00ed vape 8\" width=\"1000\" height=\"1000\" srcset=\"https:\/\/www.vape4wholesale.com\/wp-content\/uploads\/2022\/06\/Elf-Bar-BC4000-Disposable-Vape-Wholesale-8.jpg 1000w, https:\/\/www.vape4wholesale.com\/wp-content\/uploads\/2022\/06\/Elf-Bar-BC4000-Disposable-Vape-Wholesale-8-247x247.jpg 247w, https:\/\/www.vape4wholesale.com\/wp-content\/uploads\/2022\/06\/Elf-Bar-BC4000-Disposable-Vape-Wholesale-8-100x100.jpg 100w, https:\/\/www.vape4wholesale.com\/wp-content\/uploads\/2022\/06\/Elf-Bar-BC4000-Disposable-Vape-Wholesale-8-510x510.jpg 510w, https:\/\/www.vape4wholesale.com\/wp-content\/uploads\/2022\/06\/Elf-Bar-BC4000-Disposable-Vape-Wholesale-8-64x64.jpg 64w, https:\/\/www.vape4wholesale.com\/wp-content\/uploads\/2022\/06\/Elf-Bar-BC4000-Disposable-Vape-Wholesale-8-300x300.jpg 300w, https:\/\/www.vape4wholesale.com\/wp-content\/uploads\/2022\/06\/Elf-Bar-BC4000-Disposable-Vape-Wholesale-8-150x150.jpg 150w, https:\/\/www.vape4wholesale.com\/wp-content\/uploads\/2022\/06\/Elf-Bar-BC4000-Disposable-Vape-Wholesale-8-768x768.jpg 768w\" sizes=\"auto, (max-width: 1000px) 100vw, 1000px\" \/> <img loading=\"lazy\" decoding=\"async\" class=\"alignnone size-full wp-image-13340\" title=\"Elf Bar BC4000 Jednor\u00e1zov\u00fd velkoobchodn\u00ed vape 9\" src=\"https:\/\/www.vape4wholesale.com\/wp-content\/uploads\/2022\/06\/Elf-Bar-BC4000-Disposable-Vape-Wholesale-9.jpg\" alt=\"Elf Bar BC4000 Jednor\u00e1zov\u00fd velkoobchodn\u00ed vape 9\" width=\"1000\" height=\"1000\" srcset=\"https:\/\/www.vape4wholesale.com\/wp-content\/uploads\/2022\/06\/Elf-Bar-BC4000-Disposable-Vape-Wholesale-9.jpg 1000w, https:\/\/www.vape4wholesale.com\/wp-content\/uploads\/2022\/06\/Elf-Bar-BC4000-Disposable-Vape-Wholesale-9-247x247.jpg 247w, https:\/\/www.vape4wholesale.com\/wp-content\/uploads\/2022\/06\/Elf-Bar-BC4000-Disposable-Vape-Wholesale-9-100x100.jpg 100w, https:\/\/www.vape4wholesale.com\/wp-content\/uploads\/2022\/06\/Elf-Bar-BC4000-Disposable-Vape-Wholesale-9-510x510.jpg 510w, https:\/\/www.vape4wholesale.com\/wp-content\/uploads\/2022\/06\/Elf-Bar-BC4000-Disposable-Vape-Wholesale-9-64x64.jpg 64w, https:\/\/www.vape4wholesale.com\/wp-content\/uploads\/2022\/06\/Elf-Bar-BC4000-Disposable-Vape-Wholesale-9-300x300.jpg 300w, https:\/\/www.vape4wholesale.com\/wp-content\/uploads\/2022\/06\/Elf-Bar-BC4000-Disposable-Vape-Wholesale-9-150x150.jpg 150w, https:\/\/www.vape4wholesale.com\/wp-content\/uploads\/2022\/06\/Elf-Bar-BC4000-Disposable-Vape-Wholesale-9-768x768.jpg 768w\" sizes=\"auto, (max-width: 1000px) 100vw, 1000px\" \/> <img loading=\"lazy\" decoding=\"async\" class=\"alignnone size-full wp-image-13341\" title=\"Elf Bar BC4000 Jednor\u00e1zov\u00fd velkoobchodn\u00ed vape 10\" src=\"https:\/\/www.vape4wholesale.com\/wp-content\/uploads\/2022\/06\/Elf-Bar-BC4000-Disposable-Vape-Wholesale-10.jpg\" alt=\"Elf Bar BC4000 Jednor\u00e1zov\u00fd velkoobchodn\u00ed vape 10\" width=\"1000\" height=\"1000\" srcset=\"https:\/\/www.vape4wholesale.com\/wp-content\/uploads\/2022\/06\/Elf-Bar-BC4000-Disposable-Vape-Wholesale-10.jpg 1000w, https:\/\/www.vape4wholesale.com\/wp-content\/uploads\/2022\/06\/Elf-Bar-BC4000-Disposable-Vape-Wholesale-10-247x247.jpg 247w, https:\/\/www.vape4wholesale.com\/wp-content\/uploads\/2022\/06\/Elf-Bar-BC4000-Disposable-Vape-Wholesale-10-100x100.jpg 100w, https:\/\/www.vape4wholesale.com\/wp-content\/uploads\/2022\/06\/Elf-Bar-BC4000-Disposable-Vape-Wholesale-10-510x510.jpg 510w, https:\/\/www.vape4wholesale.com\/wp-content\/uploads\/2022\/06\/Elf-Bar-BC4000-Disposable-Vape-Wholesale-10-64x64.jpg 64w, https:\/\/www.vape4wholesale.com\/wp-content\/uploads\/2022\/06\/Elf-Bar-BC4000-Disposable-Vape-Wholesale-10-300x300.jpg 300w, https:\/\/www.vape4wholesale.com\/wp-content\/uploads\/2022\/06\/Elf-Bar-BC4000-Disposable-Vape-Wholesale-10-150x150.jpg 150w, https:\/\/www.vape4wholesale.com\/wp-content\/uploads\/2022\/06\/Elf-Bar-BC4000-Disposable-Vape-Wholesale-10-768x768.jpg 768w\" sizes=\"auto, (max-width: 1000px) 100vw, 1000px\" \/> <img loading=\"lazy\" decoding=\"async\" class=\"alignnone size-full wp-image-13342\" title=\"Elf Bar BC4000 Jednor\u00e1zov\u00fd velkoobchodn\u00ed vape 11\" src=\"https:\/\/www.vape4wholesale.com\/wp-content\/uploads\/2022\/06\/Elf-Bar-BC4000-Disposable-Vape-Wholesale-11.jpg\" alt=\"Elf Bar BC4000 Jednor\u00e1zov\u00fd velkoobchodn\u00ed vape 11\" width=\"1000\" height=\"1000\" srcset=\"https:\/\/www.vape4wholesale.com\/wp-content\/uploads\/2022\/06\/Elf-Bar-BC4000-Disposable-Vape-Wholesale-11.jpg 1000w, https:\/\/www.vape4wholesale.com\/wp-content\/uploads\/2022\/06\/Elf-Bar-BC4000-Disposable-Vape-Wholesale-11-247x247.jpg 247w, https:\/\/www.vape4wholesale.com\/wp-content\/uploads\/2022\/06\/Elf-Bar-BC4000-Disposable-Vape-Wholesale-11-100x100.jpg 100w, https:\/\/www.vape4wholesale.com\/wp-content\/uploads\/2022\/06\/Elf-Bar-BC4000-Disposable-Vape-Wholesale-11-510x510.jpg 510w, https:\/\/www.vape4wholesale.com\/wp-content\/uploads\/2022\/06\/Elf-Bar-BC4000-Disposable-Vape-Wholesale-11-64x64.jpg 64w, https:\/\/www.vape4wholesale.com\/wp-content\/uploads\/2022\/06\/Elf-Bar-BC4000-Disposable-Vape-Wholesale-11-300x300.jpg 300w, https:\/\/www.vape4wholesale.com\/wp-content\/uploads\/2022\/06\/Elf-Bar-BC4000-Disposable-Vape-Wholesale-11-150x150.jpg 150w, https:\/\/www.vape4wholesale.com\/wp-content\/uploads\/2022\/06\/Elf-Bar-BC4000-Disposable-Vape-Wholesale-11-768x768.jpg 768w\" sizes=\"auto, (max-width: 1000px) 100vw, 1000px\" \/> <img loading=\"lazy\" decoding=\"async\" class=\"alignnone size-full wp-image-13343\" title=\"Elf Bar BC4000 Jednor\u00e1zov\u00fd velkoobchodn\u00ed vape 12\" src=\"https:\/\/www.vape4wholesale.com\/wp-content\/uploads\/2022\/06\/Elf-Bar-BC4000-Disposable-Vape-Wholesale-12.jpg\" alt=\"Elf Bar BC4000 Jednor\u00e1zov\u00fd velkoobchodn\u00ed vape 12\" width=\"1000\" height=\"1000\" srcset=\"https:\/\/www.vape4wholesale.com\/wp-content\/uploads\/2022\/06\/Elf-Bar-BC4000-Disposable-Vape-Wholesale-12.jpg 1000w, https:\/\/www.vape4wholesale.com\/wp-content\/uploads\/2022\/06\/Elf-Bar-BC4000-Disposable-Vape-Wholesale-12-247x247.jpg 247w, https:\/\/www.vape4wholesale.com\/wp-content\/uploads\/2022\/06\/Elf-Bar-BC4000-Disposable-Vape-Wholesale-12-100x100.jpg 100w, https:\/\/www.vape4wholesale.com\/wp-content\/uploads\/2022\/06\/Elf-Bar-BC4000-Disposable-Vape-Wholesale-12-510x510.jpg 510w, https:\/\/www.vape4wholesale.com\/wp-content\/uploads\/2022\/06\/Elf-Bar-BC4000-Disposable-Vape-Wholesale-12-64x64.jpg 64w, https:\/\/www.vape4wholesale.com\/wp-content\/uploads\/2022\/06\/Elf-Bar-BC4000-Disposable-Vape-Wholesale-12-300x300.jpg 300w, https:\/\/www.vape4wholesale.com\/wp-content\/uploads\/2022\/06\/Elf-Bar-BC4000-Disposable-Vape-Wholesale-12-150x150.jpg 150w, https:\/\/www.vape4wholesale.com\/wp-content\/uploads\/2022\/06\/Elf-Bar-BC4000-Disposable-Vape-Wholesale-12-768x768.jpg 768w\" sizes=\"auto, (max-width: 1000px) 100vw, 1000px\" \/> <img loading=\"lazy\" decoding=\"async\" class=\"alignnone size-full wp-image-13344\" title=\"Elf Bar BC4000 Jednor\u00e1zov\u00fd velkoobchodn\u00ed vape 13\" src=\"https:\/\/www.vape4wholesale.com\/wp-content\/uploads\/2022\/06\/Elf-Bar-BC4000-Disposable-Vape-Wholesale-13.jpg\" alt=\"Elf Bar BC4000 Jednor\u00e1zov\u00fd velkoobchodn\u00ed vape 13\" width=\"1000\" height=\"1000\" srcset=\"https:\/\/www.vape4wholesale.com\/wp-content\/uploads\/2022\/06\/Elf-Bar-BC4000-Disposable-Vape-Wholesale-13.jpg 1000w, https:\/\/www.vape4wholesale.com\/wp-content\/uploads\/2022\/06\/Elf-Bar-BC4000-Disposable-Vape-Wholesale-13-247x247.jpg 247w, https:\/\/www.vape4wholesale.com\/wp-content\/uploads\/2022\/06\/Elf-Bar-BC4000-Disposable-Vape-Wholesale-13-100x100.jpg 100w, https:\/\/www.vape4wholesale.com\/wp-content\/uploads\/2022\/06\/Elf-Bar-BC4000-Disposable-Vape-Wholesale-13-510x510.jpg 510w, https:\/\/www.vape4wholesale.com\/wp-content\/uploads\/2022\/06\/Elf-Bar-BC4000-Disposable-Vape-Wholesale-13-64x64.jpg 64w, https:\/\/www.vape4wholesale.com\/wp-content\/uploads\/2022\/06\/Elf-Bar-BC4000-Disposable-Vape-Wholesale-13-300x300.jpg 300w, https:\/\/www.vape4wholesale.com\/wp-content\/uploads\/2022\/06\/Elf-Bar-BC4000-Disposable-Vape-Wholesale-13-150x150.jpg 150w, https:\/\/www.vape4wholesale.com\/wp-content\/uploads\/2022\/06\/Elf-Bar-BC4000-Disposable-Vape-Wholesale-13-768x768.jpg 768w\" sizes=\"auto, (max-width: 1000px) 100vw, 1000px\" \/> <img loading=\"lazy\" decoding=\"async\" class=\"alignnone size-full wp-image-13345\" title=\"Elf Bar BC4000 Jednor\u00e1zov\u00fd velkoobchodn\u00ed vape 14\" src=\"https:\/\/www.vape4wholesale.com\/wp-content\/uploads\/2022\/06\/Elf-Bar-BC4000-Disposable-Vape-Wholesale-14.jpg\" alt=\"Elf Bar BC4000 Jednor\u00e1zov\u00fd velkoobchodn\u00ed vape 14\" width=\"1000\" height=\"1000\" srcset=\"https:\/\/www.vape4wholesale.com\/wp-content\/uploads\/2022\/06\/Elf-Bar-BC4000-Disposable-Vape-Wholesale-14.jpg 1000w, https:\/\/www.vape4wholesale.com\/wp-content\/uploads\/2022\/06\/Elf-Bar-BC4000-Disposable-Vape-Wholesale-14-247x247.jpg 247w, https:\/\/www.vape4wholesale.com\/wp-content\/uploads\/2022\/06\/Elf-Bar-BC4000-Disposable-Vape-Wholesale-14-100x100.jpg 100w, https:\/\/www.vape4wholesale.com\/wp-content\/uploads\/2022\/06\/Elf-Bar-BC4000-Disposable-Vape-Wholesale-14-510x510.jpg 510w\" sizes=\"auto, (max-width: 1000px) 100vw, 1000px\" \/><\/p>\n<p>&nbsp;<\/p>","protected":false},"excerpt":{"rendered":"[scf-template id=&#8217;11434&#8242;]\n","protected":false},"featured_media":13333,"comment_status":"open","ping_status":"closed","template":"","meta":[],"pwb-brand":[1278],"product_cat":[85],"product_tag":[112,22,24,55,60],"class_list":{"0":"post-5005","1":"product","2":"type-product","3":"status-publish","4":"has-post-thumbnail","6":"pwb-brand-elf-bar","7":"product_cat-3000-4000-puffs","8":"product_tag-11-5ml","9":"product_tag-disposable","10":"product_tag-wholesale","11":"product_tag-4000-puffs","12":"product_tag-elf-bar","14":"first","15":"outofstock","16":"shipping-taxable","17":"purchasable","18":"product-type-variable"},"aioseo_notices":[],"brands":[{"id":1278,"name":"Elf\u00ed bar","slug":"elfi-bar"}],"_links":{"self":[{"href":"https:\/\/www.vape4wholesale.com\/cs\/wp-json\/wp\/v2\/product\/5005","targetHints":{"allow":["GET"]}}],"collection":[{"href":"https:\/\/www.vape4wholesale.com\/cs\/wp-json\/wp\/v2\/product"}],"about":[{"href":"https:\/\/www.vape4wholesale.com\/cs\/wp-json\/wp\/v2\/types\/product"}],"replies":[{"embeddable":true,"href":"https:\/\/www.vape4wholesale.com\/cs\/wp-json\/wp\/v2\/comments?post=5005"}],"wp:featuredmedia":[{"embeddable":true,"href":"https:\/\/www.vape4wholesale.com\/cs\/wp-json\/wp\/v2\/media\/13333"}],"wp:attachment":[{"href":"https:\/\/www.vape4wholesale.com\/cs\/wp-json\/wp\/v2\/media?parent=5005"}],"wp:term":[{"taxonomy":"pwb-brand","embeddable":true,"href":"https:\/\/www.vape4wholesale.com\/cs\/wp-json\/wp\/v2\/pwb-brand?post=5005"},{"taxonomy":"product_cat","embeddable":true,"href":"https:\/\/www.vape4wholesale.com\/cs\/wp-json\/wp\/v2\/product_cat?post=5005"},{"taxonomy":"product_tag","embeddable":true,"href":"https:\/\/www.vape4wholesale.com\/cs\/wp-json\/wp\/v2\/product_tag?post=5005"}],"curies":[{"name":"wp","href":"https:\/\/api.w.org\/{rel}","templated":true}]}}