{"id":4924,"date":"2022-06-11T08:43:58","date_gmt":"2022-06-11T00:43:58","guid":{"rendered":"https:\/\/www.vape4wholesale.com\/?post_type=product&#038;p=4924"},"modified":"2026-01-26T13:43:42","modified_gmt":"2026-01-26T13:43:42","slug":"elf-bar-bc3000-jednorazovy-vape-velkoobchod","status":"publish","type":"product","link":"https:\/\/www.vape4wholesale.com\/cs\/product\/elf-bar-bc3000-disposable-vape-wholesale","title":{"rendered":"Elf Bar BC3000 Jednor\u00e1zov\u00fd velkoobchod s vapem"},"content":{"rendered":"<p>na <strong>Za\u0159\u00edzen\u00ed Elf bar BC3000 pro jednor\u00e1zov\u00e9 pody<\/strong> m\u00e1 10 ml p\u0159edpln\u011bn\u00e9 \u0161\u0165\u00e1vy se silou nikotinu 5% a lahodnou chut\u00ed. A je vyroben z vestav\u011bn\u00e9 dob\u00edjec\u00ed baterie o kapacit\u011b 650 mAh. Jednor\u00e1zov\u00e9 pod za\u0159\u00edzen\u00ed Elf bar BC3000, kter\u00e9 se vyzna\u010duje designem ve tvaru vlajky a kompaktn\u00edmi rozm\u011bry, v\u00e1m p\u0159inese skv\u011bl\u00fd z\u00e1\u017eitek z vapov\u00e1n\u00ed.<\/p>\n<h2><strong>Elf Bar BC3000 Jednor\u00e1zov\u00e9 vape parametry<\/strong><\/h2>\n<p>Velikost: 69 mm x 41 mm x 19 mm<br \/>\nKapacita e-liquidu: 10ml<br \/>\nS\u00edla nikotinu: 50 mg (5%)<br \/>\nKapacita baterie: 650 mAh<br \/>\nPuffy: 3000puff\u016f<\/p>\n<h2><strong>Funkce<\/strong><\/h2>\n<p>Design ve tvaru vlajky a kompaktn\u00ed velikost<br \/>\nDvojit\u00e1 c\u00edvka s mimo\u0159\u00e1dn\u00fdmi p\u0159\u00edchut\u011bmi pro nej\u010dist\u0161\u00ed chu\u0165<br \/>\nDob\u00edjec\u00ed baterie 650 mAh a 10ml p\u0159edpln\u011bn\u00fd pod<br \/>\n3000puff\u016f, mal\u00e1 krabi\u010dka s velk\u00fdm v\u00fdkonem<br \/>\nKontrastn\u00ed barevn\u00e9 kolokace p\u0159in\u00e1\u0161\u00ed v\u011bt\u0161\u00ed po\u017eitek<\/p>\n<h2><strong>P\u0159\u00edchut\u011b<\/strong><\/h2>\n<p>Ananasov\u00fd led<br \/>\nJahodov\u00e1 zmrzlina<br \/>\nJahodov\u00e9 kiwi<br \/>\nMelounov\u00fd led<br \/>\nJahoda ananas kokos<br \/>\nMango Meru\u0148ka Broskev<br \/>\nTrojit\u00fd meloun<br \/>\nSakura Grape<br \/>\n\u010cerven\u00e9 Mojito<br \/>\nBrusinka Hroznov\u00e9 v\u00edno<br \/>\nEnergie<br \/>\nBlue Razz Ice<br \/>\nCitronov\u00e1 m\u00e1ta<br \/>\nKiwi Passionfruit Guava<br \/>\nMango Peach<br \/>\nJahodov\u00e9 mango<br \/>\nGuava Ice<br \/>\nBroskvov\u00fd meloun Mango<\/p>\n<p><img loading=\"lazy\" decoding=\"async\" class=\"alignnone size-full wp-image-13366\" title=\"Elf Bar BC3000 Diposable Vape Wholesale 38\" src=\"https:\/\/www.vape4wholesale.com\/wp-content\/uploads\/2022\/06\/Elf-Bar-BC3000-Diposable-Vape-Wholesale-38.jpg\" alt=\"Elf Bar BC3000 Diposable Vape Wholesale 38\" width=\"600\" height=\"600\" srcset=\"https:\/\/www.vape4wholesale.com\/wp-content\/uploads\/2022\/06\/Elf-Bar-BC3000-Diposable-Vape-Wholesale-38.jpg 600w, https:\/\/www.vape4wholesale.com\/wp-content\/uploads\/2022\/06\/Elf-Bar-BC3000-Diposable-Vape-Wholesale-38-247x247.jpg 247w, https:\/\/www.vape4wholesale.com\/wp-content\/uploads\/2022\/06\/Elf-Bar-BC3000-Diposable-Vape-Wholesale-38-100x100.jpg 100w, https:\/\/www.vape4wholesale.com\/wp-content\/uploads\/2022\/06\/Elf-Bar-BC3000-Diposable-Vape-Wholesale-38-510x510.jpg 510w\" sizes=\"auto, (max-width: 600px) 100vw, 600px\" \/><img loading=\"lazy\" decoding=\"async\" class=\"alignnone size-full wp-image-13365\" title=\"Elf Bar BC3000 Diposable Vape Velkoobchod 37\" src=\"https:\/\/www.vape4wholesale.com\/wp-content\/uploads\/2022\/06\/Elf-Bar-BC3000-Diposable-Vape-Wholesale-37.jpg\" alt=\"Elf Bar BC3000 Diposable Vape Velkoobchod 37\" width=\"600\" height=\"600\" srcset=\"https:\/\/www.vape4wholesale.com\/wp-content\/uploads\/2022\/06\/Elf-Bar-BC3000-Diposable-Vape-Wholesale-37.jpg 600w, https:\/\/www.vape4wholesale.com\/wp-content\/uploads\/2022\/06\/Elf-Bar-BC3000-Diposable-Vape-Wholesale-37-247x247.jpg 247w, https:\/\/www.vape4wholesale.com\/wp-content\/uploads\/2022\/06\/Elf-Bar-BC3000-Diposable-Vape-Wholesale-37-100x100.jpg 100w, https:\/\/www.vape4wholesale.com\/wp-content\/uploads\/2022\/06\/Elf-Bar-BC3000-Diposable-Vape-Wholesale-37-510x510.jpg 510w, https:\/\/www.vape4wholesale.com\/wp-content\/uploads\/2022\/06\/Elf-Bar-BC3000-Diposable-Vape-Wholesale-37-64x64.jpg 64w, https:\/\/www.vape4wholesale.com\/wp-content\/uploads\/2022\/06\/Elf-Bar-BC3000-Diposable-Vape-Wholesale-37-300x300.jpg 300w, https:\/\/www.vape4wholesale.com\/wp-content\/uploads\/2022\/06\/Elf-Bar-BC3000-Diposable-Vape-Wholesale-37-150x150.jpg 150w\" sizes=\"auto, (max-width: 600px) 100vw, 600px\" \/> <img loading=\"lazy\" decoding=\"async\" class=\"alignnone size-full wp-image-13364\" title=\"Elf Bar BC3000 Diposable Vape Wholesale 36\" src=\"https:\/\/www.vape4wholesale.com\/wp-content\/uploads\/2022\/06\/Elf-Bar-BC3000-Diposable-Vape-Wholesale-36.jpg\" alt=\"Elf Bar BC3000 Diposable Vape Wholesale 36\" width=\"600\" height=\"600\" srcset=\"https:\/\/www.vape4wholesale.com\/wp-content\/uploads\/2022\/06\/Elf-Bar-BC3000-Diposable-Vape-Wholesale-36.jpg 600w, https:\/\/www.vape4wholesale.com\/wp-content\/uploads\/2022\/06\/Elf-Bar-BC3000-Diposable-Vape-Wholesale-36-247x247.jpg 247w, https:\/\/www.vape4wholesale.com\/wp-content\/uploads\/2022\/06\/Elf-Bar-BC3000-Diposable-Vape-Wholesale-36-100x100.jpg 100w, https:\/\/www.vape4wholesale.com\/wp-content\/uploads\/2022\/06\/Elf-Bar-BC3000-Diposable-Vape-Wholesale-36-510x510.jpg 510w\" sizes=\"auto, (max-width: 600px) 100vw, 600px\" \/> <img loading=\"lazy\" decoding=\"async\" class=\"alignnone size-full wp-image-13363\" title=\"Elf Bar BC3000 Diposable Vape Velkoobchod 34\" src=\"https:\/\/www.vape4wholesale.com\/wp-content\/uploads\/2022\/06\/Elf-Bar-BC3000-Diposable-Vape-Wholesale-34.jpg\" alt=\"Elf Bar BC3000 Diposable Vape Velkoobchod 34\" width=\"600\" height=\"600\" srcset=\"https:\/\/www.vape4wholesale.com\/wp-content\/uploads\/2022\/06\/Elf-Bar-BC3000-Diposable-Vape-Wholesale-34.jpg 600w, https:\/\/www.vape4wholesale.com\/wp-content\/uploads\/2022\/06\/Elf-Bar-BC3000-Diposable-Vape-Wholesale-34-247x247.jpg 247w, https:\/\/www.vape4wholesale.com\/wp-content\/uploads\/2022\/06\/Elf-Bar-BC3000-Diposable-Vape-Wholesale-34-100x100.jpg 100w, https:\/\/www.vape4wholesale.com\/wp-content\/uploads\/2022\/06\/Elf-Bar-BC3000-Diposable-Vape-Wholesale-34-510x510.jpg 510w, https:\/\/www.vape4wholesale.com\/wp-content\/uploads\/2022\/06\/Elf-Bar-BC3000-Diposable-Vape-Wholesale-34-64x64.jpg 64w, https:\/\/www.vape4wholesale.com\/wp-content\/uploads\/2022\/06\/Elf-Bar-BC3000-Diposable-Vape-Wholesale-34-300x300.jpg 300w, https:\/\/www.vape4wholesale.com\/wp-content\/uploads\/2022\/06\/Elf-Bar-BC3000-Diposable-Vape-Wholesale-34-150x150.jpg 150w\" sizes=\"auto, (max-width: 600px) 100vw, 600px\" \/> <img loading=\"lazy\" decoding=\"async\" class=\"alignnone size-full wp-image-13362\" title=\"Elf Bar BC3000 Diposable Vape Wholesale 32\" src=\"https:\/\/www.vape4wholesale.com\/wp-content\/uploads\/2022\/06\/Elf-Bar-BC3000-Diposable-Vape-Wholesale-32.jpg\" alt=\"Elf Bar BC3000 Diposable Vape Wholesale 32\" width=\"600\" height=\"600\" srcset=\"https:\/\/www.vape4wholesale.com\/wp-content\/uploads\/2022\/06\/Elf-Bar-BC3000-Diposable-Vape-Wholesale-32.jpg 600w, https:\/\/www.vape4wholesale.com\/wp-content\/uploads\/2022\/06\/Elf-Bar-BC3000-Diposable-Vape-Wholesale-32-247x247.jpg 247w, https:\/\/www.vape4wholesale.com\/wp-content\/uploads\/2022\/06\/Elf-Bar-BC3000-Diposable-Vape-Wholesale-32-100x100.jpg 100w, https:\/\/www.vape4wholesale.com\/wp-content\/uploads\/2022\/06\/Elf-Bar-BC3000-Diposable-Vape-Wholesale-32-510x510.jpg 510w, https:\/\/www.vape4wholesale.com\/wp-content\/uploads\/2022\/06\/Elf-Bar-BC3000-Diposable-Vape-Wholesale-32-64x64.jpg 64w, https:\/\/www.vape4wholesale.com\/wp-content\/uploads\/2022\/06\/Elf-Bar-BC3000-Diposable-Vape-Wholesale-32-300x300.jpg 300w, https:\/\/www.vape4wholesale.com\/wp-content\/uploads\/2022\/06\/Elf-Bar-BC3000-Diposable-Vape-Wholesale-32-150x150.jpg 150w\" sizes=\"auto, (max-width: 600px) 100vw, 600px\" \/> <img loading=\"lazy\" decoding=\"async\" class=\"alignnone size-full wp-image-13361\" title=\"Elf Bar BC3000 Diposable Vape Wholesale 29\" src=\"https:\/\/www.vape4wholesale.com\/wp-content\/uploads\/2022\/06\/Elf-Bar-BC3000-Diposable-Vape-Wholesale-29.jpg\" alt=\"Elf Bar BC3000 Diposable Vape Wholesale 29\" width=\"600\" height=\"600\" srcset=\"https:\/\/www.vape4wholesale.com\/wp-content\/uploads\/2022\/06\/Elf-Bar-BC3000-Diposable-Vape-Wholesale-29.jpg 600w, https:\/\/www.vape4wholesale.com\/wp-content\/uploads\/2022\/06\/Elf-Bar-BC3000-Diposable-Vape-Wholesale-29-247x247.jpg 247w, https:\/\/www.vape4wholesale.com\/wp-content\/uploads\/2022\/06\/Elf-Bar-BC3000-Diposable-Vape-Wholesale-29-100x100.jpg 100w, https:\/\/www.vape4wholesale.com\/wp-content\/uploads\/2022\/06\/Elf-Bar-BC3000-Diposable-Vape-Wholesale-29-510x510.jpg 510w, https:\/\/www.vape4wholesale.com\/wp-content\/uploads\/2022\/06\/Elf-Bar-BC3000-Diposable-Vape-Wholesale-29-64x64.jpg 64w, https:\/\/www.vape4wholesale.com\/wp-content\/uploads\/2022\/06\/Elf-Bar-BC3000-Diposable-Vape-Wholesale-29-300x300.jpg 300w, https:\/\/www.vape4wholesale.com\/wp-content\/uploads\/2022\/06\/Elf-Bar-BC3000-Diposable-Vape-Wholesale-29-150x150.jpg 150w\" sizes=\"auto, (max-width: 600px) 100vw, 600px\" \/> <img loading=\"lazy\" decoding=\"async\" class=\"alignnone size-full wp-image-13360\" title=\"Elf Bar BC3000 Diposable Vape Wholesale 28\" src=\"https:\/\/www.vape4wholesale.com\/wp-content\/uploads\/2022\/06\/Elf-Bar-BC3000-Diposable-Vape-Wholesale-28.jpg\" alt=\"Elf Bar BC3000 Diposable Vape Wholesale 28\" width=\"600\" height=\"600\" srcset=\"https:\/\/www.vape4wholesale.com\/wp-content\/uploads\/2022\/06\/Elf-Bar-BC3000-Diposable-Vape-Wholesale-28.jpg 600w, https:\/\/www.vape4wholesale.com\/wp-content\/uploads\/2022\/06\/Elf-Bar-BC3000-Diposable-Vape-Wholesale-28-247x247.jpg 247w, https:\/\/www.vape4wholesale.com\/wp-content\/uploads\/2022\/06\/Elf-Bar-BC3000-Diposable-Vape-Wholesale-28-100x100.jpg 100w, https:\/\/www.vape4wholesale.com\/wp-content\/uploads\/2022\/06\/Elf-Bar-BC3000-Diposable-Vape-Wholesale-28-510x510.jpg 510w, https:\/\/www.vape4wholesale.com\/wp-content\/uploads\/2022\/06\/Elf-Bar-BC3000-Diposable-Vape-Wholesale-28-64x64.jpg 64w, https:\/\/www.vape4wholesale.com\/wp-content\/uploads\/2022\/06\/Elf-Bar-BC3000-Diposable-Vape-Wholesale-28-300x300.jpg 300w, https:\/\/www.vape4wholesale.com\/wp-content\/uploads\/2022\/06\/Elf-Bar-BC3000-Diposable-Vape-Wholesale-28-150x150.jpg 150w\" sizes=\"auto, (max-width: 600px) 100vw, 600px\" \/> <img loading=\"lazy\" decoding=\"async\" class=\"alignnone size-full wp-image-13359\" title=\"Elf Bar BC3000 Diposable Vape Wholesale 26\" src=\"https:\/\/www.vape4wholesale.com\/wp-content\/uploads\/2022\/06\/Elf-Bar-BC3000-Diposable-Vape-Wholesale-26.jpg\" alt=\"Elf Bar BC3000 Diposable Vape Wholesale 26\" width=\"600\" height=\"600\" srcset=\"https:\/\/www.vape4wholesale.com\/wp-content\/uploads\/2022\/06\/Elf-Bar-BC3000-Diposable-Vape-Wholesale-26.jpg 600w, https:\/\/www.vape4wholesale.com\/wp-content\/uploads\/2022\/06\/Elf-Bar-BC3000-Diposable-Vape-Wholesale-26-247x247.jpg 247w, https:\/\/www.vape4wholesale.com\/wp-content\/uploads\/2022\/06\/Elf-Bar-BC3000-Diposable-Vape-Wholesale-26-100x100.jpg 100w, https:\/\/www.vape4wholesale.com\/wp-content\/uploads\/2022\/06\/Elf-Bar-BC3000-Diposable-Vape-Wholesale-26-510x510.jpg 510w, https:\/\/www.vape4wholesale.com\/wp-content\/uploads\/2022\/06\/Elf-Bar-BC3000-Diposable-Vape-Wholesale-26-64x64.jpg 64w, https:\/\/www.vape4wholesale.com\/wp-content\/uploads\/2022\/06\/Elf-Bar-BC3000-Diposable-Vape-Wholesale-26-300x300.jpg 300w, https:\/\/www.vape4wholesale.com\/wp-content\/uploads\/2022\/06\/Elf-Bar-BC3000-Diposable-Vape-Wholesale-26-150x150.jpg 150w\" sizes=\"auto, (max-width: 600px) 100vw, 600px\" \/> <img loading=\"lazy\" decoding=\"async\" class=\"alignnone size-full wp-image-13358\" title=\"Elf Bar BC3000 Diposable Vape Wholesale 24\" src=\"https:\/\/www.vape4wholesale.com\/wp-content\/uploads\/2022\/06\/Elf-Bar-BC3000-Diposable-Vape-Wholesale-24.jpg\" alt=\"Elf Bar BC3000 Diposable Vape Wholesale 24\" width=\"600\" height=\"600\" srcset=\"https:\/\/www.vape4wholesale.com\/wp-content\/uploads\/2022\/06\/Elf-Bar-BC3000-Diposable-Vape-Wholesale-24.jpg 600w, https:\/\/www.vape4wholesale.com\/wp-content\/uploads\/2022\/06\/Elf-Bar-BC3000-Diposable-Vape-Wholesale-24-247x247.jpg 247w, https:\/\/www.vape4wholesale.com\/wp-content\/uploads\/2022\/06\/Elf-Bar-BC3000-Diposable-Vape-Wholesale-24-100x100.jpg 100w, https:\/\/www.vape4wholesale.com\/wp-content\/uploads\/2022\/06\/Elf-Bar-BC3000-Diposable-Vape-Wholesale-24-510x510.jpg 510w, https:\/\/www.vape4wholesale.com\/wp-content\/uploads\/2022\/06\/Elf-Bar-BC3000-Diposable-Vape-Wholesale-24-64x64.jpg 64w, https:\/\/www.vape4wholesale.com\/wp-content\/uploads\/2022\/06\/Elf-Bar-BC3000-Diposable-Vape-Wholesale-24-300x300.jpg 300w, https:\/\/www.vape4wholesale.com\/wp-content\/uploads\/2022\/06\/Elf-Bar-BC3000-Diposable-Vape-Wholesale-24-150x150.jpg 150w\" sizes=\"auto, (max-width: 600px) 100vw, 600px\" \/> <img loading=\"lazy\" decoding=\"async\" class=\"alignnone size-full wp-image-13354\" title=\"Elf Bar BC3000 Diposable Vape Wholesale 3\" src=\"https:\/\/www.vape4wholesale.com\/wp-content\/uploads\/2022\/06\/Elf-Bar-BC3000-Diposable-Vape-Wholesale-3.jpg\" alt=\"Elf Bar BC3000 Diposable Vape Wholesale 3\" width=\"600\" height=\"600\" srcset=\"https:\/\/www.vape4wholesale.com\/wp-content\/uploads\/2022\/06\/Elf-Bar-BC3000-Diposable-Vape-Wholesale-3.jpg 600w, https:\/\/www.vape4wholesale.com\/wp-content\/uploads\/2022\/06\/Elf-Bar-BC3000-Diposable-Vape-Wholesale-3-247x247.jpg 247w, https:\/\/www.vape4wholesale.com\/wp-content\/uploads\/2022\/06\/Elf-Bar-BC3000-Diposable-Vape-Wholesale-3-100x100.jpg 100w, https:\/\/www.vape4wholesale.com\/wp-content\/uploads\/2022\/06\/Elf-Bar-BC3000-Diposable-Vape-Wholesale-3-510x510.jpg 510w, https:\/\/www.vape4wholesale.com\/wp-content\/uploads\/2022\/06\/Elf-Bar-BC3000-Diposable-Vape-Wholesale-3-64x64.jpg 64w, https:\/\/www.vape4wholesale.com\/wp-content\/uploads\/2022\/06\/Elf-Bar-BC3000-Diposable-Vape-Wholesale-3-300x300.jpg 300w, https:\/\/www.vape4wholesale.com\/wp-content\/uploads\/2022\/06\/Elf-Bar-BC3000-Diposable-Vape-Wholesale-3-150x150.jpg 150w\" sizes=\"auto, (max-width: 600px) 100vw, 600px\" \/> <img loading=\"lazy\" decoding=\"async\" class=\"alignnone size-full wp-image-13355\" title=\"Elf Bar BC3000 Diposable Vape Wholesale 6\" src=\"https:\/\/www.vape4wholesale.com\/wp-content\/uploads\/2022\/06\/Elf-Bar-BC3000-Diposable-Vape-Wholesale-6.jpg\" alt=\"Elf Bar BC3000 Diposable Vape Wholesale 6\" width=\"600\" height=\"600\" srcset=\"https:\/\/www.vape4wholesale.com\/wp-content\/uploads\/2022\/06\/Elf-Bar-BC3000-Diposable-Vape-Wholesale-6.jpg 600w, https:\/\/www.vape4wholesale.com\/wp-content\/uploads\/2022\/06\/Elf-Bar-BC3000-Diposable-Vape-Wholesale-6-247x247.jpg 247w, https:\/\/www.vape4wholesale.com\/wp-content\/uploads\/2022\/06\/Elf-Bar-BC3000-Diposable-Vape-Wholesale-6-100x100.jpg 100w, https:\/\/www.vape4wholesale.com\/wp-content\/uploads\/2022\/06\/Elf-Bar-BC3000-Diposable-Vape-Wholesale-6-510x510.jpg 510w, https:\/\/www.vape4wholesale.com\/wp-content\/uploads\/2022\/06\/Elf-Bar-BC3000-Diposable-Vape-Wholesale-6-64x64.jpg 64w, https:\/\/www.vape4wholesale.com\/wp-content\/uploads\/2022\/06\/Elf-Bar-BC3000-Diposable-Vape-Wholesale-6-300x300.jpg 300w, https:\/\/www.vape4wholesale.com\/wp-content\/uploads\/2022\/06\/Elf-Bar-BC3000-Diposable-Vape-Wholesale-6-150x150.jpg 150w\" sizes=\"auto, (max-width: 600px) 100vw, 600px\" \/> <img loading=\"lazy\" decoding=\"async\" class=\"alignnone size-full wp-image-13356\" title=\"Elf Bar BC3000 Diposable Vape Wholesale 15\" src=\"https:\/\/www.vape4wholesale.com\/wp-content\/uploads\/2022\/06\/Elf-Bar-BC3000-Diposable-Vape-Wholesale-15.jpg\" alt=\"Elf Bar BC3000 Diposable Vape Wholesale 15\" width=\"600\" height=\"600\" srcset=\"https:\/\/www.vape4wholesale.com\/wp-content\/uploads\/2022\/06\/Elf-Bar-BC3000-Diposable-Vape-Wholesale-15.jpg 600w, https:\/\/www.vape4wholesale.com\/wp-content\/uploads\/2022\/06\/Elf-Bar-BC3000-Diposable-Vape-Wholesale-15-247x247.jpg 247w, https:\/\/www.vape4wholesale.com\/wp-content\/uploads\/2022\/06\/Elf-Bar-BC3000-Diposable-Vape-Wholesale-15-100x100.jpg 100w, https:\/\/www.vape4wholesale.com\/wp-content\/uploads\/2022\/06\/Elf-Bar-BC3000-Diposable-Vape-Wholesale-15-510x510.jpg 510w, https:\/\/www.vape4wholesale.com\/wp-content\/uploads\/2022\/06\/Elf-Bar-BC3000-Diposable-Vape-Wholesale-15-64x64.jpg 64w, https:\/\/www.vape4wholesale.com\/wp-content\/uploads\/2022\/06\/Elf-Bar-BC3000-Diposable-Vape-Wholesale-15-300x300.jpg 300w, https:\/\/www.vape4wholesale.com\/wp-content\/uploads\/2022\/06\/Elf-Bar-BC3000-Diposable-Vape-Wholesale-15-150x150.jpg 150w\" sizes=\"auto, (max-width: 600px) 100vw, 600px\" \/> <img loading=\"lazy\" decoding=\"async\" class=\"alignnone size-full wp-image-13357\" title=\"Elf Bar BC3000 Diposable Vape Wholesale 22\" src=\"https:\/\/www.vape4wholesale.com\/wp-content\/uploads\/2022\/06\/Elf-Bar-BC3000-Diposable-Vape-Wholesale-22.jpg\" alt=\"Elf Bar BC3000 Diposable Vape Wholesale 22\" width=\"600\" height=\"600\" srcset=\"https:\/\/www.vape4wholesale.com\/wp-content\/uploads\/2022\/06\/Elf-Bar-BC3000-Diposable-Vape-Wholesale-22.jpg 600w, https:\/\/www.vape4wholesale.com\/wp-content\/uploads\/2022\/06\/Elf-Bar-BC3000-Diposable-Vape-Wholesale-22-247x247.jpg 247w, https:\/\/www.vape4wholesale.com\/wp-content\/uploads\/2022\/06\/Elf-Bar-BC3000-Diposable-Vape-Wholesale-22-100x100.jpg 100w, https:\/\/www.vape4wholesale.com\/wp-content\/uploads\/2022\/06\/Elf-Bar-BC3000-Diposable-Vape-Wholesale-22-510x510.jpg 510w, https:\/\/www.vape4wholesale.com\/wp-content\/uploads\/2022\/06\/Elf-Bar-BC3000-Diposable-Vape-Wholesale-22-64x64.jpg 64w, https:\/\/www.vape4wholesale.com\/wp-content\/uploads\/2022\/06\/Elf-Bar-BC3000-Diposable-Vape-Wholesale-22-300x300.jpg 300w, https:\/\/www.vape4wholesale.com\/wp-content\/uploads\/2022\/06\/Elf-Bar-BC3000-Diposable-Vape-Wholesale-22-150x150.jpg 150w\" sizes=\"auto, (max-width: 600px) 100vw, 600px\" \/> <img loading=\"lazy\" decoding=\"async\" class=\"alignnone size-full wp-image-13353\" title=\"Elf Bar BC3000 Diposable Vape Wholesale 2\" src=\"https:\/\/www.vape4wholesale.com\/wp-content\/uploads\/2022\/06\/Elf-Bar-BC3000-Diposable-Vape-Wholesale-2.jpg\" alt=\"Elf Bar BC3000 Diposable Vape Wholesale 2\" width=\"600\" height=\"600\" srcset=\"https:\/\/www.vape4wholesale.com\/wp-content\/uploads\/2022\/06\/Elf-Bar-BC3000-Diposable-Vape-Wholesale-2.jpg 600w, https:\/\/www.vape4wholesale.com\/wp-content\/uploads\/2022\/06\/Elf-Bar-BC3000-Diposable-Vape-Wholesale-2-247x247.jpg 247w, https:\/\/www.vape4wholesale.com\/wp-content\/uploads\/2022\/06\/Elf-Bar-BC3000-Diposable-Vape-Wholesale-2-100x100.jpg 100w, https:\/\/www.vape4wholesale.com\/wp-content\/uploads\/2022\/06\/Elf-Bar-BC3000-Diposable-Vape-Wholesale-2-510x510.jpg 510w, https:\/\/www.vape4wholesale.com\/wp-content\/uploads\/2022\/06\/Elf-Bar-BC3000-Diposable-Vape-Wholesale-2-64x64.jpg 64w, https:\/\/www.vape4wholesale.com\/wp-content\/uploads\/2022\/06\/Elf-Bar-BC3000-Diposable-Vape-Wholesale-2-300x300.jpg 300w, https:\/\/www.vape4wholesale.com\/wp-content\/uploads\/2022\/06\/Elf-Bar-BC3000-Diposable-Vape-Wholesale-2-150x150.jpg 150w\" sizes=\"auto, (max-width: 600px) 100vw, 600px\" \/><\/p>\n<p>&nbsp;<\/p>","protected":false},"excerpt":{"rendered":"[scf-template id=&#8217;11434&#8242;]\n<p>100% Orignal with QR Code<\/p>\n","protected":false},"featured_media":13366,"comment_status":"open","ping_status":"closed","template":"","meta":[],"pwb-brand":[1278],"product_cat":[85],"product_tag":[210,211,22,24,60],"class_list":{"0":"post-4924","1":"product","2":"type-product","3":"status-publish","4":"has-post-thumbnail","6":"pwb-brand-elf-bar","7":"product_cat-3000-4000-puffs","8":"product_tag-10-0ml","9":"product_tag-3000-puffs","10":"product_tag-disposable","11":"product_tag-wholesale","12":"product_tag-elf-bar","14":"first","15":"outofstock","16":"shipping-taxable","17":"purchasable","18":"product-type-variable"},"aioseo_notices":[],"brands":[{"id":1278,"name":"Elf\u00ed bar","slug":"elfi-bar"}],"_links":{"self":[{"href":"https:\/\/www.vape4wholesale.com\/cs\/wp-json\/wp\/v2\/product\/4924","targetHints":{"allow":["GET"]}}],"collection":[{"href":"https:\/\/www.vape4wholesale.com\/cs\/wp-json\/wp\/v2\/product"}],"about":[{"href":"https:\/\/www.vape4wholesale.com\/cs\/wp-json\/wp\/v2\/types\/product"}],"replies":[{"embeddable":true,"href":"https:\/\/www.vape4wholesale.com\/cs\/wp-json\/wp\/v2\/comments?post=4924"}],"wp:featuredmedia":[{"embeddable":true,"href":"https:\/\/www.vape4wholesale.com\/cs\/wp-json\/wp\/v2\/media\/13366"}],"wp:attachment":[{"href":"https:\/\/www.vape4wholesale.com\/cs\/wp-json\/wp\/v2\/media?parent=4924"}],"wp:term":[{"taxonomy":"pwb-brand","embeddable":true,"href":"https:\/\/www.vape4wholesale.com\/cs\/wp-json\/wp\/v2\/pwb-brand?post=4924"},{"taxonomy":"product_cat","embeddable":true,"href":"https:\/\/www.vape4wholesale.com\/cs\/wp-json\/wp\/v2\/product_cat?post=4924"},{"taxonomy":"product_tag","embeddable":true,"href":"https:\/\/www.vape4wholesale.com\/cs\/wp-json\/wp\/v2\/product_tag?post=4924"}],"curies":[{"name":"wp","href":"https:\/\/api.w.org\/{rel}","templated":true}]}}