{"id":4537,"date":"2021-05-21T11:32:47","date_gmt":"2021-05-21T03:32:47","guid":{"rendered":"https:\/\/www.vape4wholesale.com\/?post_type=product&#038;p=4537"},"modified":"2026-01-26T13:43:58","modified_gmt":"2026-01-26T13:43:58","slug":"elf-bar-lux-800-puffs-jednorazove-vape-velkoobchod","status":"publish","type":"product","link":"https:\/\/www.vape4wholesale.com\/cs\/product\/elf-bar-lux-800-puffs-disposable-vape-wholesale","title":{"rendered":"Elf Bar Lux 800 Puffs Jednor\u00e1zov\u00fd velkoobchod s vapem"},"content":{"rendered":"<p>na <strong><a href=\"https:\/\/www.vape4wholesale.com\/cs\/product_brand\/elfi-bar\/\">Elf Bar<\/a> Lux 800 Vape<\/strong> je jemn\u00fd p\u0159edpln\u011bn\u00fd jednor\u00e1zov\u00fd vape s tenk\u00fdm t\u011blem, kter\u00fd se skl\u00e1d\u00e1 z baterie 550 mAh a p\u0159edpln\u011bn\u00e9ho podu o objemu 3,2 ml a podporuje maxim\u00e1ln\u011b 800 \u0161luk\u016f. P\u0159esn\u00fd airflow dob\u0159e spolupracuje s dokonal\u00fdm nap\u011bt\u00edm, aby v\u00e1m poskytl slu\u0161nou chu\u0165. Spolu se silou nikotinu 5% a rychlou aktivac\u00ed potahu je tento Elf Bar Lux 800 slu\u0161nou volbou pro v\u00e1\u0161 ka\u017edodenn\u00ed vaping.<\/p>\n<h2><strong>Elf Bar Lux 800 Puffs Jednor\u00e1zov\u00e9 parametry Vape<\/strong><\/h2>\n<ul>\n<li>Velikost: 16 x 104 mm<\/li>\n<li>Kapacita e-d\u017eus\u016f: 3,2 ml<\/li>\n<li>S\u00edla nikotinu: 5%, 2% SE<\/li>\n<li>Baterie: 550 mAh<\/li>\n<li>Puffy: 800 Puff\u016f<\/li>\n<\/ul>\n<h2><strong>Vlastnosti baru Elf Bar Lux 800<\/strong><\/h2>\n<p>Elegantn\u00ed p\u0159edpln\u011bn\u00fd syst\u00e9m jednor\u00e1zov\u00fdch pod\u016f se \u0161t\u00edhl\u00fdm t\u011blem<br \/>\nKompaktn\u00ed design a kapesn\u00ed velikost pro snadn\u00e9 p\u0159en\u00e1\u0161en\u00ed<br \/>\nR\u016fzn\u00e9 chutn\u00e9 e-d\u017eusy, kter\u00e9 p\u0159in\u00e1\u0161ej\u00ed vynikaj\u00edc\u00ed chu\u0165<br \/>\n550mAh vestav\u011bn\u00e1 baterie pro 800 Puffs<br \/>\n3,2ml p\u0159edpln\u011bn\u00fd pod se zabudovanou c\u00edvkou<\/p>\n<h2><strong>Balen\u00ed\/hmotnost<\/strong><\/h2>\n<ul>\n<li>1 ks\/balen\u00ed, 10 balen\u00ed\/krabice<\/li>\n<li>400\/karton, hmotnost: 17 kg<\/li>\n<\/ul>\n<h2><strong>P\u0159\u00edchut\u011b<\/strong><\/h2>\n<div class=\"vi-wpvs-option-wrap vi-wpvs-option-wrap-default\" data-attribute_label=\"Banana Ice\" data-attribute_value=\"banana-ice-2\"><span class=\"vi-wpvs-option vi-wpvs-option-button\">Ban\u00e1nov\u00fd led<\/span><\/div>\n<div class=\"vi-wpvs-option-wrap vi-wpvs-option-wrap-default\" data-attribute_label=\"Banana Milk\" data-attribute_value=\"banana-milk\"><span class=\"vi-wpvs-option vi-wpvs-option-button\">Ban\u00e1nov\u00e9 ml\u00e9ko<\/span><\/div>\n<div class=\"vi-wpvs-option-wrap vi-wpvs-option-wrap-default\" data-attribute_label=\"Blueberry\" data-attribute_value=\"blueberry\"><span class=\"vi-wpvs-option vi-wpvs-option-button\">Bor\u016fvky<\/span><\/div>\n<div class=\"vi-wpvs-option-wrap vi-wpvs-option-wrap-default\" data-attribute_label=\"Coffee Tobacco\" data-attribute_value=\"coffee-tobacco\"><span class=\"vi-wpvs-option vi-wpvs-option-button\">Tab\u00e1k ke k\u00e1v\u011b<\/span><\/div>\n<div class=\"vi-wpvs-option-wrap vi-wpvs-option-wrap-default\" data-attribute_label=\"Grape\" data-attribute_value=\"grape\"><span class=\"vi-wpvs-option vi-wpvs-option-button\">Hrozny<\/span><\/div>\n<div class=\"vi-wpvs-option-wrap vi-wpvs-option-wrap-default\" data-attribute_label=\"Grapes Energy\" data-attribute_value=\"grapes-energy\"><span class=\"vi-wpvs-option vi-wpvs-option-button\">Hrozny Energie<\/span><\/div>\n<div class=\"vi-wpvs-option-wrap vi-wpvs-option-wrap-default\" data-attribute_label=\"Kiwi Passion Fruit Guava\" data-attribute_value=\"kiwi-passion-fruit-guava\"><span class=\"vi-wpvs-option vi-wpvs-option-button\">Kiwi Mu\u010denka Ovoce Guava<\/span><\/div>\n<div class=\"vi-wpvs-option-wrap vi-wpvs-option-wrap-default\" data-attribute_label=\"Mango\" data-attribute_value=\"mango\"><span class=\"vi-wpvs-option vi-wpvs-option-button\">Mango<\/span><\/div>\n<div class=\"vi-wpvs-option-wrap vi-wpvs-option-wrap-default\" data-attribute_label=\"Mango Peach Watermelon\" data-attribute_value=\"mango-peach-watermelon\"><span class=\"vi-wpvs-option vi-wpvs-option-button\">Mango broskev meloun<\/span><\/div>\n<div class=\"vi-wpvs-option-wrap vi-wpvs-option-wrap-default\" data-attribute_label=\"Peach Ice\" data-attribute_value=\"peach-ice-2\"><span class=\"vi-wpvs-option vi-wpvs-option-button\">Broskvov\u00fd led<\/span><\/div>\n<div class=\"vi-wpvs-option-wrap vi-wpvs-option-wrap-default\" data-attribute_label=\"Peach Mango Guava\" data-attribute_value=\"peach-mango-guava\"><span class=\"vi-wpvs-option vi-wpvs-option-button\">Broskev Mango Guava<\/span><\/div>\n<div class=\"vi-wpvs-option-wrap vi-wpvs-option-wrap-default\" data-attribute_label=\"Pink Lemonade\" data-attribute_value=\"pink-lemonade\"><span class=\"vi-wpvs-option vi-wpvs-option-button\">R\u016f\u017eov\u00e1 limon\u00e1da<\/span><\/div>\n<div class=\"vi-wpvs-option-wrap vi-wpvs-option-wrap-selected\" data-attribute_label=\"Sour Apple\" data-attribute_value=\"sour-apple\"><span class=\"vi-wpvs-option vi-wpvs-option-button\">Kysel\u00e9 jablko<\/span><\/div>\n<div class=\"vi-wpvs-option-wrap vi-wpvs-option-wrap-default\" data-attribute_label=\"Strawberry Banana\" data-attribute_value=\"strawberry-banana\"><span class=\"vi-wpvs-option vi-wpvs-option-button\">Jahodov\u00fd ban\u00e1n<\/span><\/div>\n<div class=\"vi-wpvs-option-wrap vi-wpvs-option-wrap-default\" data-attribute_label=\"strawberry energy\" data-attribute_value=\"strawberry-energy\"><span class=\"vi-wpvs-option vi-wpvs-option-button\">jahodov\u00e1 energie<\/span><\/div>\n<div class=\"vi-wpvs-option-wrap vi-wpvs-option-wrap-default\" data-attribute_label=\"Strawberry Grape\" data-attribute_value=\"strawberry-grape\"><span class=\"vi-wpvs-option vi-wpvs-option-button\">Jahodov\u00fd hrozen<\/span><\/div>\n<div class=\"vi-wpvs-option-wrap vi-wpvs-option-wrap-default\" data-attribute_label=\"Strawberry Ice\" data-attribute_value=\"strawberry-ice-2\"><span class=\"vi-wpvs-option vi-wpvs-option-button\">Jahodov\u00e1 zmrzlina<\/span><\/div>\n<div class=\"vi-wpvs-option-wrap vi-wpvs-option-wrap-hover\" data-attribute_label=\"Watermelon\" data-attribute_value=\"watermelon\"><span class=\"vi-wpvs-option vi-wpvs-option-button\">Meloun<\/span><\/div>\n<div data-attribute_label=\"Watermelon\" data-attribute_value=\"watermelon\"><\/div>","protected":false},"excerpt":{"rendered":"<div class=\"wsppc_div_block woocommerce_before_add_to_cart_form\">\r\n<p><strong><span style=\"color: #00a859;\">Vy\u010distit celnici<\/span> p\u0159ed dod\u00e1n\u00edm &amp; 100% Z\u00e1ruka doru\u010den\u00ed, doru\u010den\u00ed p\u0159ibli\u017en\u011b za 19\u201325 dn\u00ed.\u00a0<\/strong><\/p>\r\n<\/div>\n<p>100% P\u016fvodn\u00ed Elf Bar s QR k\u00f3dem<\/p>","protected":false},"featured_media":26794,"comment_status":"open","ping_status":"closed","template":"","meta":[],"pwb-brand":[1278],"product_cat":[48],"product_tag":[22,24,60,87,90],"class_list":{"0":"post-4537","1":"product","2":"type-product","3":"status-publish","4":"has-post-thumbnail","6":"pwb-brand-elf-bar","7":"product_cat-below-2000-puffs","8":"product_tag-disposable","9":"product_tag-wholesale","10":"product_tag-elf-bar","11":"product_tag-3-2ml","12":"product_tag-800-puffs","14":"first","15":"instock","16":"shipping-taxable","17":"purchasable","18":"product-type-variable"},"aioseo_notices":[],"brands":[{"id":1278,"name":"Elf\u00ed bar","slug":"elfi-bar"}],"_links":{"self":[{"href":"https:\/\/www.vape4wholesale.com\/cs\/wp-json\/wp\/v2\/product\/4537","targetHints":{"allow":["GET"]}}],"collection":[{"href":"https:\/\/www.vape4wholesale.com\/cs\/wp-json\/wp\/v2\/product"}],"about":[{"href":"https:\/\/www.vape4wholesale.com\/cs\/wp-json\/wp\/v2\/types\/product"}],"replies":[{"embeddable":true,"href":"https:\/\/www.vape4wholesale.com\/cs\/wp-json\/wp\/v2\/comments?post=4537"}],"wp:featuredmedia":[{"embeddable":true,"href":"https:\/\/www.vape4wholesale.com\/cs\/wp-json\/wp\/v2\/media\/26794"}],"wp:attachment":[{"href":"https:\/\/www.vape4wholesale.com\/cs\/wp-json\/wp\/v2\/media?parent=4537"}],"wp:term":[{"taxonomy":"pwb-brand","embeddable":true,"href":"https:\/\/www.vape4wholesale.com\/cs\/wp-json\/wp\/v2\/pwb-brand?post=4537"},{"taxonomy":"product_cat","embeddable":true,"href":"https:\/\/www.vape4wholesale.com\/cs\/wp-json\/wp\/v2\/product_cat?post=4537"},{"taxonomy":"product_tag","embeddable":true,"href":"https:\/\/www.vape4wholesale.com\/cs\/wp-json\/wp\/v2\/product_tag?post=4537"}],"curies":[{"name":"wp","href":"https:\/\/api.w.org\/{rel}","templated":true}]}}