{"id":30064,"date":"2026-03-28T09:40:56","date_gmt":"2026-03-28T01:40:56","guid":{"rendered":"https:\/\/www.vape4wholesale.com\/?post_type=product&#038;p=30064"},"modified":"2026-05-09T13:35:36","modified_gmt":"2026-05-09T05:35:36","slug":"randm-tornado-15000-15k-europe-warehouse","status":"publish","type":"product","link":"https:\/\/www.vape4wholesale.com\/cs\/product\/randm-tornado-15000-15k-europe-warehouse","title":{"rendered":"Randm Tornado 15000 (15K) Europe Warehouse"},"content":{"rendered":"<p class=\"ds-markdown-paragraph\">Vape Randm Tornado 15000 je mistrovsk\u00fdm d\u00edlem designu a technologie spole\u010dnosti Fumot. Toto za\u0159\u00edzen\u00ed, navr\u017een\u00e9 pro n\u00e1ro\u010dn\u00e9 vapery, kombinuje vysokou kapacitu s inteligentn\u00edmi funkcemi a nab\u00edz\u00ed tak dokonalou kombinaci pohodl\u00ed a v\u00fdkonu.<\/p>\n<p class=\"ds-markdown-paragraph\">M\u011bjte v\u0161e pod kontrolou d\u00edky pokro\u010dil\u00e9mu LED displeji. Na rozd\u00edl od standardn\u00edch za\u0159\u00edzen\u00ed poskytuje Tornado 15000 informace v re\u00e1ln\u00e9m \u010dase o \u017eivotnosti baterie i hladin\u011b e-liquidu. Tato intuitivn\u00ed funkce v\u00e1s zbav\u00ed dohad\u016f a zajist\u00ed, \u017ee budete v\u017edy v\u011bd\u011bt, kdy je \u010das dob\u00edt nebo \u017ee v\u00e1\u0161 chu\u0165ov\u00fd z\u00e1\u017eitek je konzistentn\u00ed.<\/p>\n<p class=\"ds-markdown-paragraph\">Srdcem za\u0159\u00edzen\u00ed je spir\u00e1la Mesh o pr\u016fm\u011bru 0,9\u03a9, kter\u00e1 je navr\u017eena tak, aby maximalizovala plochu topn\u00e9ho t\u011blesa. Tato technologie zaji\u0161\u0165uje rychl\u00e9 a rovnom\u011brn\u00e9 \u017ehaven\u00ed, kter\u00e9 p\u0159in\u00e1\u0161\u00ed v\u00fdjime\u010dn\u011b hladk\u00e9 potahov\u00e1n\u00ed, bohatou produkci p\u00e1ry a \u010distou, konzistentn\u00ed chu\u0165 od prvn\u00edho potahu a\u017e po ten posledn\u00ed.<\/p>\n<h3><strong>Randm Tornado 15000 - Technick\u00e9 specifikace<\/strong><\/h3>\n<div class=\"ds-scroll-area ds-scroll-area--show-on-focus-within _1210dd7 c03cafe9\">\n<table>\n<thead>\n<tr>\n<th>Kategorie<\/th>\n<th>Specifikace<\/th>\n<\/tr>\n<\/thead>\n<tbody>\n<tr>\n<td><strong>Po\u010det puf\u016f<\/strong><\/td>\n<td>A\u017e 15 000 (testovac\u00ed prost\u0159ed\u00ed)<\/td>\n<\/tr>\n<tr>\n<td><strong>Kapacita e-kapaliny<\/strong><\/td>\n<td>25 ml<\/td>\n<\/tr>\n<tr>\n<td><strong>Siln\u00e9 str\u00e1nky nikotinu<\/strong><\/td>\n<td>0%, 2%, 3%, 5%<\/td>\n<\/tr>\n<tr>\n<td><strong>Baterie<\/strong><\/td>\n<td>850 mAh (dob\u00edjec\u00ed)<\/td>\n<\/tr>\n<tr>\n<td><strong>Nab\u00edjec\u00ed port<\/strong><\/td>\n<td>Typ C<\/td>\n<\/tr>\n<tr>\n<td><strong>Typ c\u00edvky<\/strong><\/td>\n<td>S\u00ed\u0165ov\u00e1 c\u00edvka<\/td>\n<\/tr>\n<tr>\n<td><strong>Odolnost c\u00edvky<\/strong><\/td>\n<td>0.9\u03a9<\/td>\n<\/tr>\n<tr>\n<td><strong>Zobrazit<\/strong><\/td>\n<td>Indik\u00e1tor LED (\u017eivotnost baterie a hladina e-liquidu)<\/td>\n<\/tr>\n<tr>\n<td><strong>Proud\u011bn\u00ed vzduchu<\/strong><\/td>\n<td>Nastaviteln\u00fd knofl\u00edk pro regulaci proud\u011bn\u00ed vzduchu<\/td>\n<\/tr>\n<tr>\n<td><strong>Mo\u017enosti p\u0159\u00edchut\u00ed<\/strong><\/td>\n<td>62 p\u0159\u00edchut\u00ed<\/td>\n<\/tr>\n<\/tbody>\n<\/table>\n<\/div>\n<h3><strong>Dostupn\u00e9 p\u0159\u00edchut\u011b<\/strong><\/h3>\n<ol start=\"1\">\n<li>\n<p class=\"ds-markdown-paragraph\">Limon\u00e1da Blue Razz<\/p>\n<\/li>\n<li>\n<p class=\"ds-markdown-paragraph\">Broskvov\u00fd led<\/p>\n<\/li>\n<li>\n<p class=\"ds-markdown-paragraph\">Kysel\u00e9 jablko<\/p>\n<\/li>\n<li>\n<p class=\"ds-markdown-paragraph\">Melounov\u00fd led<\/p>\n<\/li>\n<li>\n<p class=\"ds-markdown-paragraph\">Bor\u016fvka na ledu<\/p>\n<\/li>\n<li>\n<p class=\"ds-markdown-paragraph\">Bor\u016fvka malina<\/p>\n<\/li>\n<li>\n<p class=\"ds-markdown-paragraph\">Ananasov\u00fd led<\/p>\n<\/li>\n<li>\n<p class=\"ds-markdown-paragraph\">T\u0159e\u0161\u0148ov\u00fd led<\/p>\n<\/li>\n<li>\n<p class=\"ds-markdown-paragraph\">Jahodov\u00e1 zmrzlina<\/p>\n<\/li>\n<li>\n<p class=\"ds-markdown-paragraph\">Vimto<\/p>\n<\/li>\n<li>\n<p class=\"ds-markdown-paragraph\">Hroznov\u00fd led<\/p>\n<\/li>\n<li>\n<p class=\"ds-markdown-paragraph\">Cola Ice<\/p>\n<\/li>\n<li>\n<p class=\"ds-markdown-paragraph\">Jahodov\u00fd meloun<\/p>\n<\/li>\n<li>\n<p class=\"ds-markdown-paragraph\">R\u016f\u017eov\u00e1 limon\u00e1da<\/p>\n<\/li>\n<li>\n<p class=\"ds-markdown-paragraph\">Sm\u00ed\u0161en\u00e9 bobule<\/p>\n<\/li>\n<li>\n<p class=\"ds-markdown-paragraph\">Broskvov\u00e9 mango<\/p>\n<\/li>\n<li>\n<p class=\"ds-markdown-paragraph\">Dra\u010d\u00ed ovoce<\/p>\n<\/li>\n<li>\n<p class=\"ds-markdown-paragraph\">Jahodov\u00fd hrozen<\/p>\n<\/li>\n<li>\n<p class=\"ds-markdown-paragraph\">Pan Modr\u00fd<\/p>\n<\/li>\n<li>\n<p class=\"ds-markdown-paragraph\">Sv\u011b\u017e\u00ed led<\/p>\n<\/li>\n<li>\n<p class=\"ds-markdown-paragraph\">Ledov\u00fd pop<\/p>\n<\/li>\n<li>\n<p class=\"ds-markdown-paragraph\">Jahodov\u00e9 kiwi<\/p>\n<\/li>\n<li>\n<p class=\"ds-markdown-paragraph\">Kiwi Mu\u010denka Ovoce Guava<\/p>\n<\/li>\n<li>\n<p class=\"ds-markdown-paragraph\">Trojit\u00e9 bobule<\/p>\n<\/li>\n<li>\n<p class=\"ds-markdown-paragraph\">Ban\u00e1nov\u00fd led<\/p>\n<\/li>\n<li>\n<p class=\"ds-markdown-paragraph\">Broskvov\u00e9 bor\u016fvkov\u00e9 bonbony<\/p>\n<\/li>\n<li>\n<p class=\"ds-markdown-paragraph\">Jablko Broskev Hru\u0161ka<\/p>\n<\/li>\n<li>\n<p class=\"ds-markdown-paragraph\">Jahodov\u00e1 limon\u00e1da<\/p>\n<\/li>\n<li>\n<p class=\"ds-markdown-paragraph\">Blue Razz Cherry<\/p>\n<\/li>\n<li>\n<p class=\"ds-markdown-paragraph\">Bor\u016fvkov\u00e1 \u017ev\u00fdka\u010dka<\/p>\n<\/li>\n<li>\n<p class=\"ds-markdown-paragraph\">Bor\u016fvka T\u0159e\u0161e\u0148 Brusinka<\/p>\n<\/li>\n<li>\n<p class=\"ds-markdown-paragraph\">Bor\u016fvka Gran\u00e1tov\u00e9 jablko<\/p>\n<\/li>\n<li>\n<p class=\"ds-markdown-paragraph\">Bluesour Raspberry<\/p>\n<\/li>\n<li>\n<p class=\"ds-markdown-paragraph\">Cherry Cola<\/p>\n<\/li>\n<li>\n<p class=\"ds-markdown-paragraph\">Gumov\u00fd medv\u00eddek<\/p>\n<\/li>\n<li>\n<p class=\"ds-markdown-paragraph\">Citron a limetka<\/p>\n<\/li>\n<li>\n<p class=\"ds-markdown-paragraph\">Mango na ledu<\/p>\n<\/li>\n<li>\n<p class=\"ds-markdown-paragraph\">Red Energy Ice<\/p>\n<\/li>\n<li>\n<p class=\"ds-markdown-paragraph\">Jahodov\u00fd ban\u00e1n<\/p>\n<\/li>\n<li>\n<p class=\"ds-markdown-paragraph\">Jahodov\u00fd Red Bull<\/p>\n<\/li>\n<li>\n<p class=\"ds-markdown-paragraph\">Jahodov\u00e1 melounov\u00e1 limon\u00e1da<\/p>\n<\/li>\n<li>\n<p class=\"ds-markdown-paragraph\">Ledov\u00fd \u010daj Lemon Ice<\/p>\n<\/li>\n<li>\n<p class=\"ds-markdown-paragraph\">Ledov\u00fd \u010daj Peach Ice<\/p>\n<\/li>\n<li>\n<p class=\"ds-markdown-paragraph\">Fizzy Cherry<\/p>\n<\/li>\n<li>\n<p class=\"ds-markdown-paragraph\">Ku\u017eelky<\/p>\n<\/li>\n<li>\n<p class=\"ds-markdown-paragraph\">Cool Mint<\/p>\n<\/li>\n<li>\n<p class=\"ds-markdown-paragraph\">Pina Colada<\/p>\n<\/li>\n<li>\n<p class=\"ds-markdown-paragraph\">Huckleberry<\/p>\n<\/li>\n<li>\n<p class=\"ds-markdown-paragraph\">Bor\u016fvkov\u00fd broskvov\u00fd led<\/p>\n<\/li>\n<li>\n<p class=\"ds-markdown-paragraph\">Hroznov\u00fd citron<\/p>\n<\/li>\n<li>\n<p class=\"ds-markdown-paragraph\">Fanta<\/p>\n<\/li>\n<li>\n<p class=\"ds-markdown-paragraph\">Sv\u011b\u017e\u00ed mentolov\u00e9 Mojito<\/p>\n<\/li>\n<li>\n<p class=\"ds-markdown-paragraph\">Aloe citronov\u00e9 bobule<\/p>\n<\/li>\n<li>\n<p class=\"ds-markdown-paragraph\">Zelen\u00e9 jablko Citrusov\u00fd mentol<\/p>\n<\/li>\n<li>\n<p class=\"ds-markdown-paragraph\">Zelen\u00fd hroznov\u00fd meloun<\/p>\n<\/li>\n<li>\n<p class=\"ds-markdown-paragraph\">Kaktus kiwi<\/p>\n<\/li>\n<li>\n<p class=\"ds-markdown-paragraph\">Cola Lemon<\/p>\n<\/li>\n<li>\n<p class=\"ds-markdown-paragraph\">Kaktusov\u00fd led<\/p>\n<\/li>\n<li>\n<p class=\"ds-markdown-paragraph\">Gumov\u00fd medv\u00eddek Blue Razz<\/p>\n<\/li>\n<li>\n<p class=\"ds-markdown-paragraph\">Kub\u00e1nsk\u00e9 mentolov\u00e9 mojito<\/p>\n<\/li>\n<li>\n<p class=\"ds-markdown-paragraph\">\u017dv\u00fdka\u010dky Juicy Fruit Gum<\/p>\n<\/li>\n<li>\n<p class=\"ds-markdown-paragraph\">Ribena Gummy Lemon<\/p>\n<\/li>\n<\/ol>\n<p><img loading=\"lazy\" decoding=\"async\" class=\"alignnone size-full wp-image-15972\" title=\"Randm Tornado 15000 Jednor\u00e1zov\u00fd velkoobchod s vape (3)\" src=\"https:\/\/www.vape4wholesale.com\/wp-content\/uploads\/2024\/06\/Randm-Tornado-15000-Disposable-Vape-Wholesale-3.webp\" alt=\"Randm Tornado 15000 Jednor\u00e1zov\u00fd velkoobchod s vape (3)\" width=\"640\" height=\"640\" srcset=\"https:\/\/www.vape4wholesale.com\/wp-content\/uploads\/2024\/06\/Randm-Tornado-15000-Disposable-Vape-Wholesale-3.webp 640w, https:\/\/www.vape4wholesale.com\/wp-content\/uploads\/2024\/06\/Randm-Tornado-15000-Disposable-Vape-Wholesale-3-247x247.webp 247w, https:\/\/www.vape4wholesale.com\/wp-content\/uploads\/2024\/06\/Randm-Tornado-15000-Disposable-Vape-Wholesale-3-100x100.webp 100w, https:\/\/www.vape4wholesale.com\/wp-content\/uploads\/2024\/06\/Randm-Tornado-15000-Disposable-Vape-Wholesale-3-510x510.webp 510w, https:\/\/www.vape4wholesale.com\/wp-content\/uploads\/2024\/06\/Randm-Tornado-15000-Disposable-Vape-Wholesale-3-64x64.webp 64w, https:\/\/www.vape4wholesale.com\/wp-content\/uploads\/2024\/06\/Randm-Tornado-15000-Disposable-Vape-Wholesale-3-300x300.webp 300w, https:\/\/www.vape4wholesale.com\/wp-content\/uploads\/2024\/06\/Randm-Tornado-15000-Disposable-Vape-Wholesale-3-150x150.webp 150w\" sizes=\"auto, (max-width: 640px) 100vw, 640px\" \/><\/p>\n<h2>PRO\u010c MY?<\/h2>\r\n<ul>\r\n<li>Skute\u010dn\u00fd, d\u016fv\u011bryhodn\u00fd a profesion\u00e1ln\u00ed zdroj vape.<\/li>\r\n<li>100% Origin\u00e1ln\u00ed z\u00e1ruka: Odm\u00edt\u00e1me pad\u011blky.<\/li>\r\n<li>100% Z\u00e1ruka dod\u00e1n\u00ed: Pou\u017e\u00edv\u00e1me nejlep\u0161\u00ed zp\u016fsob dopravy, abychom zajistili, \u017ee objedn\u00e1vku 100% obdr\u017e\u00edte.<\/li>\r\n<li>Po odesl\u00e1n\u00ed v\u00e1m poskytneme sledovac\u00ed \u010d\u00edslo a p\u0159epravn\u00ed \u0161t\u00edtek a budeme pro v\u00e1s sledovat zbo\u017e\u00ed, dokud ho nepodep\u00ed\u0161ete.<\/li>\r\n<li>\u017d\u00e1dn\u00e9 celn\u00ed probl\u00e9my, \u017e\u00e1dn\u00e1 cla<\/li>\r\n<\/ul>","protected":false},"excerpt":{"rendered":"<p><b><span style=\"color: #00a859;\">Doprava zdarma<\/span>\u00a0z evropsk\u00e9ho skladu, dodac\u00ed lh\u016fta 7-15 pracovn\u00edch dn\u016f.<\/b><\/p>\r\n<div class=\"wsppc_div_block woocommerce_before_add_to_cart_form\">\r\n<p><strong>Vymaz\u00e1n\u00ed cel p\u0159ed dod\u00e1n\u00edm &amp; 100% Z\u00e1ruka dod\u00e1n\u00ed<\/strong><\/p>\r\n<\/div>","protected":false},"featured_media":15977,"comment_status":"open","ping_status":"closed","template":"","meta":[],"pwb-brand":[1269],"product_cat":[938],"product_tag":[],"class_list":{"0":"post-30064","1":"product","2":"type-product","3":"status-publish","4":"has-post-thumbnail","6":"pwb-brand-fumot","7":"product_cat-europe-warehouse","8":"product_shipping_class-eu-warehouse","9":"wcpa_has_options","11":"first","12":"instock","13":"shipping-taxable","14":"purchasable","15":"product-type-variable"},"aioseo_notices":[],"brands":[{"id":1269,"name":"Fumot","slug":"fumot"}],"_links":{"self":[{"href":"https:\/\/www.vape4wholesale.com\/cs\/wp-json\/wp\/v2\/product\/30064","targetHints":{"allow":["GET"]}}],"collection":[{"href":"https:\/\/www.vape4wholesale.com\/cs\/wp-json\/wp\/v2\/product"}],"about":[{"href":"https:\/\/www.vape4wholesale.com\/cs\/wp-json\/wp\/v2\/types\/product"}],"replies":[{"embeddable":true,"href":"https:\/\/www.vape4wholesale.com\/cs\/wp-json\/wp\/v2\/comments?post=30064"}],"wp:featuredmedia":[{"embeddable":true,"href":"https:\/\/www.vape4wholesale.com\/cs\/wp-json\/wp\/v2\/media\/15977"}],"wp:attachment":[{"href":"https:\/\/www.vape4wholesale.com\/cs\/wp-json\/wp\/v2\/media?parent=30064"}],"wp:term":[{"taxonomy":"pwb-brand","embeddable":true,"href":"https:\/\/www.vape4wholesale.com\/cs\/wp-json\/wp\/v2\/pwb-brand?post=30064"},{"taxonomy":"product_cat","embeddable":true,"href":"https:\/\/www.vape4wholesale.com\/cs\/wp-json\/wp\/v2\/product_cat?post=30064"},{"taxonomy":"product_tag","embeddable":true,"href":"https:\/\/www.vape4wholesale.com\/cs\/wp-json\/wp\/v2\/product_tag?post=30064"}],"curies":[{"name":"wp","href":"https:\/\/api.w.org\/{rel}","templated":true}]}}