{"id":30010,"date":"2026-03-27T23:07:19","date_gmt":"2026-03-27T15:07:19","guid":{"rendered":"https:\/\/www.vape4wholesale.com\/?post_type=product&#038;p=30010"},"modified":"2026-03-28T08:52:11","modified_gmt":"2026-03-28T00:52:11","slug":"fumot-digital-box-12000-12k-europe-warehouse","status":"publish","type":"product","link":"https:\/\/www.vape4wholesale.com\/cs\/product\/fumot-digital-box-12000-12k-europe-warehouse","title":{"rendered":"Fumot Digital Box 12000 (12K) Europe Warehouse"},"content":{"rendered":"<p>Fumot Digital Box 12000 je vysokokapacitn\u00ed dob\u00edjec\u00ed jednor\u00e1zov\u00fd vape, kter\u00fd je ur\u010den pro dlouhodob\u00e9 pou\u017e\u00edv\u00e1n\u00ed a st\u00e1l\u00fd v\u00fdkon. P\u0159edem napln\u011bn\u00fd 20 ml e-liquidu vydr\u017e\u00ed v testovac\u00edch podm\u00ednk\u00e1ch a\u017e 12 000 potah\u016f a je k dispozici ve \u010dty\u0159ech sil\u00e1ch nikotinu-0%, 2%, 3% a 5%, aby vyhovoval r\u016fzn\u00fdm preferenc\u00edm.<\/p>\n<p>Za\u0159\u00edzen\u00ed je vybaveno \u017eiv\u00fdm LED displejem, kter\u00fd v re\u00e1ln\u00e9m \u010dase poskytuje informace o stavu baterie a stavu e-liquidu, tak\u017ee u\u017eivatel\u00e9 jsou informov\u00e1ni na prvn\u00ed pohled. Technologie 0,8\u03a9 mesh spir\u00e1lky zaru\u010duje rovnom\u011brn\u00e9 \u017ehaven\u00ed a bohat\u00e9 pod\u00e1n\u00ed chuti, zat\u00edmco vestav\u011bn\u00e1 dob\u00edjec\u00ed baterie o kapacit\u011b 550 mAh a modern\u00ed nab\u00edjec\u00ed port typu C umo\u017e\u0148uj\u00ed rychl\u00e9 a bezprobl\u00e9mov\u00e9 dob\u00edjen\u00ed. D\u00edky rozmanit\u00e9mu v\u00fdb\u011bru 56 p\u0159\u00edchut\u00ed - od ovocn\u00fdch sm\u011bs\u00ed a mentolov\u00fdch variant a\u017e po n\u00e1pojem inspirovan\u00e9 a tab\u00e1kov\u00e9 druhy - kombinuje Digital Box 12000 \u0161pi\u010dkovou technologii s designem zam\u011b\u0159en\u00fdm na u\u017eivatele pro pr\u00e9miov\u00fd vapingov\u00fd z\u00e1\u017eitek.<\/p>\n<p>Krom\u011b toho dod\u00e1v\u00e1me tento produkt z na\u0161eho evropsk\u00e9ho skladu, je to doprava zdarma, kter\u00e1 zaji\u0161\u0165uje rychl\u00e9 a spolehliv\u00e9 dod\u00e1n\u00ed do v\u011bt\u0161iny evropsk\u00fdch zem\u00ed p\u0159ibli\u017en\u011b do jednoho t\u00fddne a\u017e 10 dn\u016f.<\/p>\n<h2><strong>Fumot Digital Box 12000 Technick\u00e9 specifikace<\/strong><\/h2>\n<div class=\"ds-scroll-area ds-scroll-area--show-on-focus-within _1210dd7 c03cafe9\">\n<div class=\"ds-scroll-area__gutters\">\n<div class=\"ds-scroll-area__vertical-gutter\"><\/div>\n<\/div>\n<table>\n<thead>\n<tr>\n<th>Parametr<\/th>\n<th>Specifikace<\/th>\n<\/tr>\n<\/thead>\n<tbody>\n<tr>\n<td><strong>Kapacita e-kapaliny<\/strong><\/td>\n<td>20 ml<\/td>\n<\/tr>\n<tr>\n<td><strong>Po\u010det puf\u016f<\/strong><\/td>\n<td>A\u017e 12 000 vdech\u016f (za testovac\u00edch podm\u00ednek)<\/td>\n<\/tr>\n<tr>\n<td><strong>Mo\u017enosti s\u00edly nikotinu<\/strong><\/td>\n<td>0%, 2%, 3%, 5%<\/td>\n<\/tr>\n<tr>\n<td><strong>Kapacita baterie<\/strong><\/td>\n<td>550 mAh (vestav\u011bn\u00e1 dob\u00edjec\u00ed baterie)<\/td>\n<\/tr>\n<tr>\n<td><strong>Nab\u00edjec\u00ed port<\/strong><\/td>\n<td>Typ C<\/td>\n<\/tr>\n<tr>\n<td><strong>Typ c\u00edvky<\/strong><\/td>\n<td>S\u00ed\u0165ov\u00e1 c\u00edvka<\/td>\n<\/tr>\n<tr>\n<td><strong>Odolnost c\u00edvky<\/strong><\/td>\n<td>0.8\u03a9<\/td>\n<\/tr>\n<tr>\n<td><strong>Zobrazit<\/strong><\/td>\n<td>LED displej (zobrazuje \u00farove\u0148 nabit\u00ed baterie a hladinu e-liquidu)<\/td>\n<\/tr>\n<tr>\n<td><strong>Mo\u017enosti p\u0159\u00edchut\u00ed<\/strong><\/td>\n<td>56 p\u0159\u00edchut\u00ed<\/td>\n<\/tr>\n<tr>\n<td><strong>Dob\u00edjec\u00ed<\/strong><\/td>\n<td>Ano<\/td>\n<\/tr>\n<\/tbody>\n<\/table>\n<p>&nbsp;<\/p>\n<h2><strong>Dostupn\u00e9 p\u0159\u00edchut\u011b<\/strong><\/h2>\n<p>1. Cool Mint<br \/>\n2. T\u0159e\u0161\u0148ov\u00fd led<br \/>\n3. Cherry Cola<br \/>\n4. Hroznov\u00fd led<br \/>\n5. Sv\u011b\u017e\u00ed led<br \/>\n6. Ledov\u00fd pop<br \/>\n7. Jahodov\u00e1 zmrzlina<br \/>\n8. R\u016f\u017eov\u00e1 limon\u00e1da<br \/>\n9. Mango na ledu<br \/>\n10. Sm\u00ed\u0161en\u00e9 bobule<br \/>\n11. Jahodov\u00fd donut<br \/>\n12. Jahodov\u00fd hrozen<br \/>\n13. Bor\u016fvka malina<br \/>\n14. Jahodov\u00fd meloun<br \/>\n15. Jahodov\u00fd ban\u00e1n<br \/>\n16. Melounov\u00fd led<br \/>\n17. Dr. Blue<br \/>\n18. Bor\u016fvka na ledu<br \/>\n19. Kiwi Mu\u010denka Ovoce Guava<br \/>\n20. Jahodov\u00e9 kiwi<br \/>\n21. Broskvov\u00e9 mango<br \/>\n22. Broskvov\u00fd led<br \/>\n23. Led z \u010derven\u00fdch jablek<br \/>\n24. Bor\u016fvkov\u00e1 \u017ev\u00fdka\u010dka<br \/>\n25. Bobulov\u00e1 limon\u00e1da<br \/>\n26. Blue Razz Lemonade<br \/>\n27. Bluesour Raspberry<br \/>\n28. Jahodov\u00fd Red Bull<br \/>\n29. Jable\u010dn\u00fd bobulov\u00fd v\u00fdbuch<br \/>\n30. Melounov\u00e1 \u017ev\u00fdka\u010dka<br \/>\n31. Malinov\u00fd meloun<br \/>\n32. \u010cern\u00fd led<br \/>\n33. Bor\u016fvka T\u0159e\u0161e\u0148 Brusinka<br \/>\n34. Jahodov\u00fd pomp (gran\u00e1tov\u00e9 jablko)<br \/>\n35. Vimto<br \/>\n36. Cherry Berry<br \/>\n37. Citron a limetka<br \/>\n38. Bingo Crush<br \/>\n39. Bor\u016fvkov\u00e9 kiwi<br \/>\n40. Jable\u010dn\u00e1 sko\u0159ice<br \/>\n41. Ban\u00e1nov\u00fd led<br \/>\n42. Led z dra\u010d\u00edho ovoce<br \/>\n43. Ovocn\u00e1 f\u00faze<br \/>\n44. Hroznov\u00e1 m\u00e1ta<br \/>\n45. L\u00e1ska 66<br \/>\n46. Ananasov\u00fd led<br \/>\n47. \u010cerven\u00fd energetick\u00fd led<br \/>\n48. Dv\u011b jablka<br \/>\n49. Tab\u00e1k<br \/>\n50. Cola Ice<br \/>\n51. Ledov\u00fd \u010daj s citronovou zmrzlinou<br \/>\n52. Ledov\u00fd \u010daj Peach Ice<br \/>\n53. Gumov\u00fd medv\u00eddek Blue Razz<br \/>\n54. Kub\u00e1nsk\u00e9 mentolov\u00e9 mojito<br \/>\n55. \u017dv\u00fdka\u010dky Juicy Fruit Gum<br \/>\n56. Ribena Gummy Lemon<\/p>\n<\/div>\n<h2><strong>Balen\u00ed a hmotnost<\/strong><\/h2>\n<ul>\n<li>0,095 kg\/ks, jeden kus s mal\u00fdm obalem<\/li>\n<li>10 ks ve st\u0159edn\u00edm balen\u00ed<\/li>\n<li>200 ks v hlavn\u00edm kartonu<\/li>\n<\/ul>\n<figure id=\"attachment_26810\" aria-describedby=\"caption-attachment-26810\" style=\"width: 800px\" class=\"wp-caption alignnone\"><img loading=\"lazy\" decoding=\"async\" class=\"wp-image-26810 size-full\" title=\"Fumot Digital Box 12000 Jednor\u00e1zov\u00e9 Vape Velkoobchod Strawberry Donut\" src=\"https:\/\/www.vape4wholesale.com\/wp-content\/uploads\/2023\/10\/Fumot-Digital-12000-Disposable-Vape-Wholesale-Strawberry-Donut-1.jpg\" alt=\"Fumot Digital Box 12000 Jednor\u00e1zov\u00e9 Vape Velkoobchod Strawberry Donut\" width=\"800\" height=\"800\" srcset=\"https:\/\/www.vape4wholesale.com\/wp-content\/uploads\/2023\/10\/Fumot-Digital-12000-Disposable-Vape-Wholesale-Strawberry-Donut-1.jpg 800w, https:\/\/www.vape4wholesale.com\/wp-content\/uploads\/2023\/10\/Fumot-Digital-12000-Disposable-Vape-Wholesale-Strawberry-Donut-1-300x300.jpg 300w, https:\/\/www.vape4wholesale.com\/wp-content\/uploads\/2023\/10\/Fumot-Digital-12000-Disposable-Vape-Wholesale-Strawberry-Donut-1-150x150.jpg 150w, https:\/\/www.vape4wholesale.com\/wp-content\/uploads\/2023\/10\/Fumot-Digital-12000-Disposable-Vape-Wholesale-Strawberry-Donut-1-768x768.jpg 768w, https:\/\/www.vape4wholesale.com\/wp-content\/uploads\/2023\/10\/Fumot-Digital-12000-Disposable-Vape-Wholesale-Strawberry-Donut-1-12x12.jpg 12w, https:\/\/www.vape4wholesale.com\/wp-content\/uploads\/2023\/10\/Fumot-Digital-12000-Disposable-Vape-Wholesale-Strawberry-Donut-1-247x247.jpg 247w, https:\/\/www.vape4wholesale.com\/wp-content\/uploads\/2023\/10\/Fumot-Digital-12000-Disposable-Vape-Wholesale-Strawberry-Donut-1-510x510.jpg 510w, https:\/\/www.vape4wholesale.com\/wp-content\/uploads\/2023\/10\/Fumot-Digital-12000-Disposable-Vape-Wholesale-Strawberry-Donut-1-100x100.jpg 100w\" sizes=\"auto, (max-width: 800px) 100vw, 800px\" \/><figcaption id=\"caption-attachment-26810\" class=\"wp-caption-text\">Fumot Digital Box 12000 Jednor\u00e1zov\u00e9 Vape Velkoobchod Strawberry Donut<\/figcaption><\/figure>\n<p>&nbsp;<\/p>\n<h2>PRO\u010c MY?<\/h2>\r\n<ul>\r\n<li>Skute\u010dn\u00fd, d\u016fv\u011bryhodn\u00fd a profesion\u00e1ln\u00ed zdroj vape.<\/li>\r\n<li>100% Origin\u00e1ln\u00ed z\u00e1ruka: Odm\u00edt\u00e1me pad\u011blky.<\/li>\r\n<li>100% Z\u00e1ruka dod\u00e1n\u00ed: Pou\u017e\u00edv\u00e1me nejlep\u0161\u00ed zp\u016fsob dopravy, abychom zajistili, \u017ee objedn\u00e1vku 100% obdr\u017e\u00edte.<\/li>\r\n<li>Po odesl\u00e1n\u00ed v\u00e1m poskytneme sledovac\u00ed \u010d\u00edslo a p\u0159epravn\u00ed \u0161t\u00edtek a budeme pro v\u00e1s sledovat zbo\u017e\u00ed, dokud ho nepodep\u00ed\u0161ete.<\/li>\r\n<li>\u017d\u00e1dn\u00e9 celn\u00ed probl\u00e9my, \u017e\u00e1dn\u00e1 cla<\/li>\r\n<\/ul>","protected":false},"excerpt":{"rendered":"<p><b><span style=\"color: #00a859;\">Doprava zdarma<\/span>\u00a0z evropsk\u00e9ho skladu, dodac\u00ed lh\u016fta 7-15 pracovn\u00edch dn\u016f.<\/b><\/p>\r\n<div class=\"wsppc_div_block woocommerce_before_add_to_cart_form\">\r\n<p><strong>Vymaz\u00e1n\u00ed cel p\u0159ed dod\u00e1n\u00edm &amp; 100% Z\u00e1ruka dod\u00e1n\u00ed<\/strong><\/p>\r\n<\/div>","protected":false},"featured_media":26805,"comment_status":"open","ping_status":"closed","template":"","meta":[],"pwb-brand":[1269],"product_cat":[938],"product_tag":[22,24,172,556],"class_list":{"0":"post-30010","1":"product","2":"type-product","3":"status-publish","4":"has-post-thumbnail","6":"pwb-brand-fumot","7":"product_cat-europe-warehouse","8":"product_tag-disposable","9":"product_tag-wholesale","10":"product_tag-20-0ml","11":"product_tag-12000-puffs","12":"product_shipping_class-eu-warehouse","13":"wcpa_has_options","15":"first","16":"instock","17":"shipping-taxable","18":"purchasable","19":"product-type-variable"},"aioseo_notices":[],"brands":[{"id":1269,"name":"Fumot","slug":"fumot"}],"_links":{"self":[{"href":"https:\/\/www.vape4wholesale.com\/cs\/wp-json\/wp\/v2\/product\/30010","targetHints":{"allow":["GET"]}}],"collection":[{"href":"https:\/\/www.vape4wholesale.com\/cs\/wp-json\/wp\/v2\/product"}],"about":[{"href":"https:\/\/www.vape4wholesale.com\/cs\/wp-json\/wp\/v2\/types\/product"}],"replies":[{"embeddable":true,"href":"https:\/\/www.vape4wholesale.com\/cs\/wp-json\/wp\/v2\/comments?post=30010"}],"wp:featuredmedia":[{"embeddable":true,"href":"https:\/\/www.vape4wholesale.com\/cs\/wp-json\/wp\/v2\/media\/26805"}],"wp:attachment":[{"href":"https:\/\/www.vape4wholesale.com\/cs\/wp-json\/wp\/v2\/media?parent=30010"}],"wp:term":[{"taxonomy":"pwb-brand","embeddable":true,"href":"https:\/\/www.vape4wholesale.com\/cs\/wp-json\/wp\/v2\/pwb-brand?post=30010"},{"taxonomy":"product_cat","embeddable":true,"href":"https:\/\/www.vape4wholesale.com\/cs\/wp-json\/wp\/v2\/product_cat?post=30010"},{"taxonomy":"product_tag","embeddable":true,"href":"https:\/\/www.vape4wholesale.com\/cs\/wp-json\/wp\/v2\/product_tag?post=30010"}],"curies":[{"name":"wp","href":"https:\/\/api.w.org\/{rel}","templated":true}]}}